{"id":4772,"date":"2025-08-03T18:34:07","date_gmt":"2025-08-03T16:34:07","guid":{"rendered":"https:\/\/prokaddy.com\/product\/carro-de-golfe-eletrico-pro-kaddy-p1rt2-preto-com-controlo-remoto-e-usb\/"},"modified":"2025-10-11T12:38:21","modified_gmt":"2025-10-11T10:38:21","slug":"carro-de-golfe-eletrico-pro-kaddy-p1rt2-preto-com-controlo-remoto-e-usb","status":"publish","type":"product","link":"https:\/\/prokaddy.com\/pt-pt\/produto\/carro-de-golfe-eletrico-pro-kaddy-p1rt2-preto-com-controlo-remoto-e-usb\/","title":{"rendered":"ProKaddy P1RT2 Carrinho de golfe el\u00e9trico preto com controlo remoto e USB"},"content":{"rendered":"<p>O \u00faltimo modelo da nossa gama de trolleys de golfe de qualidade.<\/p>\n<p>Conquista o campo sem esfor\u00e7o com o ProKaddy P1RT2. Este carrinho de golfe el\u00e9trico revoluciona o teu jogo, reduzindo a fadiga e melhorando a concentra\u00e7\u00e3o.<\/p>\n<ul>\n<li>Funcionamento por controlo remoto para navega\u00e7\u00e3o m\u00e3os-livres.<\/li>\n<li>Os potentes motores duplos enfrentam qualquer terreno com facilidade.<\/li>\n<li>A estrutura duradoura garante um desempenho de longa dura\u00e7\u00e3o.<\/li>\n<li>Design dobr\u00e1vel para uma arruma\u00e7\u00e3o e transporte compactos.<\/li>\n<\/ul>\n<p>Desfruta de um jogo mais descontra\u00eddo e concentrado. O controlo remoto permite uma navega\u00e7\u00e3o sem problemas, conservando a energia para as tacadas cruciais. O ProKaddy P1RT2 \u00e9 o teu melhor companheiro de caddy<\/p>\n<p>&nbsp;<\/p>\n<pre><\/pre>\n<h1><img data-recalc-dims=\"1\" loading=\"lazy\" decoding=\"async\" class=\"alignnone wp-image-4576\" src=\"https:\/\/i0.wp.com\/prokaddy.com\/wp-content\/uploads\/2025\/08\/P1RT2-2.png?resize=1015%2C888&#038;ssl=1\" alt=\"\" width=\"1015\" height=\"888\" srcset=\"https:\/\/i0.wp.com\/prokaddy.com\/wp-content\/uploads\/2025\/08\/P1RT2-2.png?w=4800&amp;ssl=1 4800w, https:\/\/i0.wp.com\/prokaddy.com\/wp-content\/uploads\/2025\/08\/P1RT2-2.png?resize=457%2C400&amp;ssl=1 457w, https:\/\/i0.wp.com\/prokaddy.com\/wp-content\/uploads\/2025\/08\/P1RT2-2.png?resize=914%2C800&amp;ssl=1 914w, https:\/\/i0.wp.com\/prokaddy.com\/wp-content\/uploads\/2025\/08\/P1RT2-2.png?resize=768%2C672&amp;ssl=1 768w, https:\/\/i0.wp.com\/prokaddy.com\/wp-content\/uploads\/2025\/08\/P1RT2-2.png?resize=1536%2C1344&amp;ssl=1 1536w, https:\/\/i0.wp.com\/prokaddy.com\/wp-content\/uploads\/2025\/08\/P1RT2-2.png?resize=2048%2C1792&amp;ssl=1 2048w, https:\/\/i0.wp.com\/prokaddy.com\/wp-content\/uploads\/2025\/08\/P1RT2-2.png?resize=1320%2C1155&amp;ssl=1 1320w, https:\/\/i0.wp.com\/prokaddy.com\/wp-content\/uploads\/2025\/08\/P1RT2-2.png?resize=500%2C438&amp;ssl=1 500w, https:\/\/i0.wp.com\/prokaddy.com\/wp-content\/uploads\/2025\/08\/P1RT2-2.png?resize=320%2C280&amp;ssl=1 320w, https:\/\/i0.wp.com\/prokaddy.com\/wp-content\/uploads\/2025\/08\/P1RT2-2.png?w=3060&amp;ssl=1 3060w\" sizes=\"auto, (max-width: 1015px) 100vw, 1015px\" \/><\/h1>\n<p>Carater\u00edsticas:<\/p>\n<ul>\n<li>Carrinho de golfe de alta tecnologia Estrutura em liga de alum\u00ednio com componentes em a\u00e7o inoxid\u00e1vel e acabamento em tit\u00e2nio<\/li>\n<li>Carrinho de golfe leve e duradouro com o melhor sistema de fecho dobr\u00e1vel da ind\u00fastria<\/li>\n<li>Roda amov\u00edvel para f\u00e1cil arruma\u00e7\u00e3o<\/li>\n<li>Carrinho de golfe potente, os motores silenciosos funcionam em modo furtivo at\u00e9 9 km\/h<\/li>\n<li>Carro de golfe com tra\u00e7\u00e3o traseira, sem perda de tra\u00e7\u00e3o em subidas<\/li>\n<li>Bateria Optimax Lifepo4 excecionalmente leve<\/li>\n<li>Temporizador e fun\u00e7\u00e3o de cruzeiro para carros de golfeControlo remoto Compacto e port\u00e1til:<\/li>\n<\/ul>\n<ul>\n<li>Motores potentes: Inclui 2 motores de 200 W para um desempenho \u00f3timo e uma condu\u00e7\u00e3o suave.<\/li>\n<li>V\u00e1rias velocidades &#8211; Oferece 9 defini\u00e7\u00f5es de velocidade ajust\u00e1veis para se adaptar \u00e0s tuas prefer\u00eancias e ao terreno.<\/li>\n<li>Design ergon\u00f3mico: A estrutura dobr\u00e1vel e as rodas robustas permitem um manuseamento confort\u00e1vel em diferentes superf\u00edcies.<\/li>\n<li>Materiais de tecnologia aeroespacial<\/li>\n<\/ul>\n<ul>\n<li>Controlo remoto compacto e port\u00e1til: Este carrinho de golfe el\u00e9trico dobr\u00e1vel \u00e9 constru\u00eddo em alum\u00ednio leve, o que o torna f\u00e1cil de transportar e guardar.<\/li>\n<li>MOTORES POTENTES: Inclui 2 motores de 200 W para um desempenho \u00f3timo e uma condu\u00e7\u00e3o suave.<\/li>\n<li>V\u00c1RIAS VELOCIDADES &#8211; Oferece 9 defini\u00e7\u00f5es de velocidade ajust\u00e1veis para se adaptar \u00e0s tuas prefer\u00eancias e ao terreno.<\/li>\n<li>DESIGN ERGON\u00d3MICO: A estrutura dobr\u00e1vel e as rodas robustas permitem um manuseamento confort\u00e1vel em diferentes superf\u00edcies.<\/li>\n<li>Materiais de tecnologia aeroespacial<\/li>\n<\/ul>\n<p>&nbsp;<\/p>\n<p>&nbsp;<\/p>\n<p>Especifica\u00e7\u00e3o:<\/p>\n<p>Carrinho de Golfe Peso Total: 18.5kgs&#8230;NW: 16.5kgs<br \/>\nCarrinho de Golfe Dobrado Dimens\u00f5es: 820x520x240mm<br \/>\nCarrinho de Golfe Desdobrado Dimens\u00f5es: 1170x700x1140mm Carrinho de Golfe<br \/>\nPot\u00eancia do motor: DC 12V\/200W<br \/>\nBateria: 12V\/18 amp Optimax Lifepo4 (2 anos de garantia)<br \/>\nTempo de carregamento do carrinho de golfe: 4-8 horas<br \/>\nCapacidade de carga do carrinho de golfe: 40kg<br \/>\nDi\u00e2metro das rodas do carrinho de golfe: Rodas traseiras 240mm Roda dianteira 115mm<\/p>\n","protected":false},"excerpt":{"rendered":"<p>Trolley de golfe el\u00e9trico com controlo remoto. Navega\u00e7\u00e3o sem esfor\u00e7o, bateria de longa dura\u00e7\u00e3o, dobra-se de forma compacta. Conquista o campo!<\/p>\n<h2><span style=\"font-size: 80%;\"><strong>O QUE TENS NA CAIXA<\/strong><\/span><\/h2>\n<ul>\n<li>Estrutura do carrinho de golfe<\/li>\n<li>Roda anti-queda<\/li>\n<li>Rodas traseiras<\/li>\n<li>Quadro de resultados<\/li>\n<li>Bateria Optimax, carregador e cabo<\/li>\n<li>Kit de ferramentas<\/li>\n<li>Manuais de instru\u00e7\u00f5es<\/li>\n<\/ul>\n<p>&nbsp;<\/p>\n","protected":false},"featured_media":4666,"comment_status":"open","ping_status":"closed","template":"","meta":{"_crdt_document":"","jetpack_publicize_message":"","jetpack_publicize_feature_enabled":true,"jetpack_social_post_already_shared":true,"jetpack_social_options":{"image_generator_settings":{"template":"highway","default_image_id":0,"font":"","enabled":false},"version":2},"_wpas_customize_per_network":false},"product_brand":[1583],"product_cat":[1588],"product_tag":[],"class_list":{"0":"post-4772","1":"product","2":"type-product","3":"status-publish","4":"has-post-thumbnail","6":"product_brand-prokaddy-pt-pt","7":"product_cat-golf-carts-pt-pt","9":"first","10":"instock","11":"taxable","12":"shipping-taxable","13":"purchasable","14":"product-type-simple","15":"add-to-wishlist-after_add_to_cart"},"exclude_global_add_ons":[],"addons":[],"jetpack_publicize_connections":[],"jetpack_sharing_enabled":true,"jetpack_likes_enabled":true,"_links":{"self":[{"href":"https:\/\/prokaddy.com\/pt-pt\/wp-json\/wp\/v2\/product\/4772","targetHints":{"allow":["GET"]}}],"collection":[{"href":"https:\/\/prokaddy.com\/pt-pt\/wp-json\/wp\/v2\/product"}],"about":[{"href":"https:\/\/prokaddy.com\/pt-pt\/wp-json\/wp\/v2\/types\/product"}],"replies":[{"embeddable":true,"href":"https:\/\/prokaddy.com\/pt-pt\/wp-json\/wp\/v2\/comments?post=4772"}],"wp:featuredmedia":[{"embeddable":true,"href":"https:\/\/prokaddy.com\/pt-pt\/wp-json\/wp\/v2\/media\/4666"}],"wp:attachment":[{"href":"https:\/\/prokaddy.com\/pt-pt\/wp-json\/wp\/v2\/media?parent=4772"}],"wp:term":[{"taxonomy":"product_brand","embeddable":true,"href":"https:\/\/prokaddy.com\/pt-pt\/wp-json\/wp\/v2\/product_brand?post=4772"},{"taxonomy":"product_cat","embeddable":true,"href":"https:\/\/prokaddy.com\/pt-pt\/wp-json\/wp\/v2\/product_cat?post=4772"},{"taxonomy":"product_tag","embeddable":true,"href":"https:\/\/prokaddy.com\/pt-pt\/wp-json\/wp\/v2\/product_tag?post=4772"}],"curies":[{"name":"wp","href":"https:\/\/api.w.org\/{rel}","templated":true}]}}