{"id":4764,"date":"2025-08-10T15:54:15","date_gmt":"2025-08-10T13:54:15","guid":{"rendered":"https:\/\/prokaddy.com\/product\/carro-de-golfe-eletrico-com-controlo-remoto-prokaddy-x2r-rojo-com-usb\/"},"modified":"2026-02-14T13:54:55","modified_gmt":"2026-02-14T12:54:55","slug":"carro-de-golfe-eletrico-com-controlo-remoto-prokaddy-x2r-rojo-com-usb","status":"publish","type":"product","link":"https:\/\/prokaddy.com\/pt-pt\/produto\/carro-de-golfe-eletrico-com-controlo-remoto-prokaddy-x2r-rojo-com-usb\/","title":{"rendered":"ProKaddy X2R Vermelho com USB Trolley de Golfe El\u00e9trico com Controlo Remoto"},"content":{"rendered":"<figure class=\"wp-block-videopress-video wp-block-jetpack-videopress jetpack-videopress-player\"><div class=\"jetpack-videopress-player__wrapper\"><iframe title=\"VideoPress Video Player\" aria-label=\"VideoPress Video Player\" src=\"https:\/\/videopress.com\/embed\/wTwHKxjq?at=0&#038;controls=1&#038;preloadContent=metadata\" width=\"640\"height=\"360\" frameborder=\"0\" allowfullscreen data-resize-to-parent=\"true\" allow=\"clipboard-write\"><\/iframe><\/div><\/figure>\n<p>Uma nova edi\u00e7\u00e3o do nosso cat\u00e1logo.<\/p>\n<p>Percorre o campo sem esfor\u00e7o com o carrinho de golfe el\u00e9trico ProKaddy X2R. Desfruta da comodidade do controlo remoto e de um desempenho superior.<\/p>\n<p>Sente menos cansa\u00e7o e concentra-te mais no teu jogo. O ProKaddy X2 R simplifica a gest\u00e3o do campo, permitindo-te poupar energia.<\/p>\n<p>O seu design robusto garante anos de servi\u00e7o fi\u00e1vel.<\/p>\n<p>Constru\u00eddo com materiais de alta qualidade para um desempenho duradouro. Simples de dobrar e guardar.<\/p>\n<p>Experimenta o futuro do golfe hoje O seu telecomando reativo proporciona um controlo preciso.<\/p>\n<p>O caddy de golfe el\u00e9trico ProKaddy X2R. com controlo remoto melhora o teu jogo, reduzindo a fadiga e melhorando a concentra\u00e7\u00e3o.<\/p>\n<p><img data-recalc-dims=\"1\" loading=\"lazy\" decoding=\"async\" class=\"alignnone wp-image-4682\" src=\"https:\/\/i0.wp.com\/prokaddy.com\/wp-content\/uploads\/2025\/08\/X2R-3.png?resize=656%2C656&#038;ssl=1\" alt=\"\" width=\"656\" height=\"656\" srcset=\"https:\/\/i0.wp.com\/prokaddy.com\/wp-content\/uploads\/2025\/08\/X2R-3.png?w=4500&amp;ssl=1 4500w, https:\/\/i0.wp.com\/prokaddy.com\/wp-content\/uploads\/2025\/08\/X2R-3.png?resize=400%2C400&amp;ssl=1 400w, https:\/\/i0.wp.com\/prokaddy.com\/wp-content\/uploads\/2025\/08\/X2R-3.png?resize=800%2C800&amp;ssl=1 800w, https:\/\/i0.wp.com\/prokaddy.com\/wp-content\/uploads\/2025\/08\/X2R-3.png?resize=280%2C280&amp;ssl=1 280w, https:\/\/i0.wp.com\/prokaddy.com\/wp-content\/uploads\/2025\/08\/X2R-3.png?resize=768%2C768&amp;ssl=1 768w, https:\/\/i0.wp.com\/prokaddy.com\/wp-content\/uploads\/2025\/08\/X2R-3.png?resize=1536%2C1536&amp;ssl=1 1536w, https:\/\/i0.wp.com\/prokaddy.com\/wp-content\/uploads\/2025\/08\/X2R-3.png?resize=2048%2C2048&amp;ssl=1 2048w, https:\/\/i0.wp.com\/prokaddy.com\/wp-content\/uploads\/2025\/08\/X2R-3.png?resize=1320%2C1320&amp;ssl=1 1320w, https:\/\/i0.wp.com\/prokaddy.com\/wp-content\/uploads\/2025\/08\/X2R-3.png?resize=320%2C320&amp;ssl=1 320w, https:\/\/i0.wp.com\/prokaddy.com\/wp-content\/uploads\/2025\/08\/X2R-3.png?resize=500%2C500&amp;ssl=1 500w, https:\/\/i0.wp.com\/prokaddy.com\/wp-content\/uploads\/2025\/08\/X2R-3.png?resize=100%2C100&amp;ssl=1 100w, https:\/\/i0.wp.com\/prokaddy.com\/wp-content\/uploads\/2025\/08\/X2R-3.png?w=3060&amp;ssl=1 3060w\" sizes=\"auto, (max-width: 656px) 100vw, 656px\" \/><\/p>\n<p><strong>Carater\u00edsticas:<\/strong><\/p>\n<ul>\n<li>Carro de golfe de alta tecnologia, estrutura em liga de alum\u00ednio com componentes em a\u00e7o inoxid\u00e1vel e acabamento em tit\u00e2nio<\/li>\n<li>Carrinho de golfe leve e duradouro com sistema de dobragem f\u00e1cil<\/li>\n<li>Rodas amov\u00edveis para f\u00e1cil arruma\u00e7\u00e3o<\/li>\n<li>Carrinho de golfe potente, motores duplos silenciosos funcionam em modo furtivo at\u00e9 8 km\/h<\/li>\n<li>Carro de golfe com tra\u00e7\u00e3o traseira, sem perda de tra\u00e7\u00e3o em subidas<\/li>\n<li>Bateria Optimax Lifepo4 excecionalmente leve<\/li>\n<li>Temporizador e fun\u00e7\u00e3o de cruzeiro para carros de golfe<\/li>\n<li>Funcionamento por controlo remoto para uma navega\u00e7\u00e3o sem esfor\u00e7o.<\/li>\n<li>Motores potentes: Inclui 2 motores de 200 W para um desempenho \u00f3timo e uma condu\u00e7\u00e3o suave.<\/li>\n<li>V\u00e1rias velocidades &#8211; Oferece 9 defini\u00e7\u00f5es de velocidade ajust\u00e1veis para se adaptar \u00e0s tuas prefer\u00eancias e ao terreno.<\/li>\n<li>Design ergon\u00f3mico: A estrutura dobr\u00e1vel e as rodas robustas permitem um manuseamento confort\u00e1vel em diferentes superf\u00edcies.<\/li>\n<li>Materiais de tecnologia aeroespacial<\/li>\n<li>Acabamento vermelho inteligente para um aspeto elegante e moderno.<\/li>\n<li>Cart\u00e3o, bolas de golfe e suporte para tee<\/li>\n<\/ul>\n<p><strong>Especifica\u00e7\u00e3o:<\/strong><\/p>\n<p>Carrinho de Golfe Peso l\u00edquido 10.5kgs<br \/>\nCarrinho de Golfe Dimens\u00f5es dobradas: 800x600x300mm<br \/>\nCarrinho de Golfe Desdobrado Dimens\u00f5es: 1100x650x920mm<br \/>\nPorta de carregamento USB para os teus dispositivos.<br \/>\nPot\u00eancia do motor: DC 24V\/200W<br \/>\nBateria: 24V\/12 amp Optimax Lifepo4 (2 anos de garantia)<br \/>\nTempo de carregamento do carrinho de golfe: 4-8 horas<br \/>\nCapacidade de carga do carrinho de golfe: 30kg<br \/>\nDi\u00e2metro das rodas do carrinho de golfe: Rodas traseiras 240mm Roda dianteira 115mm<\/p>\n<p><strong>Acess\u00f3rios opcionais<\/strong>:<\/p>\n<ul>\n<li><span style=\"vertical-align: inherit;\">Suporte para guarda-chuva<\/span><\/li>\n<li><span style=\"vertical-align: inherit;\">Suporte para telem\u00f3vel\/GPS<\/span><\/li>\n<li>Suporte para garrafas<\/li>\n<li>Capa de chuva<\/li>\n<\/ul>\n","protected":false},"excerpt":{"rendered":"<figure class=\"wp-block-videopress-video wp-block-jetpack-videopress jetpack-videopress-player\"><div class=\"jetpack-videopress-player__wrapper\"><iframe title=\"VideoPress Video Player\" aria-label=\"VideoPress Video Player\" src=\"https:\/\/videopress.com\/embed\/7oPXqrPc?at=0&#038;controls=1&#038;preloadContent=metadata\" width=\"640\"height=\"360\" frameborder=\"0\" allowfullscreen data-resize-to-parent=\"true\" allow=\"clipboard-write\"><\/iframe><\/div><\/figure>\n<p>Controlo remoto Pro Kaddy X2R. Vermelho. Carregamento USB. Controlo sem esfor\u00e7o, m\u00e1xima comodidade no campo.   <\/p>\n<h2><span style=\"font-size: 80%;\"><strong>O QUE TENS NA CAIXA<\/strong><\/span><\/h2>\n<ul>\n<li>Estrutura do carrinho de golfe<\/li>\n<li>Roda anti-queda<\/li>\n<li>Rodas traseiras<\/li>\n<li>Quadro de resultados<\/li>\n<li>Bateria Optimax, carregador e cabo<\/li>\n<li>Kit de ferramentas<\/li>\n<li>Manuais de instru\u00e7\u00f5es<\/li>\n<\/ul>\n<p>&nbsp;<\/p>\n","protected":false},"featured_media":4686,"comment_status":"open","ping_status":"closed","template":"","meta":{"_crdt_document":"","jetpack_publicize_message":"","jetpack_publicize_feature_enabled":true,"jetpack_social_post_already_shared":true,"jetpack_social_options":{"image_generator_settings":{"template":"highway","default_image_id":0,"font":"","enabled":false},"version":2},"_wpas_customize_per_network":false},"product_brand":[1583],"product_cat":[1588],"product_tag":[],"class_list":{"0":"post-4764","1":"product","2":"type-product","3":"status-publish","4":"has-post-thumbnail","6":"product_brand-prokaddy-pt-pt","7":"product_cat-golf-carts-pt-pt","9":"first","10":"instock","11":"taxable","12":"shipping-taxable","13":"purchasable","14":"product-type-simple","15":"add-to-wishlist-after_add_to_cart"},"exclude_global_add_ons":[],"addons":[],"jetpack_publicize_connections":[],"jetpack_sharing_enabled":true,"jetpack_likes_enabled":true,"_links":{"self":[{"href":"https:\/\/prokaddy.com\/pt-pt\/wp-json\/wp\/v2\/product\/4764","targetHints":{"allow":["GET"]}}],"collection":[{"href":"https:\/\/prokaddy.com\/pt-pt\/wp-json\/wp\/v2\/product"}],"about":[{"href":"https:\/\/prokaddy.com\/pt-pt\/wp-json\/wp\/v2\/types\/product"}],"replies":[{"embeddable":true,"href":"https:\/\/prokaddy.com\/pt-pt\/wp-json\/wp\/v2\/comments?post=4764"}],"wp:featuredmedia":[{"embeddable":true,"href":"https:\/\/prokaddy.com\/pt-pt\/wp-json\/wp\/v2\/media\/4686"}],"wp:attachment":[{"href":"https:\/\/prokaddy.com\/pt-pt\/wp-json\/wp\/v2\/media?parent=4764"}],"wp:term":[{"taxonomy":"product_brand","embeddable":true,"href":"https:\/\/prokaddy.com\/pt-pt\/wp-json\/wp\/v2\/product_brand?post=4764"},{"taxonomy":"product_cat","embeddable":true,"href":"https:\/\/prokaddy.com\/pt-pt\/wp-json\/wp\/v2\/product_cat?post=4764"},{"taxonomy":"product_tag","embeddable":true,"href":"https:\/\/prokaddy.com\/pt-pt\/wp-json\/wp\/v2\/product_tag?post=4764"}],"curies":[{"name":"wp","href":"https:\/\/api.w.org\/{rel}","templated":true}]}}