{"id":4718,"date":"2025-08-16T13:15:29","date_gmt":"2025-08-16T11:15:29","guid":{"rendered":"https:\/\/prokaddy.com\/?post_type=product&#038;p=4718"},"modified":"2025-10-11T13:37:54","modified_gmt":"2025-10-11T11:37:54","slug":"carrinho-de-golfe-eletrico-digital-prokaddy-s2g-silver-com-bateria-de-litio-de-18-amperes-copy","status":"publish","type":"product","link":"https:\/\/prokaddy.com\/pt-pt\/produto\/carrinho-de-golfe-eletrico-digital-prokaddy-s2g-silver-com-bateria-de-litio-de-18-amperes-copy\/","title":{"rendered":"Carrinho de golfe el\u00e9trico digital ProKaddy S2G Silver com assento, usb e bateria de l\u00edtio de 18 Amp"},"content":{"rendered":"<p><span style=\"vertical-align: inherit;\"><span style=\"vertical-align: inherit;\">Prepara-te para dar um impulso tecnol\u00f3gico ao teu jogo com o carrinho de golfe el\u00e9trico com bateria de l\u00edtio de 18 amperes ProKaddy Digital! Este trolley de golfe topo de gama \u00e9 o companheiro perfeito para o teu dia no campo, proporcionando-te conforto e facilidade de utiliza\u00e7\u00e3o a cada passo. <\/span><\/span><\/p>\n<p><span style=\"vertical-align: inherit;\"><span style=\"vertical-align: inherit;\">Com a sua bateria de l\u00edtio de 18 amperes, este carrinho el\u00e9trico vai levar-te atrav\u00e9s dos buracos com facilidade e efici\u00eancia, sem te preocupares em ficar sem energia a meio do teu jogo. A tecnologia de ponta do ProKaddy Digital combina-se com a durabilidade da bateria de l\u00edtio para te proporcionar um desempenho excecional em todas as rondas. <\/span><\/span><\/p>\n<p><span style=\"vertical-align: inherit;\"><span style=\"vertical-align: inherit;\">O design elegante e ergon\u00f3mico deste carrinho de golfe n\u00e3o \u00e9 apenas funcional, mas tamb\u00e9m visualmente apelativo. Com a sua estrutura robusta e facilidade de utiliza\u00e7\u00e3o, permite-te concentrar-te no teu jogo sem distrac\u00e7\u00f5es. <\/span><\/span><\/p>\n<p><span style=\"vertical-align: inherit;\"><span style=\"vertical-align: inherit;\">A marca ProKaddy Digital garante a qualidade e a fiabilidade deste carrinho de golfe el\u00e9trico. Os golfistas de todos os n\u00edveis encontrar\u00e3o neste carrinho uma ferramenta indispens\u00e1vel para levar o seu jogo para o pr\u00f3ximo n\u00edvel. <\/span><\/span><\/p>\n<ul>\n<li><span style=\"vertical-align: inherit;\"><span style=\"vertical-align: inherit;\">Bateria de l\u00edtio de 18 amperes de longa dura\u00e7\u00e3o<\/span><\/span><\/li>\n<li><span style=\"vertical-align: inherit;\"><span style=\"vertical-align: inherit;\">Design ergon\u00f3mico e duradouro para maior conforto e durabilidade<\/span><\/span><\/li>\n<li><span style=\"vertical-align: inherit;\"><span style=\"vertical-align: inherit;\">A tecnologia de ponta do ProKaddy Digital para um desempenho excecional<\/span><\/span><\/li>\n<li><span style=\"vertical-align: inherit;\"><span style=\"vertical-align: inherit;\">F\u00e1cil de utilizar, sem distrac\u00e7\u00f5es desnecess\u00e1rias durante o jogo<\/span><\/span><\/li>\n<li><span style=\"vertical-align: inherit;\"><span style=\"vertical-align: inherit;\">Estrutura robusta em alum\u00ednio com assento amov\u00edvel<\/span><\/span><\/li>\n<li><span style=\"vertical-align: inherit;\"><span style=\"vertical-align: inherit;\">Facilmente dobr\u00e1vel<\/span><\/span><\/li>\n<li><span style=\"vertical-align: inherit;\"><span style=\"vertical-align: inherit;\">Rodas amov\u00edveis<\/span><\/span><\/li>\n<li><span style=\"vertical-align: inherit;\"><span style=\"vertical-align: inherit;\">Fun\u00e7\u00e3o de roda livre<\/span><\/span><\/li>\n<li><span style=\"vertical-align: inherit;\"><span style=\"vertical-align: inherit;\">Controlo eletr\u00f3nico de arranque e paragem<\/span><\/span><\/li>\n<li><span style=\"vertical-align: inherit;\"><span style=\"vertical-align: inherit;\">Controlo da velocidade<\/span><\/span><\/li>\n<li><span style=\"vertical-align: inherit;\"><span style=\"vertical-align: inherit;\">Bateria de l\u00edtio Optimax 18 ah (2 anos de garantia)<\/span><\/span><\/li>\n<li><span style=\"vertical-align: inherit;\"><span style=\"vertical-align: inherit;\">Cart\u00e3o de pontua\u00e7\u00e3o, bolas de golfe e suporte para tee<\/span><\/span><\/li>\n<li><span style=\"vertical-align: inherit;\"><span style=\"vertical-align: inherit;\">Motor muito potente e silencioso<\/span><\/span><\/li>\n<li><span style=\"vertical-align: inherit;\"><span style=\"vertical-align: inherit;\">Carregador de bateria de l\u00edtio 220v\/dc 14,3V<\/span><\/span><\/li>\n<li><span style=\"vertical-align: inherit;\"><span style=\"vertical-align: inherit;\">Certificados CE e ROHS<\/span><\/span><\/li>\n<li><span style=\"vertical-align: inherit;\"><span style=\"vertical-align: inherit;\">3 anos de garantia no carrinho<\/span><\/span><\/li>\n<li><span style=\"vertical-align: inherit;\"><span style=\"vertical-align: inherit;\">Manual do utilizador<\/span><\/span><\/li>\n<li>Cor prata.<\/li>\n<\/ul>\n<p><strong>Acess\u00f3rios opcionais<\/strong>:<\/p>\n<ul>\n<li><span style=\"vertical-align: inherit;\">Suporte para guarda-chuva<\/span><\/li>\n<li><span style=\"vertical-align: inherit;\">Suporte para telem\u00f3vel\/GPS<\/span><\/li>\n<li><span style=\"vertical-align: inherit;\">Saco de transporte<\/span><\/li>\n<li>Suporte para garrafas<\/li>\n<li>Capa de chuva<\/li>\n<\/ul>\n<p><span style=\"vertical-align: inherit;\"><span style=\"vertical-align: inherit;\">Quer sejas um golfista experiente ou estejas apenas a iniciar-te neste desporto emocionante, o ProKaddy Digital Electric Golf Trolley com Bateria de L\u00edtio de 18 amperes tornar-se-\u00e1 o teu melhor aliado no campo. Prepara-te para desfrutar do m\u00e1ximo conforto e efici\u00eancia em cada partida com este trolley de golfe premium! <\/span><\/span><\/p>\n","protected":false},"excerpt":{"rendered":"<p>Experimenta jogar golfe sem problemas e sem esfor\u00e7o com o Carro el\u00e9trico de golfe ProKaddy Digital com Bateria Litio de 18 amp. Espera-te mobilidade sem esfor\u00e7o, tecnologia digital e carater\u00edsticas convenientes. Junta-te hoje ao futuro do golfe!<\/p>\n<p><strong><br \/>\n<span style=\"vertical-align: inherit;\"><br \/>\n<span style=\"vertical-align: inherit;\">Especifica\u00e7\u00f5es <\/span><br \/>\n<\/span><br \/>\n<\/strong><strong><br \/>\n<span style=\"vertical-align: inherit;\"><br \/>\n<span style=\"vertical-align: inherit;\">:<\/span><br \/>\n<\/span><br \/>\n<\/strong><\/p>\n<p>Tr\u00eas programas de dist\u00e2ncia 10mtrs 20mtrs 30mtrs<\/p>\n<p><span style=\"vertical-align: inherit;\"><span style=\"vertical-align: inherit;\">Velocidade m\u00e1xima 8kmh<\/span><\/span><\/p>\n<p><span style=\"vertical-align: inherit;\"><span style=\"vertical-align: inherit;\">Inclina\u00e7\u00e3o m\u00e1xima de subida 22\u00ba<\/span><\/span><\/p>\n<p><span style=\"vertical-align: inherit;\"><span style=\"vertical-align: inherit;\">Dimens\u00f5es dobradas: 952 comprimento x 700 largura x 242 mm altura<\/span><\/span><\/p>\n<p><span style=\"vertical-align: inherit;\"><span style=\"vertical-align: inherit;\">Dimens\u00f5es abertas: 1170 comprimento x 700 largura x 1140 mm altura<\/span><\/span><\/p>\n<p><span style=\"vertical-align: inherit;\"><span style=\"vertical-align: inherit;\">Motor de 200W<\/span><\/span><\/p>\n<p><span style=\"vertical-align: inherit;\"><span style=\"vertical-align: inherit;\">Peso m\u00e1ximo de carga 40 kg<\/span><\/span><\/p>\n","protected":false},"featured_media":5577,"comment_status":"open","ping_status":"closed","template":"","meta":{"_crdt_document":"","jetpack_publicize_message":"","jetpack_publicize_feature_enabled":true,"jetpack_social_post_already_shared":true,"jetpack_social_options":{"image_generator_settings":{"template":"highway","default_image_id":0,"font":"","enabled":false},"version":2},"_wpas_customize_per_network":false},"product_brand":[1373],"product_cat":[1444],"product_tag":[],"class_list":{"0":"post-4718","1":"product","2":"type-product","3":"status-publish","4":"has-post-thumbnail","6":"product_brand-prokaddy","7":"product_cat-golf-carts-en","9":"first","10":"instock","11":"taxable","12":"shipping-taxable","13":"purchasable","14":"product-type-simple","15":"add-to-wishlist-after_add_to_cart"},"exclude_global_add_ons":[],"addons":[],"jetpack_publicize_connections":[],"jetpack_sharing_enabled":true,"jetpack_likes_enabled":true,"_links":{"self":[{"href":"https:\/\/prokaddy.com\/pt-pt\/wp-json\/wp\/v2\/product\/4718","targetHints":{"allow":["GET"]}}],"collection":[{"href":"https:\/\/prokaddy.com\/pt-pt\/wp-json\/wp\/v2\/product"}],"about":[{"href":"https:\/\/prokaddy.com\/pt-pt\/wp-json\/wp\/v2\/types\/product"}],"replies":[{"embeddable":true,"href":"https:\/\/prokaddy.com\/pt-pt\/wp-json\/wp\/v2\/comments?post=4718"}],"wp:featuredmedia":[{"embeddable":true,"href":"https:\/\/prokaddy.com\/pt-pt\/wp-json\/wp\/v2\/media\/5577"}],"wp:attachment":[{"href":"https:\/\/prokaddy.com\/pt-pt\/wp-json\/wp\/v2\/media?parent=4718"}],"wp:term":[{"taxonomy":"product_brand","embeddable":true,"href":"https:\/\/prokaddy.com\/pt-pt\/wp-json\/wp\/v2\/product_brand?post=4718"},{"taxonomy":"product_cat","embeddable":true,"href":"https:\/\/prokaddy.com\/pt-pt\/wp-json\/wp\/v2\/product_cat?post=4718"},{"taxonomy":"product_tag","embeddable":true,"href":"https:\/\/prokaddy.com\/pt-pt\/wp-json\/wp\/v2\/product_tag?post=4718"}],"curies":[{"name":"wp","href":"https:\/\/api.w.org\/{rel}","templated":true}]}}