{"id":4284,"date":"2025-06-09T17:04:06","date_gmt":"2025-06-09T15:04:06","guid":{"rendered":"https:\/\/prokaddy.com\/?post_type=product&#038;p=4284"},"modified":"2025-11-22T12:35:16","modified_gmt":"2025-11-22T11:35:16","slug":"capa-de-plastico-duravel-para-protecao-do-dispositivo-p1d3-copy","status":"publish","type":"product","link":"https:\/\/prokaddy.com\/pt-pt\/produto\/capa-de-plastico-duravel-para-protecao-do-dispositivo-p1d3-copy\/","title":{"rendered":"Capa de pl\u00e1stico dur\u00e1vel para prote\u00e7\u00e3o do dispositivo S1T2"},"content":{"rendered":"<p>Protege o teu dispositivo S1T2 com a nossa <strong>Capa de Pl\u00e1stico Duradoura para.<\/strong><\/p>\n<p>Fabricado em pl\u00e1stico de alta qualidade.<\/p>\n<ul>\n<li><strong>Adapta\u00e7\u00e3o personalizada:<\/strong> Adaptado especificamente para o S1T2, garantindo a m\u00e1xima prote\u00e7\u00e3o.<\/li>\n<\/ul>\n","protected":false},"excerpt":{"rendered":"<p>Capa de pl\u00e1stico dur\u00e1vel para prote\u00e7\u00e3o do dispositivo P1D3.<\/p>\n","protected":false},"featured_media":4287,"comment_status":"open","ping_status":"closed","template":"","meta":{"_crdt_document":"","jetpack_publicize_message":"","jetpack_publicize_feature_enabled":true,"jetpack_social_post_already_shared":true,"jetpack_social_options":{"image_generator_settings":{"template":"highway","default_image_id":0,"font":"","enabled":false},"version":2},"_wpas_customize_per_network":false},"product_brand":[1583],"product_cat":[1579],"product_tag":[],"class_list":{"0":"post-4284","1":"product","2":"type-product","3":"status-publish","4":"has-post-thumbnail","6":"product_brand-prokaddy-pt-pt","7":"product_cat-pecas-de-substituicao","9":"first","10":"instock","11":"taxable","12":"shipping-taxable","13":"purchasable","14":"product-type-simple","15":"add-to-wishlist-after_add_to_cart"},"exclude_global_add_ons":[],"addons":[],"jetpack_publicize_connections":[],"jetpack_sharing_enabled":true,"jetpack_likes_enabled":true,"_links":{"self":[{"href":"https:\/\/prokaddy.com\/pt-pt\/wp-json\/wp\/v2\/product\/4284","targetHints":{"allow":["GET"]}}],"collection":[{"href":"https:\/\/prokaddy.com\/pt-pt\/wp-json\/wp\/v2\/product"}],"about":[{"href":"https:\/\/prokaddy.com\/pt-pt\/wp-json\/wp\/v2\/types\/product"}],"replies":[{"embeddable":true,"href":"https:\/\/prokaddy.com\/pt-pt\/wp-json\/wp\/v2\/comments?post=4284"}],"wp:featuredmedia":[{"embeddable":true,"href":"https:\/\/prokaddy.com\/pt-pt\/wp-json\/wp\/v2\/media\/4287"}],"wp:attachment":[{"href":"https:\/\/prokaddy.com\/pt-pt\/wp-json\/wp\/v2\/media?parent=4284"}],"wp:term":[{"taxonomy":"product_brand","embeddable":true,"href":"https:\/\/prokaddy.com\/pt-pt\/wp-json\/wp\/v2\/product_brand?post=4284"},{"taxonomy":"product_cat","embeddable":true,"href":"https:\/\/prokaddy.com\/pt-pt\/wp-json\/wp\/v2\/product_cat?post=4284"},{"taxonomy":"product_tag","embeddable":true,"href":"https:\/\/prokaddy.com\/pt-pt\/wp-json\/wp\/v2\/product_tag?post=4284"}],"curies":[{"name":"wp","href":"https:\/\/api.w.org\/{rel}","templated":true}]}}