{"id":2825,"date":"2024-09-03T15:32:21","date_gmt":"2024-09-03T13:32:21","guid":{"rendered":"https:\/\/prokaddy.com\/product\/pro-kaddy-s2g-silver-digital-electric-golf-trolley-sem-bateria\/"},"modified":"2026-02-14T10:59:53","modified_gmt":"2026-02-14T09:59:53","slug":"pro-kaddy-s2g-silver-digital-electric-golf-trolley-sem-bateria","status":"publish","type":"product","link":"https:\/\/prokaddy.com\/pt-pt\/produto\/pro-kaddy-s2g-silver-digital-electric-golf-trolley-sem-bateria\/","title":{"rendered":"ProKaddy S2G Silver Digital Electric Golf Trolley sem bateria"},"content":{"rendered":"<p>&nbsp;<\/p>\n<p><span style=\"vertical-align: inherit;\"><span style=\"vertical-align: inherit;\">\u00c9s um golfista apaixonado que procura uma forma mais conveniente de transportar o teu equipamento de golfe pelo campo? Ent\u00e3o o ProKaddy S2G Digital Electric Golf Trolley \u00e9 a solu\u00e7\u00e3o perfeita para ti! <\/span><\/span><\/p>\n<p><span style=\"vertical-align: inherit;\"><span style=\"vertical-align: inherit;\">Este carrinho de golfe el\u00e9trico de \u00faltima gera\u00e7\u00e3o oferece a combina\u00e7\u00e3o ideal de conforto, tecnologia e durabilidade. Com o seu design ergon\u00f3mico e elegante, o ProKaddy S2G torna mais f\u00e1cil do que nunca a desloca\u00e7\u00e3o no campo. <\/span><\/span><\/p>\n<p><strong><span style=\"vertical-align: inherit;\"><span style=\"vertical-align: inherit;\">Carater\u00edsticas principais:<\/span><\/span><\/strong><\/p>\n<ul>\n<li><strong><span style=\"vertical-align: inherit;\"><span style=\"vertical-align: inherit;\">Carater\u00edsticas:<\/span><\/span><\/strong>\n<ul>\n<li><span style=\"vertical-align: inherit;\"><span style=\"vertical-align: inherit;\"> Design inovador e ergon\u00f3mico<\/span><\/span><\/li>\n<li><span style=\"vertical-align: inherit;\"><span style=\"vertical-align: inherit;\"> Estrutura robusta<\/span><\/span><\/li>\n<li><span style=\"vertical-align: inherit;\"><span style=\"vertical-align: inherit;\"> Facilmente dobr\u00e1vel<\/span><\/span><\/li>\n<li><span style=\"vertical-align: inherit;\"><span style=\"vertical-align: inherit;\"> Rodas amov\u00edveis<\/span><\/span><\/li>\n<li><span style=\"vertical-align: inherit;\"><span style=\"vertical-align: inherit;\"> Fun\u00e7\u00e3o de roda livre<\/span><\/span><\/li>\n<li><span style=\"vertical-align: inherit;\"><span style=\"vertical-align: inherit;\"> Controlo eletr\u00f3nico de arranque e paragem<\/span><\/span><\/li>\n<li><span style=\"vertical-align: inherit;\"><span style=\"vertical-align: inherit;\"> Controlo da velocidade<\/span><\/span><\/li>\n<li><span style=\"vertical-align: inherit;\"><span style=\"vertical-align: inherit;\"> Motor muito potente e silencioso<\/span><\/span><\/li>\n<li><span style=\"vertical-align: inherit;\"><span style=\"vertical-align: inherit;\"> Certificados CE e ROHS<\/span><\/span><\/li>\n<li>Cart\u00e3o de pontua\u00e7\u00e3o, bolas de golfe e suporte para tee<\/li>\n<li><span style=\"vertical-align: inherit;\"><span style=\"vertical-align: inherit;\"> 3 anos de garantia<\/span><\/span><\/li>\n<li><span style=\"vertical-align: inherit;\"><span style=\"vertical-align: inherit;\"> Manual do utilizador<\/span><\/span><\/li>\n<li><span style=\"vertical-align: inherit;\"><span style=\"vertical-align: inherit;\"> Cor prata<\/span><\/span><\/li>\n<\/ul>\n<\/li>\n<li><strong>Especifica\u00e7\u00f5es :<\/strong>\n<ul>\n<li>Tr\u00eas programas de dist\u00e2ncia 10mtrs 20mtrs 30mtrs<\/li>\n<li>Velocidade m\u00e1xima 8kmh<\/li>\n<li>Inclina\u00e7\u00e3o m\u00e1xima de subida 22\u00ba<\/li>\n<li>Dimens\u00f5es dobradas: 952 comprimento x 700 largura x 242 mm altura<\/li>\n<li>Dimens\u00f5es abertas: 1170 comprimento x 700 largura x 1140 mm altura<\/li>\n<li>Motor de 200W<\/li>\n<li>Peso l\u00edquido: 10 kg.<\/li>\n<li>Peso m\u00e1ximo de carga 40 kg<\/li>\n<\/ul>\n<\/li>\n<li><strong>Acess\u00f3rios opcionais<\/strong>:\n<ul>\n<li>Suporte para guarda-chuva<\/li>\n<li>Suporte para telem\u00f3vel\/GPS<\/li>\n<li>Saco de transporte<\/li>\n<li>Suporte para garrafas<\/li>\n<li>Capa de chuva<\/li>\n<li>Bateria de l\u00edtio Optimax 18ah<\/li>\n<li>Bateria de gel 33ah<\/li>\n<\/ul>\n<\/li>\n<\/ul>\n<p><span style=\"vertical-align: inherit;\"><span style=\"vertical-align: inherit;\">A marca ProKaddy de carrinhos de golfe garante a qualidade e a fiabilidade deste produto, assegurando que est\u00e1s a investir em equipamento de golfe de primeira qualidade.<\/span><\/span><\/p>\n<p><span style=\"vertical-align: inherit;\"><span style=\"vertical-align: inherit;\">Com o ProKaddy S2G Digital Electric Golf Trolley, passar\u00e1s mais tempo concentrado no teu jogo e menos tempo a lidar com problemas de transporte. Adquire o teu hoje e melhora a tua experi\u00eancia no campo de golfe! <\/span><\/span><\/p>\n","protected":false},"excerpt":{"rendered":"<ul>\n<li><strong><br \/>\n<span style=\"vertical-align: inherit;\"><br \/>\n<span style=\"vertical-align: inherit;\">Especifica\u00e7\u00f5es <\/span><br \/>\n<\/span><br \/>\n<\/strong><strong><br \/>\n<span style=\"vertical-align: inherit;\"><br \/>\n<span style=\"vertical-align: inherit;\">:<\/span><br \/>\n<\/span><br \/>\n<\/strong><\/li>\n<li>Tr\u00eas programas de dist\u00e2ncia 10mtrs 20mtrs 30mtrs<\/li>\n<li><span style=\"vertical-align: inherit;\"><span style=\"vertical-align: inherit;\">Velocidade m\u00e1xima 8kmh<\/span><\/span><\/li>\n<li><span style=\"vertical-align: inherit;\"><span style=\"vertical-align: inherit;\">Inclina\u00e7\u00e3o m\u00e1xima de subida 22\u00ba<\/span><\/span><\/li>\n<li><span style=\"vertical-align: inherit;\"><span style=\"vertical-align: inherit;\">Dimens\u00f5es dobradas: 952 comprimento x 700 largura x 242 mm altura<\/span><\/span><\/li>\n<li><span style=\"vertical-align: inherit;\"><span style=\"vertical-align: inherit;\">Dimens\u00f5es abertas: 1170 comprimento x 700 largura x 1140 mm altura<\/span><\/span><\/li>\n<li><span style=\"vertical-align: inherit;\"><span style=\"vertical-align: inherit;\">Peso sem bateria 11,5 kg<\/span><\/span><\/li>\n<li><span style=\"vertical-align: inherit;\"><span style=\"vertical-align: inherit;\">Motor de 200W<\/span><\/span><\/li>\n<li><span style=\"vertical-align: inherit;\"><span style=\"vertical-align: inherit;\">Peso m\u00e1ximo de carga 40 kg<\/span><\/span><\/li>\n<\/ul>\n","protected":false},"featured_media":2631,"comment_status":"open","ping_status":"closed","template":"","meta":{"_crdt_document":"","jetpack_publicize_message":"","jetpack_publicize_feature_enabled":true,"jetpack_social_post_already_shared":true,"jetpack_social_options":{"image_generator_settings":{"template":"highway","default_image_id":0,"font":"","enabled":false},"version":2},"_wpas_customize_per_network":false},"product_brand":[1583],"product_cat":[1588],"product_tag":[],"class_list":{"0":"post-2825","1":"product","2":"type-product","3":"status-publish","4":"has-post-thumbnail","6":"product_brand-prokaddy-pt-pt","7":"product_cat-golf-carts-pt-pt","9":"first","10":"instock","11":"taxable","12":"shipping-taxable","13":"purchasable","14":"product-type-simple","15":"add-to-wishlist-after_add_to_cart"},"exclude_global_add_ons":[],"addons":[],"jetpack_publicize_connections":[],"jetpack_sharing_enabled":true,"jetpack_likes_enabled":true,"_links":{"self":[{"href":"https:\/\/prokaddy.com\/pt-pt\/wp-json\/wp\/v2\/product\/2825","targetHints":{"allow":["GET"]}}],"collection":[{"href":"https:\/\/prokaddy.com\/pt-pt\/wp-json\/wp\/v2\/product"}],"about":[{"href":"https:\/\/prokaddy.com\/pt-pt\/wp-json\/wp\/v2\/types\/product"}],"replies":[{"embeddable":true,"href":"https:\/\/prokaddy.com\/pt-pt\/wp-json\/wp\/v2\/comments?post=2825"}],"wp:featuredmedia":[{"embeddable":true,"href":"https:\/\/prokaddy.com\/pt-pt\/wp-json\/wp\/v2\/media\/2631"}],"wp:attachment":[{"href":"https:\/\/prokaddy.com\/pt-pt\/wp-json\/wp\/v2\/media?parent=2825"}],"wp:term":[{"taxonomy":"product_brand","embeddable":true,"href":"https:\/\/prokaddy.com\/pt-pt\/wp-json\/wp\/v2\/product_brand?post=2825"},{"taxonomy":"product_cat","embeddable":true,"href":"https:\/\/prokaddy.com\/pt-pt\/wp-json\/wp\/v2\/product_cat?post=2825"},{"taxonomy":"product_tag","embeddable":true,"href":"https:\/\/prokaddy.com\/pt-pt\/wp-json\/wp\/v2\/product_tag?post=2825"}],"curies":[{"name":"wp","href":"https:\/\/api.w.org\/{rel}","templated":true}]}}