{"id":2824,"date":"2024-09-04T11:53:15","date_gmt":"2024-09-04T09:53:15","guid":{"rendered":"https:\/\/prokaddy.com\/product\/carrinho-de-golfe-eletrico-pro-kaddy-s1t2l-branco-com-usb-e-bateria-de-litio\/"},"modified":"2025-10-02T16:08:17","modified_gmt":"2025-10-02T14:08:17","slug":"carrinho-de-golfe-eletrico-pro-kaddy-s1t2l-branco-com-usb-e-bateria-de-litio","status":"publish","type":"product","link":"https:\/\/prokaddy.com\/pt-pt\/produto\/carrinho-de-golfe-eletrico-pro-kaddy-s1t2l-branco-com-usb-e-bateria-de-litio\/","title":{"rendered":"Carrinho de golfe el\u00e9trico ProKaddy S1T2L Branco com USB e bateria de l\u00edtio"},"content":{"rendered":"<p><span style=\"vertical-align: inherit;\"><span style=\"vertical-align: inherit;\">O carrinho de golfe el\u00e9trico com bateria de l\u00edtio S1T2L da ProKaddy \u00e9 o companheiro perfeito para o teu dia no campo de golfe. Concebido a pensar no conforto e na efici\u00eancia, este trolley el\u00e9trico permite-te deslocar sem esfor\u00e7o enquanto desfrutas do teu jogo. <\/span><\/span><\/p>\n<p><em><strong>               <\/strong><\/em><strong><br \/>\n  <span style=\"vertical-align: inherit;\"><br \/>\n    <span style=\"vertical-align: inherit;\">Carater\u00edsticas <\/span><br \/>\n  <\/span><br \/>\n<\/strong><strong><br \/>\n  <span style=\"vertical-align: inherit;\"><br \/>\n    <span style=\"vertical-align: inherit;\">:<\/span><br \/>\n  <\/span><br \/>\n<\/strong><\/p>\n<ul>\n<li><span style=\"vertical-align: inherit;\"><span style=\"vertical-align: inherit;\">  Design inovador e ergon\u00f3mico<\/span><\/span><\/li>\n<li><span style=\"vertical-align: inherit;\"><span style=\"vertical-align: inherit;\">  Estrutura de alum\u00ednio robusta<\/span><\/span><\/li>\n<li><span style=\"vertical-align: inherit;\"><span style=\"vertical-align: inherit;\">  Facilmente dobr\u00e1vel<\/span><\/span><\/li>\n<li><span style=\"vertical-align: inherit;\"><span style=\"vertical-align: inherit;\">  Rodas amov\u00edveis<\/span><\/span><\/li>\n<li><span style=\"vertical-align: inherit;\"><span style=\"vertical-align: inherit;\">  Fun\u00e7\u00e3o de roda livre<\/span><\/span><\/li>\n<li><span style=\"vertical-align: inherit;\"><span style=\"vertical-align: inherit;\">  Controlo eletr\u00f3nico de arranque e paragem<\/span><\/span><\/li>\n<li><span style=\"vertical-align: inherit;\"><span style=\"vertical-align: inherit;\">  Controlo da velocidade<\/span><\/span><\/li>\n<li><span style=\"vertical-align: inherit;\"><span style=\"vertical-align: inherit;\">Cart\u00e3o de pontua\u00e7\u00e3o, bolas de golfe e suporte para tee<\/span><\/span><\/li>\n<li><span style=\"vertical-align: inherit;\"><span style=\"vertical-align: inherit;\">  Bateria de l\u00edtio Optimax 18amp de alta qualidade (2 anos de garantia)<\/span><\/span><\/li>\n<li><span style=\"vertical-align: inherit;\"><span style=\"vertical-align: inherit;\">  Motor muito potente e silencioso<\/span><\/span><\/li>\n<li><span style=\"vertical-align: inherit;\"><span style=\"vertical-align: inherit;\">  Carregador de bateria 220v\/dc14.3v<\/span><\/span><\/li>\n<li><span style=\"vertical-align: inherit;\"><span style=\"vertical-align: inherit;\">  Certificados CE e ROHS<\/span><\/span><\/li>\n<li><span style=\"vertical-align: inherit;\"><span style=\"vertical-align: inherit;\">  3 anos de garantia no carrinho<\/span><\/span><\/li>\n<li><span style=\"vertical-align: inherit;\"><span style=\"vertical-align: inherit;\">  Manual do utilizador<\/span><\/span><\/li>\n<li>  Cor branca<strong style=\"color: #555555; font-size: 14.4px;\"> <\/strong><strong style=\"color: #555555; font-size: 14.4px;\">           <\/strong><strong style=\"color: #555555; font-size: 14.4px;\"><span style=\"vertical-align: inherit;\"><span style=\"vertical-align: inherit;\">     <\/span><\/span><\/strong><\/li>\n<\/ul>\n<p>&nbsp;<\/p>\n<p><strong>Especifica\u00e7\u00f5es:<\/strong><\/p>\n<ul>\n<li>  Tr\u00eas programas de dist\u00e2ncia 10mtrs 20mtrs 30mtrs<\/li>\n<li><span style=\"vertical-align: inherit;\"><span style=\"vertical-align: inherit;\">  Velocidade m\u00e1xima 8kmh<\/span><\/span><\/li>\n<li><span style=\"vertical-align: inherit;\"><span style=\"vertical-align: inherit;\">  Inclina\u00e7\u00e3o m\u00e1xima de subida 22\u00ba<\/span><\/span><\/li>\n<li><span style=\"vertical-align: inherit;\"><span style=\"vertical-align: inherit;\">  Dimens\u00f5es dobradas: 952 comprimento x 700 largura x 242 mm altura<\/span><\/span><\/li>\n<li><span style=\"vertical-align: inherit;\"><span style=\"vertical-align: inherit;\">  Dimens\u00f5es abertas: 1170 comprimento x 700 largura x 1140 mmn altura<\/span><\/span><\/li>\n<li><span style=\"vertical-align: inherit;\"><span style=\"vertical-align: inherit;\">  Motor de 200W<\/span><\/span><\/li>\n<li><span style=\"vertical-align: inherit;\"><span style=\"vertical-align: inherit;\">  Bateria de l\u00edtio de alta qualidade com bolsa para bateria<\/span><\/span><\/li>\n<li><span style=\"vertical-align: inherit;\"><span style=\"vertical-align: inherit;\">  Tempo de carregamento 4 &#8211; 6 horas<\/span><\/span><\/li>\n<li><span style=\"vertical-align: inherit;\"><span style=\"vertical-align: inherit;\">  Peso l\u00edquido: 10 kg.<\/span><\/span><\/li>\n<li><span style=\"vertical-align: inherit;\"><span style=\"vertical-align: inherit;\">  Peso m\u00e1ximo de carga 40 kg<\/span><\/span><\/li>\n<\/ul>\n<p><strong>Acess\u00f3rios opcionais<\/strong>:<\/p>\n<ul>\n<li>Suporte para guarda-chuva<\/li>\n<li>Suporte para telem\u00f3vel\/GPS<\/li>\n<li>Saco de transporte<\/li>\n<li>Suporte para garrafas<\/li>\n<li>Capa de chuva<\/li>\n<\/ul>\n<p><img data-recalc-dims=\"1\" loading=\"lazy\" decoding=\"async\" class=\"size-medium wp-image-531 alignright\" src=\"https:\/\/i0.wp.com\/prokaddy.com\/wp-content\/uploads\/2024\/08\/file-1-1.png?resize=481%2C400&#038;ssl=1\" alt=\"\" width=\"481\" height=\"400\" srcset=\"https:\/\/i0.wp.com\/prokaddy.com\/wp-content\/uploads\/2024\/08\/file-1-1.png?resize=481%2C400&amp;ssl=1 481w, https:\/\/i0.wp.com\/prokaddy.com\/wp-content\/uploads\/2024\/08\/file-1-1.png?resize=520%2C432&amp;ssl=1 520w, https:\/\/i0.wp.com\/prokaddy.com\/wp-content\/uploads\/2024\/08\/file-1-1.png?resize=962%2C800&amp;ssl=1 962w, https:\/\/i0.wp.com\/prokaddy.com\/wp-content\/uploads\/2024\/08\/file-1-1.png?resize=768%2C639&amp;ssl=1 768w, https:\/\/i0.wp.com\/prokaddy.com\/wp-content\/uploads\/2024\/08\/file-1-1.png?resize=1536%2C1277&amp;ssl=1 1536w, https:\/\/i0.wp.com\/prokaddy.com\/wp-content\/uploads\/2024\/08\/file-1-1.png?resize=2048%2C1703&amp;ssl=1 2048w, https:\/\/i0.wp.com\/prokaddy.com\/wp-content\/uploads\/2024\/08\/file-1-1.png?resize=1200%2C998&amp;ssl=1 1200w, https:\/\/i0.wp.com\/prokaddy.com\/wp-content\/uploads\/2024\/08\/file-1-1.png?resize=1320%2C1098&amp;ssl=1 1320w, https:\/\/i0.wp.com\/prokaddy.com\/wp-content\/uploads\/2024\/08\/file-1-1.png?w=3060&amp;ssl=1 3060w\" sizes=\"auto, (max-width: 481px) 100vw, 481px\" \/><\/p>\n<p><span style=\"vertical-align: inherit;\"><span style=\"vertical-align: inherit;\">Com o carrinho de golfe el\u00e9trico ProKaddy S1T2L, podes esquecer o peso do teu equipamento ou a preocupa\u00e7\u00e3o com o terreno do campo. Basta colocares o teu saco no trolley, ligares o motor e come\u00e7ares a tua partida com toda a tranquilidade. <\/span><\/span><\/p>\n<p><span style=\"vertical-align: inherit;\"><span style=\"vertical-align: inherit;\">Este produto de qualidade faz parte da marca registada ProKaddy, uma empresa empenhada na satisfa\u00e7\u00e3o do golfista. Com o ProKaddy S1T2L Electric Golf Trolley, podes experimentar o conforto e o desempenho de um produto especificamente concebido para melhorar a tua experi\u00eancia no campo de golfe. <\/span><\/span><\/p>\n<p><span style=\"vertical-align: inherit;\"><span style=\"vertical-align: inherit;\">N\u00e3o deixes que o transporte do teu equipamento te tire o prazer do jogo. Com o Carrinho de Golfe El\u00e9trico ProKaddy S1T2L com Bateria de L\u00edtio, poder\u00e1s desfrutar de cada tacada sem ter de carregar o teu saco. Torna o teu dia no campo de golfe ainda mais gratificante com este companheiro de jogo fi\u00e1vel e eficiente!  <\/span><\/span><\/p>\n","protected":false},"excerpt":{"rendered":"<p><span style=\"vertical-align: inherit;\"><span style=\"vertical-align: inherit;\">Melhora o teu jogo de golfe com o carrinho de golfe el\u00e9trico ProKaddy S1T2. Motor silencioso, bateria de l\u00edtio de longa dura\u00e7\u00e3o e design leve para uma experi\u00eancia sem esfor\u00e7o no campo. Aproveita ao m\u00e1ximo o teu dia de golfe.  <\/span><\/span><\/p>\n<p><strong><span style=\"vertical-align: inherit;\"><span style=\"vertical-align: inherit;\">Acess\u00f3rios opcionais:<\/span><\/span><\/strong><\/p>\n<ul>\n<li><span style=\"vertical-align: inherit;\"><span style=\"vertical-align: inherit;\">  Suporte para guarda-chuva<\/span><\/span><\/li>\n<li><span style=\"vertical-align: inherit;\"><span style=\"vertical-align: inherit;\">  Saco de transporte<\/span><\/span><\/li>\n<li><span style=\"vertical-align: inherit;\"><span style=\"vertical-align: inherit;\">  Suporte para telem\u00f3vel\/GPS<\/span><\/span><\/li>\n<\/ul>\n","protected":false},"featured_media":2635,"comment_status":"open","ping_status":"closed","template":"","meta":{"_crdt_document":"","jetpack_publicize_message":"","jetpack_publicize_feature_enabled":true,"jetpack_social_post_already_shared":true,"jetpack_social_options":{"image_generator_settings":{"template":"highway","default_image_id":0,"font":"","enabled":false},"version":2},"_wpas_customize_per_network":false},"product_brand":[1583],"product_cat":[1588],"product_tag":[],"class_list":{"0":"post-2824","1":"product","2":"type-product","3":"status-publish","4":"has-post-thumbnail","6":"product_brand-prokaddy-pt-pt","7":"product_cat-golf-carts-pt-pt","9":"first","10":"outofstock","11":"taxable","12":"shipping-taxable","13":"purchasable","14":"product-type-simple","15":"add-to-wishlist-after_add_to_cart"},"exclude_global_add_ons":[],"addons":[],"jetpack_publicize_connections":[],"jetpack_sharing_enabled":true,"jetpack_likes_enabled":true,"_links":{"self":[{"href":"https:\/\/prokaddy.com\/pt-pt\/wp-json\/wp\/v2\/product\/2824","targetHints":{"allow":["GET"]}}],"collection":[{"href":"https:\/\/prokaddy.com\/pt-pt\/wp-json\/wp\/v2\/product"}],"about":[{"href":"https:\/\/prokaddy.com\/pt-pt\/wp-json\/wp\/v2\/types\/product"}],"replies":[{"embeddable":true,"href":"https:\/\/prokaddy.com\/pt-pt\/wp-json\/wp\/v2\/comments?post=2824"}],"wp:featuredmedia":[{"embeddable":true,"href":"https:\/\/prokaddy.com\/pt-pt\/wp-json\/wp\/v2\/media\/2635"}],"wp:attachment":[{"href":"https:\/\/prokaddy.com\/pt-pt\/wp-json\/wp\/v2\/media?parent=2824"}],"wp:term":[{"taxonomy":"product_brand","embeddable":true,"href":"https:\/\/prokaddy.com\/pt-pt\/wp-json\/wp\/v2\/product_brand?post=2824"},{"taxonomy":"product_cat","embeddable":true,"href":"https:\/\/prokaddy.com\/pt-pt\/wp-json\/wp\/v2\/product_cat?post=2824"},{"taxonomy":"product_tag","embeddable":true,"href":"https:\/\/prokaddy.com\/pt-pt\/wp-json\/wp\/v2\/product_tag?post=2824"}],"curies":[{"name":"wp","href":"https:\/\/api.w.org\/{rel}","templated":true}]}}