{"id":2822,"date":"2024-09-04T16:16:59","date_gmt":"2024-09-04T14:16:59","guid":{"rendered":"https:\/\/prokaddy.com\/product\/carrinho-de-golfe-eletrico-prokaddy-s1t2l-preto-com-bateria-de-litio-e-usb\/"},"modified":"2025-10-02T15:41:00","modified_gmt":"2025-10-02T13:41:00","slug":"carrinho-de-golfe-eletrico-prokaddy-s1t2l-preto-com-bateria-de-litio-e-usb","status":"publish","type":"product","link":"https:\/\/prokaddy.com\/pt-pt\/produto\/carrinho-de-golfe-eletrico-prokaddy-s1t2l-preto-com-bateria-de-litio-e-usb\/","title":{"rendered":"Carrinho de golfe el\u00e9trico ProKaddy S1T2L Preto com bateria de l\u00edtio e USB"},"content":{"rendered":"<p>O Carro el\u00e9trico de golfe ProKaddy modelo S1T2L com bateria de l\u00edtio e USB \u00e9 um carrinho de golfe el\u00e9trico topo de gama, concebido para proporcionar comodidade e efici\u00eancia no campo de golfe. Este produto \u00e9 perfeito para os jogadores de golfe que procuram um carrinho fi\u00e1vel e de alto desempenho para melhorar o seu jogo.<\/p>\n<p><span style=\"vertical-align: inherit;\"><span style=\"vertical-align: inherit;\">O carrinho de golfe el\u00e9trico ProKaddy S1T2L possui uma bateria de l\u00edtio, o que lhe confere uma vida \u00fatil muito mais longa do que as baterias tradicionais. Podes desfrutar de at\u00e9 27 buracos com uma \u00fanica carga, o que significa que podes percorrer todo o campo sem te preocupares em recarregar. <\/span><\/span><\/p>\n<p><span style=\"vertical-align: inherit;\"><span style=\"vertical-align: inherit;\">Precisas de carregar os teus dispositivos enquanto jogas? N\u00e3o te preocupes! Este carrinho el\u00e9trico est\u00e1 equipado com uma porta USB, perfeita para carregar o teu telem\u00f3vel ou outros dispositivos electr\u00f3nicos enquanto est\u00e1s no campo de golfe.  <\/span><\/span><\/p>\n<p><span style=\"vertical-align: inherit;\"><span style=\"vertical-align: inherit;\">Com um design ergon\u00f3mico e dobr\u00e1vel, o carrinho de golfe el\u00e9trico ProKaddy S1T2L \u00e9 f\u00e1cil de transportar e guardar, o que o torna uma escolha pr\u00e1tica e conveniente para jogadores de golfe de todas as idades. Al\u00e9m disso, a sua constru\u00e7\u00e3o resistente garante durabilidade e desempenho a longo prazo. <\/span><\/span><\/p>\n<p><strong><span style=\"vertical-align: inherit;\"><span style=\"vertical-align: inherit;\">Carater\u00edsticas:<\/span><\/span><\/strong><\/p>\n<ul>\n<li><span style=\"vertical-align: inherit;\"><span style=\"vertical-align: inherit;\">  Design inovador e ergon\u00f3mico<\/span><\/span><\/li>\n<li><span style=\"vertical-align: inherit;\"><span style=\"vertical-align: inherit;\">  Estrutura de alum\u00ednio robusta<\/span><\/span><\/li>\n<li><span style=\"vertical-align: inherit;\"><span style=\"vertical-align: inherit;\">  Facilmente dobr\u00e1vel<\/span><\/span><\/li>\n<li><span style=\"vertical-align: inherit;\"><span style=\"vertical-align: inherit;\">  Rodas amov\u00edveis<\/span><\/span><\/li>\n<li><span style=\"vertical-align: inherit;\"><span style=\"vertical-align: inherit;\">  Fun\u00e7\u00e3o de roda livre<\/span><\/span><\/li>\n<li><span style=\"vertical-align: inherit;\"><span style=\"vertical-align: inherit;\">  Controlo eletr\u00f3nico de arranque e paragem<\/span><\/span><\/li>\n<li><span style=\"vertical-align: inherit;\"><span style=\"vertical-align: inherit;\">  Controlo da velocidade<\/span><\/span><\/li>\n<li><span style=\"vertical-align: inherit;\"><span style=\"vertical-align: inherit;\">  Bateria de l\u00edtio 18amp 12v (2 anos de garantia)<\/span><\/span><\/li>\n<li><span style=\"vertical-align: inherit;\"><span style=\"vertical-align: inherit;\">  Motor muito potente e silencioso<\/span><\/span><\/li>\n<li><span style=\"vertical-align: inherit;\"><span style=\"vertical-align: inherit;\">  Carregador de bateria 220v\/dc12v<\/span><\/span><\/li>\n<li><span style=\"vertical-align: inherit;\"><span style=\"vertical-align: inherit;\">  Entrada USB<\/span><\/span><\/li>\n<li><span style=\"vertical-align: inherit;\"><span style=\"vertical-align: inherit;\">Cart\u00e3o de pontua\u00e7\u00e3o, bolas de golfe e suporte para tee<\/span><\/span><\/li>\n<li><span style=\"vertical-align: inherit;\"><span style=\"vertical-align: inherit;\">  Certificados CE e ROHS<\/span><\/span><\/li>\n<li><span style=\"vertical-align: inherit;\"><span style=\"vertical-align: inherit;\">  3 anos de garantia no carrinho<\/span><\/span><\/li>\n<li><span style=\"vertical-align: inherit;\"><span style=\"vertical-align: inherit;\">  Manual do utilizador<\/span><\/span><\/li>\n<li>  Cor preta<strong> <\/strong><\/li>\n<\/ul>\n<p><strong><br \/>\n  <span style=\"vertical-align: inherit;\"><br \/>\n    <span style=\"vertical-align: inherit;\">Especifica\u00e7\u00f5es <\/span><br \/>\n  <\/span><br \/>\n<\/strong><strong><br \/>\n  <span style=\"vertical-align: inherit;\"><br \/>\n    <span style=\"vertical-align: inherit;\">:<\/span><br \/>\n  <\/span><br \/>\n<\/strong><\/p>\n<ul>\n<li>  Tr\u00eas programas de dist\u00e2ncia 10mtrs 20mtrs 30mtrs<\/li>\n<li><span style=\"vertical-align: inherit;\"><span style=\"vertical-align: inherit;\">  Velocidade m\u00e1xima 8kmh<\/span><\/span><\/li>\n<li><span style=\"vertical-align: inherit;\"><span style=\"vertical-align: inherit;\">  Inclina\u00e7\u00e3o m\u00e1xima de subida 22\u00ba<\/span><\/span><\/li>\n<li><span style=\"vertical-align: inherit;\"><span style=\"vertical-align: inherit;\">  Dimens\u00f5es dobradas: 952 comprimento x 700 largura x 242 mm altura<\/span><\/span><\/li>\n<li><span style=\"vertical-align: inherit;\"><span style=\"vertical-align: inherit;\">  Dimens\u00f5es abertas: 1170 comprimento x 700 largura x 1140 mm altura<\/span><\/span><\/li>\n<li><span style=\"vertical-align: inherit;\"><span style=\"vertical-align: inherit;\">  Motor de 200W<\/span><\/span><\/li>\n<li><span style=\"vertical-align: inherit;\"><span style=\"vertical-align: inherit;\">  Bateria de alta qualidade<\/span><\/span><\/li>\n<li><span style=\"vertical-align: inherit;\"><span style=\"vertical-align: inherit;\">  Suporte do saco da bateria<\/span><\/span><\/li>\n<li><span style=\"vertical-align: inherit;\"><span style=\"vertical-align: inherit;\">  Tempo de carregamento 4 &#8211; 8 horas<\/span><\/span><\/li>\n<li><span style=\"vertical-align: inherit;\"><span style=\"vertical-align: inherit;\">  Peso l\u00edquido: 10 kg.<\/span><\/span><\/li>\n<li><span style=\"vertical-align: inherit;\"><span style=\"vertical-align: inherit;\">  Peso m\u00e1ximo de carga 40 kg<\/span><\/span><\/li>\n<\/ul>\n<p><strong>Acess\u00f3rios opcionais<\/strong>:<\/p>\n<ul>\n<li>Suporte para guarda-chuva<\/li>\n<li>Suporte para telem\u00f3vel\/GPS<\/li>\n<li>Saco de transporte<\/li>\n<li>Suporte para garrafas<\/li>\n<li>Capa de chuva<\/li>\n<\/ul>\n<p><img data-recalc-dims=\"1\" loading=\"lazy\" decoding=\"async\" class=\"wp-image-885 alignright\" src=\"https:\/\/i0.wp.com\/prokaddy.com\/wp-content\/uploads\/2024\/09\/carro-de-golf-S1T2-negro-optimax.jpg?resize=305%2C305&#038;ssl=1\" alt=\"\" width=\"305\" height=\"305\" srcset=\"https:\/\/i0.wp.com\/prokaddy.com\/wp-content\/uploads\/2024\/09\/carro-de-golf-S1T2-negro-optimax.jpg?w=1204&amp;ssl=1 1204w, https:\/\/i0.wp.com\/prokaddy.com\/wp-content\/uploads\/2024\/09\/carro-de-golf-S1T2-negro-optimax.jpg?resize=400%2C400&amp;ssl=1 400w, https:\/\/i0.wp.com\/prokaddy.com\/wp-content\/uploads\/2024\/09\/carro-de-golf-S1T2-negro-optimax.jpg?resize=800%2C800&amp;ssl=1 800w, https:\/\/i0.wp.com\/prokaddy.com\/wp-content\/uploads\/2024\/09\/carro-de-golf-S1T2-negro-optimax.jpg?resize=280%2C280&amp;ssl=1 280w, https:\/\/i0.wp.com\/prokaddy.com\/wp-content\/uploads\/2024\/09\/carro-de-golf-S1T2-negro-optimax.jpg?resize=768%2C768&amp;ssl=1 768w, https:\/\/i0.wp.com\/prokaddy.com\/wp-content\/uploads\/2024\/09\/carro-de-golf-S1T2-negro-optimax.jpg?resize=520%2C520&amp;ssl=1 520w, https:\/\/i0.wp.com\/prokaddy.com\/wp-content\/uploads\/2024\/09\/carro-de-golf-S1T2-negro-optimax.jpg?resize=100%2C100&amp;ssl=1 100w\" sizes=\"auto, (max-width: 305px) 100vw, 305px\" \/><\/p>\n<p>&nbsp;<\/p>\n<p><span style=\"vertical-align: inherit;\"><span style=\"vertical-align: inherit;\">Com a marca registada ProKaddy, podes confiar na qualidade e fiabilidade deste carrinho de golfe el\u00e9trico. Desfruta de uma viagem suave e silenciosa pelo campo enquanto transportas os teus tacos e outro equipamento com facilidade. <\/span><\/span><\/p>\n<p><span style=\"vertical-align: inherit;\"><span style=\"vertical-align: inherit;\">Em suma, o carrinho de golfe el\u00e9trico ProKaddy S1T2L com bateria de l\u00edtio e USB \u00e9 a escolha ideal para os golfistas que procuram conforto, desempenho e durabilidade no seu carrinho de golfe. N\u00e3o percas a oportunidade de melhorar a tua experi\u00eancia no campo com este produto extraordin\u00e1rio. <\/span><\/span><\/p>\n","protected":false},"excerpt":{"rendered":"<p>Melhora o teu jogo de golfe com o carrinho de golfe el\u00e9trico ProKaddy S1T2L com uma bateria de l\u00edtio de longa dura\u00e7\u00e3o e uma porta USB para carregar dispositivos. Desfruta de comodidade, durabilidade e alto desempenho no campo. Compra o teu hoje mesmo!  <\/p>\n<p><strong><span style=\"vertical-align: inherit;\"><span style=\"vertical-align: inherit;\">Acess\u00f3rios opcionais:<\/span><\/span><\/strong><\/p>\n<ul>\n<li><span style=\"vertical-align: inherit;\"><span style=\"vertical-align: inherit;\">  Suporte para guarda-chuva<\/span><\/span><\/li>\n<li><span style=\"vertical-align: inherit;\"><span style=\"vertical-align: inherit;\">  Suporte para telem\u00f3vel\/GPS<\/span><\/span><\/li>\n<li><span style=\"vertical-align: inherit;\"><span style=\"vertical-align: inherit;\">  Saco de transporte<\/span><\/span><\/li>\n<li><span style=\"vertical-align: inherit;\"><span style=\"vertical-align: inherit;\">  Bateria de chumbo 12V 33amp<\/span><\/span><strong>         <\/strong><\/li>\n<\/ul>\n","protected":false},"featured_media":2692,"comment_status":"open","ping_status":"closed","template":"","meta":{"_crdt_document":"","jetpack_publicize_message":"","jetpack_publicize_feature_enabled":true,"jetpack_social_post_already_shared":true,"jetpack_social_options":{"image_generator_settings":{"template":"highway","default_image_id":0,"font":"","enabled":false},"version":2},"_wpas_customize_per_network":false},"product_brand":[1583],"product_cat":[1588],"product_tag":[],"class_list":{"0":"post-2822","1":"product","2":"type-product","3":"status-publish","4":"has-post-thumbnail","6":"product_brand-prokaddy-pt-pt","7":"product_cat-golf-carts-pt-pt","9":"first","10":"outofstock","11":"taxable","12":"shipping-taxable","13":"purchasable","14":"product-type-simple","15":"add-to-wishlist-after_add_to_cart"},"exclude_global_add_ons":[],"addons":[],"jetpack_publicize_connections":[],"jetpack_sharing_enabled":true,"jetpack_likes_enabled":true,"_links":{"self":[{"href":"https:\/\/prokaddy.com\/pt-pt\/wp-json\/wp\/v2\/product\/2822","targetHints":{"allow":["GET"]}}],"collection":[{"href":"https:\/\/prokaddy.com\/pt-pt\/wp-json\/wp\/v2\/product"}],"about":[{"href":"https:\/\/prokaddy.com\/pt-pt\/wp-json\/wp\/v2\/types\/product"}],"replies":[{"embeddable":true,"href":"https:\/\/prokaddy.com\/pt-pt\/wp-json\/wp\/v2\/comments?post=2822"}],"wp:featuredmedia":[{"embeddable":true,"href":"https:\/\/prokaddy.com\/pt-pt\/wp-json\/wp\/v2\/media\/2692"}],"wp:attachment":[{"href":"https:\/\/prokaddy.com\/pt-pt\/wp-json\/wp\/v2\/media?parent=2822"}],"wp:term":[{"taxonomy":"product_brand","embeddable":true,"href":"https:\/\/prokaddy.com\/pt-pt\/wp-json\/wp\/v2\/product_brand?post=2822"},{"taxonomy":"product_cat","embeddable":true,"href":"https:\/\/prokaddy.com\/pt-pt\/wp-json\/wp\/v2\/product_cat?post=2822"},{"taxonomy":"product_tag","embeddable":true,"href":"https:\/\/prokaddy.com\/pt-pt\/wp-json\/wp\/v2\/product_tag?post=2822"}],"curies":[{"name":"wp","href":"https:\/\/api.w.org\/{rel}","templated":true}]}}