{"id":2820,"date":"2024-09-04T15:57:50","date_gmt":"2024-09-04T13:57:50","guid":{"rendered":"https:\/\/prokaddy.com\/product\/carrinho-de-golfe-eletrico-pro-kaddy-s1t2-preto-com-bateria-de-33-amperes-e-usb\/"},"modified":"2025-10-11T13:40:08","modified_gmt":"2025-10-11T11:40:08","slug":"carrinho-de-golfe-eletrico-pro-kaddy-s1t2-preto-com-bateria-de-33-amperes-e-usb","status":"publish","type":"product","link":"https:\/\/prokaddy.com\/pt-pt\/produto\/carrinho-de-golfe-eletrico-pro-kaddy-s1t2-preto-com-bateria-de-33-amperes-e-usb\/","title":{"rendered":"Carrinho de golfe el\u00e9trico ProKaddy S1T2 preto com bateria de 33 amperes e USB"},"content":{"rendered":"<p><span style=\"vertical-align: inherit;\"><span style=\"vertical-align: inherit;\">Est\u00e1s \u00e0 procura de uma forma confort\u00e1vel e eficiente de te deslocares no campo de golfe? Ent\u00e3o o carrinho de golfe el\u00e9trico ProKaddy S1T2 com bateria de 33 amperes \u00e9 exatamente o que precisas. Este trolley el\u00e9trico foi concebido a pensar no conforto e na facilidade de utiliza\u00e7\u00e3o, para que possas desfrutar do teu dia no campo de golfe sem preocupa\u00e7\u00f5es. <\/span><\/span><\/p>\n<p><span style=\"vertical-align: inherit;\"><span style=\"vertical-align: inherit;\">A S1T2 possui uma bateria de 33 amperes, proporcionando-te um desempenho duradouro e fi\u00e1vel sempre que jogas. O seu manuseamento f\u00e1cil e o seu design compacto fazem dela a escolha ideal para golfistas de todos os n\u00edveis, desde principiantes a profissionais. <\/span><\/span><\/p>\n<p><strong><span style=\"vertical-align: inherit;\"><span style=\"vertical-align: inherit;\">Carater\u00edsticas:<\/span><\/span><\/strong><\/p>\n<ul>\n<li><span style=\"vertical-align: inherit;\"><span style=\"vertical-align: inherit;\"> Design inovador e ergon\u00f3mico<\/span><\/span><\/li>\n<li><span style=\"vertical-align: inherit;\"><span style=\"vertical-align: inherit;\"> Estrutura de alum\u00ednio robusta<\/span><\/span><\/li>\n<li><span style=\"vertical-align: inherit;\"><span style=\"vertical-align: inherit;\"> Facilmente dobr\u00e1vel<\/span><\/span><\/li>\n<li><span style=\"vertical-align: inherit;\"><span style=\"vertical-align: inherit;\"> Rodas amov\u00edveis<\/span><\/span><\/li>\n<li><span style=\"vertical-align: inherit;\"><span style=\"vertical-align: inherit;\"> Fun\u00e7\u00e3o de roda livre<\/span><\/span><\/li>\n<li><span style=\"vertical-align: inherit;\"><span style=\"vertical-align: inherit;\"> Controlo eletr\u00f3nico de arranque e paragem<\/span><\/span><\/li>\n<li><span style=\"vertical-align: inherit;\"><span style=\"vertical-align: inherit;\"> Controlo da velocidade<\/span><\/span><\/li>\n<li><span style=\"vertical-align: inherit;\"><span style=\"vertical-align: inherit;\"> Bateria de 33Ah (1 ano de garantia)<\/span><\/span><\/li>\n<li><span style=\"vertical-align: inherit;\"><span style=\"vertical-align: inherit;\"> Motor muito potente e silencioso<\/span><\/span><\/li>\n<li><span style=\"vertical-align: inherit;\"><span style=\"vertical-align: inherit;\"> Carregador de bateria 220v\/dc12v<\/span><\/span><\/li>\n<li><span style=\"vertical-align: inherit;\"><span style=\"vertical-align: inherit;\">Cart\u00e3o de pontua\u00e7\u00e3o, bolas de golfe e suporte para tee<\/span><\/span><\/li>\n<li><span style=\"vertical-align: inherit;\"><span style=\"vertical-align: inherit;\"> Certificados CE e ROHS<\/span><\/span><\/li>\n<li><span style=\"vertical-align: inherit;\"><span style=\"vertical-align: inherit;\"> 3 anos de garantia no carrinho<\/span><\/span><\/li>\n<li><span style=\"vertical-align: inherit;\"><span style=\"vertical-align: inherit;\"> Manual do utilizador<\/span><\/span><\/li>\n<li>Cor preta<\/li>\n<\/ul>\n<p><strong><br \/>\n<span style=\"vertical-align: inherit;\"><br \/>\n<span style=\"vertical-align: inherit;\">Especifica\u00e7\u00f5es <\/span><br \/>\n<\/span><br \/>\n<\/strong><strong><br \/>\n<span style=\"vertical-align: inherit;\"><br \/>\n<span style=\"vertical-align: inherit;\">:<\/span><br \/>\n<\/span><br \/>\n<\/strong><\/p>\n<ul>\n<li>Tr\u00eas programas de dist\u00e2ncia 10mtrs 20mtrs 30mtrs<\/li>\n<li><span style=\"vertical-align: inherit;\"><span style=\"vertical-align: inherit;\"> Velocidade m\u00e1xima 8kmh<\/span><\/span><\/li>\n<li><span style=\"vertical-align: inherit;\"><span style=\"vertical-align: inherit;\"> Inclina\u00e7\u00e3o m\u00e1xima de subida 22\u00ba<\/span><\/span><\/li>\n<li><span style=\"vertical-align: inherit;\"><span style=\"vertical-align: inherit;\"> Dimens\u00f5es dobradas: 952 comprimento x 700 largura x 242 mm altura<\/span><\/span><\/li>\n<li><span style=\"vertical-align: inherit;\"><span style=\"vertical-align: inherit;\"> Dimens\u00f5es abertas: 1170 comprimento x 700 largura x 1140 mm altura<\/span><\/span><\/li>\n<li><span style=\"vertical-align: inherit;\"><span style=\"vertical-align: inherit;\"> Motor de 200W<\/span><\/span><\/li>\n<li><span style=\"vertical-align: inherit;\"><span style=\"vertical-align: inherit;\"> Bateria de 33ah de alta qualidade com bolsa para bateria<\/span><\/span><\/li>\n<li><span style=\"vertical-align: inherit;\"><span style=\"vertical-align: inherit;\"> Tempo de carregamento 4 &#8211; 8 horas<\/span><\/span><\/li>\n<li><span style=\"vertical-align: inherit;\"><span style=\"vertical-align: inherit;\"> Peso l\u00edquido: 10 kg.<\/span><\/span><\/li>\n<li><span style=\"vertical-align: inherit;\"><span style=\"vertical-align: inherit;\"> Peso m\u00e1ximo de carga 40 kg<\/span><\/span><\/li>\n<\/ul>\n<p><strong>Acess\u00f3rios opcionais<\/strong>:<\/p>\n<ul>\n<li>Suporte para guarda-chuva<\/li>\n<li>Suporte para telem\u00f3vel\/GPS<\/li>\n<li>Saco de transporte<\/li>\n<li>Suporte para garrafas<\/li>\n<li>Capa de chuva<\/li>\n<\/ul>\n<p><img data-recalc-dims=\"1\" loading=\"lazy\" decoding=\"async\" class=\"wp-image-881 alignright\" src=\"https:\/\/i0.wp.com\/prokaddy.com\/wp-content\/uploads\/2024\/09\/carro-de-golf-S1T2-balck-33-amp.jpg?resize=385%2C385&#038;ssl=1\" alt=\"\" width=\"385\" height=\"385\" srcset=\"https:\/\/i0.wp.com\/prokaddy.com\/wp-content\/uploads\/2024\/09\/carro-de-golf-S1T2-balck-33-amp.jpg?w=1024&amp;ssl=1 1024w, https:\/\/i0.wp.com\/prokaddy.com\/wp-content\/uploads\/2024\/09\/carro-de-golf-S1T2-balck-33-amp.jpg?resize=400%2C400&amp;ssl=1 400w, https:\/\/i0.wp.com\/prokaddy.com\/wp-content\/uploads\/2024\/09\/carro-de-golf-S1T2-balck-33-amp.jpg?resize=800%2C800&amp;ssl=1 800w, https:\/\/i0.wp.com\/prokaddy.com\/wp-content\/uploads\/2024\/09\/carro-de-golf-S1T2-balck-33-amp.jpg?resize=280%2C280&amp;ssl=1 280w, https:\/\/i0.wp.com\/prokaddy.com\/wp-content\/uploads\/2024\/09\/carro-de-golf-S1T2-balck-33-amp.jpg?resize=768%2C768&amp;ssl=1 768w, https:\/\/i0.wp.com\/prokaddy.com\/wp-content\/uploads\/2024\/09\/carro-de-golf-S1T2-balck-33-amp.jpg?resize=320%2C320&amp;ssl=1 320w, https:\/\/i0.wp.com\/prokaddy.com\/wp-content\/uploads\/2024\/09\/carro-de-golf-S1T2-balck-33-amp.jpg?resize=520%2C520&amp;ssl=1 520w, https:\/\/i0.wp.com\/prokaddy.com\/wp-content\/uploads\/2024\/09\/carro-de-golf-S1T2-balck-33-amp.jpg?resize=100%2C100&amp;ssl=1 100w\" sizes=\"auto, (max-width: 385px) 100vw, 385px\" \/><\/p>\n<p><span style=\"vertical-align: inherit;\"><span style=\"vertical-align: inherit;\">O ProKaddy S1T2 Electric Golf Trolley torna a desloca\u00e7\u00e3o no campo de golfe mais f\u00e1cil do que nunca. Esquece o peso dos teus tacos e acess\u00f3rios, este carrinho el\u00e9trico d\u00e1-te a liberdade de te concentrares no teu jogo e desfrutares da experi\u00eancia ao m\u00e1ximo. <\/span><\/span><\/p>\n<p><span style=\"vertical-align: inherit;\"><span style=\"vertical-align: inherit;\">N\u00e3o percas a oportunidade de melhorar a tua experi\u00eancia no campo de golfe com o ProKaddy Electric Golf Trolley. Encomenda hoje e descobre a conveni\u00eancia e efici\u00eancia que este produto tem para oferecer! <\/span><\/span><\/p>\n","protected":false},"excerpt":{"rendered":"<p><span style=\"vertical-align: inherit;\"><span style=\"vertical-align: inherit;\">&#8220;Obt\u00e9m liberdade e conforto no campo de golfe com o Pro Kaddy Electric Golf Trolley Model S1T2. Design ergon\u00f3mico, bateria de 33Ah e controlo de velocidade. Encomenda hoje!&#8221; Palavra-chave alvo: Pro Kaddy Electric Golf Trolley <\/span><\/span><\/p>\n<p><strong><span style=\"vertical-align: inherit;\"><span style=\"vertical-align: inherit;\">Acess\u00f3rios opcionais:<\/span><\/span><\/strong><\/p>\n<ul>\n<li><span style=\"vertical-align: inherit;\"><span style=\"vertical-align: inherit;\"> Suporte para guarda-chuva<\/span><\/span><\/li>\n<li><span style=\"vertical-align: inherit;\"><span style=\"vertical-align: inherit;\"> Suporte para telem\u00f3vel\/GPS<\/span><\/span><\/li>\n<li><span style=\"vertical-align: inherit;\"><span style=\"vertical-align: inherit;\"> Saco de transporte<\/span><\/span><\/li>\n<li><span style=\"vertical-align: inherit;\"><span style=\"vertical-align: inherit;\"> Bateria de l\u00edtio Optimax<\/span><\/span><\/li>\n<\/ul>\n","protected":false},"featured_media":2691,"comment_status":"open","ping_status":"closed","template":"","meta":{"_crdt_document":"","jetpack_publicize_message":"","jetpack_publicize_feature_enabled":true,"jetpack_social_post_already_shared":true,"jetpack_social_options":{"image_generator_settings":{"template":"highway","default_image_id":0,"font":"","enabled":false},"version":2},"_wpas_customize_per_network":false},"product_brand":[1583],"product_cat":[1588],"product_tag":[],"class_list":{"0":"post-2820","1":"product","2":"type-product","3":"status-publish","4":"has-post-thumbnail","6":"product_brand-prokaddy-pt-pt","7":"product_cat-golf-carts-pt-pt","9":"first","10":"outofstock","11":"taxable","12":"shipping-taxable","13":"purchasable","14":"product-type-simple","15":"add-to-wishlist-after_add_to_cart"},"exclude_global_add_ons":[],"addons":[],"jetpack_publicize_connections":[],"jetpack_sharing_enabled":true,"jetpack_likes_enabled":true,"_links":{"self":[{"href":"https:\/\/prokaddy.com\/pt-pt\/wp-json\/wp\/v2\/product\/2820","targetHints":{"allow":["GET"]}}],"collection":[{"href":"https:\/\/prokaddy.com\/pt-pt\/wp-json\/wp\/v2\/product"}],"about":[{"href":"https:\/\/prokaddy.com\/pt-pt\/wp-json\/wp\/v2\/types\/product"}],"replies":[{"embeddable":true,"href":"https:\/\/prokaddy.com\/pt-pt\/wp-json\/wp\/v2\/comments?post=2820"}],"wp:featuredmedia":[{"embeddable":true,"href":"https:\/\/prokaddy.com\/pt-pt\/wp-json\/wp\/v2\/media\/2691"}],"wp:attachment":[{"href":"https:\/\/prokaddy.com\/pt-pt\/wp-json\/wp\/v2\/media?parent=2820"}],"wp:term":[{"taxonomy":"product_brand","embeddable":true,"href":"https:\/\/prokaddy.com\/pt-pt\/wp-json\/wp\/v2\/product_brand?post=2820"},{"taxonomy":"product_cat","embeddable":true,"href":"https:\/\/prokaddy.com\/pt-pt\/wp-json\/wp\/v2\/product_cat?post=2820"},{"taxonomy":"product_tag","embeddable":true,"href":"https:\/\/prokaddy.com\/pt-pt\/wp-json\/wp\/v2\/product_tag?post=2820"}],"curies":[{"name":"wp","href":"https:\/\/api.w.org\/{rel}","templated":true}]}}