{"id":2817,"date":"2024-09-03T18:43:30","date_gmt":"2024-09-03T16:43:30","guid":{"rendered":"https:\/\/prokaddy.com\/product\/pro-kaddy-s2g-silver-digital-electric-golf-trolley-com-bateria-de-33-amperes\/"},"modified":"2025-10-11T13:53:45","modified_gmt":"2025-10-11T11:53:45","slug":"pro-kaddy-s2g-silver-digital-electric-golf-trolley-com-bateria-de-33-amperes","status":"publish","type":"product","link":"https:\/\/prokaddy.com\/pt-pt\/produto\/pro-kaddy-s2g-silver-digital-electric-golf-trolley-com-bateria-de-33-amperes\/","title":{"rendered":"ProKaddy S2G Silver Digital Electric Golf Trolley com bateria de 33 amperes"},"content":{"rendered":"<p><span style=\"vertical-align: inherit;\"><span style=\"vertical-align: inherit;\">\u00c9s um golfista \u00e1vido e procuras a solu\u00e7\u00e3o perfeita para transportar o teu equipamento de golfe pelo campo? N\u00e3o procures mais! O ProKaddy S2G Digital Electric Golf Trolley com bateria de 33 amperes \u00e9 a escolha ideal para ti. Este carrinho de golfe el\u00e9trico foi concebido para oferecer conforto e comodidade no teu jogo, permitindo-te desfrutar ao m\u00e1ximo da tua experi\u00eancia no campo de golfe. <\/span><\/span><\/p>\n<p><span style=\"vertical-align: inherit;\"><br \/>\n<span style=\"vertical-align: inherit;\">Com um estilo digital e um funcionamento el\u00e9trico, o ProKaddy S2G d\u00e1-te a liberdade de percorrer o campo sem esfor\u00e7o <\/span><br \/>\n<\/span><strong><br \/>\n<span style=\"vertical-align: inherit;\"><br \/>\n<span style=\"vertical-align: inherit;\">.<\/span><br \/>\n<\/span><br \/>\n<\/strong><span style=\"vertical-align: inherit;\"><span style=\"vertical-align: inherit;\"> A bateria de 33 amperes fornece energia fi\u00e1vel e duradoura, garantindo que o teu carrinho est\u00e1 pronto para te acompanhar em todos os buracos. Este carrinho el\u00e9trico tamb\u00e9m vem equipado com fun\u00e7\u00f5es digitais que o tornam intuitivo e pr\u00e1tico de utilizar. <\/span><\/span><\/p>\n<p><em><span style=\"vertical-align: inherit;\"><span style=\"vertical-align: inherit;\">Que carater\u00edsticas podes esperar do ProKaddy S2G?<\/span><\/span><\/em><\/p>\n<ul>\n<li><span style=\"vertical-align: inherit;\"><span style=\"vertical-align: inherit;\"> Design inovador e ergon\u00f3mico<\/span><\/span><\/li>\n<li><span style=\"vertical-align: inherit;\"><span style=\"vertical-align: inherit;\"> Estrutura de alum\u00ednio robusta<\/span><\/span><\/li>\n<li><span style=\"vertical-align: inherit;\"><span style=\"vertical-align: inherit;\"> Facilmente dobr\u00e1vel<\/span><\/span><\/li>\n<li><span style=\"vertical-align: inherit;\"><span style=\"vertical-align: inherit;\"> Rodas amov\u00edveis<\/span><\/span><\/li>\n<li><span style=\"vertical-align: inherit;\"><span style=\"vertical-align: inherit;\"> Fun\u00e7\u00e3o de roda livre<\/span><\/span><\/li>\n<li><span style=\"vertical-align: inherit;\"><span style=\"vertical-align: inherit;\"> Controlo eletr\u00f3nico de arranque e paragem<\/span><\/span><\/li>\n<li><span style=\"vertical-align: inherit;\"><span style=\"vertical-align: inherit;\"> Controlo da velocidade<\/span><\/span><\/li>\n<li><span style=\"vertical-align: inherit;\"><span style=\"vertical-align: inherit;\"> Bateria de 33 amperes (1 ano de garantia)<\/span><\/span><\/li>\n<li><span style=\"vertical-align: inherit;\"><span style=\"vertical-align: inherit;\"> Motor muito potente e silencioso<\/span><\/span><\/li>\n<li><span style=\"vertical-align: inherit;\"><span style=\"vertical-align: inherit;\"> Carregador de bateria 220v\/dc12v<\/span><\/span><\/li>\n<li><span style=\"vertical-align: inherit;\"><span style=\"vertical-align: inherit;\"> Certificados CE e ROHS<\/span><\/span><\/li>\n<li><span style=\"vertical-align: inherit;\"><span style=\"vertical-align: inherit;\"> 3 anos de garantia no carrinho<\/span><\/span><\/li>\n<li><span style=\"vertical-align: inherit;\"><span style=\"vertical-align: inherit;\"> Manual do utilizador<\/span><\/span><\/li>\n<li><span style=\"vertical-align: inherit;\"><span style=\"vertical-align: inherit;\"> Cor prata<\/span><\/span><\/li>\n<li>Cart\u00e3o de pontua\u00e7\u00e3o, bolas de golfe e suporte para tee<\/li>\n<\/ul>\n<p><strong>Especifica\u00e7\u00f5es :<\/strong><\/p>\n<ul>\n<li>Tr\u00eas programas de dist\u00e2ncia 10mtrs 20mtrs 30mtrs<\/li>\n<li>Velocidade m\u00e1xima 8kmh<\/li>\n<li>Inclina\u00e7\u00e3o m\u00e1xima de subida 22\u00ba<\/li>\n<li>Dimens\u00f5es dobradas: 952 comprimento x 700 largura x 242 mm altura<\/li>\n<li>Dimens\u00f5es abertas: 1170 comprimento x 700 largura x 1140 mm altura<\/li>\n<li>Motor de 200W<\/li>\n<li>Bateria de 33ah de alta qualidade com saco de bateria (1 ano de garantia)<\/li>\n<li>Tempo de carregamento 4 &#8211; 8 horas<\/li>\n<li>Peso l\u00edquido: 10 kg.<\/li>\n<li>Peso m\u00e1ximo de carga 40 kg<\/li>\n<\/ul>\n<p><strong>Acess\u00f3rios opcionais<\/strong>:<\/p>\n<ul>\n<li>Suporte para guarda-chuva<\/li>\n<li>Suporte para telem\u00f3vel\/GPS<\/li>\n<li>Saco de transporte<\/li>\n<li>Suporte para garrafas<\/li>\n<li>Capa de chuva<\/li>\n<\/ul>\n<p><strong><span style=\"vertical-align: inherit;\"><span style=\"vertical-align: inherit;\">A ProKaddy \u00e9 uma marca registada especializada em fornecer solu\u00e7\u00f5es de transporte de golfe de alta qualidade a golfistas de todo o mundo.<\/span><\/span><\/strong><span style=\"vertical-align: inherit;\"><span style=\"vertical-align: inherit;\"> Com o ProKaddy S2G, podes contar com a qualidade e o desempenho excepcionais que esta marca oferece aos seus clientes. Quer estejas a jogar sozinho ou a competir com amigos, este carrinho de golfe el\u00e9trico dar-te-\u00e1 a tranquilidade de saberes que o teu equipamento est\u00e1 seguro ao teu lado. <\/span><\/span><\/p>\n<p><span style=\"vertical-align: inherit;\"><span style=\"vertical-align: inherit;\">Transforma o transporte do teu equipamento de golfe numa tarefa f\u00e1cil e sem complica\u00e7\u00f5es com o ProKaddy S2G Digital Electric Golf Trolley com bateria de 33 amperes! N\u00e3o te vais arrepender de fazer deste trolley o teu companheiro de jogo fi\u00e1vel e elegante no campo de golfe. <\/span><\/span><\/p>\n","protected":false},"excerpt":{"rendered":"<p><span style=\"vertical-align: inherit;\"><span style=\"vertical-align: inherit;\">Descobre o Pro Kaddy S2G Digital Electric Golf Trolley com bateria de 33 amperes, concebido para oferecer conforto e comodidade no teu jogo. Com funcionalidades digitais, bateria de longa dura\u00e7\u00e3o e design ergon\u00f3mico, este trolley el\u00e9trico tornar\u00e1 a tua experi\u00eancia no campo de golfe inesquec\u00edvel. Transforma o transporte do teu equipamento de golfe numa tarefa f\u00e1cil e sem complica\u00e7\u00f5es com o Pro Kaddy S2G! <\/span><\/span><\/p>\n<p><strong><br \/>\n<span style=\"vertical-align: inherit;\"><br \/>\n<span style=\"vertical-align: inherit;\">Especifica\u00e7\u00f5es <\/span><br \/>\n<\/span><br \/>\n<\/strong><strong><br \/>\n<span style=\"vertical-align: inherit;\"><br \/>\n<span style=\"vertical-align: inherit;\">:<\/span><br \/>\n<\/span><br \/>\n<\/strong><\/p>\n<p>Tr\u00eas programas de dist\u00e2ncia 10mtrs 20mtrs 30mtrs<\/p>\n<p><span style=\"vertical-align: inherit;\"><span style=\"vertical-align: inherit;\">Velocidade m\u00e1xima 8kmh<\/span><\/span><\/p>\n<p><span style=\"vertical-align: inherit;\"><span style=\"vertical-align: inherit;\">Inclina\u00e7\u00e3o m\u00e1xima de subida 22\u00ba<\/span><\/span><\/p>\n<p><span style=\"vertical-align: inherit;\"><span style=\"vertical-align: inherit;\">Dimens\u00f5es dobradas: 952 comprimento x 700 largura x 242 mm altura<\/span><\/span><\/p>\n<p><span style=\"vertical-align: inherit;\"><span style=\"vertical-align: inherit;\">Dimens\u00f5es abertas: 1170 comprimento x 700 largura x 1140 mm altura<\/span><\/span><\/p>\n<p><span style=\"vertical-align: inherit;\"><span style=\"vertical-align: inherit;\">Peso sem bateria 11,5 kg<\/span><\/span><\/p>\n<p><span style=\"vertical-align: inherit;\"><span style=\"vertical-align: inherit;\">Motor de 200W<\/span><\/span><\/p>\n<p><span style=\"vertical-align: inherit;\"><span style=\"vertical-align: inherit;\">Peso m\u00e1ximo de carga 40 kg<\/span><\/span><\/p>\n","protected":false},"featured_media":2633,"comment_status":"open","ping_status":"closed","template":"","meta":{"_crdt_document":"","jetpack_publicize_message":"","jetpack_publicize_feature_enabled":true,"jetpack_social_post_already_shared":true,"jetpack_social_options":{"image_generator_settings":{"template":"highway","default_image_id":0,"font":"","enabled":false},"version":2},"_wpas_customize_per_network":false},"product_brand":[1583],"product_cat":[1588],"product_tag":[],"class_list":{"0":"post-2817","1":"product","2":"type-product","3":"status-publish","4":"has-post-thumbnail","6":"product_brand-prokaddy-pt-pt","7":"product_cat-golf-carts-pt-pt","9":"first","10":"instock","11":"taxable","12":"shipping-taxable","13":"purchasable","14":"product-type-simple","15":"add-to-wishlist-after_add_to_cart"},"exclude_global_add_ons":[],"addons":[],"jetpack_publicize_connections":[],"jetpack_sharing_enabled":true,"jetpack_likes_enabled":true,"_links":{"self":[{"href":"https:\/\/prokaddy.com\/pt-pt\/wp-json\/wp\/v2\/product\/2817","targetHints":{"allow":["GET"]}}],"collection":[{"href":"https:\/\/prokaddy.com\/pt-pt\/wp-json\/wp\/v2\/product"}],"about":[{"href":"https:\/\/prokaddy.com\/pt-pt\/wp-json\/wp\/v2\/types\/product"}],"replies":[{"embeddable":true,"href":"https:\/\/prokaddy.com\/pt-pt\/wp-json\/wp\/v2\/comments?post=2817"}],"wp:featuredmedia":[{"embeddable":true,"href":"https:\/\/prokaddy.com\/pt-pt\/wp-json\/wp\/v2\/media\/2633"}],"wp:attachment":[{"href":"https:\/\/prokaddy.com\/pt-pt\/wp-json\/wp\/v2\/media?parent=2817"}],"wp:term":[{"taxonomy":"product_brand","embeddable":true,"href":"https:\/\/prokaddy.com\/pt-pt\/wp-json\/wp\/v2\/product_brand?post=2817"},{"taxonomy":"product_cat","embeddable":true,"href":"https:\/\/prokaddy.com\/pt-pt\/wp-json\/wp\/v2\/product_cat?post=2817"},{"taxonomy":"product_tag","embeddable":true,"href":"https:\/\/prokaddy.com\/pt-pt\/wp-json\/wp\/v2\/product_tag?post=2817"}],"curies":[{"name":"wp","href":"https:\/\/api.w.org\/{rel}","templated":true}]}}