{"id":2814,"date":"2024-09-09T15:43:34","date_gmt":"2024-09-09T13:43:34","guid":{"rendered":"https:\/\/prokaddy.com\/product\/carregador-de-baterias-de-chumbo-acido-prokaddy-12v\/"},"modified":"2025-09-29T11:01:58","modified_gmt":"2025-09-29T09:01:58","slug":"carregador-de-baterias-de-chumbo-acido-prokaddy-12v","status":"publish","type":"product","link":"https:\/\/prokaddy.com\/pt-pt\/produto\/carregador-de-baterias-de-chumbo-acido-prokaddy-12v\/","title":{"rendered":"Carregador de baterias de chumbo-\u00e1cido ProKaddy 12V"},"content":{"rendered":"<p><span style=\"vertical-align: inherit;\"><span style=\"vertical-align: inherit;\">Com a marca ProKaddy, este carregador de bateria \u00e9 fi\u00e1vel e duradouro, o que o torna um excelente investimento para os golfistas apaixonados que pretendem prolongar a vida \u00fatil dos seus carrinhos de golfe el\u00e9ctricos. O seu design compacto e port\u00e1til permite um f\u00e1cil armazenamento e transporte, tornando-o um acess\u00f3rio conveniente para levar em viagens de golfe. <\/span><\/span><\/p>\n<p><span style=\"vertical-align: inherit;\"><span style=\"vertical-align: inherit;\">O carregador de baterias de chumbo-\u00e1cido de 12V ProKaddy possui carater\u00edsticas de seguran\u00e7a importantes, como prote\u00e7\u00e3o contra sobrecarga e curto-circuito, para garantir tranquilidade ao carregar as tuas baterias. Com uma interface de utilizador intuitiva, basta ligar o carregador \u00e0 bateria e o processo de carregamento come\u00e7ar\u00e1 automaticamente. <\/span><\/span><\/p>\n<ul>\n<li><span style=\"vertical-align: inherit;\"><span style=\"vertical-align: inherit;\">Compat\u00edvel com baterias de chumbo-\u00e1cido de 12V<\/span><\/span><\/li>\n<li><span style=\"vertical-align: inherit;\"><span style=\"vertical-align: inherit;\">Design compacto e port\u00e1til<\/span><\/span><\/li>\n<li><span style=\"vertical-align: inherit;\"><span style=\"vertical-align: inherit;\">Prote\u00e7\u00e3o contra sobrecargas e curto-circuitos<\/span><\/span><\/li>\n<li><span style=\"vertical-align: inherit;\"><span style=\"vertical-align: inherit;\">F\u00e1cil de utilizar<\/span><\/span><\/li>\n<li><span style=\"vertical-align: inherit;\"><span style=\"vertical-align: inherit;\">LED vermelho<\/span><\/span><\/li>\n<li><span style=\"vertical-align: inherit;\"><span style=\"vertical-align: inherit;\">Led Verde<\/span><\/span><\/li>\n<\/ul>\n<p><span style=\"vertical-align: inherit;\"><span style=\"vertical-align: inherit;\">Quer sejas um golfista casual ou um profissional dedicado, o carregador de baterias de chumbo-\u00e1cido ProKaddy 12V \u00e9 um acess\u00f3rio essencial para manter o teu carrinho de golfe el\u00e9trico pronto a funcionar a qualquer momento. Com o seu desempenho fi\u00e1vel e design pr\u00e1tico, este carregador \u00e9 um complemento indispens\u00e1vel para o teu equipamento de golfe. <\/span><\/span><\/p>\n","protected":false},"excerpt":{"rendered":"<p><span style=\"vertical-align: inherit;\"><span style=\"vertical-align: inherit;\">O carregador de baterias de chumbo-\u00e1cido de 12V ProKaddy \u00e9 um acess\u00f3rio essencial para os entusiastas do golfe que utilizam carrinhos de golfe el\u00e9ctricos. Este produto de alta qualidade foi concebido para manter as baterias de chumbo-\u00e1cido de 12V dos carrinhos de golfe nas melhores condi\u00e7\u00f5es, garantindo que est\u00e3o sempre prontas para o teu pr\u00f3ximo jogo. <\/span><\/span><\/p>\n","protected":false},"featured_media":6512,"comment_status":"open","ping_status":"closed","template":"","meta":{"_crdt_document":"","jetpack_publicize_message":"","jetpack_publicize_feature_enabled":true,"jetpack_social_post_already_shared":true,"jetpack_social_options":{"image_generator_settings":{"template":"highway","default_image_id":0,"font":"","enabled":false},"version":2},"_wpas_customize_per_network":false},"product_brand":[1440],"product_cat":[1591],"product_tag":[],"class_list":{"0":"post-2814","1":"product","2":"type-product","3":"status-publish","4":"has-post-thumbnail","6":"product_brand-optimax","7":"product_cat-carregadores","9":"first","10":"instock","11":"taxable","12":"shipping-taxable","13":"purchasable","14":"product-type-simple","15":"add-to-wishlist-after_add_to_cart"},"exclude_global_add_ons":[],"addons":[],"jetpack_publicize_connections":[],"jetpack_sharing_enabled":true,"jetpack_likes_enabled":true,"_links":{"self":[{"href":"https:\/\/prokaddy.com\/pt-pt\/wp-json\/wp\/v2\/product\/2814","targetHints":{"allow":["GET"]}}],"collection":[{"href":"https:\/\/prokaddy.com\/pt-pt\/wp-json\/wp\/v2\/product"}],"about":[{"href":"https:\/\/prokaddy.com\/pt-pt\/wp-json\/wp\/v2\/types\/product"}],"replies":[{"embeddable":true,"href":"https:\/\/prokaddy.com\/pt-pt\/wp-json\/wp\/v2\/comments?post=2814"}],"wp:featuredmedia":[{"embeddable":true,"href":"https:\/\/prokaddy.com\/pt-pt\/wp-json\/wp\/v2\/media\/6512"}],"wp:attachment":[{"href":"https:\/\/prokaddy.com\/pt-pt\/wp-json\/wp\/v2\/media?parent=2814"}],"wp:term":[{"taxonomy":"product_brand","embeddable":true,"href":"https:\/\/prokaddy.com\/pt-pt\/wp-json\/wp\/v2\/product_brand?post=2814"},{"taxonomy":"product_cat","embeddable":true,"href":"https:\/\/prokaddy.com\/pt-pt\/wp-json\/wp\/v2\/product_cat?post=2814"},{"taxonomy":"product_tag","embeddable":true,"href":"https:\/\/prokaddy.com\/pt-pt\/wp-json\/wp\/v2\/product_tag?post=2814"}],"curies":[{"name":"wp","href":"https:\/\/api.w.org\/{rel}","templated":true}]}}