{"id":2811,"date":"2024-09-07T12:16:11","date_gmt":"2024-09-07T10:16:11","guid":{"rendered":"https:\/\/prokaddy.com\/product\/bateria-12v-33-amp-para-carrinho-de-golfe\/"},"modified":"2025-09-29T11:01:52","modified_gmt":"2025-09-29T09:01:52","slug":"bateria-12v-33-amp-para-carrinho-de-golfe","status":"publish","type":"product","link":"https:\/\/prokaddy.com\/pt-pt\/produto\/bateria-12v-33-amp-para-carrinho-de-golfe\/","title":{"rendered":"Bateria 12V 33 Amp para Carrinho de Golfe"},"content":{"rendered":"<p><span style=\"vertical-align: inherit;\"><span style=\"vertical-align: inherit;\">A Bateria para Carrinho de Golfe 12V 33 Amp \u00e9 a melhor escolha para manter o teu carrinho de golfe a funcionar com a m\u00e1xima pot\u00eancia enquanto passeias pelo campo de golfe!<\/span><\/span><\/p>\n<p><span style=\"vertical-align: inherit;\"><span style=\"vertical-align: inherit;\">Esta bateria de alto desempenho foi especificamente concebida para carrinhos de golfe, garantindo um desempenho \u00f3timo e uma durabilidade duradoura. Com uma pot\u00eancia de 12 volts e 33 amperes, esta bateria fornece a energia necess\u00e1ria para impulsionar o teu carro de golfe durante longas dist\u00e2ncias sem te preocupares com a falta de energia. <\/span><\/span><\/p>\n<p><span style=\"vertical-align: inherit;\"><span style=\"vertical-align: inherit;\">Constru\u00edda com materiais de alta qualidade, esta bateria foi concebida para suportar as exig\u00eancias do terreno do campo de golfe, tornando-a fi\u00e1vel em todos os tipos de condi\u00e7\u00f5es climat\u00e9ricas e de terreno.<\/span><\/span><\/p>\n<p><img data-recalc-dims=\"1\" loading=\"lazy\" decoding=\"async\" class=\"size-full wp-image-1034 alignright\" src=\"https:\/\/i0.wp.com\/prokaddy.com\/wp-content\/uploads\/2024\/09\/IMG-20240816-WA0002.jpg?resize=300%2C300&#038;ssl=1\" alt=\"\" width=\"300\" height=\"300\" srcset=\"https:\/\/i0.wp.com\/prokaddy.com\/wp-content\/uploads\/2024\/09\/IMG-20240816-WA0002.jpg?w=300&amp;ssl=1 300w, https:\/\/i0.wp.com\/prokaddy.com\/wp-content\/uploads\/2024\/09\/IMG-20240816-WA0002.jpg?resize=280%2C280&amp;ssl=1 280w, https:\/\/i0.wp.com\/prokaddy.com\/wp-content\/uploads\/2024\/09\/IMG-20240816-WA0002.jpg?resize=100%2C100&amp;ssl=1 100w\" sizes=\"auto, (max-width: 300px) 100vw, 300px\" \/><\/p>\n<p>&nbsp;<\/p>\n<p><strong><span style=\"vertical-align: inherit;\"><span style=\"vertical-align: inherit;\">Carater\u00edsticas do produto:<\/span><\/span><\/strong><\/p>\n<ul>\n<li><span style=\"vertical-align: inherit;\"><span style=\"vertical-align: inherit;\">12V 33 Amp: Fornece pot\u00eancia e desempenho de longa dura\u00e7\u00e3o<\/span><\/span><\/li>\n<li><span style=\"vertical-align: inherit;\"><span style=\"vertical-align: inherit;\">Design espec\u00edfico para carrinhos de golfe: Assegura um ajuste perfeito e um desempenho \u00f3timo<\/span><\/span><\/li>\n<li><span style=\"vertical-align: inherit;\"><span style=\"vertical-align: inherit;\">Constru\u00e7\u00e3o resistente: Concebida para suportar as exig\u00eancias do campo de golfe<\/span><\/span><\/li>\n<\/ul>\n<p><span style=\"vertical-align: inherit;\"><span style=\"vertical-align: inherit;\">N\u00e3o deixes que uma bateria descarregada estrague o teu dia no campo de golfe. Com a bateria para carrinho de golfe de 12V 33 Amp, podes ter a certeza de que o teu carrinho de golfe estar\u00e1 pronto para enfrentar qualquer desafio que o campo te lance. <\/span><\/span><\/p>\n<p><span style=\"vertical-align: inherit;\"><span style=\"vertical-align: inherit;\">Certifica-te de que tens sempre a energia de que precisas com a bateria para carrinho de golfe de 12V 33 Amp!<\/span><\/span><\/p>\n","protected":false},"excerpt":{"rendered":"<p><span style=\"vertical-align: inherit;\"><span style=\"vertical-align: inherit;\">Com a bateria de 12V 33 Amp para carrinhos de golfe, tens a garantia de um desempenho duradouro e potente. Concebida especificamente para carrinhos de golfe, esta bateria para trabalhos pesados \u00e9 a escolha perfeita para manter o teu carrinho de golfe a funcionar com a m\u00e1xima pot\u00eancia. <\/span><\/span><\/p>\n","protected":false},"featured_media":2674,"comment_status":"open","ping_status":"closed","template":"","meta":{"_crdt_document":"","jetpack_publicize_message":"","jetpack_publicize_feature_enabled":true,"jetpack_social_post_already_shared":true,"jetpack_social_options":{"image_generator_settings":{"template":"highway","default_image_id":0,"font":"","enabled":false},"version":2},"_wpas_customize_per_network":false},"product_brand":[],"product_cat":[1589],"product_tag":[],"class_list":{"0":"post-2811","1":"product","2":"type-product","3":"status-publish","4":"has-post-thumbnail","6":"product_cat-baterias-e-cabos","8":"first","9":"instock","10":"taxable","11":"shipping-taxable","12":"purchasable","13":"product-type-simple","14":"add-to-wishlist-after_add_to_cart"},"exclude_global_add_ons":[],"addons":[],"jetpack_publicize_connections":[],"jetpack_sharing_enabled":true,"jetpack_likes_enabled":true,"_links":{"self":[{"href":"https:\/\/prokaddy.com\/pt-pt\/wp-json\/wp\/v2\/product\/2811","targetHints":{"allow":["GET"]}}],"collection":[{"href":"https:\/\/prokaddy.com\/pt-pt\/wp-json\/wp\/v2\/product"}],"about":[{"href":"https:\/\/prokaddy.com\/pt-pt\/wp-json\/wp\/v2\/types\/product"}],"replies":[{"embeddable":true,"href":"https:\/\/prokaddy.com\/pt-pt\/wp-json\/wp\/v2\/comments?post=2811"}],"wp:featuredmedia":[{"embeddable":true,"href":"https:\/\/prokaddy.com\/pt-pt\/wp-json\/wp\/v2\/media\/2674"}],"wp:attachment":[{"href":"https:\/\/prokaddy.com\/pt-pt\/wp-json\/wp\/v2\/media?parent=2811"}],"wp:term":[{"taxonomy":"product_brand","embeddable":true,"href":"https:\/\/prokaddy.com\/pt-pt\/wp-json\/wp\/v2\/product_brand?post=2811"},{"taxonomy":"product_cat","embeddable":true,"href":"https:\/\/prokaddy.com\/pt-pt\/wp-json\/wp\/v2\/product_cat?post=2811"},{"taxonomy":"product_tag","embeddable":true,"href":"https:\/\/prokaddy.com\/pt-pt\/wp-json\/wp\/v2\/product_tag?post=2811"}],"curies":[{"name":"wp","href":"https:\/\/api.w.org\/{rel}","templated":true}]}}