{"id":2808,"date":"2024-09-06T20:28:32","date_gmt":"2024-09-06T18:28:32","guid":{"rendered":"https:\/\/prokaddy.com\/product\/bateria-de-litio-optimax-para-carrinho-de-golfe-12v-18amp-com-carregador-e-cabo-circular-de-3-pinos\/"},"modified":"2025-10-11T12:12:25","modified_gmt":"2025-10-11T10:12:25","slug":"bateria-de-litio-optimax-para-carrinho-de-golfe-12v-18amp-com-carregador-e-cabo-circular-de-3-pinos","status":"publish","type":"product","link":"https:\/\/prokaddy.com\/pt-pt\/produto\/bateria-de-litio-optimax-para-carrinho-de-golfe-12v-18amp-com-carregador-e-cabo-circular-de-3-pinos\/","title":{"rendered":"Bateria de l\u00edtio Optimax para carrinho de golfe 12v 18amp com carregador e cabo circular de 3 pinos"},"content":{"rendered":"<p><span style=\"vertical-align: inherit;\"><span style=\"vertical-align: inherit;\">Leva a tua experi\u00eancia de golfe para o pr\u00f3ximo n\u00edvel com a bateria de l\u00edtio para carros de golfe Optimax!<\/span><\/span><\/p>\n<ul>\n<li><span style=\"vertical-align: inherit;\"><span style=\"vertical-align: inherit;\">Esta bateria 12v 18amp foi concebida para proporcionar um desempenho duradouro e \u00f3timo, o que significa que podes passar mais tempo a desfrutar do jogo e menos tempo a preocupares-te com o carregamento do teu carrinho de golfe.<\/span><\/span><\/li>\n<\/ul>\n<p><span style=\"vertical-align: inherit;\"><span style=\"vertical-align: inherit;\">Com o seu carregador inclu\u00eddo, a bateria de l\u00edtio Optimax \u00e9 f\u00e1cil de manter carregada e pronta a utilizar em qualquer altura. Esquece as complica\u00e7\u00f5es e desfruta de uma experi\u00eancia sem interrup\u00e7\u00f5es no campo de golfe. <\/span><\/span><\/p>\n<p><span style=\"vertical-align: inherit;\"><span style=\"vertical-align: inherit;\">O cabo circular de 3 pinos assegura uma liga\u00e7\u00e3o segura e est\u00e1vel, dando-te a tranquilidade de saberes que a tua bateria funcionar\u00e1 sempre de forma fi\u00e1vel. N\u00e3o deixes que uma bateria fraca estrague o teu dia no campo de golfe. <\/span><\/span><\/p>\n<p><span style=\"vertical-align: inherit;\"><span style=\"vertical-align: inherit;\">A bateria de l\u00edtio Optimax \u00e9 o complemento perfeito para o teu carrinho de golfe, dando-te a pot\u00eancia e a fiabilidade de que precisas para percorrer o campo com conforto e estilo. Al\u00e9m disso, como parte da nossa linha de produtos registados, podes contar com a qualidade e o apoio de uma marca bem conhecida no mundo do golfe. <\/span><\/span><\/p>\n<p><span style=\"vertical-align: inherit;\"><span style=\"vertical-align: inherit;\">Descobre uma nova forma de desfrutar do teu jogo com a bateria de l\u00edtio para carros de golfe Optimax. N\u00e3o te contentes com menos quando se trata do teu equipamento e da tua experi\u00eancia no campo de golfe. <\/span><\/span><\/p>\n<p><span style=\"vertical-align: inherit;\"><span style=\"vertical-align: inherit;\">A bateria Optimax Litiotech 5.0 + (LiFePO4) foi concebida para ser utilizada em qualquer tipo de autom\u00f3vel.<\/span><\/span><\/p>\n<p><img data-recalc-dims=\"1\" loading=\"lazy\" decoding=\"async\" class=\"size-full wp-image-1029 alignright\" src=\"https:\/\/i0.wp.com\/prokaddy.com\/wp-content\/uploads\/2024\/09\/Optimax-1.png?resize=324%2C324&#038;ssl=1\" alt=\"\" width=\"324\" height=\"324\" srcset=\"https:\/\/i0.wp.com\/prokaddy.com\/wp-content\/uploads\/2024\/09\/Optimax-1.png?w=324&amp;ssl=1 324w, https:\/\/i0.wp.com\/prokaddy.com\/wp-content\/uploads\/2024\/09\/Optimax-1.png?resize=280%2C280&amp;ssl=1 280w, https:\/\/i0.wp.com\/prokaddy.com\/wp-content\/uploads\/2024\/09\/Optimax-1.png?resize=320%2C320&amp;ssl=1 320w, https:\/\/i0.wp.com\/prokaddy.com\/wp-content\/uploads\/2024\/09\/Optimax-1.png?resize=100%2C100&amp;ssl=1 100w\" sizes=\"auto, (max-width: 324px) 100vw, 324px\" \/><\/p>\n<ul>\n<li><span style=\"vertical-align: inherit;\"><span style=\"vertical-align: inherit;\"> Com um peso de apenas 2,0 kg, a bateria de l\u00edtio Optimax \u00e9 75% mais leve do que a tua bateria tradicional.<\/span><\/span><\/li>\n<li><span style=\"vertical-align: inherit;\"><span style=\"vertical-align: inherit;\"> Carrega em apenas 4-6 horas.<\/span><\/span><\/li>\n<li><span style=\"vertical-align: inherit;\"><span style=\"vertical-align: inherit;\"> Baseada na tecnologia de i\u00f5es de l\u00edtio, a tecnologia de fosfato de ferro-l\u00edtio (LiFePO4) oferece numerosas vantagens em rela\u00e7\u00e3o aos i\u00f5es de l\u00edtio e ao chumbo:<\/span><\/span><\/li>\n<li><span style=\"vertical-align: inherit;\"><span style=\"vertical-align: inherit;\"> Mais de 2000 ciclos de descarga.<\/span><\/span><\/li>\n<li><span style=\"vertical-align: inherit;\"><span style=\"vertical-align: inherit;\"> Pode ser utilizado em qualquer orienta\u00e7\u00e3o.<\/span><\/span><\/li>\n<li><span style=\"vertical-align: inherit;\"><span style=\"vertical-align: inherit;\"> Bateria 12v 18 amp<\/span><\/span><\/li>\n<li><span style=\"vertical-align: inherit;\"><span style=\"vertical-align: inherit;\"> Inclui carregador e cabo de tomada circular de 3 pinos<\/span><\/span><\/li>\n<li>Dimens\u00f5es: 163mm x 132mm x 111mm.<\/li>\n<li><span style=\"vertical-align: inherit;\"><span style=\"vertical-align: inherit;\"> Dois anos de garantia.<\/span><\/span><\/li>\n<\/ul>\n","protected":false},"excerpt":{"rendered":"<p><span style=\"vertical-align: inherit;\"><span style=\"vertical-align: inherit;\">Melhora o teu jogo com a bateria de l\u00edtio Optimax para carros de golfe. Leve, dur\u00e1vel e f\u00e1cil de manter, com carregador inclu\u00eddo. Descobre uma nova forma de desfrutar do teu jogo com a bateria de l\u00edtio Optimax. <\/span><\/span><\/p>\n<p>&nbsp;<\/p>\n","protected":false},"featured_media":2671,"comment_status":"open","ping_status":"closed","template":"","meta":{"_crdt_document":"","jetpack_publicize_message":"","jetpack_publicize_feature_enabled":true,"jetpack_social_post_already_shared":true,"jetpack_social_options":{"image_generator_settings":{"template":"highway","default_image_id":0,"font":"","enabled":false},"version":2},"_wpas_customize_per_network":false},"product_brand":[],"product_cat":[1589],"product_tag":[],"class_list":{"0":"post-2808","1":"product","2":"type-product","3":"status-publish","4":"has-post-thumbnail","6":"product_cat-baterias-e-cabos","8":"first","9":"instock","10":"downloadable","11":"taxable","12":"shipping-taxable","13":"purchasable","14":"product-type-simple","15":"add-to-wishlist-after_add_to_cart"},"exclude_global_add_ons":[],"addons":[],"jetpack_publicize_connections":[],"jetpack_sharing_enabled":true,"jetpack_likes_enabled":true,"_links":{"self":[{"href":"https:\/\/prokaddy.com\/pt-pt\/wp-json\/wp\/v2\/product\/2808","targetHints":{"allow":["GET"]}}],"collection":[{"href":"https:\/\/prokaddy.com\/pt-pt\/wp-json\/wp\/v2\/product"}],"about":[{"href":"https:\/\/prokaddy.com\/pt-pt\/wp-json\/wp\/v2\/types\/product"}],"replies":[{"embeddable":true,"href":"https:\/\/prokaddy.com\/pt-pt\/wp-json\/wp\/v2\/comments?post=2808"}],"wp:featuredmedia":[{"embeddable":true,"href":"https:\/\/prokaddy.com\/pt-pt\/wp-json\/wp\/v2\/media\/2671"}],"wp:attachment":[{"href":"https:\/\/prokaddy.com\/pt-pt\/wp-json\/wp\/v2\/media?parent=2808"}],"wp:term":[{"taxonomy":"product_brand","embeddable":true,"href":"https:\/\/prokaddy.com\/pt-pt\/wp-json\/wp\/v2\/product_brand?post=2808"},{"taxonomy":"product_cat","embeddable":true,"href":"https:\/\/prokaddy.com\/pt-pt\/wp-json\/wp\/v2\/product_cat?post=2808"},{"taxonomy":"product_tag","embeddable":true,"href":"https:\/\/prokaddy.com\/pt-pt\/wp-json\/wp\/v2\/product_tag?post=2808"}],"curies":[{"name":"wp","href":"https:\/\/api.w.org\/{rel}","templated":true}]}}