{"id":2802,"date":"2024-09-09T16:29:59","date_gmt":"2024-09-09T14:29:59","guid":{"rendered":"https:\/\/prokaddy.com\/product\/suporte-para-telemovel-gps\/"},"modified":"2025-09-29T11:01:56","modified_gmt":"2025-09-29T09:01:56","slug":"suporte-para-telemovel-gps","status":"publish","type":"product","link":"https:\/\/prokaddy.com\/pt-pt\/produto\/suporte-para-telemovel-gps\/","title":{"rendered":"Suporte para telem\u00f3vel\/GPS"},"content":{"rendered":"<div>\n<p><strong><span style=\"vertical-align: inherit;\"><span style=\"vertical-align: inherit;\">Suporte para telem\u00f3vel\/GPS:<\/span><\/span><\/strong><span style=\"vertical-align: inherit;\"><span style=\"vertical-align: inherit;\"> O acess\u00f3rio perfeito para o teu carrinho de golfe.<\/span><\/span><\/p>\n<p><span style=\"vertical-align: inherit;\"><span style=\"vertical-align: inherit;\">Se \u00e9s um \u00e1vido jogador de golfe, sabes como \u00e9 importante ter o teu telem\u00f3vel ou GPS \u00e0 m\u00e3o enquanto jogas. Com o nosso suporte para telem\u00f3vel\/GPS, nunca mais ter\u00e1s de te preocupar com a perda dos teus dispositivos electr\u00f3nicos durante o percurso. Dur\u00e1vel, f\u00e1cil de instalar e especificamente concebido para se adaptar \u00e0 maioria dos carrinhos de golfe, este acess\u00f3rio \u00e9 obrigat\u00f3rio para qualquer jogador de golfe s\u00e9rio.  <\/span><\/span><\/p>\n<p><strong><span style=\"vertical-align: inherit;\"><span style=\"vertical-align: inherit;\">Carater\u00edsticas principais:<\/span><\/span><\/strong><\/p>\n<ul>\n<li><span style=\"vertical-align: inherit;\"><span style=\"vertical-align: inherit;\">Suporte universal: Adapta-se \u00e0 maioria dos smartphones e dispositivos GPS.<\/span><\/span><\/li>\n<li><span style=\"vertical-align: inherit;\"><span style=\"vertical-align: inherit;\">Instala\u00e7\u00e3o f\u00e1cil: O suporte fixa-se facilmente \u00e0 estrutura do teu carro de golfe sem necessidade de ferramentas especiais.<\/span><\/span><\/li>\n<li><span style=\"vertical-align: inherit;\"><span style=\"vertical-align: inherit;\">Design resistente: Fabricado com materiais duradouros para resistir \u00e0s condi\u00e7\u00f5es do campo de golfe.<\/span><\/span><\/li>\n<li><span style=\"vertical-align: inherit;\"><span style=\"vertical-align: inherit;\">Rota\u00e7\u00e3o ajust\u00e1vel: A cabe\u00e7a do suporte roda 360 graus, permitindo-te ajustar o \u00e2ngulo de vis\u00e3o do teu telem\u00f3vel ou GPS.<\/span><\/span><\/li>\n<li><span style=\"vertical-align: inherit;\"><span style=\"vertical-align: inherit;\">Seguran\u00e7a adicional: Mant\u00e9m os teus dispositivos seguros e protegidos enquanto jogas a tua partida de golfe.<\/span><\/span><\/li>\n<\/ul>\n<p><span style=\"vertical-align: inherit;\"><span style=\"vertical-align: inherit;\">Quer jogues golfe por divers\u00e3o ou em competi\u00e7\u00e3o, ter acesso r\u00e1pido ao teu telem\u00f3vel ou GPS \u00e9 essencial para acompanhar o ritmo do jogo e estar preparado para qualquer situa\u00e7\u00e3o que possa surgir. Com o nosso suporte para telem\u00f3vel\/GPS, podes concentrar-te no teu jogo e ter a tranquilidade de saber que os teus dispositivos est\u00e3o ao teu alcance sempre que precisares deles. <\/span><\/span><\/p>\n<p><span style=\"vertical-align: inherit;\"><span style=\"vertical-align: inherit;\">Certifica-te de que tens o suporte para telem\u00f3vel\/GPS na tua lista de acess\u00f3rios de golfe para desfrutares de uma experi\u00eancia de jogo mais descontra\u00edda e eficiente.<\/span><\/span><\/p>\n<\/div>\n","protected":false},"excerpt":{"rendered":"<p><strong><span style=\"vertical-align: inherit;\"><span style=\"vertical-align: inherit;\">Suporte para telem\u00f3vel\/GPS:<\/span><\/span><\/strong><span style=\"vertical-align: inherit;\"><span style=\"vertical-align: inherit;\"> O acess\u00f3rio perfeito para o teu carrinho de golfe.<\/span><\/span><\/p>\n<p><span style=\"vertical-align: inherit;\"><span style=\"vertical-align: inherit;\">Se \u00e9s um \u00e1vido jogador de golfe, sabes como \u00e9 importante ter o teu telem\u00f3vel ou GPS \u00e0 m\u00e3o enquanto jogas. Com o nosso suporte para telem\u00f3vel\/GPS, nunca mais ter\u00e1s de te preocupar com a perda dos teus dispositivos electr\u00f3nicos durante o percurso. Dur\u00e1vel, f\u00e1cil de instalar e especificamente concebido para se adaptar \u00e0 maioria dos carrinhos de golfe, este acess\u00f3rio \u00e9 obrigat\u00f3rio para qualquer jogador de golfe s\u00e9rio.  <\/span><\/span><\/p>\n","protected":false},"featured_media":2600,"comment_status":"open","ping_status":"closed","template":"","meta":{"_crdt_document":"","jetpack_publicize_message":"","jetpack_publicize_feature_enabled":true,"jetpack_social_post_already_shared":true,"jetpack_social_options":{"image_generator_settings":{"template":"highway","default_image_id":0,"font":"","enabled":false},"version":2},"_wpas_customize_per_network":false},"product_brand":[1583],"product_cat":[1590],"product_tag":[],"class_list":{"0":"post-2802","1":"product","2":"type-product","3":"status-publish","4":"has-post-thumbnail","6":"product_brand-prokaddy-pt-pt","7":"product_cat-acessorios","9":"first","10":"instock","11":"taxable","12":"shipping-taxable","13":"purchasable","14":"product-type-simple","15":"add-to-wishlist-after_add_to_cart"},"exclude_global_add_ons":[],"addons":[],"jetpack_publicize_connections":[],"jetpack_sharing_enabled":true,"jetpack_likes_enabled":true,"_links":{"self":[{"href":"https:\/\/prokaddy.com\/pt-pt\/wp-json\/wp\/v2\/product\/2802","targetHints":{"allow":["GET"]}}],"collection":[{"href":"https:\/\/prokaddy.com\/pt-pt\/wp-json\/wp\/v2\/product"}],"about":[{"href":"https:\/\/prokaddy.com\/pt-pt\/wp-json\/wp\/v2\/types\/product"}],"replies":[{"embeddable":true,"href":"https:\/\/prokaddy.com\/pt-pt\/wp-json\/wp\/v2\/comments?post=2802"}],"wp:featuredmedia":[{"embeddable":true,"href":"https:\/\/prokaddy.com\/pt-pt\/wp-json\/wp\/v2\/media\/2600"}],"wp:attachment":[{"href":"https:\/\/prokaddy.com\/pt-pt\/wp-json\/wp\/v2\/media?parent=2802"}],"wp:term":[{"taxonomy":"product_brand","embeddable":true,"href":"https:\/\/prokaddy.com\/pt-pt\/wp-json\/wp\/v2\/product_brand?post=2802"},{"taxonomy":"product_cat","embeddable":true,"href":"https:\/\/prokaddy.com\/pt-pt\/wp-json\/wp\/v2\/product_cat?post=2802"},{"taxonomy":"product_tag","embeddable":true,"href":"https:\/\/prokaddy.com\/pt-pt\/wp-json\/wp\/v2\/product_tag?post=2802"}],"curies":[{"name":"wp","href":"https:\/\/api.w.org\/{rel}","templated":true}]}}