{"id":2798,"date":"2024-09-11T17:25:51","date_gmt":"2024-09-11T15:25:51","guid":{"rendered":"https:\/\/prokaddy.com\/product\/conjunto-de-borracha-para-rodas-de-carrinho-de-golfe\/"},"modified":"2025-09-29T11:05:40","modified_gmt":"2025-09-29T09:05:40","slug":"conjunto-de-borracha-para-rodas-de-carrinho-de-golfe","status":"publish","type":"product","link":"https:\/\/prokaddy.com\/pt-pt\/produto\/conjunto-de-borracha-para-rodas-de-carrinho-de-golfe\/","title":{"rendered":"Conjunto de borracha para rodas de carrinho de golfe"},"content":{"rendered":"<p><span style=\"vertical-align: inherit;\"><span style=\"vertical-align: inherit;\">O nosso conjunto de borrachas para rodas de carrinhos de golfe \u00e9 fabricado com materiais dur\u00e1veis e de alta qualidade, garantindo uma vida longa e um desempenho \u00f3timo em todos os tipos de terreno. As borrachas foram concebidas para se adaptarem perfeitamente \u00e0s rodas do teu carrinho de golfe, garantindo um ajuste preciso e seguro. <\/span><\/span><\/p>\n<p><strong><span style=\"vertical-align: inherit;\"><span style=\"vertical-align: inherit;\">Carater\u00edsticas do produto:<\/span><\/span><\/strong><\/p>\n<ul>\n<li><span style=\"vertical-align: inherit;\"><span style=\"vertical-align: inherit;\">Melhora a tra\u00e7\u00e3o e a estabilidade em terrenos variados<\/span><\/span><\/li>\n<li><span style=\"vertical-align: inherit;\"><span style=\"vertical-align: inherit;\">Fabricado com materiais duradouros e de alta qualidade<\/span><\/span><\/li>\n<li><span style=\"vertical-align: inherit;\"><span style=\"vertical-align: inherit;\">Adapta\u00e7\u00e3o precisa \u00e0s rodas do carrinho de golfe<\/span><\/span><\/li>\n<li><span style=\"vertical-align: inherit;\"><span style=\"vertical-align: inherit;\">Proporciona uma experi\u00eancia mais confort\u00e1vel e agrad\u00e1vel no campo de golfe<\/span><\/span><\/li>\n<\/ul>\n<p><span style=\"vertical-align: inherit;\"><span style=\"vertical-align: inherit;\">Na nossa marca de carrinhos de golfe, compreendemos a import\u00e2ncia de ter um equipamento fi\u00e1vel e eficiente para desfrutar ao m\u00e1ximo do teu desporto favorito. O nosso conjunto de pneus com rodas \u00e9 a escolha perfeita para quem procura uma qualidade e um desempenho inigual\u00e1veis. <\/span><\/span><\/p>\n<p><span style=\"vertical-align: inherit;\"><span style=\"vertical-align: inherit;\">N\u00e3o percas mais tempo com borracha gasta ou pouco fi\u00e1vel. Melhora a tua experi\u00eancia no campo de golfe com o nosso conjunto de borracha para rodas de carrinho de golfe e leva o teu jogo para o pr\u00f3ximo n\u00edvel! <\/span><\/span><\/p>\n","protected":false},"excerpt":{"rendered":"<p><span style=\"vertical-align: inherit;\"><span style=\"vertical-align: inherit;\">Bem-vindo, golfista! Se est\u00e1s \u00e0 procura de um conjunto de pneus de roda para o teu carrinho de golfe, vieste ao s\u00edtio certo! Os nossos pneus de roda foram concebidos para melhorar a tra\u00e7\u00e3o e a estabilidade do teu carrinho de golfe, proporcionando-te uma experi\u00eancia mais agrad\u00e1vel e confort\u00e1vel no campo de golfe.  <\/span><\/span><\/p>\n","protected":false},"featured_media":2715,"comment_status":"open","ping_status":"closed","template":"","meta":{"_crdt_document":"","jetpack_publicize_message":"","jetpack_publicize_feature_enabled":true,"jetpack_social_post_already_shared":true,"jetpack_social_options":{"image_generator_settings":{"template":"highway","default_image_id":0,"font":"","enabled":false},"version":2},"_wpas_customize_per_network":false},"product_brand":[1583],"product_cat":[1579],"product_tag":[],"class_list":{"0":"post-2798","1":"product","2":"type-product","3":"status-publish","4":"has-post-thumbnail","6":"product_brand-prokaddy-pt-pt","7":"product_cat-pecas-de-substituicao","9":"first","10":"instock","11":"taxable","12":"shipping-taxable","13":"purchasable","14":"product-type-simple","15":"add-to-wishlist-after_add_to_cart"},"exclude_global_add_ons":[],"addons":[],"jetpack_publicize_connections":[],"jetpack_sharing_enabled":true,"jetpack_likes_enabled":true,"_links":{"self":[{"href":"https:\/\/prokaddy.com\/pt-pt\/wp-json\/wp\/v2\/product\/2798","targetHints":{"allow":["GET"]}}],"collection":[{"href":"https:\/\/prokaddy.com\/pt-pt\/wp-json\/wp\/v2\/product"}],"about":[{"href":"https:\/\/prokaddy.com\/pt-pt\/wp-json\/wp\/v2\/types\/product"}],"replies":[{"embeddable":true,"href":"https:\/\/prokaddy.com\/pt-pt\/wp-json\/wp\/v2\/comments?post=2798"}],"wp:featuredmedia":[{"embeddable":true,"href":"https:\/\/prokaddy.com\/pt-pt\/wp-json\/wp\/v2\/media\/2715"}],"wp:attachment":[{"href":"https:\/\/prokaddy.com\/pt-pt\/wp-json\/wp\/v2\/media?parent=2798"}],"wp:term":[{"taxonomy":"product_brand","embeddable":true,"href":"https:\/\/prokaddy.com\/pt-pt\/wp-json\/wp\/v2\/product_brand?post=2798"},{"taxonomy":"product_cat","embeddable":true,"href":"https:\/\/prokaddy.com\/pt-pt\/wp-json\/wp\/v2\/product_cat?post=2798"},{"taxonomy":"product_tag","embeddable":true,"href":"https:\/\/prokaddy.com\/pt-pt\/wp-json\/wp\/v2\/product_tag?post=2798"}],"curies":[{"name":"wp","href":"https:\/\/api.w.org\/{rel}","templated":true}]}}