{"id":2793,"date":"2024-09-15T13:24:44","date_gmt":"2024-09-15T11:24:44","guid":{"rendered":"https:\/\/prokaddy.com\/product\/rolamento-direito-para-carrinho-de-golfe\/"},"modified":"2025-05-08T07:48:48","modified_gmt":"2025-05-08T05:48:48","slug":"rolamento-direito-para-carrinho-de-golfe","status":"publish","type":"product","link":"https:\/\/prokaddy.com\/pt-pt\/produto\/rolamento-direito-para-carrinho-de-golfe\/","title":{"rendered":"Rolamento direito para carrinho de golfe"},"content":{"rendered":"<p><span style=\"vertical-align: inherit;\"><span style=\"vertical-align: inherit;\">Com o nosso rolamento do lado direito, podes ter a certeza de que o teu carrinho de golfe funcionar\u00e1 de forma suave e eficiente, permitindo-te desfrutar do teu jogo ao m\u00e1ximo. N\u00e3o h\u00e1 necessidade de te preocupares com problemas inesperados ou avarias quando tens a melhor qualidade em todos os componentes do teu carrinho de golfe. <\/span><\/span><\/p>\n<p><span style=\"vertical-align: inherit;\"><span style=\"vertical-align: inherit;\">O rolamento <\/span><\/span><strong><span style=\"vertical-align: inherit;\"><span style=\"vertical-align: inherit;\">rolamento direito do carrinho de golfe<\/span><\/span><\/strong><span style=\"vertical-align: inherit;\"><span style=\"vertical-align: inherit;\"> \u00e9 f\u00e1cil de instalar, o que significa que podes substitu\u00ed-lo tu mesmo sem a necessidade de servi\u00e7os de manuten\u00e7\u00e3o dispendiosos. Com esta pe\u00e7a \u00e0 m\u00e3o, estar\u00e1s pronto para jogar em minutos, sem atrasos ou inconvenientes. <\/span><\/span><\/p>\n<p>&nbsp;<\/p>\n","protected":false},"excerpt":{"rendered":"<p><strong><span style=\"vertical-align: inherit;\"><span style=\"vertical-align: inherit;\">Rolamento direito para carro de golfe<\/span><\/span><\/strong><span style=\"vertical-align: inherit;\"><span style=\"vertical-align: inherit;\"> \u00e9 uma pe\u00e7a indispens\u00e1vel para manter o teu carrinho de golfe a funcionar sem problemas no campo. Fabricada de acordo com os mais elevados padr\u00f5es de qualidade, esta ferramenta foi concebida para durar e suportar as duras condi\u00e7\u00f5es de jogo. <\/span><\/span><\/p>\n","protected":false},"featured_media":2722,"comment_status":"open","ping_status":"closed","template":"","meta":{"_crdt_document":"","jetpack_publicize_message":"","jetpack_publicize_feature_enabled":true,"jetpack_social_post_already_shared":true,"jetpack_social_options":{"image_generator_settings":{"template":"highway","default_image_id":0,"font":"","enabled":false},"version":2},"_wpas_customize_per_network":false},"product_brand":[1583],"product_cat":[1579],"product_tag":[],"class_list":{"0":"post-2793","1":"product","2":"type-product","3":"status-publish","4":"has-post-thumbnail","6":"product_brand-prokaddy-pt-pt","7":"product_cat-pecas-de-substituicao","9":"first","10":"instock","11":"taxable","12":"shipping-taxable","13":"purchasable","14":"product-type-simple","15":"add-to-wishlist-after_add_to_cart"},"exclude_global_add_ons":[],"addons":[],"jetpack_publicize_connections":[],"jetpack_sharing_enabled":true,"jetpack_likes_enabled":true,"_links":{"self":[{"href":"https:\/\/prokaddy.com\/pt-pt\/wp-json\/wp\/v2\/product\/2793","targetHints":{"allow":["GET"]}}],"collection":[{"href":"https:\/\/prokaddy.com\/pt-pt\/wp-json\/wp\/v2\/product"}],"about":[{"href":"https:\/\/prokaddy.com\/pt-pt\/wp-json\/wp\/v2\/types\/product"}],"replies":[{"embeddable":true,"href":"https:\/\/prokaddy.com\/pt-pt\/wp-json\/wp\/v2\/comments?post=2793"}],"wp:featuredmedia":[{"embeddable":true,"href":"https:\/\/prokaddy.com\/pt-pt\/wp-json\/wp\/v2\/media\/2722"}],"wp:attachment":[{"href":"https:\/\/prokaddy.com\/pt-pt\/wp-json\/wp\/v2\/media?parent=2793"}],"wp:term":[{"taxonomy":"product_brand","embeddable":true,"href":"https:\/\/prokaddy.com\/pt-pt\/wp-json\/wp\/v2\/product_brand?post=2793"},{"taxonomy":"product_cat","embeddable":true,"href":"https:\/\/prokaddy.com\/pt-pt\/wp-json\/wp\/v2\/product_cat?post=2793"},{"taxonomy":"product_tag","embeddable":true,"href":"https:\/\/prokaddy.com\/pt-pt\/wp-json\/wp\/v2\/product_tag?post=2793"}],"curies":[{"name":"wp","href":"https:\/\/api.w.org\/{rel}","templated":true}]}}