{"id":2434,"date":"2024-09-16T15:21:57","date_gmt":"2024-09-16T13:21:57","guid":{"rendered":"https:\/\/prokaddy.com\/product\/autocolante-para-trolley-de-golfe-prokaddy-modelo-digital-sg2\/"},"modified":"2025-10-11T12:10:12","modified_gmt":"2025-10-11T10:10:12","slug":"autocolante-para-trolley-de-golfe-prokaddy-modelo-digital-sg2","status":"publish","type":"product","link":"https:\/\/prokaddy.com\/pt-pt\/produto\/autocolante-para-trolley-de-golfe-prokaddy-modelo-digital-sg2\/","title":{"rendered":"Autocolante para trolley de golfe ProKaddy modelo digital SG2"},"content":{"rendered":"<p>O <strong>autocolante<\/strong> digital <strong>para carros de golfe ProKaddy<\/strong> SG2 \u00e9 o substituto perfeito para o teu carro de golfe.<\/p>\n<ul>\n<li>Ades\u00e3o segura para manter o autocolante no lugar<\/li>\n<li>Carater\u00edsticas digitais inovadoras para fornecer informa\u00e7\u00f5es \u00fateis durante o jogo<\/li>\n<\/ul>\n","protected":false},"excerpt":{"rendered":"<p>O autocolante <strong>digital para carrinhos de golfe PrroKaddy SG2<\/strong> \u00e9 a solu\u00e7\u00e3o perfeita para ti. Fabricado pela conhecida marca de carrinhos de golfe PrroKaddy, este autocolante \u00e9 o toque final que o teu carrinho de golfe precisa.<\/p>\n","protected":false},"featured_media":5021,"comment_status":"open","ping_status":"closed","template":"","meta":{"_crdt_document":"","jetpack_publicize_message":"","jetpack_publicize_feature_enabled":true,"jetpack_social_post_already_shared":true,"jetpack_social_options":{"image_generator_settings":{"template":"highway","default_image_id":0,"font":"","enabled":false},"version":2},"_wpas_customize_per_network":false},"product_brand":[1583],"product_cat":[1579],"product_tag":[],"class_list":{"0":"post-2434","1":"product","2":"type-product","3":"status-publish","4":"has-post-thumbnail","6":"product_brand-prokaddy-pt-pt","7":"product_cat-pecas-de-substituicao","9":"first","10":"instock","11":"taxable","12":"shipping-taxable","13":"purchasable","14":"product-type-simple","15":"add-to-wishlist-after_add_to_cart"},"exclude_global_add_ons":[],"addons":[],"jetpack_publicize_connections":[],"jetpack_sharing_enabled":true,"jetpack_likes_enabled":true,"_links":{"self":[{"href":"https:\/\/prokaddy.com\/pt-pt\/wp-json\/wp\/v2\/product\/2434","targetHints":{"allow":["GET"]}}],"collection":[{"href":"https:\/\/prokaddy.com\/pt-pt\/wp-json\/wp\/v2\/product"}],"about":[{"href":"https:\/\/prokaddy.com\/pt-pt\/wp-json\/wp\/v2\/types\/product"}],"replies":[{"embeddable":true,"href":"https:\/\/prokaddy.com\/pt-pt\/wp-json\/wp\/v2\/comments?post=2434"}],"wp:featuredmedia":[{"embeddable":true,"href":"https:\/\/prokaddy.com\/pt-pt\/wp-json\/wp\/v2\/media\/5021"}],"wp:attachment":[{"href":"https:\/\/prokaddy.com\/pt-pt\/wp-json\/wp\/v2\/media?parent=2434"}],"wp:term":[{"taxonomy":"product_brand","embeddable":true,"href":"https:\/\/prokaddy.com\/pt-pt\/wp-json\/wp\/v2\/product_brand?post=2434"},{"taxonomy":"product_cat","embeddable":true,"href":"https:\/\/prokaddy.com\/pt-pt\/wp-json\/wp\/v2\/product_cat?post=2434"},{"taxonomy":"product_tag","embeddable":true,"href":"https:\/\/prokaddy.com\/pt-pt\/wp-json\/wp\/v2\/product_tag?post=2434"}],"curies":[{"name":"wp","href":"https:\/\/api.w.org\/{rel}","templated":true}]}}