{"id":2763,"date":"2024-09-19T22:15:16","date_gmt":"2024-09-19T20:15:16","guid":{"rendered":"https:\/\/prokaddy.com\/reembolsos\/devolucoes\/"},"modified":"2025-02-24T11:36:03","modified_gmt":"2025-02-24T10:36:03","slug":"devolucoes","status":"publish","type":"page","link":"https:\/\/prokaddy.com\/pt-pt\/devolucoes\/","title":{"rendered":"DEVOLU\u00c7\u00d5ES"},"content":{"rendered":"\n<div class=\"row\"  id=\"row-1601867075\">\n\n\n\t<div id=\"col-434460728\" class=\"col small-12 large-12\"  >\n\t\t\t\t<div class=\"col-inner\"  >\n\t\t\t\n\t\t\t\n\n<div class=\"container section-title-container\" ><h1 class=\"section-title section-title-normal\"><b aria-hidden=\"true\"><\/b><span class=\"section-title-main\" >DEVOLU\u00c7\u00d5ES<\/span><b aria-hidden=\"true\"><\/b><\/h1><\/div>\n\n\n\t<section class=\"section\" id=\"section_127508044\">\n\t\t<div class=\"section-bg fill\" >\n\t\t\t\t\t\t\t\t\t\n\t\t\t\n\n\t\t<\/div>\n\n\t\t\n\n\t\t<div class=\"section-content relative\">\n\t\t\t\n\n<div>DEVOLU\u00c7\u00d5ES<\/div>\n<div> <\/div>\n<div>Condi\u00e7\u00f5es de devolu\u00e7\u00e3o aceit\u00e1veis: S\u00f3 aceitaremos produtos devolvidos num determinado estado.<\/div>\n<div> <\/div>\n<div>Por exemplo, apenas na embalagem original ou em produtos limpos, n\u00e3o utilizados ou n\u00e3o danificados.<\/div>\n<div> <\/div>\n<div>A nossa pol\u00edtica tem uma dura\u00e7\u00e3o de 30 dias. Se tiverem passado 30 dias desde a tua compra, infelizmente n\u00e3o podemos oferecer-te um reembolso ou uma troca. <\/div>\n<div> <\/div>\n<div>Para poder ser devolvido, o teu artigo n\u00e3o deve ter sido utilizado e deve estar nas mesmas condi\u00e7\u00f5es em que o recebeste. Tamb\u00e9m deve estar na embalagem original. <\/div>\n<div> <\/div>\n<div>H\u00e1 v\u00e1rios tipos de produtos que est\u00e3o isentos de devolu\u00e7\u00e3o. Produtos perec\u00edveis, tais como placas electr\u00f3nicas, potenci\u00f3metros e caixas de controlo. <\/div>\n<div> <\/div>\n<div>Para efetuar a tua devolu\u00e7\u00e3o, necessitamos de um recibo ou prova de compra.<\/div>\n<div> <\/div>\n<div>H\u00e1 certas situa\u00e7\u00f5es em que s\u00f3 s\u00e3o concedidos reembolsos parciais: (se aplic\u00e1vel)<\/div>\n<div> <\/div>\n<div>Qualquer artigo que n\u00e3o esteja no seu estado original, que esteja danificado ou que faltem pe\u00e7as por raz\u00f5es que n\u00e3o se devam a um erro nosso.<\/div>\n<div> <\/div>\n<div>Assim que a tua devolu\u00e7\u00e3o for recebida e inspeccionada, enviar-te-emos um e-mail para te notificar de que recebemos o teu artigo devolvido. Tamb\u00e9m te notificaremos da aprova\u00e7\u00e3o ou rejei\u00e7\u00e3o do teu reembolso. <\/div>\n<div> <\/div>\n<div>Envio<\/div>\n<div> <\/div>\n<div>Para devolver o teu produto, deves envi\u00e1-lo por correio para: Av. de los Jardines 22 Sitio de Calahonda Mijas Costa M\u00e1laga, 29649, Espanha.<\/div>\n<div> <\/div>\n<div>Os custos de envio para devolver o teu artigo s\u00e3o da tua responsabilidade. Os custos de envio n\u00e3o s\u00e3o reembols\u00e1veis. <\/div>\n\n\t\t<\/div>\n\n\t\t\n<style>\n#section_127508044 {\n  padding-top: 30px;\n  padding-bottom: 30px;\n}\n<\/style>\n\t<\/section>\n\t\n\n\t\t<\/div>\n\t\t\t\t\t<\/div>\n\n\t\n\n<\/div>\n\n","protected":false},"excerpt":{"rendered":"","protected":false},"author":254583797,"featured_media":0,"parent":0,"menu_order":0,"comment_status":"closed","ping_status":"closed","template":"","meta":{"_crdt_document":"","footnotes":""},"class_list":["post-2763","page","type-page","status-publish","hentry"],"jetpack_sharing_enabled":true,"jetpack_likes_enabled":true,"jetpack_shortlink":"https:\/\/wp.me\/PfYXXP-Iz","_links":{"self":[{"href":"https:\/\/prokaddy.com\/pt-pt\/wp-json\/wp\/v2\/pages\/2763","targetHints":{"allow":["GET"]}}],"collection":[{"href":"https:\/\/prokaddy.com\/pt-pt\/wp-json\/wp\/v2\/pages"}],"about":[{"href":"https:\/\/prokaddy.com\/pt-pt\/wp-json\/wp\/v2\/types\/page"}],"author":[{"embeddable":true,"href":"https:\/\/prokaddy.com\/pt-pt\/wp-json\/wp\/v2\/users\/254583797"}],"replies":[{"embeddable":true,"href":"https:\/\/prokaddy.com\/pt-pt\/wp-json\/wp\/v2\/comments?post=2763"}],"version-history":[{"count":2,"href":"https:\/\/prokaddy.com\/pt-pt\/wp-json\/wp\/v2\/pages\/2763\/revisions"}],"predecessor-version":[{"id":3386,"href":"https:\/\/prokaddy.com\/pt-pt\/wp-json\/wp\/v2\/pages\/2763\/revisions\/3386"}],"wp:attachment":[{"href":"https:\/\/prokaddy.com\/pt-pt\/wp-json\/wp\/v2\/media?parent=2763"}],"curies":[{"name":"wp","href":"https:\/\/api.w.org\/{rel}","templated":true}]}}