{"id":2761,"date":"2024-09-19T22:15:12","date_gmt":"2024-09-19T20:15:12","guid":{"rendered":"https:\/\/prokaddy.com\/reembolsos-2\/"},"modified":"2025-02-24T11:35:38","modified_gmt":"2025-02-24T10:35:38","slug":"reembolsos-2","status":"publish","type":"page","link":"https:\/\/prokaddy.com\/pt-pt\/reembolsos-2\/","title":{"rendered":"REEMBOLSOS"},"content":{"rendered":"\n<div class=\"row\"  id=\"row-1599479190\">\n\n\n\t<div id=\"col-226318302\" class=\"col small-12 large-12\"  >\n\t\t\t\t<div class=\"col-inner\"  >\n\t\t\t\n\t\t\t\n\n<div class=\"container section-title-container\" ><h1 class=\"section-title section-title-normal\"><b aria-hidden=\"true\"><\/b><span class=\"section-title-main\" >REEMBOLSOS<\/span><b aria-hidden=\"true\"><\/b><\/h1><\/div>\n\n\n\t<section class=\"section\" id=\"section_1771325343\">\n\t\t<div class=\"section-bg fill\" >\n\t\t\t\t\t\t\t\t\t\n\t\t\t\n\n\t\t<\/div>\n\n\t\t\n\n\t\t<div class=\"section-content relative\">\n\t\t\t\n\n<h3><strong><span style=\"vertical-align: inherit;\">Pol\u00edtica de reembolso<\/span><\/strong><\/h3>\n<p><span style=\"vertical-align: inherit;\">Depois de verificarmos que o produto devolvido est\u00e1 em perfeitas condi\u00e7\u00f5es, procederemos ao reembolso do montante. O reembolso ser\u00e1 sempre efectuado utilizando o mesmo m\u00e9todo que utilizaste para a compra: PayPal, cart\u00e3o de cr\u00e9dito. <\/span><\/p>\n<p><span style=\"vertical-align: inherit;\">C\u00e1lculo das restitui\u00e7\u00f5es<\/span><\/p>\n<p><span style=\"vertical-align: inherit;\">Se a devolu\u00e7\u00e3o se dever a um erro da nossa parte ou porque recebeste um produto incorreto ou danificado, seremos respons\u00e1veis pelos custos de envio incorridos na devolu\u00e7\u00e3o do produto.<\/span><\/p>\n<p><span style=\"vertical-align: inherit;\">Outras devolu\u00e7\u00f5es<\/span><\/p>\n<p><span style=\"vertical-align: inherit;\">Quando a devolu\u00e7\u00e3o for por outros motivos, desde que a mercadoria chegue em perfeitas condi\u00e7\u00f5es, o reembolso ser\u00e1 equivalente ao valor do produto devolvido. Neste caso, apenas os custos de recolha decorrentes da devolu\u00e7\u00e3o ficam a cargo do cliente. <\/span><\/p>\n\n\t\t<\/div>\n\n\t\t\n<style>\n#section_1771325343 {\n  padding-top: 30px;\n  padding-bottom: 30px;\n}\n<\/style>\n\t<\/section>\n\t\n\n\t\t<\/div>\n\t\t\t\t\t<\/div>\n\n\t\n\n<\/div>\n\n","protected":false},"excerpt":{"rendered":"","protected":false},"author":254583797,"featured_media":0,"parent":0,"menu_order":0,"comment_status":"closed","ping_status":"closed","template":"","meta":{"_crdt_document":"","footnotes":""},"class_list":["post-2761","page","type-page","status-publish","hentry"],"jetpack_sharing_enabled":true,"jetpack_likes_enabled":true,"jetpack_shortlink":"https:\/\/wp.me\/PfYXXP-Ix","_links":{"self":[{"href":"https:\/\/prokaddy.com\/pt-pt\/wp-json\/wp\/v2\/pages\/2761","targetHints":{"allow":["GET"]}}],"collection":[{"href":"https:\/\/prokaddy.com\/pt-pt\/wp-json\/wp\/v2\/pages"}],"about":[{"href":"https:\/\/prokaddy.com\/pt-pt\/wp-json\/wp\/v2\/types\/page"}],"author":[{"embeddable":true,"href":"https:\/\/prokaddy.com\/pt-pt\/wp-json\/wp\/v2\/users\/254583797"}],"replies":[{"embeddable":true,"href":"https:\/\/prokaddy.com\/pt-pt\/wp-json\/wp\/v2\/comments?post=2761"}],"version-history":[{"count":2,"href":"https:\/\/prokaddy.com\/pt-pt\/wp-json\/wp\/v2\/pages\/2761\/revisions"}],"predecessor-version":[{"id":3385,"href":"https:\/\/prokaddy.com\/pt-pt\/wp-json\/wp\/v2\/pages\/2761\/revisions\/3385"}],"wp:attachment":[{"href":"https:\/\/prokaddy.com\/pt-pt\/wp-json\/wp\/v2\/media?parent=2761"}],"curies":[{"name":"wp","href":"https:\/\/api.w.org\/{rel}","templated":true}]}}