{"id":2757,"date":"2024-09-19T22:08:53","date_gmt":"2024-09-19T20:08:53","guid":{"rendered":"https:\/\/prokaddy.com\/politica-de-privacidade\/"},"modified":"2025-11-22T12:55:25","modified_gmt":"2025-11-22T11:55:25","slug":"politica-de-privacidade","status":"publish","type":"page","link":"https:\/\/prokaddy.com\/pt-pt\/politica-de-privacidade\/","title":{"rendered":"POL\u00cdTICA DE PRIVACIDADE"},"content":{"rendered":"\r\n<div class=\"row\"  id=\"row-1981973548\"> \n\t<div id=\"col-829045690\" class=\"col small-12 large-12\"  >\n\t\t\t\t<div class=\"col-inner\"  >\n\t\t\t\n\t\t\t <div class=\"container section-title-container\" ><h1 class=\"section-title section-title-normal\"><b aria-hidden=\"true\"><\/b><span class=\"section-title-main\" >POL\u00cdTICA DE PRIVACIDADE<\/span><b aria-hidden=\"true\"><\/b><\/h1><\/div> \n\t<section class=\"section\" id=\"section_379651395\">\n\t\t<div class=\"section-bg fill\" >\n\t\t\t\t\t\t\t\t\t\n\t\t\t\n\n\t\t<\/div>\n\n\t\t\n\n\t\t<div class=\"section-content relative\">\n\t\t\t\r\n<p><strong>POL\u00cdTICA DE PRIVACIDADE<\/strong><\/p>\r\n<p>\u00daltima atualiza\u00e7\u00e3o: janeiro de 2023.<\/p>\r\n<ol>\r\n<li><strong>INFORMA\u00c7\u00c3O AO UTILIZADOR<\/strong><\/li>\r\n<\/ol>\r\n<p><strong>VIPVENTAS M\u00c1LAGA, SL<\/strong> , como Controlador de Dados, informa-te que, de acordo com as disposi\u00e7\u00f5es do Regulamento (UE) 2016\/679 de 27 de abril (GDPR) e da Lei Org\u00e2nica 3\/2018 de 5 de dezembro sobre a prote\u00e7\u00e3o de dados e a garantia dos direitos digitais (LOPDGDD), processaremos os teus dados conforme refletido nesta Pol\u00edtica de Privacidade.<\/p>\r\n<p>Nesta Pol\u00edtica de Privacidade, descrevemos como recolhemos os teus dados pessoais e porque os recolhemos, o que fazemos com eles, com quem os partilhamos, como os protegemos e as tuas escolhas relativamente ao processamento dos teus dados pessoais.<\/p>\r\n<p>Esta Pol\u00edtica aplica-se ao processamento dos teus dados pessoais recolhidos pela Empresa para a presta\u00e7\u00e3o dos seus servi\u00e7os. Se concordares com as disposi\u00e7\u00f5es da presente Pol\u00edtica, concordas com o nosso processamento dos teus dados pessoais, tal como definido na presente Pol\u00edtica.<\/p>\r\n<ol start=\"2\">\r\n<li><strong>CONTACTO<\/strong><\/li>\r\n<\/ol>\r\n<p>Nome da empresa: Vip Ventas M\u00e1laga SL<br \/>Nome comercial: ProKaddy<\/p>\r\n<p>N\u00daMERO DE IVA: B92741446<br \/>Endere\u00e7o: Avda. del Cortijo No. 1505 Urb. Sitio de Calahonda, 29649 Mijas M\u00e1laga <br \/>e-mail:vipventasmalaga@gmail.com<\/p>\r\n<ol start=\"3\">\r\n<li><strong>PRINC\u00cdPIOS-CHAVE<\/strong><\/li>\r\n<\/ol>\r\n<p>Sempre nos comprometemos a prestar os nossos servi\u00e7os com o mais alto grau de qualidade, o que inclui tratar os teus dados de forma segura e transparente. Os nossos princ\u00edpios s\u00e3o:<\/p>\r\n<ul>\r\n<li><strong>Legalidade<\/strong> Recolhemos os teus Dados Pessoais apenas para <a href=\"https:\/\/ceporros.com\/\" target=\"_blank\" rel=\"noopener\">,<\/a> expl\u00edcitos e leg\u00edtimos.<\/li>\r\n<li><strong>Minimiza\u00e7\u00e3o de dados<\/strong> Limitamos a recolha de dados pessoais ao que \u00e9 estritamente relevante e necess\u00e1rio para os fins para os quais foram recolhidos.<\/li>\r\n<li><strong>Limita\u00e7\u00e3o da finalidade<\/strong> Apenas recolheremos os teus dados pessoais para os fins indicados e de acordo com os teus desejos.<\/li>\r\n<li><strong>Exatid\u00e3o<\/strong> Manteremos os teus dados pessoais exactos e actualizados.<\/li>\r\n<li><strong>Seguran\u00e7a dos dados<\/strong> Aplicamos medidas t\u00e9cnicas e organizacionais adequadas e proporcionais aos riscos para garantir que os teus dados n\u00e3o s\u00e3o danificados, como a divulga\u00e7\u00e3o ou acesso n\u00e3o autorizado, a destrui\u00e7\u00e3o acidental ou ilegal, a perda ou altera\u00e7\u00e3o acidental e qualquer outra forma de processamento ilegal.<\/li>\r\n<li><strong>Acesso e retifica\u00e7\u00e3o<\/strong> Dispomos de meios para que possas aceder ou retificar os teus dados sempre que o consideres oportuno.<\/li>\r\n<li><strong>Reten\u00e7\u00e3o<\/strong> Conservamos os teus dados pessoais de forma legal e adequada e apenas durante o tempo necess\u00e1rio para os fins para os quais foram recolhidos.<\/li>\r\n<li><strong>Transfer\u00eancias internacionais<\/strong> Quando os teus dados tiverem de ser transferidos para fora da UE\/EEE, ser\u00e3o devidamente protegidos.<\/li>\r\n<li><strong>Terceiros<\/strong> O acesso e a transfer\u00eancia de dados pessoais para terceiros s\u00e3o efectuados em conformidade com as leis e regulamentos aplic\u00e1veis e com as garantias contratuais adequadas.<\/li>\r\n<li><strong>Marketing direto e cookies<\/strong> Cumprimos a legisla\u00e7\u00e3o aplic\u00e1vel em mat\u00e9ria de publicidade e cookies.<\/li>\r\n<\/ul>\r\n<ol start=\"4\">\r\n<li><strong>RECOLHA E TRATAMENTO DOS TEUS DADOS PESSOAIS<\/strong><br \/>Os tipos de dados que podem ser solicitados e processados s\u00e3o:<\/li>\r\n<\/ol>\r\n<ul>\r\n<li>Dados de identifica\u00e7\u00e3o.<\/li>\r\n<\/ul>\r\n<p>Tamb\u00e9m recolhemos automaticamente dados sobre a tua visita ao nosso s\u00edtio Web, tal como descrito na pol\u00edtica de cookies.<\/p>\r\n<p>Sempre que solicitarmos os teus Dados Pessoais, informar-te-emos claramente quais os Dados Pessoais que recolhemos e com que finalidade. Em geral, recolhemos e processamos os teus Dados Pessoais para os seguintes fins<\/p>\r\n<ul>\r\n<li>Fornece informa\u00e7\u00f5es, servi\u00e7os, produtos, informa\u00e7\u00f5es relevantes e not\u00edcias do sector.<\/li>\r\n<li>Envia comunica\u00e7\u00f5es.<\/li>\r\n<\/ul>\r\n<ol start=\"5\">\r\n<li><strong>LEGITIMIDADE<\/strong><\/li>\r\n<\/ol>\r\n<p>De acordo com os regulamentos de prote\u00e7\u00e3o de dados aplic\u00e1veis, os teus dados pessoais podem ser processados desde que<\/p>\r\n<ul>\r\n<li>Deste-nos o teu consentimento para efeitos de processamento. \u00c9 claro que podes retirar o teu consentimento em qualquer altura.<\/li>\r\n<li>Por imposi\u00e7\u00e3o legal.<\/li>\r\n<li>Porque existe um interesse leg\u00edtimo que n\u00e3o se sobrep\u00f5e aos teus direitos de privacidade, tal como enviar-te informa\u00e7\u00f5es comerciais atrav\u00e9s da subscri\u00e7\u00e3o da nossa newsletter ou porque \u00e9s um cliente.<\/li>\r\n<li>Porque \u00e9 necess\u00e1rio para a presta\u00e7\u00e3o de qualquer um dos nossos servi\u00e7os atrav\u00e9s de uma rela\u00e7\u00e3o contratual entre ti e n\u00f3s.<\/li>\r\n<\/ul>\r\n<ol start=\"6\">\r\n<li><strong>COMUNICA\u00c7\u00c3O DE DADOS PESSOAIS<\/strong><\/li>\r\n<\/ol>\r\n<p>Os dados podem ser comunicados a empresas relacionadas com <strong>VIPVENTAS M\u00c4LAGA SL<\/strong> para a presta\u00e7\u00e3o de v\u00e1rios servi\u00e7os como Processadores de Dados. A empresa n\u00e3o efectuar\u00e1 qualquer transfer\u00eancia, exceto por obriga\u00e7\u00e3o legal.<\/p>\r\n<ol start=\"7\">\r\n<li><strong>OS TEUS DIREITOS<\/strong><\/li>\r\n<\/ol>\r\n<p>Em rela\u00e7\u00e3o \u00e0 recolha e ao tratamento dos teus dados pessoais, podes contactar-nos em qualquer altura para:<\/p>\r\n<ul>\r\n<li>Aceder aos teus dados pessoais e a qualquer outra <a href=\"https:\/\/uztai.com\/\" target=\"_blank\" rel=\"noopener\">informa\u00e7\u00f5es<\/a> indicadas no artigo 15.1 do RGPD.<\/li>\r\n<li>Retificar os teus dados pessoais que estejam incorrectos ou incompletos, em conformidade com o artigo 16\u00ba do RGPD.<\/li>\r\n<li>Eliminar os teus dados pessoais em conformidade com o artigo 17\u00ba do RGPD.<\/li>\r\n<li>Restringir o tratamento dos teus dados pessoais em conformidade com o artigo 18\u00ba do RGPD.<\/li>\r\n<li>Solicita a portabilidade dos teus dados de acordo com o artigo 20\u00ba do <a href=\"https:\/\/presencialismo.com\/\" target=\"_blank\" rel=\"noopener\">RGPD<\/a> .<\/li>\r\n<li>Opor-se ao tratamento dos teus dados pessoais nos termos do artigo 21\u00ba do RGPD.<\/li>\r\n<\/ul>\r\n<p>Se tiveres dado o teu consentimento para uma finalidade espec\u00edfica, tens o direito de retirar o consentimento dado em qualquer altura, sem afetar a legalidade do tratamento efectuado com base no consentimento anterior <a href=\"https:\/\/presencialismo.com\/\" target=\"_blank\" rel=\"noopener\">retirada<\/a> .<\/p>\r\n<p>Podes exercer estes direitos enviando uma comunica\u00e7\u00e3o fundamentada e credenciada para <a href=\"https:\/\/prokaddy.com\/politica-de-privacidad\/info@prokaddy.com\">info@prokaddy.com<\/a><\/p>\r\n<p>Tamb\u00e9m tens o direito de apresentar uma queixa junto da autoridade de controlo competente <a href=\"https:\/\/aepd.es\/\" target=\"_blank\" rel=\"noopener\">(www.aepd.es)<\/a> se considerares que o tratamento n\u00e3o est\u00e1 em conformidade com a regulamenta\u00e7\u00e3o em vigor.<\/p>\r\n<ol start=\"8\">\r\n<li><strong>INFORMA\u00c7\u00c3O JUR\u00cdDICA<\/strong><br \/>Os requisitos da presente Pol\u00edtica complementam, e n\u00e3o substituem, quaisquer outros requisitos existentes ao abrigo da legisla\u00e7\u00e3o de prote\u00e7\u00e3o de dados aplic\u00e1vel, que prevalecer\u00e1 em qualquer caso.<\/li>\r\n<\/ol>\r\n<p>Esta Pol\u00edtica est\u00e1 sujeita a revis\u00e3o peri\u00f3dica e pode ser alterada pela Empresa em qualquer altura. Quando tal ocorrer, notificar-te-emos de quaisquer altera\u00e7\u00f5es e pedir-te-emos que releias a vers\u00e3o mais recente da nossa Pol\u00edtica e confirmes a tua aceita\u00e7\u00e3o.<\/p>\r\n\t\t<\/div>\n\n\t\t\n<style>\n#section_379651395 {\n  padding-top: 30px;\n  padding-bottom: 30px;\n}\n<\/style>\n\t<\/section>\n\t \t\t<\/div>\n\t\t\t\t\t<\/div>\n\n\t <\/div>\r\n","protected":false},"excerpt":{"rendered":"<p>P<\/p>\n","protected":false},"author":254583797,"featured_media":0,"parent":0,"menu_order":0,"comment_status":"closed","ping_status":"closed","template":"","meta":{"_crdt_document":"","footnotes":""},"class_list":["post-2757","page","type-page","status-publish","hentry"],"jetpack_sharing_enabled":true,"jetpack_likes_enabled":true,"jetpack_shortlink":"https:\/\/wp.me\/PfYXXP-It","_links":{"self":[{"href":"https:\/\/prokaddy.com\/pt-pt\/wp-json\/wp\/v2\/pages\/2757","targetHints":{"allow":["GET"]}}],"collection":[{"href":"https:\/\/prokaddy.com\/pt-pt\/wp-json\/wp\/v2\/pages"}],"about":[{"href":"https:\/\/prokaddy.com\/pt-pt\/wp-json\/wp\/v2\/types\/page"}],"author":[{"embeddable":true,"href":"https:\/\/prokaddy.com\/pt-pt\/wp-json\/wp\/v2\/users\/254583797"}],"replies":[{"embeddable":true,"href":"https:\/\/prokaddy.com\/pt-pt\/wp-json\/wp\/v2\/comments?post=2757"}],"version-history":[{"count":4,"href":"https:\/\/prokaddy.com\/pt-pt\/wp-json\/wp\/v2\/pages\/2757\/revisions"}],"predecessor-version":[{"id":6038,"href":"https:\/\/prokaddy.com\/pt-pt\/wp-json\/wp\/v2\/pages\/2757\/revisions\/6038"}],"wp:attachment":[{"href":"https:\/\/prokaddy.com\/pt-pt\/wp-json\/wp\/v2\/media?parent=2757"}],"curies":[{"name":"wp","href":"https:\/\/api.w.org\/{rel}","templated":true}]}}