{"id":2755,"date":"2024-09-19T22:08:50","date_gmt":"2024-09-19T20:08:50","guid":{"rendered":"https:\/\/prokaddy.com\/politica-de-cookies\/"},"modified":"2025-10-06T12:48:26","modified_gmt":"2025-10-06T10:48:26","slug":"politica-de-cookies","status":"publish","type":"page","link":"https:\/\/prokaddy.com\/pt-pt\/politica-de-cookies\/","title":{"rendered":"POL\u00cdTICA DE COOKIES"},"content":{"rendered":"\r\n<div class=\"row\"  id=\"row-650735945\"> \n\t<div id=\"col-1301541893\" class=\"col small-12 large-12\"  >\n\t\t\t\t<div class=\"col-inner\"  >\n\t\t\t\n\t\t\t <div class=\"container section-title-container\" ><h1 class=\"section-title section-title-normal\"><b aria-hidden=\"true\"><\/b><span class=\"section-title-main\" >POL\u00cdTICA DE COOKIES<\/span><b aria-hidden=\"true\"><\/b><\/h1><\/div> \n\t<section class=\"section\" id=\"section_310627334\">\n\t\t<div class=\"section-bg fill\" >\n\t\t\t\t\t\t\t\t\t\n\t\t\t\n\n\t\t<\/div>\n\n\t\t\n\n\t\t<div class=\"section-content relative\">\n\t\t\t\r\n<p><strong>POL\u00cdTICA DE COOKIES<\/strong><\/p>\r\n<p>Os cookies s\u00e3o pequenas quantidades de informa\u00e7\u00e3o que s\u00e3o armazenadas no browser utilizado por cada utilizador para que o servidor se lembre de determinadas informa\u00e7\u00f5es que podem ser utilizadas mais tarde.<\/p>\r\n<p><strong>TIPOS DE COOKIES QUE UTILIZAMOS<\/strong><\/p>\r\n<p>Este site utiliza cookies de terceiros, que s\u00e3o enviados para o teu computador ou terminal a partir de um dom\u00ednio ou site que n\u00e3o \u00e9 gerido por n\u00f3s, mas por outra entidade que processa os dados obtidos atrav\u00e9s dos cookies.<\/p>\r\n<p>Neste caso, os cookies s\u00e3o utilizados para fins estat\u00edsticos relacionados com as visitas recebidas e as p\u00e1ginas consultadas, e a sua utiliza\u00e7\u00e3o \u00e9 aceite ao navegar no s\u00edtio Web.<\/p>\r\n<table width=\"980\">\r\n<tbody>\r\n<tr>\r\n<td>\r\n<p><strong>COOKIE<br \/>(E FORNECEDOR)<\/strong><\/p>\r\n<\/td>\r\n<td>\r\n<p><strong>DURA\u00c7\u00c3O<\/strong><\/p>\r\n<\/td>\r\n<td>\r\n<p><strong>DESCRI\u00c7\u00c3O<\/strong><\/p>\r\n<\/td>\r\n<\/tr>\r\n<tr>\r\n<td>\r\n<p>__cfduid (notin.es)<\/p>\r\n<\/td>\r\n<td>\r\n<p>Sess\u00e3o<\/p>\r\n<\/td>\r\n<td>\r\n<p>Publicidade<\/p>\r\n<\/td>\r\n<\/tr>\r\n<tr>\r\n<td>\r\n<p>personalization_id (twitter.com)<\/p>\r\n<\/td>\r\n<td>\r\n<p>Sess\u00e3o<\/p>\r\n<\/td>\r\n<td>\r\n<p>Twitter<\/p>\r\n<\/td>\r\n<\/tr>\r\n<tr>\r\n<td>\r\n<p>Facebook<\/p>\r\n<\/td>\r\n<td>\r\n<p>Publicidade, estat\u00edsticas e medi\u00e7\u00f5es<\/p>\r\n<\/td>\r\n<td>\r\n<p>Coloca cookies no teu computador ou dispositivo e recebe as informa\u00e7\u00f5es armazenadas nos mesmos quando utilizas ou visitas servi\u00e7os fornecidos por outras empresas que utilizam os servi\u00e7os do Facebook.<\/p>\r\n<\/td>\r\n<\/tr>\r\n<tr>\r\n<td>\r\n<p>_ga (Google)<\/p>\r\n<\/td>\r\n<td>\r\n<p>2 anos<\/p>\r\n<\/td>\r\n<td>\r\n<p>Utilizado para distinguir os utilizadores.<\/p>\r\n<\/td>\r\n<\/tr>\r\n<tr>\r\n<td>\r\n<p>_gid (Google)<\/p>\r\n<\/td>\r\n<td>\r\n<p>24 horas<\/p>\r\n<\/td>\r\n<td>\r\n<p>Utilizado para distinguir os utilizadores.<\/p>\r\n<\/td>\r\n<\/tr>\r\n<tr>\r\n<td>\r\n<p>N\u00e3o te preocupes.<\/p>\r\n<\/td>\r\n<td>\r\n<p>1 minuto<\/p>\r\n<\/td>\r\n<td>\r\n<p>Utilizado para limitar a taxa de pedidos. Se tiveres implementado o Google Analytics atrav\u00e9s do Google Tag Manager, este cookie ter\u00e1 o nome _dc_gtm_. <a href=\"https:\/\/uztai.com\/\" target=\"_blank\" rel=\"noopener\">.<\/a><\/p>\r\n<\/td>\r\n<\/tr>\r\n<tr>\r\n<td>\r\n<p>_can (Google)<\/p>\r\n<\/td>\r\n<td>\r\n<p>30s<\/p>\r\n<\/td>\r\n<td>\r\n<p>Atribui\u00e7\u00e3o de links melhorada.<\/p>\r\n<\/td>\r\n<\/tr>\r\n<tr>\r\n<td>\r\n<p>_unam (SHARETHIS)<\/p>\r\n<\/td>\r\n<td>\r\n<p>Persistente<\/p>\r\n<\/td>\r\n<td>\r\n<p>O seu objetivo \u00e9 quantificar o n\u00famero de utilizadores que partilham um determinado conte\u00fado e quantas p\u00e1ginas Web s\u00e3o visitadas em resultado dessa a\u00e7\u00e3o.<\/p>\r\n<\/td>\r\n<\/tr>\r\n<tr>\r\n<td>\r\n<p>WordPress<\/p>\r\n<\/td>\r\n<td>\r\n<p>2 anos<\/p>\r\n<\/td>\r\n<td>\r\n<p>Utilizado para o funcionamento correto do gestor de conte\u00fados do WordPress.<\/p>\r\n<\/td>\r\n<\/tr>\r\n<\/tbody>\r\n<\/table>\r\n<p>Se quiseres obter mais informa\u00e7\u00f5es sobre os tipos de cookies de rastreio e an\u00e1lise de dados utilizados pela Google, <a href=\"https:\/\/www.google.com\/intl\/es_es\/policies\/technologies\/types\/\" target=\"_blank\" rel=\"noopener\">clica aqui<\/a> .<\/p>\r\n<p>Para saberes como apagar os cookies do teu browser:<\/p>\r\n<ul>\r\n<li><a href=\"https:\/\/support.mozilla.org\/es\/kb\/habilitar-y-deshabilitar-cookies-sitios-web-rastrear-preferencias\" target=\"_blank\" rel=\"noopener\">Firefox<\/a><\/li>\r\n<\/ul>\r\n<ul>\r\n<li><a href=\"https:\/\/support.google.com\/chrome\/answer\/95647?hl=es\" target=\"_blank\" rel=\"noopener\">Cromado<\/a><\/li>\r\n<\/ul>\r\n<ul>\r\n<li><a href=\"https:\/\/support.microsoft.com\/es-es\/topic\/eliminar-y-administrar-cookies-168dab11-0753-043d-7c16-ede5947fc64d\" target=\"_blank\" rel=\"noopener\">Internet Explorer<\/a><\/li>\r\n<\/ul>\r\n<ul>\r\n<li>Safari<\/li>\r\n<\/ul>\r\n<ul>\r\n<li>\u00d3pera<\/li>\r\n<\/ul>\r\n\t\t<\/div>\n\n\t\t\n<style>\n#section_310627334 {\n  padding-top: 30px;\n  padding-bottom: 30px;\n}\n<\/style>\n\t<\/section>\n\t \t\t<\/div>\n\t\t\t\t\t<\/div>\n\n\t <\/div>\r\n","protected":false},"excerpt":{"rendered":"","protected":false},"author":254583797,"featured_media":0,"parent":0,"menu_order":0,"comment_status":"closed","ping_status":"closed","template":"","meta":{"_crdt_document":"","footnotes":""},"class_list":["post-2755","page","type-page","status-publish","hentry"],"jetpack_sharing_enabled":true,"jetpack_likes_enabled":true,"jetpack_shortlink":"https:\/\/wp.me\/PfYXXP-Ir","_links":{"self":[{"href":"https:\/\/prokaddy.com\/pt-pt\/wp-json\/wp\/v2\/pages\/2755","targetHints":{"allow":["GET"]}}],"collection":[{"href":"https:\/\/prokaddy.com\/pt-pt\/wp-json\/wp\/v2\/pages"}],"about":[{"href":"https:\/\/prokaddy.com\/pt-pt\/wp-json\/wp\/v2\/types\/page"}],"author":[{"embeddable":true,"href":"https:\/\/prokaddy.com\/pt-pt\/wp-json\/wp\/v2\/users\/254583797"}],"replies":[{"embeddable":true,"href":"https:\/\/prokaddy.com\/pt-pt\/wp-json\/wp\/v2\/comments?post=2755"}],"version-history":[{"count":3,"href":"https:\/\/prokaddy.com\/pt-pt\/wp-json\/wp\/v2\/pages\/2755\/revisions"}],"predecessor-version":[{"id":5682,"href":"https:\/\/prokaddy.com\/pt-pt\/wp-json\/wp\/v2\/pages\/2755\/revisions\/5682"}],"wp:attachment":[{"href":"https:\/\/prokaddy.com\/pt-pt\/wp-json\/wp\/v2\/media?parent=2755"}],"curies":[{"name":"wp","href":"https:\/\/api.w.org\/{rel}","templated":true}]}}