{"id":2331,"date":"2024-10-20T15:38:07","date_gmt":"2024-10-20T13:38:07","guid":{"rendered":"https:\/\/prokaddy.com\/perguntas-frequentes\/"},"modified":"2025-08-29T08:17:05","modified_gmt":"2025-08-29T06:17:05","slug":"perguntas-frequentes","status":"publish","type":"page","link":"https:\/\/prokaddy.com\/pt-pt\/perguntas-frequentes\/","title":{"rendered":"PERGUNTAS FREQUENTES"},"content":{"rendered":"\r\n<div class=\"row\"  id=\"row-869033466\"> \n\t<div id=\"col-1803732461\" class=\"col small-12 large-12\"  >\n\t\t\t\t<div class=\"col-inner\"  >\n\t\t\t\n\t\t\t <div class=\"container section-title-container\" ><h1 class=\"section-title section-title-normal\"><b aria-hidden=\"true\"><\/b><span class=\"section-title-main\" >PERGUNTAS FREQUENTES<\/span><b aria-hidden=\"true\"><\/b><\/h1><\/div> \n\t<section class=\"section\" id=\"section_487349715\">\n\t\t<div class=\"section-bg fill\" >\n\t\t\t\t\t\t\t\t\t\n\t\t\t\n\n\t\t<\/div>\n\n\t\t\n\n\t\t<div class=\"section-content relative\">\n\t\t\t <div class=\"accordion\"> \t<div id=\"accordion-1763135214\" class=\"accordion-item\">\n\t\t<a id=\"accordion-1763135214-label\" class=\"accordion-title plain\" href=\"#Los%20gastos%20de%20env%C3%ADo%20a%20la%20pen%C3%ADnsula%20son%20gratuitos.%20Para%20el%20resto%20de%20c%C3%B3digos%20postales%2C%20se%20calculan%20cuando%20se%20introduce%20el%20c%C3%B3digo%20postal\" aria-expanded=\"false\" aria-controls=\"accordion-1763135214-content\">\n\t\t\t<button class=\"toggle\" aria-label=\"Toggle\"><i class=\"icon-angle-down\" aria-hidden=\"true\"><\/i><\/button>\n\t\t\t<span>Quais s\u00e3o os custos de envio das encomendas na loja online?<\/span>\n\t\t<\/a>\n\t\t<div id=\"accordion-1763135214-content\" class=\"accordion-inner\" aria-labelledby=\"accordion-1763135214-label\">\n\t\t\t\r\n<p>Os custos de envio para a pen\u00ednsula s\u00e3o gratuitos. Para todos os outros c\u00f3digos postais, os custos de envio s\u00e3o calculados quando introduzes o teu c\u00f3digo postal.<\/p>\r\n\t\t<\/div>\n\t<\/div>\n\t \t<div id=\"accordion-3156439960\" class=\"accordion-item\">\n\t\t<a id=\"accordion-3156439960-label\" class=\"accordion-title plain\" href=\"#accordion-item-quanto-tempo-demora-a-entrega?\" aria-expanded=\"false\" aria-controls=\"accordion-3156439960-content\">\n\t\t\t<button class=\"toggle\" aria-label=\"Toggle\"><i class=\"icon-angle-down\" aria-hidden=\"true\"><\/i><\/button>\n\t\t\t<span>Quanto tempo demora a entrega?<\/span>\n\t\t<\/a>\n\t\t<div id=\"accordion-3156439960-content\" class=\"accordion-inner\" aria-labelledby=\"accordion-3156439960-label\">\n\t\t\t\r\n<p>As entregas s\u00e3o efectuadas pela empresa de transportes GLS com servi\u00e7o ec\u00f3nomico, que, dependendo do c\u00f3digo postal, entrega em 24-72 horas, nos dias \u00fateis (de segunda a sexta-feira).<\/p>\r\n\t\t<\/div>\n\t<\/div>\n\t \t<div id=\"accordion-2744192138\" class=\"accordion-item\">\n\t\t<a id=\"accordion-2744192138-label\" class=\"accordion-title plain\" href=\"#accordion-item-\u00c9-seguro-comprar-na-loja-virtual-e-os-meus-dados-est\u00e3o-protegidos?\" aria-expanded=\"false\" aria-controls=\"accordion-2744192138-content\">\n\t\t\t<button class=\"toggle\" aria-label=\"Toggle\"><i class=\"icon-angle-down\" aria-hidden=\"true\"><\/i><\/button>\n\t\t\t<span>\u00c9 seguro comprar na loja virtual e os meus dados est\u00e3o protegidos?<\/span>\n\t\t<\/a>\n\t\t<div id=\"accordion-2744192138-content\" class=\"accordion-inner\" aria-labelledby=\"accordion-2744192138-label\">\n\t\t\t\r\n<p>O nosso s\u00edtio Web \u00e9 seguro e todos os dados est\u00e3o protegidos por lei.<\/p>\r\n\t\t<\/div>\n\t<\/div>\n\t \t<div id=\"accordion-1414331040\" class=\"accordion-item\">\n\t\t<a id=\"accordion-1414331040-label\" class=\"accordion-title plain\" href=\"#accordion-item-o-que-acontece-exatamente-depois-de-fazer-a-minha-encomenda?\" aria-expanded=\"false\" aria-controls=\"accordion-1414331040-content\">\n\t\t\t<button class=\"toggle\" aria-label=\"Toggle\"><i class=\"icon-angle-down\" aria-hidden=\"true\"><\/i><\/button>\n\t\t\t<span>O que acontece exatamente depois de fazer a minha encomenda?<\/span>\n\t\t<\/a>\n\t\t<div id=\"accordion-1414331040-content\" class=\"accordion-inner\" aria-labelledby=\"accordion-1414331040-label\">\n\t\t\t\r\n<p>Quando tiveres conclu\u00eddo a tua compra e o teu pagamento tiver sido aceite, trataremos do envio e receber\u00e1s uma confirma\u00e7\u00e3o.<\/p>\r\n\t\t<\/div>\n\t<\/div>\n\t \t<div id=\"accordion-2912272281\" class=\"accordion-item\">\n\t\t<a id=\"accordion-2912272281-label\" class=\"accordion-title plain\" href=\"#accordion-item-recebo-uma-fatura-pela-minha-encomenda?\" aria-expanded=\"false\" aria-controls=\"accordion-2912272281-content\">\n\t\t\t<button class=\"toggle\" aria-label=\"Toggle\"><i class=\"icon-angle-down\" aria-hidden=\"true\"><\/i><\/button>\n\t\t\t<span>Recebo uma fatura pela minha encomenda?<\/span>\n\t\t<\/a>\n\t\t<div id=\"accordion-2912272281-content\" class=\"accordion-inner\" aria-labelledby=\"accordion-2912272281-label\">\n\t\t\t\r\n<p>Quando a tua compra for aceite e enviada, poder\u00e1s imprimir ou descarregar a tua fatura na tua conta de cliente.<\/p>\r\n\t\t<\/div>\n\t<\/div>\n\t \t<div id=\"accordion-3956481607\" class=\"accordion-item\">\n\t\t<a id=\"accordion-3956481607-label\" class=\"accordion-title plain\" href=\"#accordion-item-porqu\u00ea-escolher-um-carrinho-de-golfe-el\u00e9trico?\" aria-expanded=\"false\" aria-controls=\"accordion-3956481607-content\">\n\t\t\t<button class=\"toggle\" aria-label=\"Toggle\"><i class=\"icon-angle-down\" aria-hidden=\"true\"><\/i><\/button>\n\t\t\t<span>Porqu\u00ea escolher um carrinho de golfe el\u00e9trico?<\/span>\n\t\t<\/a>\n\t\t<div id=\"accordion-3956481607-content\" class=\"accordion-inner\" aria-labelledby=\"accordion-3956481607-label\">\n\t\t\t\r\n<p>Um carrinho de golfe el\u00e9trico oferece uma forma conveniente e sem ter de usar as m\u00e3os para transportar o seu saco de golfe, reduzindo o esfor\u00e7o f\u00edsico e poupando energia para o seu jogo. Proporciona uma navega\u00e7\u00e3o suave em todos os terrenos e inclui frequentemente caracter\u00edsticas como controlos de velocidade, defini\u00e7\u00f5es autom\u00e1ticas de dist\u00e2ncia e muito mais.<\/p>\r\n\t\t<\/div>\n\t<\/div>\n\t \t<div id=\"accordion-1539010127\" class=\"accordion-item\">\n\t\t<a id=\"accordion-1539010127-label\" class=\"accordion-title plain\" href=\"#accordion-item-os-vossos-carrinhos-v\u00eam-com-baterias-de-l\u00edtio?\" aria-expanded=\"false\" aria-controls=\"accordion-1539010127-content\">\n\t\t\t<button class=\"toggle\" aria-label=\"Toggle\"><i class=\"icon-angle-down\" aria-hidden=\"true\"><\/i><\/button>\n\t\t\t<span>Os vossos carrinhos v\u00eam com baterias de l\u00edtio?<\/span>\n\t\t<\/a>\n\t\t<div id=\"accordion-1539010127-content\" class=\"accordion-inner\" aria-labelledby=\"accordion-1539010127-label\">\n\t\t\t\r\n<p>Com certeza! Oferecemos uma variedade de carrinhos de golfe el\u00e9tricos com baterias de l\u00edtio. Al\u00e9m disso, se tamb\u00e9m quiser comprar estas baterias em separado, temos a solu\u00e7\u00e3o. Basta navegar na nossa sec\u00e7\u00e3o de baterias e cabos e selecionar o produto pretendido.<\/p>\r\n\t\t<\/div>\n\t<\/div>\n\t \t<div id=\"accordion-2635335108\" class=\"accordion-item\">\n\t\t<a id=\"accordion-2635335108-label\" class=\"accordion-title plain\" href=\"#accordion-item-posso-comprar-um-carrinho-de-golfe-el\u00e9trico-sem-bateria?\" aria-expanded=\"false\" aria-controls=\"accordion-2635335108-content\">\n\t\t\t<button class=\"toggle\" aria-label=\"Toggle\"><i class=\"icon-angle-down\" aria-hidden=\"true\"><\/i><\/button>\n\t\t\t<span>Posso comprar um carrinho de golfe el\u00e9trico sem bateria?<\/span>\n\t\t<\/a>\n\t\t<div id=\"accordion-2635335108-content\" class=\"accordion-inner\" aria-labelledby=\"accordion-2635335108-label\">\n\t\t\t\r\n<p>Sim, com certeza! Pode comprar um carrinho de golfe el\u00e9trico sem bateria. Como l\u00edder na venda online de carrinhos de golfe, oferecemos uma vasta gama de op\u00e7\u00f5es sem bateria para satisfazer as suas necessidades. Estes modelos s\u00e3o perfeitos para os golfistas que j\u00e1 possuem uma bateria compat\u00edvel ou que desejam escolher a sua configura\u00e7\u00e3o de energia.<\/p>\r\n\t\t<\/div>\n\t<\/div>\n\t \t<div id=\"accordion-1362898105\" class=\"accordion-item\">\n\t\t<a id=\"accordion-1362898105-label\" class=\"accordion-title plain\" href=\"#accordion-item-os-carrinhos-prokaddy-s\u00e3o-dobr\u00e1veis?\" aria-expanded=\"false\" aria-controls=\"accordion-1362898105-content\">\n\t\t\t<button class=\"toggle\" aria-label=\"Toggle\"><i class=\"icon-angle-down\" aria-hidden=\"true\"><\/i><\/button>\n\t\t\t<span>Os carrinhos ProKaddy s\u00e3o dobr\u00e1veis?<\/span>\n\t\t<\/a>\n\t\t<div id=\"accordion-1362898105-content\" class=\"accordion-inner\" aria-labelledby=\"accordion-1362898105-label\">\n\t\t\t\r\n<p>Sim! Na ProKaddy, compreendemos a import\u00e2ncia da conveni\u00eancia, e \u00e9 por isso que cada carrinho \u00e9 cuidadosamente concebido para ser dobr\u00e1vel, facilitando o transporte e o armazenamento. Quer esteja a ir para o campo ou a fazer as malas depois de uma partida, o carrinho de golfe dobr\u00e1vel ProKaddy simplifica tudo.<\/p>\r\n\t\t<\/div>\n\t<\/div>\n\t \t<div id=\"accordion-37216401\" class=\"accordion-item\">\n\t\t<a id=\"accordion-37216401-label\" class=\"accordion-title plain\" href=\"#accordion-item-quais-s\u00e3o-as-diferen\u00e7as-nas-classifica\u00e7\u00f5es-de-pot\u00eancia-das-baterias-de-chumbo-\u00e1cido-e-l\u00edtio-lifepo4-para-carrinhos-de-golfe?\" aria-expanded=\"false\" aria-controls=\"accordion-37216401-content\">\n\t\t\t<button class=\"toggle\" aria-label=\"Toggle\"><i class=\"icon-angle-down\" aria-hidden=\"true\"><\/i><\/button>\n\t\t\t<span>Quais s\u00e3o as diferen\u00e7as nas classifica\u00e7\u00f5es de pot\u00eancia das baterias de chumbo-\u00e1cido e l\u00edtio lifepo4 para carrinhos de golfe?<\/span>\n\t\t<\/a>\n\t\t<div id=\"accordion-37216401-content\" class=\"accordion-inner\" aria-labelledby=\"accordion-37216401-label\">\n\t\t\t\r\n<p>A bateria de chumbo-\u00e1cido selada de ciclo profundo padr\u00e3o tem normalmente uma classifica\u00e7\u00e3o de pot\u00eancia de 12 V 33 Ah, enquanto as baterias de l\u00edtio para golfe s\u00e3o mais leves, duram mais tempo e est\u00e3o dispon\u00edveis em diversas classifica\u00e7\u00f5es de pot\u00eancia, como 12 V 18 Ah, 12 V 20 Ah e 12 V 22 Ah.<\/p>\r\n\t\t<\/div>\n\t<\/div>\n\t \t<div id=\"accordion-1547702106\" class=\"accordion-item\">\n\t\t<a id=\"accordion-1547702106-label\" class=\"accordion-title plain\" href=\"#accordion-item-vendem-pe\u00e7as-de-substitui\u00e7\u00e3o-para-carrinhos-de-golfe-el\u00e9tricos?\" aria-expanded=\"false\" aria-controls=\"accordion-1547702106-content\">\n\t\t\t<button class=\"toggle\" aria-label=\"Toggle\"><i class=\"icon-angle-down\" aria-hidden=\"true\"><\/i><\/button>\n\t\t\t<span>Vendem pe\u00e7as de substitui\u00e7\u00e3o para carrinhos de golfe el\u00e9tricos?<\/span>\n\t\t<\/a>\n\t\t<div id=\"accordion-1547702106-content\" class=\"accordion-inner\" aria-labelledby=\"accordion-1547702106-label\">\n\t\t\t\r\n<p>De facto! Al\u00e9m de vender o carrinho, tamb\u00e9m temos em stock pe\u00e7as de substitui\u00e7\u00e3o para carrinhos de golfe el\u00e9tricos, incluindo rodas, caixa de controlo, capas, potenci\u00f3metro, roda central do carrinho de golfe, autocolantes e muito mais.<\/p>\r\n\t\t<\/div>\n\t<\/div>\n\t \t<div id=\"accordion-1237066996\" class=\"accordion-item\">\n\t\t<a id=\"accordion-1237066996-label\" class=\"accordion-title plain\" href=\"#accordion-item-que-acess\u00f3rios-para-carrinhos-de-golfe-oferecem?\" aria-expanded=\"false\" aria-controls=\"accordion-1237066996-content\">\n\t\t\t<button class=\"toggle\" aria-label=\"Toggle\"><i class=\"icon-angle-down\" aria-hidden=\"true\"><\/i><\/button>\n\t\t\t<span>Que acess\u00f3rios para carrinhos de golfe oferecem?<\/span>\n\t\t<\/a>\n\t\t<div id=\"accordion-1237066996-content\" class=\"accordion-inner\" aria-labelledby=\"accordion-1237066996-label\">\n\t\t\t\r\n<p>Oferecemos uma variedade de acess\u00f3rios \u00fateis para carrinhos de golfe para melhorar o seu jogo, incluindo porta-cart\u00f5es de golfe, porta-telem\u00f3vel\/GPS, porta-guarda-chuvas e bolsas para carrinhos de golfe. Cada acess\u00f3rio foi concebido para adicionar praticidade e funcionalidade \u00e0 configura\u00e7\u00e3o do seu carrinho de golfe.<\/p>\r\n\t\t<\/div>\n\t<\/div>\n\t \t<div id=\"accordion-2038916886\" class=\"accordion-item\">\n\t\t<a id=\"accordion-2038916886-label\" class=\"accordion-title plain\" href=\"#accordion-item-tem-um-carrinho-de-golfe-el\u00e9trico-de-tr\u00eas-rodas?\" aria-expanded=\"false\" aria-controls=\"accordion-2038916886-content\">\n\t\t\t<button class=\"toggle\" aria-label=\"Toggle\"><i class=\"icon-angle-down\" aria-hidden=\"true\"><\/i><\/button>\n\t\t\t<span>Tem um carrinho de golfe el\u00e9trico de tr\u00eas rodas?<\/span>\n\t\t<\/a>\n\t\t<div id=\"accordion-2038916886-content\" class=\"accordion-inner\" aria-labelledby=\"accordion-2038916886-label\">\n\t\t\t\r\n<p>Com certeza! A nossa gama inclui carrinhos de golfe avan\u00e7ados de tr\u00eas rodas, concebidos para uma estabilidade superior, manobrabilidade sem esfor\u00e7o e distribui\u00e7\u00e3o ideal do peso em todos os terrenos. A configura\u00e7\u00e3o do carrinho de tr\u00eas rodas n\u00e3o s\u00f3 melhora o equil\u00edbrio em declives e superf\u00edcies irregulares, como tamb\u00e9m proporciona curvas mais suaves e maior controlo.<\/p>\r\n\t\t<\/div>\n\t<\/div>\n\t \t<div id=\"accordion-2884170093\" class=\"accordion-item\">\n\t\t<a id=\"accordion-2884170093-label\" class=\"accordion-title plain\" href=\"#accordion-item-qual-\u00e9-o-melhor-carrinho-de-golfe-com-bateria-de-l\u00edtio?\" aria-expanded=\"false\" aria-controls=\"accordion-2884170093-content\">\n\t\t\t<button class=\"toggle\" aria-label=\"Toggle\"><i class=\"icon-angle-down\" aria-hidden=\"true\"><\/i><\/button>\n\t\t\t<span>Qual \u00e9 o melhor carrinho de golfe com bateria de l\u00edtio?<\/span>\n\t\t<\/a>\n\t\t<div id=\"accordion-2884170093-content\" class=\"accordion-inner\" aria-labelledby=\"accordion-2884170093-label\">\n\t\t\t\r\n<p>Como l\u00edder de vendas de carrinhos de golfe com bateria de l\u00edtio, todos os nossos produtos s\u00e3o fabricados com foco no desempenho, durabilidade e resist\u00eancia. Ainda assim, se est\u00e1 a comprar pela primeira vez, pode optar por modelos como o ProKaddy SG2 e o D3GTX.<\/p>\r\n\t\t<\/div>\n\t<\/div>\n\t \t<div id=\"accordion-2349331958\" class=\"accordion-item\">\n\t\t<a id=\"accordion-2349331958-label\" class=\"accordion-title plain\" href=\"#accordion-item-vendem-suportes-para-guarda-chuvas-para-carrinhos-de-golfe?\" aria-expanded=\"false\" aria-controls=\"accordion-2349331958-content\">\n\t\t\t<button class=\"toggle\" aria-label=\"Toggle\"><i class=\"icon-angle-down\" aria-hidden=\"true\"><\/i><\/button>\n\t\t\t<span>Vendem suportes para guarda-chuvas para carrinhos de golfe?<\/span>\n\t\t<\/a>\n\t\t<div id=\"accordion-2349331958-content\" class=\"accordion-inner\" aria-labelledby=\"accordion-2349331958-label\">\n\t\t\t\r\n<p>Sim, oferecemos suportes premium para guarda-chuvas, concebidos especificamente para todos os carrinhos de golfe el\u00e9tricos ProKaddy, com um sistema de montagem universal. Fabricados com materiais leves e dur\u00e1veis, estes suportes oferecem uma prote\u00e7\u00e3o fi\u00e1vel contra o sol e a chuva enquanto estiver no campo. Al\u00e9m disso, o seu design leve e compacto garante uma f\u00e1cil instala\u00e7\u00e3o, uma desmontagem r\u00e1pida e um armazenamento sem complica\u00e7\u00f5es.<\/p>\r\n\t\t<\/div>\n\t<\/div>\n\t \t<div id=\"accordion-716288342\" class=\"accordion-item\">\n\t\t<a id=\"accordion-716288342-label\" class=\"accordion-title plain\" href=\"#accordion-item-oferecem-carregadores-de-bateria-de-l\u00edtio-e-de-chumbo-\u00e1cido?\" aria-expanded=\"false\" aria-controls=\"accordion-716288342-content\">\n\t\t\t<button class=\"toggle\" aria-label=\"Toggle\"><i class=\"icon-angle-down\" aria-hidden=\"true\"><\/i><\/button>\n\t\t\t<span>Oferecem carregadores de bateria de l\u00edtio e de chumbo-\u00e1cido?<\/span>\n\t\t<\/a>\n\t\t<div id=\"accordion-716288342-content\" class=\"accordion-inner\" aria-labelledby=\"accordion-716288342-label\">\n\t\t\t\r\n<p>Sim, oferecemos! Disponibilizamos uma linha completa de carregadores compat\u00edveis com baterias de l\u00edtio e de chumbo-\u00e1cido para carrinhos de golfe. Quer se trate de um modelo de l\u00edtio de carregamento r\u00e1pido ou de um carregador de chumbo-\u00e1cido padr\u00e3o, encontrar\u00e1 o produto desejado na nossa sec\u00e7\u00e3o espec\u00edfica de carregadores.<\/p>\r\n\t\t<\/div>\n\t<\/div>\n\t \t<div id=\"accordion-306363922\" class=\"accordion-item\">\n\t\t<a id=\"accordion-306363922-label\" class=\"accordion-title plain\" href=\"#accordion-item-os-vossos-carrinhos-est\u00e3o-dispon\u00edveis-em-cores-diferentes?\" aria-expanded=\"false\" aria-controls=\"accordion-306363922-content\">\n\t\t\t<button class=\"toggle\" aria-label=\"Toggle\"><i class=\"icon-angle-down\" aria-hidden=\"true\"><\/i><\/button>\n\t\t\t<span>Os vossos carrinhos est\u00e3o dispon\u00edveis em cores diferentes?<\/span>\n\t\t<\/a>\n\t\t<div id=\"accordion-306363922-content\" class=\"accordion-inner\" aria-labelledby=\"accordion-306363922-label\">\n\t\t\t\r\n<p>Para garantir que obt\u00e9m a cor desejada para o kit que procura, oferecemos os nossos carrinhos de golfe el\u00e9tricos numa variedade de op\u00e7\u00f5es de cores, incluindo preto cl\u00e1ssico, branco e prateado. Assim, escolha o seu tom preferido e compre j\u00e1!<\/p>\r\n\t\t<\/div>\n\t<\/div>\n\t \t<div id=\"accordion-3201304976\" class=\"accordion-item\">\n\t\t<a id=\"accordion-3201304976-label\" class=\"accordion-title plain\" href=\"#accordion-item-que-op\u00e7\u00f5es-de-pagamento-aceitam?\" aria-expanded=\"false\" aria-controls=\"accordion-3201304976-content\">\n\t\t\t<button class=\"toggle\" aria-label=\"Toggle\"><i class=\"icon-angle-down\" aria-hidden=\"true\"><\/i><\/button>\n\t\t\t<span>Que op\u00e7\u00f5es de pagamento aceitam?<\/span>\n\t\t<\/a>\n\t\t<div id=\"accordion-3201304976-content\" class=\"accordion-inner\" aria-labelledby=\"accordion-3201304976-label\">\n\t\t\t\r\n<p>Aceitamos diversos m\u00e9todos de pagamento seguros, incluindo Visa, MasterCard, Maestro e American Express, bem como PayPal. Lembre-se: ao pagar atrav\u00e9s do PayPal, ser\u00e1 redirecionado para a plataforma segura para concluir a transa\u00e7\u00e3o.<\/p>\r\n\t\t<\/div>\n\t<\/div>\n\t \t<div id=\"accordion-1331085224\" class=\"accordion-item\">\n\t\t<a id=\"accordion-1331085224-label\" class=\"accordion-title plain\" href=\"#accordion-item-onde-posso-comprar-carrinhos-de-golfe-el\u00e9tricos-online?\" aria-expanded=\"false\" aria-controls=\"accordion-1331085224-content\">\n\t\t\t<button class=\"toggle\" aria-label=\"Toggle\"><i class=\"icon-angle-down\" aria-hidden=\"true\"><\/i><\/button>\n\t\t\t<span>Onde posso comprar carrinhos de golfe el\u00e9tricos online?<\/span>\n\t\t<\/a>\n\t\t<div id=\"accordion-1331085224-content\" class=\"accordion-inner\" aria-labelledby=\"accordion-1331085224-label\">\n\t\t\t\r\n<p>Porqu\u00ea arriscar e comprar a um vendedor desconhecido quando pode comprar estes carrinhos de golfe el\u00e9tricos online diretamente no nosso site oficial, ProKaddy.com\/pt-pt? Estamos empenhados em entregar o seu produto o mais r\u00e1pido poss\u00edvel, al\u00e9m de oferecer um suporte completo ao cliente.<\/p>\r\n\t\t<\/div>\n\t<\/div>\n\t <\/div> \t\t<\/div>\n\n\t\t\n<style>\n#section_487349715 {\n  padding-top: 30px;\n  padding-bottom: 30px;\n}\n<\/style>\n\t<\/section>\n\t \t\t<\/div>\n\t\t\t\t\t<\/div>\n\n\t <\/div>\r\n","protected":false},"excerpt":{"rendered":"","protected":false},"author":254583797,"featured_media":0,"parent":0,"menu_order":0,"comment_status":"closed","ping_status":"closed","template":"","meta":{"_crdt_document":"","footnotes":""},"class_list":["post-2331","page","type-page","status-publish","hentry"],"jetpack_sharing_enabled":true,"jetpack_likes_enabled":true,"jetpack_shortlink":"https:\/\/wp.me\/PfYXXP-BB","_links":{"self":[{"href":"https:\/\/prokaddy.com\/pt-pt\/wp-json\/wp\/v2\/pages\/2331","targetHints":{"allow":["GET"]}}],"collection":[{"href":"https:\/\/prokaddy.com\/pt-pt\/wp-json\/wp\/v2\/pages"}],"about":[{"href":"https:\/\/prokaddy.com\/pt-pt\/wp-json\/wp\/v2\/types\/page"}],"author":[{"embeddable":true,"href":"https:\/\/prokaddy.com\/pt-pt\/wp-json\/wp\/v2\/users\/254583797"}],"replies":[{"embeddable":true,"href":"https:\/\/prokaddy.com\/pt-pt\/wp-json\/wp\/v2\/comments?post=2331"}],"version-history":[{"count":18,"href":"https:\/\/prokaddy.com\/pt-pt\/wp-json\/wp\/v2\/pages\/2331\/revisions"}],"predecessor-version":[{"id":4990,"href":"https:\/\/prokaddy.com\/pt-pt\/wp-json\/wp\/v2\/pages\/2331\/revisions\/4990"}],"wp:attachment":[{"href":"https:\/\/prokaddy.com\/pt-pt\/wp-json\/wp\/v2\/media?parent=2331"}],"curies":[{"name":"wp","href":"https:\/\/api.w.org\/{rel}","templated":true}]}}