{"id":5668,"date":"2025-10-03T17:03:11","date_gmt":"2025-10-03T15:03:11","guid":{"rendered":"https:\/\/prokaddy.com\/?post_type=product&#038;p=5668"},"modified":"2026-03-22T18:47:08","modified_gmt":"2026-03-22T17:47:08","slug":"rueda-derecha-para-carro-de-golf-p1d3n-copy","status":"publish","type":"product","link":"https:\/\/prokaddy.com\/es\/product\/rueda-derecha-para-carro-de-golf-p1d3n-copy\/","title":{"rendered":"Rueda izquierda para carrito de golf P1D3N"},"content":{"rendered":"<p><em><span style=\"vertical-align: inherit;\"><span style=\"vertical-align: inherit;\">Caracter\u00edsticas del producto:<\/span><\/span><\/em><\/p>\n<ul>\n<li><span style=\"vertical-align: inherit;\"><span style=\"vertical-align: inherit;\">Fabricado con materiales duraderos y resistentes<\/span><\/span><\/li>\n<li><span style=\"vertical-align: inherit;\"><span style=\"vertical-align: inherit;\">F\u00e1cil montaje<\/span><\/span><\/li>\n<\/ul>\n<p><span style=\"vertical-align: inherit;\"><span style=\"vertical-align: inherit;\">Tanto si quieres sustituir una rueda desgastada como actualizar tu carro de golf, la Rueda para carro de golf es una opci\u00f3n fiable que mejorar\u00e1 tu experiencia en el campo de golf.<\/span><\/span><\/p>\n<p><span style=\"vertical-align: inherit;\"><span style=\"vertical-align: inherit;\">No dejes que una rueda desgastada arruine tu d\u00eda en el campo de golf. Invirtiendo en la rueda para carro de golf, puedes estar seguro de que tu carro de golf funcionar\u00e1 \u00f3ptimamente mientras disfrutas de tu juego favorito. <\/span><\/span><\/p>\n","protected":false},"excerpt":{"rendered":"<p><strong><span style=\"vertical-align: inherit;\"><span style=\"vertical-align: inherit;\">Rueda derecha para carro de golf<\/span><\/span><\/strong><span style=\"vertical-align: inherit;\"><span style=\"vertical-align: inherit;\">  es un componente de alta calidad para tu carrito de golf. Esta rueda est\u00e1 dise\u00f1ada para ofrecer un rendimiento \u00f3ptimo mientras disfrutas de tu juego de golf. <\/span><\/span><\/p>\n<p><span style=\"vertical-align: inherit;\"><span style=\"vertical-align: inherit;\">Esta rueda est\u00e1 fabricada con materiales duraderos y resistentes, lo que garantiza su longevidad y fiabilidad. Con su dise\u00f1o robusto, puedes confiar en que resistir\u00e1 el desgaste constante en el campo de golf. <\/span><\/span><\/p>\n","protected":false},"featured_media":5672,"comment_status":"open","ping_status":"closed","template":"","meta":{"_crdt_document":"","jetpack_publicize_message":"","jetpack_publicize_feature_enabled":true,"jetpack_social_post_already_shared":true,"jetpack_social_options":{"image_generator_settings":{"template":"highway","default_image_id":0,"font":"","enabled":false},"version":2},"_wpas_customize_per_network":false},"product_brand":[],"product_cat":[1553],"product_tag":[],"class_list":{"0":"post-5668","1":"product","2":"type-product","3":"status-publish","4":"has-post-thumbnail","6":"product_cat-repuestos","8":"first","9":"instock","10":"taxable","11":"shipping-taxable","12":"purchasable","13":"product-type-simple","14":"add-to-wishlist-after_add_to_cart"},"exclude_global_add_ons":[],"addons":[],"jetpack_publicize_connections":[],"jetpack_sharing_enabled":true,"jetpack_likes_enabled":true,"_links":{"self":[{"href":"https:\/\/prokaddy.com\/es\/wp-json\/wp\/v2\/product\/5668","targetHints":{"allow":["GET"]}}],"collection":[{"href":"https:\/\/prokaddy.com\/es\/wp-json\/wp\/v2\/product"}],"about":[{"href":"https:\/\/prokaddy.com\/es\/wp-json\/wp\/v2\/types\/product"}],"replies":[{"embeddable":true,"href":"https:\/\/prokaddy.com\/es\/wp-json\/wp\/v2\/comments?post=5668"}],"wp:featuredmedia":[{"embeddable":true,"href":"https:\/\/prokaddy.com\/es\/wp-json\/wp\/v2\/media\/5672"}],"wp:attachment":[{"href":"https:\/\/prokaddy.com\/es\/wp-json\/wp\/v2\/media?parent=5668"}],"wp:term":[{"taxonomy":"product_brand","embeddable":true,"href":"https:\/\/prokaddy.com\/es\/wp-json\/wp\/v2\/product_brand?post=5668"},{"taxonomy":"product_cat","embeddable":true,"href":"https:\/\/prokaddy.com\/es\/wp-json\/wp\/v2\/product_cat?post=5668"},{"taxonomy":"product_tag","embeddable":true,"href":"https:\/\/prokaddy.com\/es\/wp-json\/wp\/v2\/product_tag?post=5668"}],"curies":[{"name":"wp","href":"https:\/\/api.w.org\/{rel}","templated":true}]}}