{"id":4761,"date":"2025-08-06T13:54:34","date_gmt":"2025-08-06T11:54:34","guid":{"rendered":"https:\/\/prokaddy.com\/product\/carro-de-golf-electrico-mando-a-distancia-prokaddy-x2r-gris-oscuro-con-usb\/"},"modified":"2026-02-18T00:44:34","modified_gmt":"2026-02-17T23:44:34","slug":"carro-de-golf-electrico-mando-a-distancia-prokaddy-x2r-gris-oscuro-con-usb","status":"publish","type":"product","link":"https:\/\/prokaddy.com\/es\/product\/carro-de-golf-electrico-mando-a-distancia-prokaddy-x2r-gris-oscuro-con-usb\/","title":{"rendered":"ProKaddy X2R Gris Oscuro Carro de golf el\u00e9ctrico mando a distancia con USB y bater\u00eda de litio"},"content":{"rendered":"<figure class=\"wp-block-videopress-video wp-block-jetpack-videopress jetpack-videopress-player\"><div class=\"jetpack-videopress-player__wrapper\"><iframe title=\"Reproductor de video VideoPress\" aria-label=\"Reproductor de video VideoPress\" src=\"https:\/\/videopress.com\/embed\/wTwHKxjq?at=0&#038;controls=1&#038;preloadContent=metadata\" width=\"640\"height=\"360\" frameborder=\"0\" allowfullscreen data-resize-to-parent=\"true\" allow=\"clipboard-write\"><\/iframe><\/div><\/figure>\n<p>Una nueva edici\u00f3n de nuestro cat\u00e1logo.<\/p>\n<p>Conquista el campo sin esfuerzo con el ProKaddy X2R. Este caddy de golf el\u00e9ctrico con mando a distancia mejora tu juego, reduciendo la fatiga y mejorando la concentraci\u00f3n.<\/p>\n<ul>\n<li>Funcionamiento con mando a distancia para una navegaci\u00f3n sin esfuerzo.<\/li>\n<li>Dos motores potentes y silenciosos hacen frente a cualquier terreno.<\/li>\n<li>Puerto de carga USB para tus dispositivos.<\/li>\n<li>Armaz\u00f3n de aluminio duradero y ligero para facilitar el transporte.<\/li>\n<li>Acabado gris oscuro para un aspecto elegante y moderno.<\/li>\n<\/ul>\n<p>Disfruta caminando por el campo sin el esfuerzo de cargar con tu bolsa. El ProKaddy X2R te permite conservar energ\u00eda y concentrarte en tu siguiente golpe. Su mando a distancia de gran capacidad de respuesta proporciona un control preciso.<\/p>\n<p>Construida con materiales de alta calidad para un rendimiento duradero. F\u00e1cil de plegar y guardar. Vive hoy el futuro del golf.<\/p>\n<p>&nbsp;<\/p>\n<p>Caracter\u00edsticas:<\/p>\n<ul>\n<li>Carro de golf de alta tecnolog\u00eda, chasis de aleaci\u00f3n de aluminio con componentes de acero inoxidable y acabado de titanio<\/li>\n<li>Carro de golf ligero y duradero con sistema de plegado f\u00e1cil<\/li>\n<li>Ruedas desmontables para guardarlo f\u00e1cilmente<\/li>\n<li>Potente carrito de golf, los silenciosos motores dobles funcionan en modo sigilo hasta 8 Kmph<\/li>\n<li>Carro de golf con tracci\u00f3n trasera, sin p\u00e9rdida de tracci\u00f3n cuesta arriba<\/li>\n<li>Excepcional ligereza de la Bater\u00eda Optimax Lifepo4<\/li>\n<li>Temporizador del carrito de golf y funci\u00f3n de crucero<\/li>\n<li>Mando a distancia Compacto y port\u00e1til:<\/li>\n<li>Motores potentes: Incorpora 2 motores de 200 W para un rendimiento \u00f3ptimo y una conducci\u00f3n suave.<\/li>\n<li>M\u00faltiples velocidades &#8211; Ofrece 9 velocidades ajustables para adaptarse a tus preferencias y al terreno.<\/li>\n<li>Dise\u00f1o ergon\u00f3mico: La estructura plegable y las ruedas resistentes permiten un manejo c\u00f3modo en diferentes superficies.<\/li>\n<li>Materiales de tecnolog\u00eda aeroespacial<\/li>\n<li>Tarjeta de puntuaci\u00f3n, bolas de golf y soporte para tee<\/li>\n<\/ul>\n<p>Especificaci\u00f3n:<\/p>\n<p>Carro de golf Peso neto 10,5kgs<br \/>\nCarro de golf Dimensiones plegado:<br \/>\nCarro de golf Dimensiones desplegado: 1100x650x920mm<br \/>\nPotencia del motor: DC 24V\/200W<br \/>\nBater\u00eda: 24V\/12 amperios Optimax Lifepo4 ( 2 a\u00f1os de garant\u00eda )<br \/>\nTiempo de carga del carro de golf: 4-8 horas<br \/>\nCapacidad de carga del carro de golf: 30kg<br \/>\nDi\u00e1metro de las ruedas del carro de golf: Ruedas traseras 240mm Ruedas delanteras 115mm<\/p>\n<p>Accesorios opcionales:<br \/>\n&#8211; Soporte para paraguas<br \/>\n&#8211; Soporte para tel\u00e9fono\/GPS<br \/>\n&#8211; Soporte para botellas<br \/>\n&#8211; Funda para lluvia<\/p>\n","protected":false},"excerpt":{"rendered":"<figure class=\"wp-block-videopress-video wp-block-jetpack-videopress jetpack-videopress-player\"><div class=\"jetpack-videopress-player__wrapper\"><iframe title=\"Reproductor de video VideoPress\" aria-label=\"Reproductor de video VideoPress\" src=\"https:\/\/videopress.com\/embed\/7oPXqrPc?at=0&#038;controls=1&#038;preloadContent=metadata\" width=\"640\"height=\"360\" frameborder=\"0\" allowfullscreen data-resize-to-parent=\"true\" allow=\"clipboard-write\"><\/iframe><\/div><\/figure>\n<p>Mando a distancia Pro Kaddy X2R. Gris oscuro. Carga por USB. Control sin esfuerzo, m\u00e1xima comodidad en el campo.<\/p>\n<h2><span style=\"font-size: 80%;\"><strong>QU\u00c9 HAY EN LA CAJA<\/strong><\/span><\/h2>\n<ul>\n<li>Armaz\u00f3n de carro de golf<\/li>\n<li>Rueda antivuelco<\/li>\n<li>Ruedas traseras<\/li>\n<li>Tarjeta de puntuaci\u00f3n<\/li>\n<li>Bater\u00eda Optimax, cargador y cable<\/li>\n<li>Kit de herramientas<\/li>\n<li>Manuales de instrucciones<\/li>\n<\/ul>\n<p>&nbsp;<\/p>\n","protected":false},"featured_media":5170,"comment_status":"open","ping_status":"closed","template":"","meta":{"_crdt_document":"","jetpack_publicize_message":"","jetpack_publicize_feature_enabled":true,"jetpack_social_post_already_shared":true,"jetpack_social_options":{"image_generator_settings":{"template":"highway","default_image_id":0,"font":"","enabled":false},"version":2},"_wpas_customize_per_network":false},"product_brand":[1582],"product_cat":[1557],"product_tag":[],"class_list":{"0":"post-4761","1":"product","2":"type-product","3":"status-publish","4":"has-post-thumbnail","6":"product_brand-prokaddy-2","7":"product_cat-golf-carts-es","9":"first","10":"instock","11":"taxable","12":"shipping-taxable","13":"purchasable","14":"product-type-simple","15":"add-to-wishlist-after_add_to_cart"},"exclude_global_add_ons":[],"addons":[],"jetpack_publicize_connections":[],"jetpack_sharing_enabled":true,"jetpack_likes_enabled":true,"_links":{"self":[{"href":"https:\/\/prokaddy.com\/es\/wp-json\/wp\/v2\/product\/4761","targetHints":{"allow":["GET"]}}],"collection":[{"href":"https:\/\/prokaddy.com\/es\/wp-json\/wp\/v2\/product"}],"about":[{"href":"https:\/\/prokaddy.com\/es\/wp-json\/wp\/v2\/types\/product"}],"replies":[{"embeddable":true,"href":"https:\/\/prokaddy.com\/es\/wp-json\/wp\/v2\/comments?post=4761"}],"wp:featuredmedia":[{"embeddable":true,"href":"https:\/\/prokaddy.com\/es\/wp-json\/wp\/v2\/media\/5170"}],"wp:attachment":[{"href":"https:\/\/prokaddy.com\/es\/wp-json\/wp\/v2\/media?parent=4761"}],"wp:term":[{"taxonomy":"product_brand","embeddable":true,"href":"https:\/\/prokaddy.com\/es\/wp-json\/wp\/v2\/product_brand?post=4761"},{"taxonomy":"product_cat","embeddable":true,"href":"https:\/\/prokaddy.com\/es\/wp-json\/wp\/v2\/product_cat?post=4761"},{"taxonomy":"product_tag","embeddable":true,"href":"https:\/\/prokaddy.com\/es\/wp-json\/wp\/v2\/product_tag?post=4761"}],"curies":[{"name":"wp","href":"https:\/\/api.w.org\/{rel}","templated":true}]}}