{"id":4760,"date":"2025-08-05T17:38:50","date_gmt":"2025-08-05T15:38:50","guid":{"rendered":"https:\/\/prokaddy.com\/product\/carro-de-golf-electrico-pro-kaddy-p1rt2-blanco-con-mando-a-distancia-y-usb\/"},"modified":"2025-10-11T12:57:03","modified_gmt":"2025-10-11T10:57:03","slug":"carro-de-golf-electrico-pro-kaddy-p1rt2-blanco-con-mando-a-distancia-y-usb","status":"publish","type":"product","link":"https:\/\/prokaddy.com\/es\/product\/carro-de-golf-electrico-pro-kaddy-p1rt2-blanco-con-mando-a-distancia-y-usb\/","title":{"rendered":"ProKaddy P1RT2 Carro de golf el\u00e9ctrico blanco con mando a distancia y USB"},"content":{"rendered":"<p>El \u00faltimo modelo de nuestra gama de carros de golf de calidad.<\/p>\n<p>Conquista el campo sin esfuerzo con el ProKaddy P1RT2. Este carro de golf el\u00e9ctrico revoluciona tu juego, reduciendo la fatiga y mejorando la concentraci\u00f3n.<\/p>\n<ul>\n<li>Funcionamiento con mando a distancia para una navegaci\u00f3n manos libres.<\/li>\n<li>El potente motor aborda cualquier terreno con facilidad.<\/li>\n<li>El armaz\u00f3n duradero garantiza un rendimiento duradero.<\/li>\n<li>Dise\u00f1o plegable para un almacenamiento y transporte compactos.<\/li>\n<\/ul>\n<p>Disfruta de un juego m\u00e1s relajado y concentrado. El mando a distancia permite una navegaci\u00f3n fluida, conservando la energ\u00eda para los golpes cruciales. El Pro Kaddy P1 RT2 es tu compa\u00f1ero caddy definitivo<\/p>\n<p>&nbsp;<\/p>\n<pre><\/pre>\n<h1><\/h1>\n<p>Caracter\u00edsticas:<\/p>\n<ul>\n<li>Carro de golf de alta tecnolog\u00eda Chasis de aleaci\u00f3n de aluminio con componentes de acero inoxidable y acabado de titanio<\/li>\n<li>Carro de golf ligero y duradero con el mejor sistema de cierre plegable del sector<\/li>\n<li>Ruedas desmontables para guardarlo f\u00e1cilmente<\/li>\n<li>Potente carrito de golf, los motores silenciosos funcionan en modo oculto hasta 9 Kmph<\/li>\n<li>Carro de golf con tracci\u00f3n trasera, sin p\u00e9rdida de tracci\u00f3n cuesta arriba<\/li>\n<li>Excepcional ligereza de la Bater\u00eda Optimax Lifepo4<\/li>\n<li>Temporizador del carrito de golf y funci\u00f3n de crucero<\/li>\n<li>Mando a distancia Compacto y port\u00e1til:<\/li>\n<li>Motores potentes: Incorpora 2 motores de 200 W para un rendimiento \u00f3ptimo y una conducci\u00f3n suave.<\/li>\n<li>M\u00faltiples velocidades &#8211; Ofrece 9 velocidades ajustables para adaptarse a tus preferencias y al terreno.<\/li>\n<li>Dise\u00f1o ergon\u00f3mico: La estructura plegable y las ruedas resistentes permiten un manejo c\u00f3modo en diferentes superficies.<\/li>\n<li>Este carrito de golf el\u00e9ctrico plegable est\u00e1 fabricado en aluminio ligero, por lo que es f\u00e1cil de transportar y guardar<\/li>\n<li>Tarjeta de puntuaci\u00f3n, bolas de golf y soporte para tee<\/li>\n<\/ul>\n<p><img data-recalc-dims=\"1\" loading=\"lazy\" decoding=\"async\" class=\"alignnone wp-image-4541\" src=\"https:\/\/i0.wp.com\/prokaddy.com\/wp-content\/uploads\/2025\/07\/Slide1.png?resize=1006%2C566&#038;ssl=1\" alt=\"\" width=\"1006\" height=\"566\" srcset=\"https:\/\/i0.wp.com\/prokaddy.com\/wp-content\/uploads\/2025\/07\/Slide1.png?w=1280&amp;ssl=1 1280w, https:\/\/i0.wp.com\/prokaddy.com\/wp-content\/uploads\/2025\/07\/Slide1.png?resize=711%2C400&amp;ssl=1 711w, https:\/\/i0.wp.com\/prokaddy.com\/wp-content\/uploads\/2025\/07\/Slide1.png?resize=768%2C432&amp;ssl=1 768w, https:\/\/i0.wp.com\/prokaddy.com\/wp-content\/uploads\/2025\/07\/Slide1.png?resize=500%2C281&amp;ssl=1 500w, https:\/\/i0.wp.com\/prokaddy.com\/wp-content\/uploads\/2025\/07\/Slide1.png?resize=320%2C180&amp;ssl=1 320w\" sizes=\"auto, (max-width: 1006px) 100vw, 1006px\" \/><\/p>\n<p>&nbsp;<\/p>\n<p>&nbsp;<\/p>\n<p>Especificaci\u00f3n:<\/p>\n<p>Carrito de golf Peso total: 18,5kgs&#8230;NW: 16,5kgs<br \/>\nCarrito de golf Dimensiones plegado: 820x520x240mm<br \/>\nCarro de golf Dimensiones desplegado: 1170x700x1140mm Carro de golf<br \/>\nPotencia del motor: DC 12V\/200W<br \/>\nBater\u00eda: 12V\/18 amperios Optimax Lifepo4 ( 2 a\u00f1os de garant\u00eda )<br \/>\nTiempo de carga del carro de golf: 4-8 horas<br \/>\nCapacidad de carga del carro de golf: 40kg<br \/>\nDi\u00e1metro de las ruedas del carro de golf: Ruedas traseras 240mm Ruedas delanteras 115mm<\/p>\n<p>&nbsp;<\/p>\n<p>Accesorios opcionales:<\/p>\n<ul>\n<li>Soporte para paraguas<\/li>\n<li>Soporte para tel\u00e9fono\/GPS<\/li>\n<li>Soporte para botellas<\/li>\n<li>Funda para lluvia<\/li>\n<\/ul>\n<p>&nbsp;<\/p>\n","protected":false},"excerpt":{"rendered":"<p>Carro de golf el\u00e9ctrico con mando a distancia. Navegaci\u00f3n sin esfuerzo, bater\u00eda de larga duraci\u00f3n y plegado compacto. \u00a1Conquista el campo!<\/p>\n<h2><span style=\"font-size: 80%;\"><strong>QU\u00c9 HAY EN LA CAJA<\/strong><\/span><\/h2>\n<ul>\n<li>Armaz\u00f3n de carro de golf<\/li>\n<li>Rueda antivuelco<\/li>\n<li>Ruedas traseras<\/li>\n<li>Tarjeta de puntuaci\u00f3n<\/li>\n<li>Bater\u00eda Optimax, cargador y cable<\/li>\n<li>Kit de herramientas<\/li>\n<li>Manuales de instrucciones<\/li>\n<\/ul>\n<p>&nbsp;<\/p>\n","protected":false},"featured_media":5212,"comment_status":"open","ping_status":"closed","template":"","meta":{"_crdt_document":"","jetpack_publicize_message":"","jetpack_publicize_feature_enabled":true,"jetpack_social_post_already_shared":true,"jetpack_social_options":{"image_generator_settings":{"template":"highway","default_image_id":0,"font":"","enabled":false},"version":2},"_wpas_customize_per_network":false},"product_brand":[1582],"product_cat":[1557],"product_tag":[],"class_list":{"0":"post-4760","1":"product","2":"type-product","3":"status-publish","4":"has-post-thumbnail","6":"product_brand-prokaddy-2","7":"product_cat-golf-carts-es","9":"first","10":"instock","11":"taxable","12":"shipping-taxable","13":"purchasable","14":"product-type-simple","15":"add-to-wishlist-after_add_to_cart"},"exclude_global_add_ons":[],"addons":[],"jetpack_publicize_connections":[],"jetpack_sharing_enabled":true,"jetpack_likes_enabled":true,"_links":{"self":[{"href":"https:\/\/prokaddy.com\/es\/wp-json\/wp\/v2\/product\/4760","targetHints":{"allow":["GET"]}}],"collection":[{"href":"https:\/\/prokaddy.com\/es\/wp-json\/wp\/v2\/product"}],"about":[{"href":"https:\/\/prokaddy.com\/es\/wp-json\/wp\/v2\/types\/product"}],"replies":[{"embeddable":true,"href":"https:\/\/prokaddy.com\/es\/wp-json\/wp\/v2\/comments?post=4760"}],"wp:featuredmedia":[{"embeddable":true,"href":"https:\/\/prokaddy.com\/es\/wp-json\/wp\/v2\/media\/5212"}],"wp:attachment":[{"href":"https:\/\/prokaddy.com\/es\/wp-json\/wp\/v2\/media?parent=4760"}],"wp:term":[{"taxonomy":"product_brand","embeddable":true,"href":"https:\/\/prokaddy.com\/es\/wp-json\/wp\/v2\/product_brand?post=4760"},{"taxonomy":"product_cat","embeddable":true,"href":"https:\/\/prokaddy.com\/es\/wp-json\/wp\/v2\/product_cat?post=4760"},{"taxonomy":"product_tag","embeddable":true,"href":"https:\/\/prokaddy.com\/es\/wp-json\/wp\/v2\/product_tag?post=4760"}],"curies":[{"name":"wp","href":"https:\/\/api.w.org\/{rel}","templated":true}]}}