{"id":4737,"date":"2025-08-10T15:54:15","date_gmt":"2025-08-10T13:54:15","guid":{"rendered":"https:\/\/prokaddy.com\/product\/carro-de-golf-electrico-mando-a-distancia-prokaddy-x2r-rojo-con-usb\/"},"modified":"2026-01-14T16:54:36","modified_gmt":"2026-01-14T15:54:36","slug":"carro-de-golf-electrico-mando-a-distancia-prokaddy-x2r-rojo-con-usb","status":"publish","type":"product","link":"https:\/\/prokaddy.com\/es\/product\/carro-de-golf-electrico-mando-a-distancia-prokaddy-x2r-rojo-con-usb\/","title":{"rendered":"ProKaddy X2R Rojo con USB Carro de golf el\u00e9ctrico con mando a distancia"},"content":{"rendered":"<figure class=\"wp-block-videopress-video wp-block-jetpack-videopress jetpack-videopress-player\"><div class=\"jetpack-videopress-player__wrapper\"><iframe title=\"Reproductor de video VideoPress\" aria-label=\"Reproductor de video VideoPress\" src=\"https:\/\/videopress.com\/embed\/wTwHKxjq?at=0&#038;controls=1&#038;preloadContent=metadata\" width=\"640\"height=\"360\" frameborder=\"0\" allowfullscreen data-resize-to-parent=\"true\" allow=\"clipboard-write\"><\/iframe><\/div><\/figure>\n<p>Una nueva edici\u00f3n de nuestro cat\u00e1logo.<\/p>\n<p>Recorre el campo sin esfuerzo con el carro de golf el\u00e9ctrico ProKaddy X2R. Disfruta de la comodidad del mando a distancia y de un rendimiento superior.<\/p>\n<p>Experimenta menos fatiga y m\u00e1s concentraci\u00f3n en tu juego. El ProKaddy X2 R simplifica la gesti\u00f3n del campo, permiti\u00e9ndote conservar energ\u00eda.<\/p>\n<p>Su robusto dise\u00f1o garantiza a\u00f1os de servicio fiable.<\/p>\n<p>Construida con materiales de alta calidad para un rendimiento duradero. F\u00e1cil de plegar y guardar.<\/p>\n<p>Experimenta hoy el futuro del golf Su mando a distancia sensible proporciona un control preciso.<\/p>\n<p>El caddy de golf el\u00e9ctrico con mando a distancia ProKaddy X2R. mejora tu juego, reduciendo la fatiga y mejorando la concentraci\u00f3n.<\/p>\n<p><img data-recalc-dims=\"1\" loading=\"lazy\" decoding=\"async\" class=\"alignnone wp-image-4682\" src=\"https:\/\/i0.wp.com\/prokaddy.com\/wp-content\/uploads\/2025\/08\/X2R-3.png?resize=656%2C656&#038;ssl=1\" alt=\"\" width=\"656\" height=\"656\" srcset=\"https:\/\/i0.wp.com\/prokaddy.com\/wp-content\/uploads\/2025\/08\/X2R-3.png?w=4500&amp;ssl=1 4500w, https:\/\/i0.wp.com\/prokaddy.com\/wp-content\/uploads\/2025\/08\/X2R-3.png?resize=400%2C400&amp;ssl=1 400w, https:\/\/i0.wp.com\/prokaddy.com\/wp-content\/uploads\/2025\/08\/X2R-3.png?resize=800%2C800&amp;ssl=1 800w, https:\/\/i0.wp.com\/prokaddy.com\/wp-content\/uploads\/2025\/08\/X2R-3.png?resize=280%2C280&amp;ssl=1 280w, https:\/\/i0.wp.com\/prokaddy.com\/wp-content\/uploads\/2025\/08\/X2R-3.png?resize=768%2C768&amp;ssl=1 768w, https:\/\/i0.wp.com\/prokaddy.com\/wp-content\/uploads\/2025\/08\/X2R-3.png?resize=1536%2C1536&amp;ssl=1 1536w, https:\/\/i0.wp.com\/prokaddy.com\/wp-content\/uploads\/2025\/08\/X2R-3.png?resize=2048%2C2048&amp;ssl=1 2048w, https:\/\/i0.wp.com\/prokaddy.com\/wp-content\/uploads\/2025\/08\/X2R-3.png?resize=1320%2C1320&amp;ssl=1 1320w, https:\/\/i0.wp.com\/prokaddy.com\/wp-content\/uploads\/2025\/08\/X2R-3.png?resize=320%2C320&amp;ssl=1 320w, https:\/\/i0.wp.com\/prokaddy.com\/wp-content\/uploads\/2025\/08\/X2R-3.png?resize=500%2C500&amp;ssl=1 500w, https:\/\/i0.wp.com\/prokaddy.com\/wp-content\/uploads\/2025\/08\/X2R-3.png?resize=100%2C100&amp;ssl=1 100w, https:\/\/i0.wp.com\/prokaddy.com\/wp-content\/uploads\/2025\/08\/X2R-3.png?w=3060&amp;ssl=1 3060w\" sizes=\"auto, (max-width: 656px) 100vw, 656px\" \/><\/p>\n<p><strong>Caracter\u00edsticas:<\/strong><\/p>\n<ul>\n<li>Carro de golf de alta tecnolog\u00eda, chasis de aleaci\u00f3n de aluminio con componentes de acero inoxidable y acabado de titanio<\/li>\n<li>Carro de golf ligero y duradero con sistema de plegado f\u00e1cil<\/li>\n<li>Ruedas desmontables para guardarlo f\u00e1cilmente<\/li>\n<li>Potente carrito de golf, los silenciosos motores dobles funcionan en modo sigilo hasta 8 Kmph<\/li>\n<li>Carro de golf con tracci\u00f3n trasera, sin p\u00e9rdida de tracci\u00f3n cuesta arriba<\/li>\n<li>Excepcional ligereza de la Bater\u00eda Optimax Lifepo4<\/li>\n<li>Temporizador del carrito de golf y funci\u00f3n de crucero<\/li>\n<li>Funcionamiento con mando a distancia para una navegaci\u00f3n sin esfuerzo.<\/li>\n<li>Motores potentes: Incorpora 2 motores de 200 W para un rendimiento \u00f3ptimo y una conducci\u00f3n suave.<\/li>\n<li>M\u00faltiples velocidades &#8211; Ofrece 9 velocidades ajustables para adaptarse a tus preferencias y al terreno.<\/li>\n<li>Dise\u00f1o ergon\u00f3mico: La estructura plegable y las ruedas resistentes permiten un manejo c\u00f3modo en diferentes superficies.<\/li>\n<li>Materiales de tecnolog\u00eda aeroespacial<\/li>\n<li>Elegante acabado rojo para un aspecto elegante y moderno.<\/li>\n<li>Tarjeta, pelotas de golf y soporte para tee<\/li>\n<\/ul>\n<p><strong>Especificaci\u00f3n:<\/strong><\/p>\n<p>Carrito de golf Peso neto 10,5 kgs<br \/>\nCarrito de golf Dimensiones plegado: 800x600x300mm<br \/>\nCarro de Golf Dimensiones Desplegado: 1100x650x920mm<br \/>\nPuerto USB de carga para tus dispositivos.<br \/>\nPotencia del motor: CC 24V\/200W<br \/>\nBater\u00eda: 24V\/12 amperios Optimax Lifepo4 ( 2 a\u00f1os de garant\u00eda )<br \/>\nTiempo de carga del carrito de golf: 4-8 horas<br \/>\nCapacidad de carga del carrito de golf: 30kg<br \/>\nDi\u00e1metro de las ruedas del carrito de golf: Ruedas traseras 240mm Ruedas delanteras 115mm<\/p>\n<p><strong>Accesorios opcionales<\/strong>:<\/p>\n<ul>\n<li><span style=\"vertical-align: inherit;\">Parag\u00fcero<\/span><\/li>\n<li><span style=\"vertical-align: inherit;\">Soporte para tel\u00e9fono\/GPS<\/span><\/li>\n<li>Portabotellas<\/li>\n<li>Cubierta antilluvia<\/li>\n<\/ul>\n","protected":false},"excerpt":{"rendered":"<figure class=\"wp-block-videopress-video wp-block-jetpack-videopress jetpack-videopress-player\"><div class=\"jetpack-videopress-player__wrapper\"><iframe title=\"Reproductor de video VideoPress\" aria-label=\"Reproductor de video VideoPress\" src=\"https:\/\/videopress.com\/embed\/7oPXqrPc?at=0&#038;controls=1&#038;preloadContent=metadata\" width=\"640\"height=\"360\" frameborder=\"0\" allowfullscreen data-resize-to-parent=\"true\" allow=\"clipboard-write\"><\/iframe><\/div><\/figure>\n<p>Mando a distancia Pro Kaddy X2R. Rojo. Carga por USB. Control sin esfuerzo, m\u00e1xima comodidad en el campo.   <\/p>\n<h2><span style=\"font-size: 80%;\"><strong>QU\u00c9 HAY EN LA CAJA<\/strong><\/span><\/h2>\n<ul>\n<li>Armaz\u00f3n de carro de golf<\/li>\n<li>Rueda antivuelco<\/li>\n<li>Ruedas traseras<\/li>\n<li>Tarjeta de puntuaci\u00f3n<\/li>\n<li>Bater\u00eda Optimax, cargador y cable<\/li>\n<li>Kit de herramientas<\/li>\n<li>Manuales de instrucciones<\/li>\n<\/ul>\n<p>&nbsp;<\/p>\n","protected":false},"featured_media":4687,"comment_status":"open","ping_status":"closed","template":"","meta":{"_crdt_document":"","jetpack_publicize_message":"","jetpack_publicize_feature_enabled":true,"jetpack_social_post_already_shared":true,"jetpack_social_options":{"image_generator_settings":{"template":"highway","default_image_id":0,"font":"","enabled":false},"version":2},"_wpas_customize_per_network":false},"product_brand":[1582],"product_cat":[1557],"product_tag":[],"class_list":{"0":"post-4737","1":"product","2":"type-product","3":"status-publish","4":"has-post-thumbnail","6":"product_brand-prokaddy-2","7":"product_cat-golf-carts-es","9":"first","10":"instock","11":"taxable","12":"shipping-taxable","13":"purchasable","14":"product-type-simple","15":"add-to-wishlist-after_add_to_cart"},"exclude_global_add_ons":[],"addons":[],"jetpack_publicize_connections":[],"jetpack_sharing_enabled":true,"jetpack_likes_enabled":true,"_links":{"self":[{"href":"https:\/\/prokaddy.com\/es\/wp-json\/wp\/v2\/product\/4737","targetHints":{"allow":["GET"]}}],"collection":[{"href":"https:\/\/prokaddy.com\/es\/wp-json\/wp\/v2\/product"}],"about":[{"href":"https:\/\/prokaddy.com\/es\/wp-json\/wp\/v2\/types\/product"}],"replies":[{"embeddable":true,"href":"https:\/\/prokaddy.com\/es\/wp-json\/wp\/v2\/comments?post=4737"}],"wp:featuredmedia":[{"embeddable":true,"href":"https:\/\/prokaddy.com\/es\/wp-json\/wp\/v2\/media\/4687"}],"wp:attachment":[{"href":"https:\/\/prokaddy.com\/es\/wp-json\/wp\/v2\/media?parent=4737"}],"wp:term":[{"taxonomy":"product_brand","embeddable":true,"href":"https:\/\/prokaddy.com\/es\/wp-json\/wp\/v2\/product_brand?post=4737"},{"taxonomy":"product_cat","embeddable":true,"href":"https:\/\/prokaddy.com\/es\/wp-json\/wp\/v2\/product_cat?post=4737"},{"taxonomy":"product_tag","embeddable":true,"href":"https:\/\/prokaddy.com\/es\/wp-json\/wp\/v2\/product_tag?post=4737"}],"curies":[{"name":"wp","href":"https:\/\/api.w.org\/{rel}","templated":true}]}}