{"id":4729,"date":"2025-08-16T13:27:14","date_gmt":"2025-08-16T11:27:14","guid":{"rendered":"https:\/\/prokaddy.com\/?post_type=product&#038;p=4729"},"modified":"2025-10-12T09:46:59","modified_gmt":"2025-10-12T07:46:59","slug":"carro-de-golf-electrico-prokaddy-modelo-d3gtxl-blanco-con-usb-y-bateria-de-litio-copy","status":"publish","type":"product","link":"https:\/\/prokaddy.com\/es\/product\/carro-de-golf-electrico-prokaddy-modelo-d3gtxl-blanco-con-usb-y-bateria-de-litio-copy\/","title":{"rendered":"Carro de golf el\u00e9ctrico ProKaddy modelo D3GTX blanco con USB, asiento extra\u00edble y bater\u00eda de litio"},"content":{"rendered":"<p><span style=\"vertical-align: inherit;\"><span style=\"vertical-align: inherit;\">\u00a1Experimenta la comodidad y la eficiencia con nuestro carro de golf el\u00e9ctrico ProKaddy modelo D3GTXL! Este carrito de golf es perfecto para golfistas de todos los niveles, ya que ofrece una experiencia de juego sin complicaciones. <\/span><\/span><\/p>\n<p><span style=\"vertical-align: inherit;\"><span style=\"vertical-align: inherit;\">Nuestro modelo D3GTXL incorpora una bater\u00eda de litio de larga duraci\u00f3n que garantiza un rendimiento \u00f3ptimo en el campo de golf. Esta bater\u00eda ligera y potente te permite jugar sin interrupciones, para que puedas concentrarte en tu juego y no en cargar el carrito. <\/span><\/span><\/p>\n<p><span style=\"vertical-align: inherit;\"><span style=\"vertical-align: inherit;\">Adem\u00e1s, el carro de golf el\u00e9ctrico ProKaddy D3GTXL est\u00e1 equipado con un puerto USB que te permite cargar tus dispositivos electr\u00f3nicos mientras juegas. No te quedes nunca sin bater\u00eda en tu tel\u00e9fono o dispositivos GPS gracias a esta pr\u00e1ctica funci\u00f3n. <\/span><\/span><\/p>\n<p><span style=\"vertical-align: inherit;\"><span style=\"vertical-align: inherit;\">Con su dise\u00f1o robusto y duradero, el D3GTXL es f\u00e1cil de maniobrar en el campo de golf. Sus ruedas de alta tracci\u00f3n garantizan una conducci\u00f3n suave en cualquier terreno, permiti\u00e9ndote centrarte en tu juego y no en la navegaci\u00f3n del carrito. <\/span><\/span><\/p>\n<ul>\n<li><span style=\"vertical-align: inherit;\"><span style=\"vertical-align: inherit;\">Ruedas de alta tracci\u00f3n para rodar suavemente por cualquier terreno<\/span><\/span><\/li>\n<li><span style=\"vertical-align: inherit;\"><span style=\"vertical-align: inherit;\">Bater\u00eda de litio de larga duraci\u00f3n para un rendimiento \u00f3ptimo<\/span><\/span><\/li>\n<li><span style=\"vertical-align: inherit;\"><span style=\"vertical-align: inherit;\">Puerto USB para cargar dispositivos electr\u00f3nicos durante el juego<\/span><\/span><\/li>\n<li><span style=\"vertical-align: inherit;\"><span style=\"vertical-align: inherit;\">Dise\u00f1o novedoso y ergon\u00f3mico<\/span><\/span><\/li>\n<li><span style=\"vertical-align: inherit;\"><span style=\"vertical-align: inherit;\">Robusta estructura de aluminio con asiento extra\u00edble<\/span><\/span><\/li>\n<li><span style=\"vertical-align: inherit;\"><span style=\"vertical-align: inherit;\">F\u00e1cilmente plegable<\/span><\/span><\/li>\n<li><span style=\"vertical-align: inherit;\"><span style=\"vertical-align: inherit;\">Ruedas desmontables<\/span><\/span><\/li>\n<li><span style=\"vertical-align: inherit;\"><span style=\"vertical-align: inherit;\">Funci\u00f3n de rueda libre<\/span><\/span><\/li>\n<li><span style=\"vertical-align: inherit;\"><span style=\"vertical-align: inherit;\">Control electr\u00f3nico de arranque y parada<\/span><\/span><\/li>\n<li><span style=\"vertical-align: inherit;\"><span style=\"vertical-align: inherit;\">Control de velocidad<\/span><\/span><\/li>\n<li><span style=\"vertical-align: inherit;\"><span style=\"vertical-align: inherit;\">Bater\u00eda de litio 12v 18amp ( 2 a\u00f1os de garant\u00eda)<\/span><\/span><\/li>\n<li><span style=\"vertical-align: inherit;\"><span style=\"vertical-align: inherit;\">Motor muy potente y silencioso<\/span><\/span><\/li>\n<li><span style=\"vertical-align: inherit;\"><span style=\"vertical-align: inherit;\">Cargador de bater\u00eda 220v\/dc14,6V<\/span><\/span><\/li>\n<li><span style=\"vertical-align: inherit;\"><span style=\"vertical-align: inherit;\">Certificados CE y ROHS<\/span><\/span><\/li>\n<li><span style=\"vertical-align: inherit;\"><span style=\"vertical-align: inherit;\">3 a\u00f1os de garant\u00eda en el carro<\/span><\/span><\/li>\n<li><span style=\"vertical-align: inherit;\"><span style=\"vertical-align: inherit;\">Manual del usuario<\/span><\/span><\/li>\n<li>Color blanco<\/li>\n<li>Tarjeta de puntuaci\u00f3n, bolas de golf y soporte para tee<\/li>\n<\/ul>\n<p><strong><br \/>\n  <span style=\"vertical-align: inherit;\"><br \/>\n    <span style=\"vertical-align: inherit;\">Especificaciones <\/span><br \/>\n  <\/span><br \/>\n<\/strong><strong><br \/>\n  <span style=\"vertical-align: inherit;\"><br \/>\n    <span style=\"vertical-align: inherit;\">:<\/span><br \/>\n  <\/span><br \/>\n<\/strong><\/p>\n<ul>\n<li>Control de tres distancias 10mtrs 20mtrs 30mtrs<\/li>\n<li><span style=\"vertical-align: inherit;\"><span style=\"vertical-align: inherit;\">Velocidad m\u00e1xima 8kmh<\/span><\/span><\/li>\n<li><span style=\"vertical-align: inherit;\"><span style=\"vertical-align: inherit;\">Pendiente m\u00e1xima de subida 22\u00ba<\/span><\/span><\/li>\n<li><span style=\"vertical-align: inherit;\"><span style=\"vertical-align: inherit;\">Dimensiones plegado: 952 largo x 700 ancho x 242 mm alto<\/span><\/span><\/li>\n<li><span style=\"vertical-align: inherit;\"><span style=\"vertical-align: inherit;\">Dimensiones abiertas: 1170 largo x 700 ancho x 1140 mm alto<\/span><\/span><\/li>\n<li><span style=\"vertical-align: inherit;\"><span style=\"vertical-align: inherit;\">Motor de 200 W<\/span><\/span><\/li>\n<li><span style=\"vertical-align: inherit;\"><span style=\"vertical-align: inherit;\">Peso m\u00e1ximo de carga 40 kg<\/span><\/span><\/li>\n<\/ul>\n<p><strong>Accesorios opcionales<\/strong>:<\/p>\n<ul>\n<li><span style=\"vertical-align: inherit;\"><span style=\"vertical-align: inherit;\">Parag\u00fcero<\/span><\/span><\/li>\n<li><span style=\"vertical-align: inherit;\"><span style=\"vertical-align: inherit;\">Soporte para tel\u00e9fono\/GPS<\/span><\/span><\/li>\n<li><span style=\"vertical-align: inherit;\"><span style=\"vertical-align: inherit;\">Bolsa de transporte<\/span><\/span><\/li>\n<li>Portabotellas<\/li>\n<li>Cubierta antilluvia<\/li>\n<\/ul>\n<p><img data-recalc-dims=\"1\" loading=\"lazy\" decoding=\"async\" class=\"wp-image-927 alignright\" src=\"https:\/\/i0.wp.com\/prokaddy.com\/wp-content\/uploads\/2024\/09\/carro-de-golf-d3gtx-litio.png?resize=364%2C364&#038;ssl=1\" alt=\"\" width=\"364\" height=\"364\" srcset=\"https:\/\/i0.wp.com\/prokaddy.com\/wp-content\/uploads\/2024\/09\/carro-de-golf-d3gtx-litio.png?w=1024&amp;ssl=1 1024w, https:\/\/i0.wp.com\/prokaddy.com\/wp-content\/uploads\/2024\/09\/carro-de-golf-d3gtx-litio.png?resize=400%2C400&amp;ssl=1 400w, https:\/\/i0.wp.com\/prokaddy.com\/wp-content\/uploads\/2024\/09\/carro-de-golf-d3gtx-litio.png?resize=800%2C800&amp;ssl=1 800w, https:\/\/i0.wp.com\/prokaddy.com\/wp-content\/uploads\/2024\/09\/carro-de-golf-d3gtx-litio.png?resize=280%2C280&amp;ssl=1 280w, https:\/\/i0.wp.com\/prokaddy.com\/wp-content\/uploads\/2024\/09\/carro-de-golf-d3gtx-litio.png?resize=768%2C768&amp;ssl=1 768w, https:\/\/i0.wp.com\/prokaddy.com\/wp-content\/uploads\/2024\/09\/carro-de-golf-d3gtx-litio.png?resize=520%2C520&amp;ssl=1 520w, https:\/\/i0.wp.com\/prokaddy.com\/wp-content\/uploads\/2024\/09\/carro-de-golf-d3gtx-litio.png?resize=100%2C100&amp;ssl=1 100w\" sizes=\"auto, (max-width: 364px) 100vw, 364px\" \/><\/p>\n<p><span style=\"vertical-align: inherit;\"><span style=\"vertical-align: inherit;\">En resumen, el carro de golf el\u00e9ctrico ProKaddy modelo D3GTXL es la elecci\u00f3n perfecta para los golfistas que buscan comodidad, eficacia y rendimiento en un carro de golf. Mejora tu experiencia en el campo de golf con nuestro modelo D3GTXL y \u00a1lleva tu juego al siguiente nivel! <\/span><\/span><\/p>\n","protected":false},"excerpt":{"rendered":"<p><span style=\"vertical-align: inherit;\"><span style=\"vertical-align: inherit;\">&#8220;Experimenta la comodidad y la eficiencia con nuestro carro de golf el\u00e9ctrico ProKaddy &#8211; Modelo D3GTXL. Dise\u00f1o robusto, bater\u00eda de larga duraci\u00f3n y puerto USB para cargar dispositivos electr\u00f3nicos. Mejora tu juego ahora!&#8221;<\/span><\/span><\/p>\n<p><strong><span style=\"vertical-align: inherit;\"><span style=\"vertical-align: inherit;\">Accesorios opcionales:<\/span><\/span><\/strong><\/p>\n<ul>\n<li><span style=\"vertical-align: inherit;\"><span style=\"vertical-align: inherit;\">  Parag\u00fcero<\/span><\/span><\/li>\n<li><span style=\"vertical-align: inherit;\"><span style=\"vertical-align: inherit;\">  Soporte para tel\u00e9fono\/GPS<\/span><\/span><\/li>\n<li><span style=\"vertical-align: inherit;\"><span style=\"vertical-align: inherit;\">  Bolsa de transporte<\/span><\/span><\/li>\n<li><span style=\"vertical-align: inherit;\"><span style=\"vertical-align: inherit;\">  Bater\u00eda de plomo de 12 V y 33 amperios<\/span><\/span><\/li>\n<\/ul>\n","protected":false},"featured_media":5293,"comment_status":"open","ping_status":"closed","template":"","meta":{"_crdt_document":"","jetpack_publicize_message":"","jetpack_publicize_feature_enabled":true,"jetpack_social_post_already_shared":true,"jetpack_social_options":{"image_generator_settings":{"template":"highway","default_image_id":0,"font":"","enabled":false},"version":2},"_wpas_customize_per_network":false},"product_brand":[1582],"product_cat":[1557],"product_tag":[],"class_list":{"0":"post-4729","1":"product","2":"type-product","3":"status-publish","4":"has-post-thumbnail","6":"product_brand-prokaddy-2","7":"product_cat-golf-carts-es","9":"first","10":"instock","11":"taxable","12":"shipping-taxable","13":"purchasable","14":"product-type-simple","15":"add-to-wishlist-after_add_to_cart"},"exclude_global_add_ons":[],"addons":[],"jetpack_publicize_connections":[],"jetpack_sharing_enabled":true,"jetpack_likes_enabled":true,"_links":{"self":[{"href":"https:\/\/prokaddy.com\/es\/wp-json\/wp\/v2\/product\/4729","targetHints":{"allow":["GET"]}}],"collection":[{"href":"https:\/\/prokaddy.com\/es\/wp-json\/wp\/v2\/product"}],"about":[{"href":"https:\/\/prokaddy.com\/es\/wp-json\/wp\/v2\/types\/product"}],"replies":[{"embeddable":true,"href":"https:\/\/prokaddy.com\/es\/wp-json\/wp\/v2\/comments?post=4729"}],"wp:featuredmedia":[{"embeddable":true,"href":"https:\/\/prokaddy.com\/es\/wp-json\/wp\/v2\/media\/5293"}],"wp:attachment":[{"href":"https:\/\/prokaddy.com\/es\/wp-json\/wp\/v2\/media?parent=4729"}],"wp:term":[{"taxonomy":"product_brand","embeddable":true,"href":"https:\/\/prokaddy.com\/es\/wp-json\/wp\/v2\/product_brand?post=4729"},{"taxonomy":"product_cat","embeddable":true,"href":"https:\/\/prokaddy.com\/es\/wp-json\/wp\/v2\/product_cat?post=4729"},{"taxonomy":"product_tag","embeddable":true,"href":"https:\/\/prokaddy.com\/es\/wp-json\/wp\/v2\/product_tag?post=4729"}],"curies":[{"name":"wp","href":"https:\/\/api.w.org\/{rel}","templated":true}]}}