{"id":4714,"date":"2025-08-16T13:12:39","date_gmt":"2025-08-16T11:12:39","guid":{"rendered":"https:\/\/prokaddy.com\/?post_type=product&#038;p=4714"},"modified":"2025-10-08T06:47:45","modified_gmt":"2025-10-08T04:47:45","slug":"pro-kaddy-s2g-carro-de-golf-electrico-digital-plateado-con-bateria-de-33-amperios-copy","status":"publish","type":"product","link":"https:\/\/prokaddy.com\/es\/product\/pro-kaddy-s2g-carro-de-golf-electrico-digital-plateado-con-bateria-de-33-amperios-copy\/","title":{"rendered":"Carro de golf el\u00e9ctrico ProKaddy S2G Silver Digital con asiento, USB y bater\u00eda de 33 amperios"},"content":{"rendered":"<p><span style=\"vertical-align: inherit;\"><span style=\"vertical-align: inherit;\">\u00bfEres un \u00e1vido golfista y buscas la soluci\u00f3n perfecta para transportar tu equipo de golf por el campo? \u00a1No busques m\u00e1s! El carro de golf el\u00e9ctrico digital ProKaddy S2G con bater\u00eda de 33 amperios es la opci\u00f3n ideal para ti. Este carro de golf el\u00e9ctrico ha sido dise\u00f1ado para ofrecer comodidad y confort en tu juego, permiti\u00e9ndote disfrutar al m\u00e1ximo de tu experiencia en el campo de golf.     <\/span><\/span><\/p>\n<p><span style=\"vertical-align: inherit;\"><br \/>\n  <span style=\"vertical-align: inherit;\">Con estilo digital y funcionamiento el\u00e9ctrico, el ProKaddy S2G te da la libertad de viajar por el campo sin esfuerzo  <\/span><br \/>\n<\/span><strong><br \/>\n  <span style=\"vertical-align: inherit;\"><br \/>\n    <span style=\"vertical-align: inherit;\">.<\/span><br \/>\n  <\/span><br \/>\n<\/strong><span style=\"vertical-align: inherit;\"><span style=\"vertical-align: inherit;\">  La bater\u00eda de 33 amperios proporciona una potencia fiable y duradera, garantizando que tu carro est\u00e9 listo para acompa\u00f1arte en cada hoyo. Este carro el\u00e9ctrico tambi\u00e9n viene equipado con funciones digitales que hacen que su uso sea intuitivo y pr\u00e1ctico.   <\/span><\/span><\/p>\n<p><em><span style=\"vertical-align: inherit;\"><span style=\"vertical-align: inherit;\">\u00bfQu\u00e9 caracter\u00edsticas puedes esperar del Pro Kaddy S2G?<\/span><\/span><\/em><\/p>\n<ul>\n<li><span style=\"vertical-align: inherit;\"><span style=\"vertical-align: inherit;\">  Dise\u00f1o innovador y ergon\u00f3mico<\/span><\/span><\/li>\n<li><span style=\"vertical-align: inherit;\"><span style=\"vertical-align: inherit;\">  Robusto bastidor de aluminio con asiento extra\u00edble.<\/span><\/span><\/li>\n<li><span style=\"vertical-align: inherit;\"><span style=\"vertical-align: inherit;\">  F\u00e1cilmente plegable<\/span><\/span><\/li>\n<li><span style=\"vertical-align: inherit;\"><span style=\"vertical-align: inherit;\">  Ruedas desmontables<\/span><\/span><\/li>\n<li><span style=\"vertical-align: inherit;\"><span style=\"vertical-align: inherit;\">  Funci\u00f3n de rueda libre<\/span><\/span><\/li>\n<li><span style=\"vertical-align: inherit;\"><span style=\"vertical-align: inherit;\">  Control electr\u00f3nico de arranque y parada<\/span><\/span><\/li>\n<li><span style=\"vertical-align: inherit;\"><span style=\"vertical-align: inherit;\">  Control de velocidad<\/span><\/span><\/li>\n<li><span style=\"vertical-align: inherit;\"><span style=\"vertical-align: inherit;\">  Bater\u00eda de 33 amperios (1 a\u00f1o de garant\u00eda)<\/span><\/span><\/li>\n<li><span style=\"vertical-align: inherit;\"><span style=\"vertical-align: inherit;\">  Motor muy potente y silencioso<\/span><\/span><\/li>\n<li><span style=\"vertical-align: inherit;\"><span style=\"vertical-align: inherit;\">  cargador de bater\u00eda 220v\/dc12v<\/span><\/span><\/li>\n<li><span style=\"vertical-align: inherit;\"><span style=\"vertical-align: inherit;\">  Certificados CE y ROHS<\/span><\/span><\/li>\n<li><span style=\"vertical-align: inherit;\"><span style=\"vertical-align: inherit;\">  3 a\u00f1os de garant\u00eda en el carro<\/span><\/span><\/li>\n<li><span style=\"vertical-align: inherit;\"><span style=\"vertical-align: inherit;\">  Manual del usuario<\/span><\/span><\/li>\n<li><span style=\"vertical-align: inherit;\"><span style=\"vertical-align: inherit;\">  Color plata.<\/span><\/span><strong> <\/strong><\/li>\n<li><strong><span style=\"vertical-align: inherit;\"><span style=\"vertical-align: inherit;\">Accesorios opcionales:<\/span><\/span><\/strong><\/li>\n<li><span style=\"vertical-align: inherit;\"><span style=\"vertical-align: inherit;\">  Parag\u00fcero<\/span><\/span><\/li>\n<li><span style=\"vertical-align: inherit;\"><span style=\"vertical-align: inherit;\">  Soporte para tel\u00e9fono m\u00f3vil\/GPS<\/span><\/span><\/li>\n<li><span style=\"vertical-align: inherit;\"><span style=\"vertical-align: inherit;\">  Bolsa de transporte<\/span><\/span><\/li>\n<li><span style=\"vertical-align: inherit;\"><span style=\"vertical-align: inherit;\">  Bater\u00eda de litio Optimax<\/span><\/span><\/li>\n<li>  Portabotellas<\/li>\n<li>  Impermeable<\/li>\n<\/ul>\n<p>&nbsp;<\/p>\n<p><strong><span style=\"vertical-align: inherit;\"><span style=\"vertical-align: inherit;\">ProKaddy es una marca registrada especializada en ofrecer soluciones de transporte de golf de alta calidad a golfistas de todo el mundo.<\/span><\/span><\/strong><span style=\"vertical-align: inherit;\"><span style=\"vertical-align: inherit;\">  Con el ProKaddy S2G, puedes contar con la calidad y el rendimiento excepcionales que esta marca ofrece a sus clientes. Tanto si juegas solo como si compites con amigos, este carro de golf el\u00e9ctrico te dar\u00e1 la tranquilidad de saber que tu equipo est\u00e1 seguro a tu lado.   <\/span><\/span><\/p>\n<p><span style=\"vertical-align: inherit;\"><span style=\"vertical-align: inherit;\">\u00a1Haz que transportar tu equipo de golf sea f\u00e1cil y sin complicaciones con el carrito de golf el\u00e9ctrico digital ProKaddy S2G con bater\u00eda de 33 amperios! No te arrepentir\u00e1s de hacer de este carrito tu compa\u00f1ero fiable y elegante en el campo de golf.   <\/span><\/span><\/p>\n","protected":false},"excerpt":{"rendered":"<p><span style=\"vertical-align: inherit;\"><span style=\"vertical-align: inherit;\">Descubre el carro de golf el\u00e9ctrico digital Pro Kaddy S2G con bater\u00eda de 33 amperios, dise\u00f1ado para ofrecer comodidad y confort en tu juego. Con sus funciones digitales, su bater\u00eda de larga duraci\u00f3n y su dise\u00f1o ergon\u00f3mico, este carro el\u00e9ctrico har\u00e1 que tu experiencia en el campo de golf sea inolvidable. \u00a1Haz que transportar tu equipo de golf sea f\u00e1cil y sin complicaciones con el Pro Kaddy S2G!    <\/span><\/span><\/p>\n<p><strong><br \/>\n  <span style=\"vertical-align: inherit;\"><br \/>\n    <span style=\"vertical-align: inherit;\">Especificaciones  <\/span><br \/>\n  <\/span><br \/>\n<\/strong><strong><br \/>\n  <span style=\"vertical-align: inherit;\"><br \/>\n    <span style=\"vertical-align: inherit;\">:<\/span><br \/>\n  <\/span><br \/>\n<\/strong><\/p>\n<p>Tres programas de distancia 10mtrs 20mtrs 30mtrs<\/p>\n<p><span style=\"vertical-align: inherit;\"><span style=\"vertical-align: inherit;\">Velocidad m\u00e1xima 8kmh<\/span><\/span><\/p>\n<p><span style=\"vertical-align: inherit;\"><span style=\"vertical-align: inherit;\">Pendiente m\u00e1xima de ascenso 22\u00ba<\/span><\/span><\/p>\n<p><span style=\"vertical-align: inherit;\"><span style=\"vertical-align: inherit;\">Dimensiones plegado: 952 largo x 700 ancho x 242 mm alto<\/span><\/span><\/p>\n<p><span style=\"vertical-align: inherit;\"><span style=\"vertical-align: inherit;\">Dimensiones abiertas: 1170 largo x 700 ancho x 1140 mm alto<\/span><\/span><\/p>\n<p><span style=\"vertical-align: inherit;\"><span style=\"vertical-align: inherit;\">Peso sin bater\u00eda 11,5 kg<\/span><\/span><\/p>\n<p><span style=\"vertical-align: inherit;\"><span style=\"vertical-align: inherit;\">Motor de 200 W<\/span><\/span><\/p>\n<p><span style=\"vertical-align: inherit;\"><span style=\"vertical-align: inherit;\">Peso m\u00e1ximo de carga 40 kg<\/span><\/span><\/p>\n","protected":false},"featured_media":5594,"comment_status":"open","ping_status":"closed","template":"","meta":{"_crdt_document":"","jetpack_publicize_message":"","jetpack_publicize_feature_enabled":true,"jetpack_social_post_already_shared":true,"jetpack_social_options":{"image_generator_settings":{"template":"highway","default_image_id":0,"font":"","enabled":false},"version":2},"_wpas_customize_per_network":false},"product_brand":[1582],"product_cat":[1557],"product_tag":[],"class_list":{"0":"post-4714","1":"product","2":"type-product","3":"status-publish","4":"has-post-thumbnail","6":"product_brand-prokaddy-2","7":"product_cat-golf-carts-es","9":"first","10":"instock","11":"taxable","12":"shipping-taxable","13":"purchasable","14":"product-type-simple","15":"add-to-wishlist-after_add_to_cart"},"exclude_global_add_ons":[],"addons":[],"jetpack_publicize_connections":[],"jetpack_sharing_enabled":true,"jetpack_likes_enabled":true,"_links":{"self":[{"href":"https:\/\/prokaddy.com\/es\/wp-json\/wp\/v2\/product\/4714","targetHints":{"allow":["GET"]}}],"collection":[{"href":"https:\/\/prokaddy.com\/es\/wp-json\/wp\/v2\/product"}],"about":[{"href":"https:\/\/prokaddy.com\/es\/wp-json\/wp\/v2\/types\/product"}],"replies":[{"embeddable":true,"href":"https:\/\/prokaddy.com\/es\/wp-json\/wp\/v2\/comments?post=4714"}],"wp:featuredmedia":[{"embeddable":true,"href":"https:\/\/prokaddy.com\/es\/wp-json\/wp\/v2\/media\/5594"}],"wp:attachment":[{"href":"https:\/\/prokaddy.com\/es\/wp-json\/wp\/v2\/media?parent=4714"}],"wp:term":[{"taxonomy":"product_brand","embeddable":true,"href":"https:\/\/prokaddy.com\/es\/wp-json\/wp\/v2\/product_brand?post=4714"},{"taxonomy":"product_cat","embeddable":true,"href":"https:\/\/prokaddy.com\/es\/wp-json\/wp\/v2\/product_cat?post=4714"},{"taxonomy":"product_tag","embeddable":true,"href":"https:\/\/prokaddy.com\/es\/wp-json\/wp\/v2\/product_tag?post=4714"}],"curies":[{"name":"wp","href":"https:\/\/api.w.org\/{rel}","templated":true}]}}