{"id":3836,"date":"2025-05-03T17:01:06","date_gmt":"2025-05-03T15:01:06","guid":{"rendered":"https:\/\/prokaddy.com\/product\/cubierta-de-plastico-resistente-para-proteger-el-dispositivo-p1d3\/"},"modified":"2026-03-25T12:51:42","modified_gmt":"2026-03-25T11:51:42","slug":"cubierta-de-plastico-resistente-para-proteger-el-dispositivo-p1d3","status":"publish","type":"product","link":"https:\/\/prokaddy.com\/es\/product\/cubierta-de-plastico-resistente-para-proteger-el-dispositivo-p1d3\/","title":{"rendered":"Cubierta de pl\u00e1stico resistente para proteger el dispositivo P1D3"},"content":{"rendered":"<p><strong>Protege<\/strong> tu dispositivo <strong>P1D3<\/strong> con nuestra <strong>Funda de pl\u00e1stico resistente para proteger el dispositivo P1D3<\/strong>.<\/p>\n<p>De pl\u00e1stico de alta calidad.<\/p>\n<ul>\n<li><strong>Ajuste personalizado:<\/strong> Hecho a medida espec\u00edficamente para el P1D3, garantizando la m\u00e1xima protecci\u00f3n.<\/li>\n<\/ul>\n","protected":false},"excerpt":{"rendered":"<p>Funda de pl\u00e1stico resistente para proteger el dispositivo P1D3.<\/p>\n","protected":false},"featured_media":3843,"comment_status":"open","ping_status":"closed","template":"","meta":{"_crdt_document":"","jetpack_publicize_message":"","jetpack_publicize_feature_enabled":true,"jetpack_social_post_already_shared":true,"jetpack_social_options":{"image_generator_settings":{"template":"highway","default_image_id":0,"font":"","enabled":false},"version":2},"_wpas_customize_per_network":false},"product_brand":[1582],"product_cat":[1553],"product_tag":[],"class_list":{"0":"post-3836","1":"product","2":"type-product","3":"status-publish","4":"has-post-thumbnail","6":"product_brand-prokaddy-2","7":"product_cat-repuestos","9":"first","10":"instock","11":"taxable","12":"shipping-taxable","13":"purchasable","14":"product-type-simple","15":"add-to-wishlist-after_add_to_cart"},"exclude_global_add_ons":[],"addons":[],"jetpack_publicize_connections":[],"jetpack_sharing_enabled":true,"jetpack_likes_enabled":true,"_links":{"self":[{"href":"https:\/\/prokaddy.com\/es\/wp-json\/wp\/v2\/product\/3836","targetHints":{"allow":["GET"]}}],"collection":[{"href":"https:\/\/prokaddy.com\/es\/wp-json\/wp\/v2\/product"}],"about":[{"href":"https:\/\/prokaddy.com\/es\/wp-json\/wp\/v2\/types\/product"}],"replies":[{"embeddable":true,"href":"https:\/\/prokaddy.com\/es\/wp-json\/wp\/v2\/comments?post=3836"}],"wp:featuredmedia":[{"embeddable":true,"href":"https:\/\/prokaddy.com\/es\/wp-json\/wp\/v2\/media\/3843"}],"wp:attachment":[{"href":"https:\/\/prokaddy.com\/es\/wp-json\/wp\/v2\/media?parent=3836"}],"wp:term":[{"taxonomy":"product_brand","embeddable":true,"href":"https:\/\/prokaddy.com\/es\/wp-json\/wp\/v2\/product_brand?post=3836"},{"taxonomy":"product_cat","embeddable":true,"href":"https:\/\/prokaddy.com\/es\/wp-json\/wp\/v2\/product_cat?post=3836"},{"taxonomy":"product_tag","embeddable":true,"href":"https:\/\/prokaddy.com\/es\/wp-json\/wp\/v2\/product_tag?post=3836"}],"curies":[{"name":"wp","href":"https:\/\/api.w.org\/{rel}","templated":true}]}}