{"id":1741,"date":"2024-09-04T11:29:26","date_gmt":"2024-09-04T09:29:26","guid":{"rendered":"https:\/\/prokaddy.com\/product\/carro-electrico-de-golf-prokaddy-modelo-s1t2-blanco-bateria-33amp\/"},"modified":"2025-10-29T17:10:18","modified_gmt":"2025-10-29T16:10:18","slug":"carro-electrico-de-golf-prokaddy-modelo-s1t2-blanco-bateria-33amp","status":"publish","type":"product","link":"https:\/\/prokaddy.com\/es\/product\/carro-electrico-de-golf-prokaddy-modelo-s1t2-blanco-bateria-33amp\/","title":{"rendered":"ProKaddy Carrito de Golf El\u00e9ctrico Modelo S1T2 Blanco con Bater\u00eda 33amp"},"content":{"rendered":"<p><span style=\"vertical-align: inherit;\"><span style=\"vertical-align: inherit;\">El carro de golf el\u00e9ctrico ProKaddy S1T2 en blanco con bater\u00eda de 33 amperios es el compa\u00f1ero perfecto para tu d\u00eda en el campo de golf. Con su elegante dise\u00f1o y su potente motor el\u00e9ctrico, este carro te ofrece la comodidad que necesitas para disfrutar al m\u00e1ximo de tu juego. <\/span><\/span><\/p>\n<p><span style=\"vertical-align: inherit;\"><span style=\"vertical-align: inherit;\">Con su bater\u00eda de 33 amperios, este carro el\u00e9ctrico te proporciona una larga duraci\u00f3n de la bater\u00eda, lo que te permite desplazarte por el campo sin preocuparte de quedarte sin energ\u00eda. Adem\u00e1s, su color blanco le da un toque de estilo y sofisticaci\u00f3n que no pasar\u00e1 desapercibido en el green. <\/span><\/span><\/p>\n<p><span style=\"vertical-align: inherit;\"><span style=\"vertical-align: inherit;\">El ProKaddy S1T2 est\u00e1 dise\u00f1ado con lo \u00faltimo en tecnolog\u00eda de carros de golf, ofreciendo un rendimiento excepcional en cada recorrido. Su construcci\u00f3n resistente y duradera garantiza que puedas confiar en este carro durante a\u00f1os. <\/span><\/span><\/p>\n<ul>\n<li><strong><span style=\"vertical-align: inherit;\"><span style=\"vertical-align: inherit;\">Caracter\u00edsticas:<\/span><\/span><\/strong><\/li>\n<li><span style=\"vertical-align: inherit;\"><span style=\"vertical-align: inherit;\"> Dise\u00f1o novedoso y ergon\u00f3mico<\/span><\/span><\/li>\n<li><span style=\"vertical-align: inherit;\"><span style=\"vertical-align: inherit;\"> Robusta estructura de aluminio<\/span><\/span><\/li>\n<li><span style=\"vertical-align: inherit;\"><span style=\"vertical-align: inherit;\"> F\u00e1cilmente plegable<\/span><\/span><\/li>\n<li><span style=\"vertical-align: inherit;\"><span style=\"vertical-align: inherit;\"> Ruedas desmontables<\/span><\/span><\/li>\n<li><span style=\"vertical-align: inherit;\"><span style=\"vertical-align: inherit;\"> Funci\u00f3n de rueda libre<\/span><\/span><\/li>\n<li><span style=\"vertical-align: inherit;\"><span style=\"vertical-align: inherit;\"> Control electr\u00f3nico de arranque y parada<\/span><\/span><\/li>\n<li><span style=\"vertical-align: inherit;\"><span style=\"vertical-align: inherit;\"> Control de velocidad<\/span><\/span><\/li>\n<li><span style=\"vertical-align: inherit;\"><span style=\"vertical-align: inherit;\"> Bater\u00eda 33Ah ( 1 a\u00f1o de garant\u00eda )<\/span><\/span><\/li>\n<li><span style=\"vertical-align: inherit;\"><span style=\"vertical-align: inherit;\"> Motor muy potente y silencioso<\/span><\/span><\/li>\n<li><span style=\"vertical-align: inherit;\"><span style=\"vertical-align: inherit;\"> Cargador de bater\u00eda 220v\/dc12v<\/span><\/span><\/li>\n<li>Porta tarjeta de puntuaci\u00f3n, bolas de golf y soporte para tee<\/li>\n<li><span style=\"vertical-align: inherit;\"><span style=\"vertical-align: inherit;\"> Certificados CE y ROHS<\/span><\/span><\/li>\n<li><span style=\"vertical-align: inherit;\"><span style=\"vertical-align: inherit;\"> 3 a\u00f1os de garant\u00eda en el carro<\/span><\/span><\/li>\n<li><span style=\"color: #555555; font-size: 14.4px;\"><span style=\"vertical-align: inherit;\"><span style=\"vertical-align: inherit;\"> Manual del usuario<\/span><\/span><\/span><\/li>\n<\/ul>\n<p>&nbsp;<\/p>\n<p><strong><br \/>\n<span style=\"vertical-align: inherit;\"><br \/>\n<span style=\"vertical-align: inherit;\">Especificaciones<\/span><\/span><\/strong><strong><span style=\"vertical-align: inherit;\"><span style=\"vertical-align: inherit;\">:<\/span><br \/>\n<\/span><br \/>\n<\/strong><\/p>\n<ul>\n<li>Tres programas de distancia 10mtrs 20mtrs 30mtrs<\/li>\n<li><span style=\"vertical-align: inherit;\"><span style=\"vertical-align: inherit;\"> Velocidad m\u00e1xima 8kmh<\/span><\/span><\/li>\n<li><span style=\"vertical-align: inherit;\"><span style=\"vertical-align: inherit;\"> Pendiente m\u00e1xima de subida 22\u00ba<\/span><\/span><\/li>\n<li><span style=\"vertical-align: inherit;\"><span style=\"vertical-align: inherit;\"> Dimensiones plegado: 952 largo x 700 ancho x 242 mm alto<\/span><\/span><\/li>\n<li><span style=\"vertical-align: inherit;\"><span style=\"vertical-align: inherit;\"> Dimensiones abiertas: 1170 largo x 700 ancho x 1140 mm alto<\/span><\/span><\/li>\n<li><span style=\"vertical-align: inherit;\"><span style=\"vertical-align: inherit;\"> Motor de 200 W<\/span><\/span><\/li>\n<li><span style=\"vertical-align: inherit;\"><span style=\"vertical-align: inherit;\"> Bater\u00eda de 33ah de alta calidad con bolsa<\/span><\/span><\/li>\n<li><span style=\"vertical-align: inherit;\"><span style=\"vertical-align: inherit;\"> Tiempo de carga 4 &#8211; 8 horas<\/span><\/span><\/li>\n<li><span style=\"vertical-align: inherit;\"><span style=\"vertical-align: inherit;\"> Peso neto: 10 kg.<\/span><\/span><\/li>\n<li><span style=\"vertical-align: inherit;\"><span style=\"vertical-align: inherit;\"> Peso m\u00e1ximo de carga 40 kg<\/span><\/span><img data-recalc-dims=\"1\" loading=\"lazy\" decoding=\"async\" class=\"size-medium wp-image-775 alignright\" src=\"https:\/\/i0.wp.com\/prokaddy.com\/wp-content\/uploads\/2024\/09\/1.jpg?resize=533%2C400&#038;ssl=1\" alt=\"\" width=\"533\" height=\"400\" srcset=\"https:\/\/i0.wp.com\/prokaddy.com\/wp-content\/uploads\/2024\/09\/1.jpg?resize=533%2C400&amp;ssl=1 533w, https:\/\/i0.wp.com\/prokaddy.com\/wp-content\/uploads\/2024\/09\/1.jpg?resize=520%2C390&amp;ssl=1 520w, https:\/\/i0.wp.com\/prokaddy.com\/wp-content\/uploads\/2024\/09\/1.jpg?resize=600%2C450&amp;ssl=1 600w, https:\/\/i0.wp.com\/prokaddy.com\/wp-content\/uploads\/2024\/09\/1.jpg?resize=400%2C300&amp;ssl=1 400w, https:\/\/i0.wp.com\/prokaddy.com\/wp-content\/uploads\/2024\/09\/1.jpg?resize=200%2C150&amp;ssl=1 200w, https:\/\/i0.wp.com\/prokaddy.com\/wp-content\/uploads\/2024\/09\/1.jpg?w=640&amp;ssl=1 640w\" sizes=\"auto, (max-width: 533px) 100vw, 533px\" \/><\/li>\n<\/ul>\n<p><strong>Accesorios opcionales<\/strong>:<\/p>\n<ul>\n<li>Parag\u00fcero<\/li>\n<li>Soporte para tel\u00e9fono\/GPS<\/li>\n<li>Bolsa de transporte<\/li>\n<li>Porta botellas<\/li>\n<li>Cubierta antilluvia<\/li>\n<\/ul>\n<p><span style=\"color: #555555; font-size: 14.4px;\"><span style=\"vertical-align: inherit;\"><span style=\"vertical-align: inherit;\">Tanto si eres un jugador experimentado como si acabas de iniciarte en el mundo del golf, el carro de golf el\u00e9ctrico ProKaddy S1T2 te proporcionar\u00e1 la comodidad y el rendimiento que necesitas en cada ronda. Olv\u00eddate de cargar con tu equipo y c\u00e9ntrate en mejorar tu juego con este carro de golf de primera calidad. <\/span><\/span><\/span><\/p>\n<p><span style=\"vertical-align: inherit;\"><span style=\"vertical-align: inherit;\">Elige ProKaddy y lleva tu experiencia de golf al siguiente nivel. Compra ahora tu carrito el\u00e9ctrico S1T2 y disfruta de un juego sin preocupaciones. <\/span><\/span><\/p>\n","protected":false},"excerpt":{"rendered":"<p>Presentamos el carro de golf el\u00e9ctrico ProKaddy S1T2 en blanco con bater\u00eda de 33 amperios. Experimenta la comodidad y el estilo en el campo con un potente motor y una bater\u00eda de mayor duraci\u00f3n. \u00a1Mejora tu juego ahora!<\/p>\n<p><strong><span style=\"vertical-align: inherit;\"><span style=\"vertical-align: inherit;\"> Accesorios opcionales:<\/span><\/span><\/strong><\/p>\n<ul>\n<li><span style=\"vertical-align: inherit;\"><span style=\"vertical-align: inherit;\"> Parag\u00fcero<\/span><\/span><\/li>\n<li><span style=\"vertical-align: inherit;\"><span style=\"vertical-align: inherit;\"> Bolsa de transporte<\/span><\/span><\/li>\n<li><span style=\"vertical-align: inherit;\"><span style=\"vertical-align: inherit;\"> Bater\u00eda de litio<\/span><\/span><\/li>\n<li>Porta botella<\/li>\n<li>Cubierta antilluvia<\/li>\n<li><span style=\"vertical-align: inherit;\"><span style=\"vertical-align: inherit;\"> Soporte para tel\u00e9fono\/GPS<\/span><\/span><\/li>\n<\/ul>\n","protected":false},"featured_media":1531,"comment_status":"open","ping_status":"closed","template":"","meta":{"_crdt_document":"","jetpack_publicize_message":"","jetpack_publicize_feature_enabled":true,"jetpack_social_post_already_shared":true,"jetpack_social_options":{"image_generator_settings":{"template":"highway","default_image_id":0,"font":"","enabled":false},"version":2},"_wpas_customize_per_network":false},"product_brand":[1582],"product_cat":[1557],"product_tag":[],"class_list":{"0":"post-1741","1":"product","2":"type-product","3":"status-publish","4":"has-post-thumbnail","6":"product_brand-prokaddy-2","7":"product_cat-golf-carts-es","9":"first","10":"outofstock","11":"taxable","12":"shipping-taxable","13":"purchasable","14":"product-type-simple","15":"add-to-wishlist-after_add_to_cart"},"exclude_global_add_ons":[],"addons":[],"jetpack_publicize_connections":[],"jetpack_sharing_enabled":true,"jetpack_likes_enabled":true,"_links":{"self":[{"href":"https:\/\/prokaddy.com\/es\/wp-json\/wp\/v2\/product\/1741","targetHints":{"allow":["GET"]}}],"collection":[{"href":"https:\/\/prokaddy.com\/es\/wp-json\/wp\/v2\/product"}],"about":[{"href":"https:\/\/prokaddy.com\/es\/wp-json\/wp\/v2\/types\/product"}],"replies":[{"embeddable":true,"href":"https:\/\/prokaddy.com\/es\/wp-json\/wp\/v2\/comments?post=1741"}],"wp:featuredmedia":[{"embeddable":true,"href":"https:\/\/prokaddy.com\/es\/wp-json\/wp\/v2\/media\/1531"}],"wp:attachment":[{"href":"https:\/\/prokaddy.com\/es\/wp-json\/wp\/v2\/media?parent=1741"}],"wp:term":[{"taxonomy":"product_brand","embeddable":true,"href":"https:\/\/prokaddy.com\/es\/wp-json\/wp\/v2\/product_brand?post=1741"},{"taxonomy":"product_cat","embeddable":true,"href":"https:\/\/prokaddy.com\/es\/wp-json\/wp\/v2\/product_cat?post=1741"},{"taxonomy":"product_tag","embeddable":true,"href":"https:\/\/prokaddy.com\/es\/wp-json\/wp\/v2\/product_tag?post=1741"}],"curies":[{"name":"wp","href":"https:\/\/api.w.org\/{rel}","templated":true}]}}