{"id":1739,"date":"2024-09-03T18:43:30","date_gmt":"2024-09-03T16:43:30","guid":{"rendered":"https:\/\/prokaddy.com\/product\/carro-electrico-de-golf-pro-kaddy-s2g-digital-con-bateria-33amp\/"},"modified":"2025-10-11T13:04:56","modified_gmt":"2025-10-11T11:04:56","slug":"carro-electrico-de-golf-pro-kaddy-s2g-digital-con-bateria-33amp","status":"publish","type":"product","link":"https:\/\/prokaddy.com\/es\/product\/carro-electrico-de-golf-pro-kaddy-s2g-digital-con-bateria-33amp\/","title":{"rendered":"Carro de golf el\u00e9ctrico digital ProKaddy S2G Silver con bater\u00eda de 33 amperios"},"content":{"rendered":"<p><span style=\"vertical-align: inherit;\"><span style=\"vertical-align: inherit;\">\u00bfEres un \u00e1vido golfista y buscas la soluci\u00f3n perfecta para transportar tu equipo de golf por el campo? \u00a1No busques m\u00e1s! El carro de golf el\u00e9ctrico digital ProKaddy S2G con bater\u00eda de 33 amperios es la opci\u00f3n ideal para ti. Este carro de golf el\u00e9ctrico est\u00e1 dise\u00f1ado para ofrecer comodidad y confort en tu juego, permiti\u00e9ndote disfrutar al m\u00e1ximo de tu experiencia en el campo de golf. <\/span><\/span><\/p>\n<p><span style=\"vertical-align: inherit;\"><br \/>\n<span style=\"vertical-align: inherit;\">Con estilo digital y funcionamiento el\u00e9ctrico, el ProKaddy S2G te da la libertad de recorrer el campo sin esfuerzo <\/span><br \/>\n<\/span><strong><br \/>\n<span style=\"vertical-align: inherit;\"><br \/>\n<span style=\"vertical-align: inherit;\">.<\/span><br \/>\n<\/span><br \/>\n<\/strong><span style=\"vertical-align: inherit;\"><span style=\"vertical-align: inherit;\"> La bater\u00eda de 33 amperios proporciona una potencia fiable y duradera, garantizando que tu carrito est\u00e9 listo para acompa\u00f1arte en cada hoyo. Este carro el\u00e9ctrico tambi\u00e9n viene equipado con funciones digitales que lo hacen intuitivo y c\u00f3modo de usar. <\/span><\/span><\/p>\n<p><em><span style=\"vertical-align: inherit;\"><span style=\"vertical-align: inherit;\">\u00bfQu\u00e9 caracter\u00edsticas puedes esperar del ProKaddy S2G?<\/span><\/span><\/em><\/p>\n<ul>\n<li><span style=\"vertical-align: inherit;\"><span style=\"vertical-align: inherit;\"> Dise\u00f1o novedoso y ergon\u00f3mico<\/span><\/span><\/li>\n<li><span style=\"vertical-align: inherit;\"><span style=\"vertical-align: inherit;\"> Robusta estructura de aluminio<\/span><\/span><\/li>\n<li><span style=\"vertical-align: inherit;\"><span style=\"vertical-align: inherit;\"> F\u00e1cilmente plegable<\/span><\/span><\/li>\n<li><span style=\"vertical-align: inherit;\"><span style=\"vertical-align: inherit;\"> Ruedas desmontables<\/span><\/span><\/li>\n<li><span style=\"vertical-align: inherit;\"><span style=\"vertical-align: inherit;\"> Funci\u00f3n de rueda libre<\/span><\/span><\/li>\n<li><span style=\"vertical-align: inherit;\"><span style=\"vertical-align: inherit;\"> Control electr\u00f3nico de arranque y parada<\/span><\/span><\/li>\n<li><span style=\"vertical-align: inherit;\"><span style=\"vertical-align: inherit;\"> Control de velocidad<\/span><\/span><\/li>\n<li><span style=\"vertical-align: inherit;\"><span style=\"vertical-align: inherit;\"> Bater\u00eda de 33 amperios (1 a\u00f1o de garant\u00eda)<\/span><\/span><\/li>\n<li><span style=\"vertical-align: inherit;\"><span style=\"vertical-align: inherit;\"> Motor muy potente y silencioso<\/span><\/span><\/li>\n<li><span style=\"vertical-align: inherit;\"><span style=\"vertical-align: inherit;\"> Cargador de bater\u00eda 220v\/dc12v<\/span><\/span><\/li>\n<li><span style=\"vertical-align: inherit;\"><span style=\"vertical-align: inherit;\"> Certificados CE y ROHS<\/span><\/span><\/li>\n<li><span style=\"vertical-align: inherit;\"><span style=\"vertical-align: inherit;\"> 3 a\u00f1os de garant\u00eda en el carro<\/span><\/span><\/li>\n<li><span style=\"vertical-align: inherit;\"><span style=\"vertical-align: inherit;\"> Manual del usuario<\/span><\/span><\/li>\n<li><span style=\"vertical-align: inherit;\"><span style=\"vertical-align: inherit;\"> Color plata<\/span><\/span><\/li>\n<li>Tarjeta de puntuaci\u00f3n, bolas de golf y soporte para tee<\/li>\n<\/ul>\n<p><strong>Especificaciones :<\/strong><\/p>\n<ul>\n<li>Tres programas de distancia 10mtrs 20mtrs 30mtrs<\/li>\n<li>Velocidad m\u00e1xima 8kmh<\/li>\n<li>Pendiente m\u00e1xima de subida 22\u00ba<\/li>\n<li>Dimensiones plegado: 952 largo x 700 ancho x 242 mm alto<\/li>\n<li>Dimensiones abiertas: 1170 largo x 700 ancho x 1140 mm alto<\/li>\n<li>Motor de 200 W<\/li>\n<li>Bater\u00eda de 33ah de alta calidad con bolsa para la bater\u00eda (1 a\u00f1o de garant\u00eda)<\/li>\n<li>Tiempo de carga 4 &#8211; 8 horas<\/li>\n<li>Peso neto: 10 kg.<\/li>\n<li>Peso m\u00e1ximo de carga 40 kg<\/li>\n<\/ul>\n<p><strong>Accesorios opcionales<\/strong>:<\/p>\n<ul>\n<li>Parag\u00fcero<\/li>\n<li>Soporte para tel\u00e9fono\/GPS<\/li>\n<li>Bolsa de transporte<\/li>\n<li>Portabotellas<\/li>\n<li>Cubierta antilluvia<\/li>\n<\/ul>\n<p><strong><span style=\"vertical-align: inherit;\"><span style=\"vertical-align: inherit;\">ProKaddy es una marca registrada especializada en ofrecer soluciones de transporte de golf de alta calidad a golfistas de todo el mundo.<\/span><\/span><\/strong><span style=\"vertical-align: inherit;\"><span style=\"vertical-align: inherit;\"> Con el ProKaddy S2G, puedes confiar en la calidad y el rendimiento excepcionales que esta marca ofrece a sus clientes. Tanto si juegas solo como si compites con amigos, este carro de golf el\u00e9ctrico te dar\u00e1 la tranquilidad de saber que tu equipo est\u00e1 seguro a tu lado. <\/span><\/span><\/p>\n<p><span style=\"vertical-align: inherit;\"><span style=\"vertical-align: inherit;\">\u00a1Haz que transportar tu equipo de golf sea una tarea f\u00e1cil y sin complicaciones con el carro de golf el\u00e9ctrico digital ProKaddy S2G con bater\u00eda de 33 amperios! No te arrepentir\u00e1s de hacer de este carrito tu fiable y elegante compa\u00f1ero de juego en el campo de golf. <\/span><\/span><\/p>\n","protected":false},"excerpt":{"rendered":"<p><span style=\"vertical-align: inherit;\"><span style=\"vertical-align: inherit;\">Descubre el carro de golf el\u00e9ctrico digital Pro Kaddy S2G con bater\u00eda de 33 amperios, dise\u00f1ado para ofrecer comodidad y confort en tu juego. Con funciones digitales, bater\u00eda de larga duraci\u00f3n y dise\u00f1o ergon\u00f3mico, este carro el\u00e9ctrico har\u00e1 que tu experiencia en el campo de golf sea inolvidable. \u00a1Haz que transportar tu equipo de golf sea una tarea f\u00e1cil y sin complicaciones con el Pro Kaddy S2G! <\/span><\/span><\/p>\n<p><strong><br \/>\n<span style=\"vertical-align: inherit;\"><br \/>\n<span style=\"vertical-align: inherit;\">Especificaciones <\/span><br \/>\n<\/span><br \/>\n<\/strong><strong><br \/>\n<span style=\"vertical-align: inherit;\"><br \/>\n<span style=\"vertical-align: inherit;\">:<\/span><br \/>\n<\/span><br \/>\n<\/strong><\/p>\n<p>Tres programas de distancia 10mtrs 20mtrs 30mtrs<\/p>\n<p><span style=\"vertical-align: inherit;\"><span style=\"vertical-align: inherit;\">Velocidad m\u00e1xima 8kmh<\/span><\/span><\/p>\n<p><span style=\"vertical-align: inherit;\"><span style=\"vertical-align: inherit;\">Pendiente m\u00e1xima de subida 22\u00ba<\/span><\/span><\/p>\n<p><span style=\"vertical-align: inherit;\"><span style=\"vertical-align: inherit;\">Dimensiones plegado: 952 largo x 700 ancho x 242 mm alto<\/span><\/span><\/p>\n<p><span style=\"vertical-align: inherit;\"><span style=\"vertical-align: inherit;\">Dimensiones abiertas: 1170 largo x 700 ancho x 1140 mm alto<\/span><\/span><\/p>\n<p><span style=\"vertical-align: inherit;\"><span style=\"vertical-align: inherit;\">Peso sin bater\u00eda 11,5 kgs<\/span><\/span><\/p>\n<p><span style=\"vertical-align: inherit;\"><span style=\"vertical-align: inherit;\">Motor de 200 W<\/span><\/span><\/p>\n<p><span style=\"vertical-align: inherit;\"><span style=\"vertical-align: inherit;\">Peso m\u00e1ximo de carga 40 kg<\/span><\/span><\/p>\n","protected":false},"featured_media":1530,"comment_status":"open","ping_status":"closed","template":"","meta":{"_crdt_document":"","jetpack_publicize_message":"","jetpack_publicize_feature_enabled":true,"jetpack_social_post_already_shared":true,"jetpack_social_options":{"image_generator_settings":{"template":"highway","default_image_id":0,"font":"","enabled":false},"version":2},"_wpas_customize_per_network":false},"product_brand":[1582],"product_cat":[1557],"product_tag":[],"class_list":{"0":"post-1739","1":"product","2":"type-product","3":"status-publish","4":"has-post-thumbnail","6":"product_brand-prokaddy-2","7":"product_cat-golf-carts-es","9":"first","10":"instock","11":"taxable","12":"shipping-taxable","13":"purchasable","14":"product-type-simple","15":"add-to-wishlist-after_add_to_cart"},"exclude_global_add_ons":[],"addons":[],"jetpack_publicize_connections":[],"jetpack_sharing_enabled":true,"jetpack_likes_enabled":true,"_links":{"self":[{"href":"https:\/\/prokaddy.com\/es\/wp-json\/wp\/v2\/product\/1739","targetHints":{"allow":["GET"]}}],"collection":[{"href":"https:\/\/prokaddy.com\/es\/wp-json\/wp\/v2\/product"}],"about":[{"href":"https:\/\/prokaddy.com\/es\/wp-json\/wp\/v2\/types\/product"}],"replies":[{"embeddable":true,"href":"https:\/\/prokaddy.com\/es\/wp-json\/wp\/v2\/comments?post=1739"}],"wp:featuredmedia":[{"embeddable":true,"href":"https:\/\/prokaddy.com\/es\/wp-json\/wp\/v2\/media\/1530"}],"wp:attachment":[{"href":"https:\/\/prokaddy.com\/es\/wp-json\/wp\/v2\/media?parent=1739"}],"wp:term":[{"taxonomy":"product_brand","embeddable":true,"href":"https:\/\/prokaddy.com\/es\/wp-json\/wp\/v2\/product_brand?post=1739"},{"taxonomy":"product_cat","embeddable":true,"href":"https:\/\/prokaddy.com\/es\/wp-json\/wp\/v2\/product_cat?post=1739"},{"taxonomy":"product_tag","embeddable":true,"href":"https:\/\/prokaddy.com\/es\/wp-json\/wp\/v2\/product_tag?post=1739"}],"curies":[{"name":"wp","href":"https:\/\/api.w.org\/{rel}","templated":true}]}}