{"id":1732,"date":"2024-09-06T20:18:52","date_gmt":"2024-09-06T18:18:52","guid":{"rendered":"https:\/\/prokaddy.com\/product\/bateria-litio-optimax-para-carro-de-golf-12v-18amp-con-cargador-y-cable-t-bar-anderson\/"},"modified":"2025-10-11T11:50:57","modified_gmt":"2025-10-11T09:50:57","slug":"bateria-litio-optimax-para-carro-de-golf-12v-18amp-con-cargador-y-cable-t-bar-anderson","status":"publish","type":"product","link":"https:\/\/prokaddy.com\/es\/product\/bateria-litio-optimax-para-carro-de-golf-12v-18amp-con-cargador-y-cable-t-bar-anderson\/","title":{"rendered":"Bater\u00eda de litio Optimax para carro de golf 12v 18amp con cargador y cable Anderson T-Bar"},"content":{"rendered":"<p><span style=\"vertical-align: inherit;\"><span style=\"vertical-align: inherit;\">Optimiza el rendimiento de tu carrito de golf con la Bater\u00eda de Litio Optimax 12v 18amp. Esta bater\u00eda de litio de alta calidad viene con un cargador y un cable Anderson T-Bar, que te permiten mantener tu carrito de golf en funcionamiento de forma eficiente y sin interrupciones. <\/span><\/span><\/p>\n<p><span style=\"vertical-align: inherit;\"><span style=\"vertical-align: inherit;\">Con tecnolog\u00eda de litio, esta bater\u00eda es m\u00e1s ligera que las bater\u00edas tradicionales de plomo-\u00e1cido, lo que significa que tu carrito de golf ser\u00e1 m\u00e1s \u00e1gil y f\u00e1cil de manejar. Adem\u00e1s, la bater\u00eda de litio Optimax ofrece una vida \u00fatil m\u00e1s larga y una mayor capacidad de carga, lo que te permitir\u00e1 disfrutar de m\u00e1s tiempo en el campo de golf sin preocuparte por la energ\u00eda de tu carrito. <\/span><\/span><\/p>\n<p><span style=\"vertical-align: inherit;\"><span style=\"vertical-align: inherit;\">El cargador incluido te permite recargar la bater\u00eda r\u00e1pida y f\u00e1cilmente, para que est\u00e9s listo para tu siguiente ronda en un santiam\u00e9n. Adem\u00e1s, el cable Anderson T-Bar proporciona una conexi\u00f3n segura y eficiente entre la bater\u00eda y tu carrito de golf, garantizando un rendimiento \u00f3ptimo en todo momento. <\/span><\/span><\/p>\n<p><img data-recalc-dims=\"1\" loading=\"lazy\" decoding=\"async\" class=\"alignnone size-full wp-image-1029\" src=\"https:\/\/i0.wp.com\/prokaddy.com\/wp-content\/uploads\/2024\/09\/Optimax-1.png?resize=324%2C324&#038;ssl=1\" alt=\"\" width=\"324\" height=\"324\" srcset=\"https:\/\/i0.wp.com\/prokaddy.com\/wp-content\/uploads\/2024\/09\/Optimax-1.png?w=324&amp;ssl=1 324w, https:\/\/i0.wp.com\/prokaddy.com\/wp-content\/uploads\/2024\/09\/Optimax-1.png?resize=280%2C280&amp;ssl=1 280w, https:\/\/i0.wp.com\/prokaddy.com\/wp-content\/uploads\/2024\/09\/Optimax-1.png?resize=320%2C320&amp;ssl=1 320w, https:\/\/i0.wp.com\/prokaddy.com\/wp-content\/uploads\/2024\/09\/Optimax-1.png?resize=100%2C100&amp;ssl=1 100w\" sizes=\"auto, (max-width: 324px) 100vw, 324px\" \/><\/p>\n<p>&nbsp;<\/p>\n<p><strong><span style=\"vertical-align: inherit;\"><span style=\"vertical-align: inherit;\">Caracter\u00edsticas:<\/span><\/span><\/strong><\/p>\n<ul>\n<li><span style=\"vertical-align: inherit;\"><span style=\"vertical-align: inherit;\">Bater\u00eda de litio 12v 18amp<\/span><\/span><\/li>\n<li><span style=\"vertical-align: inherit;\"><span style=\"vertical-align: inherit;\">Cargador incluido para recargarlo c\u00f3modamente<\/span><\/span><\/li>\n<li><span style=\"vertical-align: inherit;\"><span style=\"vertical-align: inherit;\">Cable de barra en T Anderson para una conexi\u00f3n segura<\/span><\/span><\/li>\n<li><span style=\"vertical-align: inherit;\"><span style=\"vertical-align: inherit;\">Mayor capacidad de carga y vida \u00fatil m\u00e1s larga<\/span><\/span><\/li>\n<li><span style=\"vertical-align: inherit;\"><span style=\"vertical-align: inherit;\">La bater\u00eda Optimax Litiotech 5.0 + (LiFePO4) est\u00e1 dise\u00f1ada para su uso con cualquier tipo de coche.<\/span><\/span><\/li>\n<li><span style=\"vertical-align: inherit;\"><span style=\"vertical-align: inherit;\">Con un peso de s\u00f3lo 2,0 kg, la bater\u00eda de litio Optimax es un 75% m\u00e1s ligera que tu bater\u00eda tradicional.<\/span><\/span><\/li>\n<li><span style=\"vertical-align: inherit;\"><span style=\"vertical-align: inherit;\">Se carga en s\u00f3lo 4-6 horas.<\/span><\/span><\/li>\n<li><span style=\"vertical-align: inherit;\"><span style=\"vertical-align: inherit;\">Basada en la tecnolog\u00eda de iones de litio, la tecnolog\u00eda de fosfato de litio e hierro (LiFePO4) ofrece numerosas ventajas sobre la de iones de litio y plomo:<\/span><\/span><\/li>\n<li><span style=\"vertical-align: inherit;\"><span style=\"vertical-align: inherit;\">M\u00e1s de 2000 ciclos de descarga.<\/span><\/span><\/li>\n<li><span style=\"vertical-align: inherit;\"><span style=\"vertical-align: inherit;\">Puede utilizarse en cualquier orientaci\u00f3n.<\/span><\/span><\/li>\n<li><span style=\"vertical-align: inherit;\"><span style=\"vertical-align: inherit;\">Viene con cargador y cable de barra en T con terminal Anderson.<\/span><\/span><\/li>\n<li><span style=\"vertical-align: inherit;\"><span style=\"vertical-align: inherit;\">2 a\u00f1os de garant\u00eda<\/span><\/span><\/li>\n<li><span style=\"color: #555555; font-size: 14.4px;\">Dimensiones: 163mm x 132mm x 111mm <\/span><\/li>\n<\/ul>\n<p><b> <\/b><span style=\"vertical-align: inherit;\"><span style=\"vertical-align: inherit;\">No dejes que una bater\u00eda anticuada de plomo-\u00e1cido te lastre. Actualiza tu carrito de golf con la bater\u00eda de litio Optimax y experimenta la diferencia en rendimiento y durabilidad. \u00a1Aseg\u00farate de que tu carrito de golf est\u00e1 listo para cada ronda con esta bater\u00eda de alta calidad! <\/span><\/span><\/p>\n","protected":false},"excerpt":{"rendered":"<p>&nbsp;<\/p>\n<p>&nbsp;<\/p>\n<p><span style=\"vertical-align: inherit;\"><span style=\"vertical-align: inherit;\">Aumenta el rendimiento de tu carrito de golf con la bater\u00eda de litio Optimax 12v 18amp. M\u00e1s ligera, duradera y con mayor capacidad de carga. \u00a1Garantiza un rendimiento \u00f3ptimo en cada ronda! <\/span><\/span><\/p>\n","protected":false},"featured_media":1574,"comment_status":"open","ping_status":"closed","template":"","meta":{"_crdt_document":"","jetpack_publicize_message":"","jetpack_publicize_feature_enabled":true,"jetpack_social_post_already_shared":true,"jetpack_social_options":{"image_generator_settings":{"template":"highway","default_image_id":0,"font":"","enabled":false},"version":2},"_wpas_customize_per_network":false},"product_brand":[],"product_cat":[1554],"product_tag":[],"class_list":{"0":"post-1732","1":"product","2":"type-product","3":"status-publish","4":"has-post-thumbnail","6":"product_cat-baterias-y-cables","8":"first","9":"instock","10":"taxable","11":"shipping-taxable","12":"purchasable","13":"product-type-simple","14":"add-to-wishlist-after_add_to_cart"},"exclude_global_add_ons":[],"addons":[],"jetpack_publicize_connections":[],"jetpack_sharing_enabled":true,"jetpack_likes_enabled":true,"_links":{"self":[{"href":"https:\/\/prokaddy.com\/es\/wp-json\/wp\/v2\/product\/1732","targetHints":{"allow":["GET"]}}],"collection":[{"href":"https:\/\/prokaddy.com\/es\/wp-json\/wp\/v2\/product"}],"about":[{"href":"https:\/\/prokaddy.com\/es\/wp-json\/wp\/v2\/types\/product"}],"replies":[{"embeddable":true,"href":"https:\/\/prokaddy.com\/es\/wp-json\/wp\/v2\/comments?post=1732"}],"wp:featuredmedia":[{"embeddable":true,"href":"https:\/\/prokaddy.com\/es\/wp-json\/wp\/v2\/media\/1574"}],"wp:attachment":[{"href":"https:\/\/prokaddy.com\/es\/wp-json\/wp\/v2\/media?parent=1732"}],"wp:term":[{"taxonomy":"product_brand","embeddable":true,"href":"https:\/\/prokaddy.com\/es\/wp-json\/wp\/v2\/product_brand?post=1732"},{"taxonomy":"product_cat","embeddable":true,"href":"https:\/\/prokaddy.com\/es\/wp-json\/wp\/v2\/product_cat?post=1732"},{"taxonomy":"product_tag","embeddable":true,"href":"https:\/\/prokaddy.com\/es\/wp-json\/wp\/v2\/product_tag?post=1732"}],"curies":[{"name":"wp","href":"https:\/\/api.w.org\/{rel}","templated":true}]}}