{"id":1730,"date":"2024-09-05T14:28:05","date_gmt":"2024-09-05T12:28:05","guid":{"rendered":"https:\/\/prokaddy.com\/product\/carro-de-golf-electrico-prokaddy-modelo-d3gtxl-negro-con-bateria-de-33amp-y-usb\/"},"modified":"2026-02-09T11:03:55","modified_gmt":"2026-02-09T10:03:55","slug":"carro-de-golf-electrico-prokaddy-modelo-d3gtxl-negro-con-bateria-de-33amp-y-usb","status":"publish","type":"product","link":"https:\/\/prokaddy.com\/es\/product\/carro-de-golf-electrico-prokaddy-modelo-d3gtxl-negro-con-bateria-de-33amp-y-usb\/","title":{"rendered":"Carro de Golf El\u00e9ctrico ProKaddy Modelo D3GTX Negro con Bater\u00eda de 33amp y USB"},"content":{"rendered":"<p><strong><span style=\"vertical-align: inherit;\"><span style=\"vertical-align: inherit;\">Descripci\u00f3n del producto:<\/span><\/span><\/strong><\/p>\n<ul>\n<li><span style=\"vertical-align: inherit;\"><span style=\"vertical-align: inherit;\">El carro de golf el\u00e9ctrico ProKaddy D3GTX en negro es el compa\u00f1ero perfecto para cualquier golfista que busque comodidad, facilidad de uso y un rendimiento excepcional en el campo de golf. Equipado con una bater\u00eda de 33 amperios y un puerto USB integrado, este carro el\u00e9ctrico es una combinaci\u00f3n de estilo, funcionalidad y tecnolog\u00eda punta. <\/span><\/span><\/li>\n<\/ul>\n<p><span style=\"vertical-align: inherit;\"><span style=\"vertical-align: inherit;\">Con su dise\u00f1o elegante y moderno, el carro de golf el\u00e9ctrico ProKaddy modelo D3GTX en negro no s\u00f3lo es visualmente atractivo, sino que tambi\u00e9n ofrece una conducci\u00f3n suave y silenciosa gracias a su motor el\u00e9ctrico de alta potencia.<\/span><\/span><\/p>\n<p><strong><span style=\"vertical-align: inherit;\"><span style=\"vertical-align: inherit;\">Caracter\u00edsticas destacadas:<\/span><\/span><\/strong><\/p>\n<ul>\n<li><span style=\"vertical-align: inherit;\"><span style=\"vertical-align: inherit;\">Color: Negro<\/span><\/span><\/li>\n<li><span style=\"vertical-align: inherit;\"><span style=\"vertical-align: inherit;\">USB integrado<\/span><\/span><\/li>\n<li><span style=\"vertical-align: inherit;\"><span style=\"vertical-align: inherit;\">Conducci\u00f3n suave y silenciosa<\/span><\/span><\/li>\n<li><span style=\"vertical-align: inherit;\"><span style=\"vertical-align: inherit;\">Dise\u00f1o moderno y ergon\u00f3mico<\/span><\/span><\/li>\n<li><span style=\"vertical-align: inherit;\"><span style=\"vertical-align: inherit;\">Robusta estructura de aluminio<\/span><\/span><\/li>\n<li><span style=\"vertical-align: inherit;\"><span style=\"vertical-align: inherit;\">F\u00e1cilmente plegable<\/span><\/span><\/li>\n<li><span style=\"vertical-align: inherit;\"><span style=\"vertical-align: inherit;\">Ruedas desmontables<\/span><\/span><\/li>\n<li><span style=\"vertical-align: inherit;\"><span style=\"vertical-align: inherit;\">Funci\u00f3n de rueda libre<\/span><\/span><\/li>\n<li><span style=\"vertical-align: inherit;\"><span style=\"vertical-align: inherit;\">Control electr\u00f3nico de arranque y parada<\/span><\/span><\/li>\n<li><span style=\"vertical-align: inherit;\"><span style=\"vertical-align: inherit;\">Control de velocidad<\/span><\/span><\/li>\n<li><span style=\"vertical-align: inherit;\"><span style=\"vertical-align: inherit;\">Bater\u00eda 33Ah ( 1 a\u00f1o de garant\u00eda )<\/span><\/span><\/li>\n<li><span style=\"vertical-align: inherit;\"><span style=\"vertical-align: inherit;\">Motor muy potente y silencioso<\/span><\/span><\/li>\n<li><span style=\"vertical-align: inherit;\"><span style=\"vertical-align: inherit;\">Cargador de bater\u00eda 220v\/dc12v<\/span><\/span><\/li>\n<li><span style=\"vertical-align: inherit;\"><span style=\"vertical-align: inherit;\">Certificados CE y ROHS<\/span><\/span><\/li>\n<li><span style=\"vertical-align: inherit;\"><span style=\"vertical-align: inherit;\">3 a\u00f1os de garant\u00eda en el carro<\/span><\/span><\/li>\n<li><span style=\"vertical-align: inherit;\"><span style=\"vertical-align: inherit;\">Manual del usuario<\/span><\/span><strong> <\/strong><\/li>\n<li>Tarjeta de puntuaci\u00f3n, bolas de golf y soporte para tee<\/li>\n<\/ul>\n<p><strong><br \/>\n  <span style=\"vertical-align: inherit;\"><br \/>\n    <span style=\"vertical-align: inherit;\">Especificaciones <\/span><br \/>\n  <\/span><br \/>\n<\/strong><strong><br \/>\n  <span style=\"vertical-align: inherit;\"><br \/>\n    <span style=\"vertical-align: inherit;\">:<\/span><br \/>\n  <\/span><br \/>\n<\/strong><\/p>\n<ul>\n<li>Tres programas para distancia 10mtrs 20mtrs 30mtrs<\/li>\n<li><span style=\"vertical-align: inherit;\"><span style=\"vertical-align: inherit;\">Velocidad m\u00e1xima 8kmh<\/span><\/span><\/li>\n<li><span style=\"vertical-align: inherit;\"><span style=\"vertical-align: inherit;\">Pendiente m\u00e1xima de subida 22\u00ba<\/span><\/span><\/li>\n<li><span style=\"vertical-align: inherit;\"><span style=\"vertical-align: inherit;\">Dimensiones plegado: 952 largo x 700 ancho x 242 mm alto<\/span><\/span><\/li>\n<li><span style=\"vertical-align: inherit;\"><span style=\"vertical-align: inherit;\">Dimensiones abiertas: 1170 largo x 700 ancho x 1140 mm alto<\/span><\/span><\/li>\n<li><span style=\"vertical-align: inherit;\"><span style=\"vertical-align: inherit;\">Motor de 200 W<\/span><\/span><\/li>\n<li><span style=\"vertical-align: inherit;\"><span style=\"vertical-align: inherit;\">Bater\u00eda de 12V 33ah de alta calidad con bolsa para la bater\u00eda<\/span><\/span><\/li>\n<li><span style=\"vertical-align: inherit;\"><span style=\"vertical-align: inherit;\">Tiempo de carga 4 &#8211; 8 horas<\/span><\/span><\/li>\n<li><span style=\"vertical-align: inherit;\"><span style=\"vertical-align: inherit;\">Peso neto: 10 kg.<\/span><\/span><\/li>\n<li><span style=\"vertical-align: inherit;\"><span style=\"vertical-align: inherit;\">Peso m\u00e1ximo de carga 40 kg<\/span><\/span><\/li>\n<\/ul>\n<p><strong>Accesorios opcionales<\/strong>:<\/p>\n<ul>\n<li>Parag\u00fcero<\/li>\n<li>Soporte para tel\u00e9fono\/GPS<\/li>\n<li>Bolsa de transporte<\/li>\n<li>Portabotellas<\/li>\n<li>Cubierta antilluvia<\/li>\n<\/ul>\n<p><img data-recalc-dims=\"1\" loading=\"lazy\" decoding=\"async\" class=\"wp-image-904 alignright\" src=\"https:\/\/i0.wp.com\/prokaddy.com\/wp-content\/uploads\/2024\/09\/carro-de-golf-pd3-negro-33amp.jpg?resize=330%2C330&#038;ssl=1\" alt=\"\" width=\"330\" height=\"330\" srcset=\"https:\/\/i0.wp.com\/prokaddy.com\/wp-content\/uploads\/2024\/09\/carro-de-golf-pd3-negro-33amp.jpg?w=1024&amp;ssl=1 1024w, https:\/\/i0.wp.com\/prokaddy.com\/wp-content\/uploads\/2024\/09\/carro-de-golf-pd3-negro-33amp.jpg?resize=400%2C400&amp;ssl=1 400w, https:\/\/i0.wp.com\/prokaddy.com\/wp-content\/uploads\/2024\/09\/carro-de-golf-pd3-negro-33amp.jpg?resize=800%2C800&amp;ssl=1 800w, https:\/\/i0.wp.com\/prokaddy.com\/wp-content\/uploads\/2024\/09\/carro-de-golf-pd3-negro-33amp.jpg?resize=280%2C280&amp;ssl=1 280w, https:\/\/i0.wp.com\/prokaddy.com\/wp-content\/uploads\/2024\/09\/carro-de-golf-pd3-negro-33amp.jpg?resize=768%2C768&amp;ssl=1 768w, https:\/\/i0.wp.com\/prokaddy.com\/wp-content\/uploads\/2024\/09\/carro-de-golf-pd3-negro-33amp.jpg?resize=520%2C520&amp;ssl=1 520w, https:\/\/i0.wp.com\/prokaddy.com\/wp-content\/uploads\/2024\/09\/carro-de-golf-pd3-negro-33amp.jpg?resize=100%2C100&amp;ssl=1 100w\" sizes=\"auto, (max-width: 330px) 100vw, 330px\" \/><\/p>\n<p><span style=\"vertical-align: inherit;\"><span style=\"vertical-align: inherit;\">Tanto si navegas por terrenos ondulados como si recorres largas distancias, el carro de golf el\u00e9ctrico ProKaddy modelo D3GTX en negro ofrece la potencia y durabilidad necesarias para mantener tu equipaje a salvo y tu juego sin preocupaciones.<\/span><\/span><\/p>\n<p><span style=\"vertical-align: inherit;\"><span style=\"vertical-align: inherit;\">Adem\u00e1s, su sistema de plegado r\u00e1pido y compacto facilita su transporte y almacenamiento, convirti\u00e9ndolo en un accesorio imprescindible para los golfistas que siempre est\u00e1n en movimiento.<\/span><\/span><\/p>\n<p><span style=\"vertical-align: inherit;\"><span style=\"vertical-align: inherit;\">En resumen, el carro de golf el\u00e9ctrico ProKaddy D3GTX en negro con bater\u00eda de 33 amperios y USB es la elecci\u00f3n perfecta para los golfistas que buscan un producto de calidad, un rendimiento superior y un estilo moderno.<\/span><\/span><\/p>\n","protected":false},"excerpt":{"rendered":"<p><span style=\"vertical-align: inherit;\"><span style=\"vertical-align: inherit;\">Eleva tu juego con el carro de golf el\u00e9ctrico ProKaddy D3GTXL en negro. Con una bater\u00eda de 33 amperios y USB integrado, disfruta de comodidad, estilo y un rendimiento excepcional en el campo. 2 a\u00f1os de garant\u00eda.  <\/span><\/span><\/p>\n<p><strong><span style=\"vertical-align: inherit;\"><span style=\"vertical-align: inherit;\">Accesorios opcionales:<\/span><\/span><\/strong><\/p>\n<ul>\n<li><span style=\"vertical-align: inherit;\"><span style=\"vertical-align: inherit;\">  Parag\u00fcero<\/span><\/span><\/li>\n<li><span style=\"vertical-align: inherit;\"><span style=\"vertical-align: inherit;\">  Bolsa de transporte<\/span><\/span><\/li>\n<li><span style=\"vertical-align: inherit;\"><span style=\"vertical-align: inherit;\">  Bater\u00eda de Litio Optimax<\/span><\/span><\/li>\n<li><span style=\"vertical-align: inherit;\"><span style=\"vertical-align: inherit;\">  Parag\u00fcero<\/span><\/span><\/li>\n<li><span style=\"vertical-align: inherit;\"><span style=\"vertical-align: inherit;\">  Soporte para tel\u00e9fono\/GPS<\/span><\/span><\/li>\n<\/ul>\n","protected":false},"featured_media":1552,"comment_status":"open","ping_status":"closed","template":"","meta":{"_crdt_document":"","jetpack_publicize_message":"","jetpack_publicize_feature_enabled":true,"jetpack_social_post_already_shared":true,"jetpack_social_options":{"image_generator_settings":{"template":"highway","default_image_id":0,"font":"","enabled":false},"version":2},"_wpas_customize_per_network":false},"product_brand":[],"product_cat":[1557],"product_tag":[],"class_list":{"0":"post-1730","1":"product","2":"type-product","3":"status-publish","4":"has-post-thumbnail","6":"product_cat-golf-carts-es","8":"first","9":"outofstock","10":"taxable","11":"shipping-taxable","12":"purchasable","13":"product-type-simple","14":"add-to-wishlist-after_add_to_cart"},"exclude_global_add_ons":[],"addons":[],"jetpack_publicize_connections":[],"jetpack_sharing_enabled":true,"jetpack_likes_enabled":true,"_links":{"self":[{"href":"https:\/\/prokaddy.com\/es\/wp-json\/wp\/v2\/product\/1730","targetHints":{"allow":["GET"]}}],"collection":[{"href":"https:\/\/prokaddy.com\/es\/wp-json\/wp\/v2\/product"}],"about":[{"href":"https:\/\/prokaddy.com\/es\/wp-json\/wp\/v2\/types\/product"}],"replies":[{"embeddable":true,"href":"https:\/\/prokaddy.com\/es\/wp-json\/wp\/v2\/comments?post=1730"}],"wp:featuredmedia":[{"embeddable":true,"href":"https:\/\/prokaddy.com\/es\/wp-json\/wp\/v2\/media\/1552"}],"wp:attachment":[{"href":"https:\/\/prokaddy.com\/es\/wp-json\/wp\/v2\/media?parent=1730"}],"wp:term":[{"taxonomy":"product_brand","embeddable":true,"href":"https:\/\/prokaddy.com\/es\/wp-json\/wp\/v2\/product_brand?post=1730"},{"taxonomy":"product_cat","embeddable":true,"href":"https:\/\/prokaddy.com\/es\/wp-json\/wp\/v2\/product_cat?post=1730"},{"taxonomy":"product_tag","embeddable":true,"href":"https:\/\/prokaddy.com\/es\/wp-json\/wp\/v2\/product_tag?post=1730"}],"curies":[{"name":"wp","href":"https:\/\/api.w.org\/{rel}","templated":true}]}}