{"id":1729,"date":"2024-09-06T20:28:32","date_gmt":"2024-09-06T18:28:32","guid":{"rendered":"https:\/\/prokaddy.com\/product\/bateria-litio-optimax-para-carro-de-golf-12v-18amp-con-cargador-y-cable-3-pin-circular\/"},"modified":"2025-11-13T10:43:04","modified_gmt":"2025-11-13T09:43:04","slug":"bateria-litio-optimax-para-carro-de-golf-12v-18amp-con-cargador-y-cable-3-pin-circular","status":"publish","type":"product","link":"https:\/\/prokaddy.com\/es\/product\/bateria-litio-optimax-para-carro-de-golf-12v-18amp-con-cargador-y-cable-3-pin-circular\/","title":{"rendered":"Bater\u00eda de litio Optimax para carro de golf de 12v y 18amp con cargador y cable circular de 3 clavijas"},"content":{"rendered":"<p><span style=\"vertical-align: inherit;\"><span style=\"vertical-align: inherit;\">\u00a1Lleva tu experiencia de golf al siguiente nivel con la bater\u00eda de litio para carro de golf Optimax!<\/span><\/span><\/p>\n<ul>\n<li><span style=\"vertical-align: inherit;\"><span style=\"vertical-align: inherit;\">Esta bater\u00eda de 12v y 18amp est\u00e1 dise\u00f1ada para ofrecerte un rendimiento \u00f3ptimo y duradero, lo que significa que puedes pasar m\u00e1s tiempo disfrutando del juego y menos preocup\u00e1ndote de cargar tu carro de golf.<\/span><\/span><\/li>\n<\/ul>\n<p><span style=\"vertical-align: inherit;\"><span style=\"vertical-align: inherit;\">Con su cargador incluido, la bater\u00eda de litio Optimax es f\u00e1cil de mantener cargada y lista para usar en todo momento. Olv\u00eddate de complicaciones y disfruta de una experiencia ininterrumpida en el campo de golf. <\/span><\/span><\/p>\n<p><span style=\"vertical-align: inherit;\"><span style=\"vertical-align: inherit;\">El cable circular de 3 clavijas garantiza una conexi\u00f3n segura y estable, d\u00e1ndote la tranquilidad de saber que tu bater\u00eda funcionar\u00e1 siempre de forma fiable. No dejes que una bater\u00eda d\u00e9bil te arruine el d\u00eda en el campo de golf. <\/span><\/span><\/p>\n<p><span style=\"vertical-align: inherit;\"><span style=\"vertical-align: inherit;\">La bater\u00eda de litio Optimax es el complemento perfecto para tu carrito de golf, ya que te proporciona la potencia y fiabilidad que necesitas para recorrer el campo con comodidad y estilo. Adem\u00e1s, como parte de nuestra l\u00ednea de productos registrados, puedes confiar en la calidad y el respaldo de una marca bien conocida en el mundo del golf. <\/span><\/span><\/p>\n<p><span style=\"vertical-align: inherit;\"><span style=\"vertical-align: inherit;\">Descubre una nueva forma de disfrutar de tu juego con la Bater\u00eda de Litio para Carro de Golf Optimax. No te conformes con menos cuando se trate de tu equipo y de tu experiencia en el campo de golf. <\/span><\/span><\/p>\n<p><span style=\"vertical-align: inherit;\"><span style=\"vertical-align: inherit;\">La bater\u00eda Optimax Litiotech 5.0 + (LiFePO4) est\u00e1 dise\u00f1ada para su uso con cualquier tipo de coche.<\/span><\/span><\/p>\n<p><img data-recalc-dims=\"1\" loading=\"lazy\" decoding=\"async\" class=\"size-full wp-image-1029 alignright\" src=\"https:\/\/i0.wp.com\/prokaddy.com\/wp-content\/uploads\/2024\/09\/Optimax-1.png?resize=324%2C324&#038;ssl=1\" alt=\"\" width=\"324\" height=\"324\" srcset=\"https:\/\/i0.wp.com\/prokaddy.com\/wp-content\/uploads\/2024\/09\/Optimax-1.png?w=324&amp;ssl=1 324w, https:\/\/i0.wp.com\/prokaddy.com\/wp-content\/uploads\/2024\/09\/Optimax-1.png?resize=280%2C280&amp;ssl=1 280w, https:\/\/i0.wp.com\/prokaddy.com\/wp-content\/uploads\/2024\/09\/Optimax-1.png?resize=320%2C320&amp;ssl=1 320w, https:\/\/i0.wp.com\/prokaddy.com\/wp-content\/uploads\/2024\/09\/Optimax-1.png?resize=100%2C100&amp;ssl=1 100w\" sizes=\"auto, (max-width: 324px) 100vw, 324px\" \/><\/p>\n<ul>\n<li><span style=\"vertical-align: inherit;\"><span style=\"vertical-align: inherit;\"> Con un peso de s\u00f3lo 2,0 kg, la bater\u00eda de litio Optimax es un 75% m\u00e1s ligera que tu bater\u00eda tradicional.<\/span><\/span><\/li>\n<li><span style=\"vertical-align: inherit;\"><span style=\"vertical-align: inherit;\"> Se carga en s\u00f3lo 4-6 horas.<\/span><\/span><\/li>\n<li><span style=\"vertical-align: inherit;\"><span style=\"vertical-align: inherit;\"> Basada en la tecnolog\u00eda de iones de litio, la tecnolog\u00eda de fosfato de litio e hierro (LiFePO4) ofrece numerosas ventajas sobre la de iones de litio y plomo:<\/span><\/span><\/li>\n<li><span style=\"vertical-align: inherit;\"><span style=\"vertical-align: inherit;\"> M\u00e1s de 2000 ciclos de descarga.<\/span><\/span><\/li>\n<li><span style=\"vertical-align: inherit;\"><span style=\"vertical-align: inherit;\"> Puede utilizarse en cualquier orientaci\u00f3n.<\/span><\/span><\/li>\n<li><span style=\"vertical-align: inherit;\"><span style=\"vertical-align: inherit;\"> Bater\u00eda 12v 18 amperios<\/span><\/span><\/li>\n<li><span style=\"vertical-align: inherit;\"><span style=\"vertical-align: inherit;\"> Viene con cargador y cable circular de 3 clavijas<\/span><\/span><\/li>\n<li>Dimensiones: 163 mm x 132 mm x 111 mm.<\/li>\n<li><span style=\"vertical-align: inherit;\"><span style=\"vertical-align: inherit;\"> Dos a\u00f1os de garant\u00eda.<\/span><\/span><\/li>\n<\/ul>\n","protected":false},"excerpt":{"rendered":"<p><span style=\"vertical-align: inherit;\"><span style=\"vertical-align: inherit;\">Eleva tu juego con la bater\u00eda de litio para carro de golf Optimax. Ligera, duradera y f\u00e1cil de mantener, con cargador incluido. Descubre una nueva forma de disfrutar de tu juego con la Bater\u00eda de Litio Optimax. <\/span><\/span><\/p>\n<p>&nbsp;<\/p>\n","protected":false},"featured_media":1568,"comment_status":"open","ping_status":"closed","template":"","meta":{"_crdt_document":"","jetpack_publicize_message":"","jetpack_publicize_feature_enabled":true,"jetpack_social_post_already_shared":true,"jetpack_social_options":{"image_generator_settings":{"template":"highway","default_image_id":0,"font":"","enabled":false},"version":2},"_wpas_customize_per_network":false},"product_brand":[],"product_cat":[1554],"product_tag":[],"class_list":{"0":"post-1729","1":"product","2":"type-product","3":"status-publish","4":"has-post-thumbnail","6":"product_cat-baterias-y-cables","8":"first","9":"instock","10":"downloadable","11":"taxable","12":"shipping-taxable","13":"purchasable","14":"product-type-simple","15":"add-to-wishlist-after_add_to_cart"},"exclude_global_add_ons":[],"addons":[],"jetpack_publicize_connections":[],"jetpack_sharing_enabled":true,"jetpack_likes_enabled":true,"_links":{"self":[{"href":"https:\/\/prokaddy.com\/es\/wp-json\/wp\/v2\/product\/1729","targetHints":{"allow":["GET"]}}],"collection":[{"href":"https:\/\/prokaddy.com\/es\/wp-json\/wp\/v2\/product"}],"about":[{"href":"https:\/\/prokaddy.com\/es\/wp-json\/wp\/v2\/types\/product"}],"replies":[{"embeddable":true,"href":"https:\/\/prokaddy.com\/es\/wp-json\/wp\/v2\/comments?post=1729"}],"wp:featuredmedia":[{"embeddable":true,"href":"https:\/\/prokaddy.com\/es\/wp-json\/wp\/v2\/media\/1568"}],"wp:attachment":[{"href":"https:\/\/prokaddy.com\/es\/wp-json\/wp\/v2\/media?parent=1729"}],"wp:term":[{"taxonomy":"product_brand","embeddable":true,"href":"https:\/\/prokaddy.com\/es\/wp-json\/wp\/v2\/product_brand?post=1729"},{"taxonomy":"product_cat","embeddable":true,"href":"https:\/\/prokaddy.com\/es\/wp-json\/wp\/v2\/product_cat?post=1729"},{"taxonomy":"product_tag","embeddable":true,"href":"https:\/\/prokaddy.com\/es\/wp-json\/wp\/v2\/product_tag?post=1729"}],"curies":[{"name":"wp","href":"https:\/\/api.w.org\/{rel}","templated":true}]}}