{"id":1728,"date":"2024-09-05T18:51:56","date_gmt":"2024-09-05T16:51:56","guid":{"rendered":"https:\/\/prokaddy.com\/product\/carro-de-golf-electrico-prokaddy-modelo-d3gtxl-con-usb-sin-bateria\/"},"modified":"2025-10-12T09:47:10","modified_gmt":"2025-10-12T07:47:10","slug":"carro-de-golf-electrico-prokaddy-modelo-d3gtxl-con-usb-sin-bateria","status":"publish","type":"product","link":"https:\/\/prokaddy.com\/es\/product\/carro-de-golf-electrico-prokaddy-modelo-d3gtxl-con-usb-sin-bateria\/","title":{"rendered":"Carro de golf el\u00e9ctrico ProKaddy modelo D3GTX negro con USB, sin bater\u00eda"},"content":{"rendered":"<p><strong><span style=\"vertical-align: inherit;\"><span style=\"vertical-align: inherit;\">El carro de golf el\u00e9ctrico ProKaddy D3GTX con USB, sin bater\u00eda  <\/span><\/span><\/strong><span style=\"vertical-align: inherit;\"><span style=\"vertical-align: inherit;\">  es la soluci\u00f3n perfecta para los golfistas que buscan comodidad y tecnolog\u00eda en su equipamiento. Este carrito de golf el\u00e9ctrico de la renombrada marca ProKaddy est\u00e1 dise\u00f1ado para ofrecer un rendimiento superior en el campo de golf, con la comodidad a\u00f1adida de un puerto USB integrado para cargar dispositivos electr\u00f3nicos. <\/span><\/span><\/p>\n<p><span style=\"vertical-align: inherit;\"><span style=\"vertical-align: inherit;\">Con un dise\u00f1o elegante y funcional, el modelo D3GTX ofrece una conducci\u00f3n suave y silenciosa, que permite a los golfistas centrarse en su juego sin distracciones. La ausencia de bater\u00eda en este modelo ofrece una ventaja a\u00f1adida, ya que los usuarios pueden personalizar su carrito de golf con la bater\u00eda de su elecci\u00f3n, adapt\u00e1ndose perfectamente a sus necesidades y preferencias individuales. <\/span><\/span><\/p>\n<ul>\n<li><span style=\"vertical-align: inherit;\"><span style=\"vertical-align: inherit;\">Rendimiento superior en el campo de golf<\/span><\/span><\/li>\n<li><span style=\"vertical-align: inherit;\"><span style=\"vertical-align: inherit;\">Manejo suave y silencioso<\/span><\/span><\/li>\n<li><span style=\"vertical-align: inherit;\"><span style=\"vertical-align: inherit;\">Puerto USB integrado para cargar dispositivos electr\u00f3nicos<\/span><\/span><\/li>\n<li><span style=\"vertical-align: inherit;\"><span style=\"vertical-align: inherit;\">Dise\u00f1o novedoso y ergon\u00f3mico<\/span><\/span><\/li>\n<li><span style=\"vertical-align: inherit;\"><span style=\"vertical-align: inherit;\">Robusta estructura de aluminio<\/span><\/span><\/li>\n<li><span style=\"vertical-align: inherit;\"><span style=\"vertical-align: inherit;\">F\u00e1cilmente plegable<\/span><\/span><\/li>\n<li><span style=\"vertical-align: inherit;\"><span style=\"vertical-align: inherit;\">Ruedas desmontables<\/span><\/span><\/li>\n<li><span style=\"vertical-align: inherit;\"><span style=\"vertical-align: inherit;\">Funci\u00f3n de rueda libre<\/span><\/span><\/li>\n<li><span style=\"vertical-align: inherit;\"><span style=\"vertical-align: inherit;\">Control electr\u00f3nico de arranque y parada<\/span><\/span><\/li>\n<li><span style=\"vertical-align: inherit;\"><span style=\"vertical-align: inherit;\">Control de velocidad<\/span><\/span><\/li>\n<li><span style=\"vertical-align: inherit;\"><span style=\"vertical-align: inherit;\">Motor muy potente y silencioso<\/span><\/span><\/li>\n<li><span style=\"vertical-align: inherit;\"><span style=\"vertical-align: inherit;\">Certificados CE y ROHS<\/span><\/span><\/li>\n<li><span style=\"vertical-align: inherit;\"><span style=\"vertical-align: inherit;\">3 a\u00f1os de garant\u00eda<\/span><\/span><\/li>\n<li><span style=\"vertical-align: inherit;\"><span style=\"vertical-align: inherit;\">Manual del usuario<\/span><\/span><\/li>\n<li>Color negro<\/li>\n<\/ul>\n<p><strong><span style=\"vertical-align: inherit;\"><span style=\"vertical-align: inherit;\">Especificaciones:<\/span><\/span><\/strong><\/p>\n<ul>\n<li>  Tres programas de distancia 10mtrs 20mtrs 30mtrs<\/li>\n<li><span style=\"vertical-align: inherit;\"><span style=\"vertical-align: inherit;\">  Velocidad m\u00e1xima 8kmh<\/span><\/span><\/li>\n<li><span style=\"vertical-align: inherit;\"><span style=\"vertical-align: inherit;\">  Pendiente m\u00e1xima de subida 22\u00ba<\/span><\/span><\/li>\n<li><span style=\"vertical-align: inherit;\"><span style=\"vertical-align: inherit;\">  Dimensiones plegado: 952 largo x 700 ancho x 242 mm alto<\/span><\/span><\/li>\n<li><span style=\"vertical-align: inherit;\"><span style=\"vertical-align: inherit;\">  Dimensiones abiertas: 1170 largo x 700 ancho x 1140 mm alto<\/span><\/span><\/li>\n<li><span style=\"vertical-align: inherit;\"><span style=\"vertical-align: inherit;\">  Motor de 200 W<\/span><\/span><\/li>\n<li><span style=\"vertical-align: inherit;\"><span style=\"vertical-align: inherit;\">  <\/span><\/span><span style=\"vertical-align: inherit;\"><span style=\"vertical-align: inherit;\">Peso neto: 10 kg.<\/span><\/span><\/li>\n<li><span style=\"vertical-align: inherit;\"><span style=\"vertical-align: inherit;\">  Peso m\u00e1ximo de carga 40 kg<\/span><\/span><strong> <\/strong><\/li>\n<li>  Tarjeta de puntuaci\u00f3n, bolas de golf y soporte para tee<\/li>\n<\/ul>\n<p><strong>Accesorios opcionales<\/strong>:<\/p>\n<ul>\n<li>Parag\u00fcero<\/li>\n<li>Soporte para tel\u00e9fono\/GPS<\/li>\n<li>Bolsa de transporte<\/li>\n<li>Portabotellas<\/li>\n<li>Cubierta antilluvia<\/li>\n<li>Bater\u00eda Optimax litium 18ah<\/li>\n<li>Bater\u00eda de gel 33ah<\/li>\n<\/ul>\n<p><img data-recalc-dims=\"1\" loading=\"lazy\" decoding=\"async\" class=\"wp-image-916 alignright\" src=\"https:\/\/i0.wp.com\/prokaddy.com\/wp-content\/uploads\/2024\/09\/carro-de-golf-dr-33amp-3.jpg?resize=325%2C325&#038;ssl=1\" alt=\"\" width=\"325\" height=\"325\" srcset=\"https:\/\/i0.wp.com\/prokaddy.com\/wp-content\/uploads\/2024\/09\/carro-de-golf-dr-33amp-3.jpg?w=1024&amp;ssl=1 1024w, https:\/\/i0.wp.com\/prokaddy.com\/wp-content\/uploads\/2024\/09\/carro-de-golf-dr-33amp-3.jpg?resize=400%2C400&amp;ssl=1 400w, https:\/\/i0.wp.com\/prokaddy.com\/wp-content\/uploads\/2024\/09\/carro-de-golf-dr-33amp-3.jpg?resize=800%2C800&amp;ssl=1 800w, https:\/\/i0.wp.com\/prokaddy.com\/wp-content\/uploads\/2024\/09\/carro-de-golf-dr-33amp-3.jpg?resize=280%2C280&amp;ssl=1 280w, https:\/\/i0.wp.com\/prokaddy.com\/wp-content\/uploads\/2024\/09\/carro-de-golf-dr-33amp-3.jpg?resize=768%2C768&amp;ssl=1 768w, https:\/\/i0.wp.com\/prokaddy.com\/wp-content\/uploads\/2024\/09\/carro-de-golf-dr-33amp-3.jpg?resize=320%2C320&amp;ssl=1 320w, https:\/\/i0.wp.com\/prokaddy.com\/wp-content\/uploads\/2024\/09\/carro-de-golf-dr-33amp-3.jpg?resize=520%2C520&amp;ssl=1 520w, https:\/\/i0.wp.com\/prokaddy.com\/wp-content\/uploads\/2024\/09\/carro-de-golf-dr-33amp-3.jpg?resize=100%2C100&amp;ssl=1 100w\" sizes=\"auto, (max-width: 325px) 100vw, 325px\" \/><\/p>\n<p><span style=\"vertical-align: inherit;\"><span style=\"vertical-align: inherit;\">El carro de golf el\u00e9ctrico ProKaddy D3GTX es la elecci\u00f3n ideal para los golfistas que buscan un equilibrio entre tecnolog\u00eda, comodidad y rendimiento. Tanto si juegas una ronda casual como si compites en un torneo, este carrito de golf el\u00e9ctrico te proporcionar\u00e1 la asistencia necesaria para transportar tu equipo, permiti\u00e9ndote disfrutar al m\u00e1ximo de tu experiencia en el campo de golf. \u00a1No esperes m\u00e1s para experimentar el confort y la eficacia que este carrito de golf puede ofrecerte!  <\/span><\/span><\/p>\n","protected":false},"excerpt":{"rendered":"<p><span style=\"vertical-align: inherit;\"><span style=\"vertical-align: inherit;\">&#8220;Descubre el carro de golf el\u00e9ctrico ProKaddy D3GTX con USB. Rendimiento superior y personalizable. Ideal para golfistas que buscan comodidad y tecnolog\u00eda. \u00a1Consigue el equilibrio perfecto en el campo de golf! &#8220;<\/span><\/span><\/p>\n<p><strong><span style=\"vertical-align: inherit;\"><span style=\"vertical-align: inherit;\">Accesorios opcionales:<\/span><\/span><\/strong><\/p>\n<ul>\n<li><span style=\"vertical-align: inherit;\"><span style=\"vertical-align: inherit;\">  Parag\u00fcero<\/span><\/span><\/li>\n<li><span style=\"vertical-align: inherit;\"><span style=\"vertical-align: inherit;\">  Bolsa de transporte<\/span><\/span><\/li>\n<li><span style=\"vertical-align: inherit;\"><span style=\"vertical-align: inherit;\">  Bater\u00eda de Litio Optimax<\/span><\/span><strong> <\/strong><\/li>\n<li><span style=\"vertical-align: inherit;\"><span style=\"vertical-align: inherit;\">  Bater\u00eda de plomo de 12 V y 33 amperios<\/span><\/span><\/li>\n<li><span style=\"vertical-align: inherit;\"><span style=\"vertical-align: inherit;\">  Soporte para tel\u00e9fono\/GPS<\/span><\/span><\/li>\n<li>  Portabotellas<\/li>\n<li>  Cubierta antilluvia<\/li>\n<\/ul>\n","protected":false},"featured_media":1552,"comment_status":"open","ping_status":"closed","template":"","meta":{"_crdt_document":"","jetpack_publicize_message":"","jetpack_publicize_feature_enabled":true,"jetpack_social_post_already_shared":true,"jetpack_social_options":{"image_generator_settings":{"template":"highway","default_image_id":0,"font":"","enabled":false},"version":2},"_wpas_customize_per_network":false},"product_brand":[],"product_cat":[1557],"product_tag":[],"class_list":{"0":"post-1728","1":"product","2":"type-product","3":"status-publish","4":"has-post-thumbnail","6":"product_cat-golf-carts-es","8":"first","9":"outofstock","10":"taxable","11":"shipping-taxable","12":"purchasable","13":"product-type-simple","14":"add-to-wishlist-after_add_to_cart"},"exclude_global_add_ons":[],"addons":[],"jetpack_publicize_connections":[],"jetpack_sharing_enabled":true,"jetpack_likes_enabled":true,"_links":{"self":[{"href":"https:\/\/prokaddy.com\/es\/wp-json\/wp\/v2\/product\/1728","targetHints":{"allow":["GET"]}}],"collection":[{"href":"https:\/\/prokaddy.com\/es\/wp-json\/wp\/v2\/product"}],"about":[{"href":"https:\/\/prokaddy.com\/es\/wp-json\/wp\/v2\/types\/product"}],"replies":[{"embeddable":true,"href":"https:\/\/prokaddy.com\/es\/wp-json\/wp\/v2\/comments?post=1728"}],"wp:featuredmedia":[{"embeddable":true,"href":"https:\/\/prokaddy.com\/es\/wp-json\/wp\/v2\/media\/1552"}],"wp:attachment":[{"href":"https:\/\/prokaddy.com\/es\/wp-json\/wp\/v2\/media?parent=1728"}],"wp:term":[{"taxonomy":"product_brand","embeddable":true,"href":"https:\/\/prokaddy.com\/es\/wp-json\/wp\/v2\/product_brand?post=1728"},{"taxonomy":"product_cat","embeddable":true,"href":"https:\/\/prokaddy.com\/es\/wp-json\/wp\/v2\/product_cat?post=1728"},{"taxonomy":"product_tag","embeddable":true,"href":"https:\/\/prokaddy.com\/es\/wp-json\/wp\/v2\/product_tag?post=1728"}],"curies":[{"name":"wp","href":"https:\/\/api.w.org\/{rel}","templated":true}]}}