{"id":1724,"date":"2024-09-06T16:13:37","date_gmt":"2024-09-06T14:13:37","guid":{"rendered":"https:\/\/prokaddy.com\/product\/carro-de-golf-electrico-prokaddy-modelo-d3gtx-blancocon-usb-sin-bateria\/"},"modified":"2025-10-12T09:47:19","modified_gmt":"2025-10-12T07:47:19","slug":"carro-de-golf-electrico-prokaddy-modelo-d3gtx-blancocon-usb-sin-bateria","status":"publish","type":"product","link":"https:\/\/prokaddy.com\/es\/product\/carro-de-golf-electrico-prokaddy-modelo-d3gtx-blancocon-usb-sin-bateria\/","title":{"rendered":"Carro de golf el\u00e9ctrico ProKaddy modelo D3GTX blanco con USB, sin bater\u00eda"},"content":{"rendered":"<p><span style=\"vertical-align: inherit;\"><span style=\"vertical-align: inherit;\">El carro de golf el\u00e9ctrico ProKaddy D3GTX de color blanco es el compa\u00f1ero perfecto para tus rondas de golf. Con una bater\u00eda de 33 amperios y un pr\u00e1ctico puerto USB, este carro te ofrece la comodidad y la potencia necesarias para recorrer el campo sin esfuerzo. <\/span><\/span><\/p>\n<p><span style=\"vertical-align: inherit;\"><span style=\"vertical-align: inherit;\">Con un dise\u00f1o elegante y funcional, este carrito de golf el\u00e9ctrico te permite transportar tus palos y accesorios con seguridad y comodidad. Su color blanco le da un toque de sofisticaci\u00f3n, mientras que su potencia y durabilidad garantizan un rendimiento excepcional en cada partido. <\/span><\/span><\/p>\n<p><span style=\"vertical-align: inherit;\"><span style=\"vertical-align: inherit;\">El ProKaddy D3GTX est\u00e1 dise\u00f1ado para adaptarse a las necesidades de los golfistas, ofreciendo un equilibrio perfecto entre tecnolog\u00eda, practicidad y rendimiento. Con su bater\u00eda de 33 amperios, este carro te da la potencia que necesitas para recorrer el campo con confianza, sin preocuparte por la autonom\u00eda. <\/span><\/span><\/p>\n<p><span style=\"vertical-align: inherit;\"><span style=\"vertical-align: inherit;\">Adem\u00e1s, su puerto USB te permite cargar tus dispositivos electr\u00f3nicos mientras juegas, para que nunca te quedes sin bater\u00eda. Ya sea tu tel\u00e9fono, tu reproductor de m\u00fasica o cualquier otro accesorio, este carrito el\u00e9ctrico te ofrece la comodidad de mantener tus dispositivos cargados en todo momento. <\/span><\/span><\/p>\n<p><span style=\"vertical-align: inherit;\"><span style=\"vertical-align: inherit;\">Con el carro de golf el\u00e9ctrico ProKaddy D3GTX, podr\u00e1s disfrutar de tus rondas de golf con total comodidad y estilo. Su dise\u00f1o moderno, sus caracter\u00edsticas innovadoras y su rendimiento excepcional hacen de este carro la elecci\u00f3n ideal para los golfistas que buscan lo mejor en tecnolog\u00eda y funcionalidad. Rendimiento excepcional en cada partido.  <\/span><\/span><\/p>\n<ul>\n<li><strong><span style=\"vertical-align: inherit;\"><span style=\"vertical-align: inherit;\">Caracter\u00edsticas:<\/span><\/span><\/strong><\/li>\n<li><span style=\"vertical-align: inherit;\"><span style=\"vertical-align: inherit;\">  Dise\u00f1o novedoso y ergon\u00f3mico<\/span><\/span><\/li>\n<li><span style=\"vertical-align: inherit;\"><span style=\"vertical-align: inherit;\">  Robusta estructura de aluminio<\/span><\/span><\/li>\n<li><span style=\"vertical-align: inherit;\"><span style=\"vertical-align: inherit;\">  F\u00e1cilmente plegable<\/span><\/span><\/li>\n<li><span style=\"vertical-align: inherit;\"><span style=\"vertical-align: inherit;\">  Ruedas desmontables<\/span><\/span><\/li>\n<li><span style=\"vertical-align: inherit;\"><span style=\"vertical-align: inherit;\">  Funci\u00f3n de rueda libre<\/span><\/span><\/li>\n<li><span style=\"vertical-align: inherit;\"><span style=\"vertical-align: inherit;\">  Control electr\u00f3nico de arranque y parada<\/span><\/span><\/li>\n<li><span style=\"vertical-align: inherit;\"><span style=\"vertical-align: inherit;\">  Control de velocidad<\/span><\/span><\/li>\n<li><span style=\"vertical-align: inherit;\"><span style=\"vertical-align: inherit;\">  Puerto USB para cargar dispositivos<\/span><\/span><\/li>\n<li><span style=\"vertical-align: inherit;\"><span style=\"vertical-align: inherit;\">  Motor muy potente y silencioso<\/span><\/span><\/li>\n<li><span style=\"vertical-align: inherit;\"><span style=\"vertical-align: inherit;\">  Certificados CE y ROHS<\/span><\/span><\/li>\n<li><span style=\"vertical-align: inherit;\"><span style=\"vertical-align: inherit;\">  3 a\u00f1os de garant\u00eda  <\/span><\/span><\/li>\n<li><span style=\"vertical-align: inherit;\"><span style=\"vertical-align: inherit;\">  Manual del usuario en espa\u00f1ol<\/span><\/span><\/li>\n<li><span style=\"vertical-align: inherit;\"><span style=\"vertical-align: inherit;\">  Color blanco.<\/span><\/span><strong> <\/strong><\/li>\n<\/ul>\n<p><img data-recalc-dims=\"1\" loading=\"lazy\" decoding=\"async\" class=\"alignnone size-full wp-image-926\" src=\"https:\/\/i0.wp.com\/prokaddy.com\/wp-content\/uploads\/2024\/09\/d3-sin-bateria.png?resize=1020%2C1020&#038;ssl=1\" alt=\"\" width=\"1020\" height=\"1020\" srcset=\"https:\/\/i0.wp.com\/prokaddy.com\/wp-content\/uploads\/2024\/09\/d3-sin-bateria.png?w=1204&amp;ssl=1 1204w, https:\/\/i0.wp.com\/prokaddy.com\/wp-content\/uploads\/2024\/09\/d3-sin-bateria.png?resize=400%2C400&amp;ssl=1 400w, https:\/\/i0.wp.com\/prokaddy.com\/wp-content\/uploads\/2024\/09\/d3-sin-bateria.png?resize=800%2C800&amp;ssl=1 800w, https:\/\/i0.wp.com\/prokaddy.com\/wp-content\/uploads\/2024\/09\/d3-sin-bateria.png?resize=280%2C280&amp;ssl=1 280w, https:\/\/i0.wp.com\/prokaddy.com\/wp-content\/uploads\/2024\/09\/d3-sin-bateria.png?resize=768%2C768&amp;ssl=1 768w, https:\/\/i0.wp.com\/prokaddy.com\/wp-content\/uploads\/2024\/09\/d3-sin-bateria.png?resize=320%2C320&amp;ssl=1 320w, https:\/\/i0.wp.com\/prokaddy.com\/wp-content\/uploads\/2024\/09\/d3-sin-bateria.png?resize=520%2C520&amp;ssl=1 520w, https:\/\/i0.wp.com\/prokaddy.com\/wp-content\/uploads\/2024\/09\/d3-sin-bateria.png?resize=100%2C100&amp;ssl=1 100w\" sizes=\"auto, (max-width: 1020px) 100vw, 1020px\" \/><\/p>\n<p><strong><br \/>\n  <span style=\"vertical-align: inherit;\"><br \/>\n    <span style=\"vertical-align: inherit;\">Especificaciones <\/span><br \/>\n  <\/span><br \/>\n<\/strong><strong><br \/>\n  <span style=\"vertical-align: inherit;\"><br \/>\n    <span style=\"vertical-align: inherit;\">:<\/span><br \/>\n  <\/span><br \/>\n<\/strong><\/p>\n<ul>\n<li>  Tres programas de distancia 10mtrs 20mtrs 30mtrs<\/li>\n<li><span style=\"vertical-align: inherit;\"><span style=\"vertical-align: inherit;\">  Velocidad m\u00e1xima 8kmh<\/span><\/span><\/li>\n<li><span style=\"vertical-align: inherit;\"><span style=\"vertical-align: inherit;\">  Pendiente m\u00e1xima de subida 22\u00ba<\/span><\/span><\/li>\n<li><span style=\"vertical-align: inherit;\"><span style=\"vertical-align: inherit;\">  Dimensiones plegado: 952 largo x 700 ancho x 242 mm alto<\/span><\/span><\/li>\n<li><span style=\"vertical-align: inherit;\"><span style=\"vertical-align: inherit;\">  Dimensiones abiertas: 1170 largo x 700 ancho x 1140 mm alto<\/span><\/span><\/li>\n<li><span style=\"vertical-align: inherit;\"><span style=\"vertical-align: inherit;\">  Motor de 200 W<\/span><\/span><\/li>\n<li><span style=\"vertical-align: inherit;\"><span style=\"vertical-align: inherit;\">   <\/span><\/span><span style=\"vertical-align: inherit;\"><span style=\"vertical-align: inherit;\">Peso neto: 10 kg.<\/span><\/span><\/li>\n<li><span style=\"vertical-align: inherit;\"><span style=\"vertical-align: inherit;\">  Peso m\u00e1ximo de carga 40 kg<\/span><\/span><\/li>\n<li>  Tarjeta de puntuaci\u00f3n, bolas de golf y soporte para tee<\/li>\n<\/ul>\n<p><strong>Accesorios opcionales<\/strong>:<\/p>\n<ul>\n<li>Parag\u00fcero<\/li>\n<li>Soporte para tel\u00e9fono\/GPS<\/li>\n<li>Bolsa de transporte<\/li>\n<li>Portabotellas<\/li>\n<li>Cubierta antilluvia<\/li>\n<\/ul>\n","protected":false},"excerpt":{"rendered":"<p><span style=\"vertical-align: inherit;\"><span style=\"vertical-align: inherit;\">El carro de golf el\u00e9ctrico ProKaddy D3GTX en blanco es el compa\u00f1ero perfecto para tus rondas de golf. Ofrece comodidad, potencia y un dise\u00f1o elegante con un puerto USB para cargar dispositivos. \u00a1Optimiza tu juego con este carro potente y duradero!  <\/span><\/span><\/p>\n<p><strong><span style=\"vertical-align: inherit;\"><span style=\"vertical-align: inherit;\">Accesorios opcionales:<\/span><\/span><\/strong><\/p>\n<ul>\n<li><span style=\"vertical-align: inherit;\"><span style=\"vertical-align: inherit;\">Bater\u00eda de plomo 12V 33amp<\/span><\/span><\/li>\n<li><span style=\"vertical-align: inherit;\"><span style=\"vertical-align: inherit;\">Bater\u00eda de Litio Optimax<\/span><\/span><\/li>\n<li><span style=\"vertical-align: inherit;\"><span style=\"vertical-align: inherit;\">Parag\u00fcero<\/span><\/span><\/li>\n<li><span style=\"vertical-align: inherit;\"><span style=\"vertical-align: inherit;\">Tarjetero<\/span><\/span><\/li>\n<li><span style=\"vertical-align: inherit;\"><span style=\"vertical-align: inherit;\">Bolsa de transporte<\/span><\/span><\/li>\n<li><span style=\"vertical-align: inherit;\"><span style=\"vertical-align: inherit;\">Soporte para tel\u00e9fono\/GPS<\/span><\/span><\/li>\n<\/ul>\n","protected":false},"featured_media":1553,"comment_status":"open","ping_status":"closed","template":"","meta":{"_crdt_document":"","jetpack_publicize_message":"","jetpack_publicize_feature_enabled":true,"jetpack_social_post_already_shared":true,"jetpack_social_options":{"image_generator_settings":{"template":"highway","default_image_id":0,"font":"","enabled":false},"version":2},"_wpas_customize_per_network":false},"product_brand":[1582],"product_cat":[1557],"product_tag":[],"class_list":{"0":"post-1724","1":"product","2":"type-product","3":"status-publish","4":"has-post-thumbnail","6":"product_brand-prokaddy-2","7":"product_cat-golf-carts-es","9":"first","10":"outofstock","11":"taxable","12":"shipping-taxable","13":"purchasable","14":"product-type-simple","15":"add-to-wishlist-after_add_to_cart"},"exclude_global_add_ons":[],"addons":[],"jetpack_publicize_connections":[],"jetpack_sharing_enabled":true,"jetpack_likes_enabled":true,"_links":{"self":[{"href":"https:\/\/prokaddy.com\/es\/wp-json\/wp\/v2\/product\/1724","targetHints":{"allow":["GET"]}}],"collection":[{"href":"https:\/\/prokaddy.com\/es\/wp-json\/wp\/v2\/product"}],"about":[{"href":"https:\/\/prokaddy.com\/es\/wp-json\/wp\/v2\/types\/product"}],"replies":[{"embeddable":true,"href":"https:\/\/prokaddy.com\/es\/wp-json\/wp\/v2\/comments?post=1724"}],"wp:featuredmedia":[{"embeddable":true,"href":"https:\/\/prokaddy.com\/es\/wp-json\/wp\/v2\/media\/1553"}],"wp:attachment":[{"href":"https:\/\/prokaddy.com\/es\/wp-json\/wp\/v2\/media?parent=1724"}],"wp:term":[{"taxonomy":"product_brand","embeddable":true,"href":"https:\/\/prokaddy.com\/es\/wp-json\/wp\/v2\/product_brand?post=1724"},{"taxonomy":"product_cat","embeddable":true,"href":"https:\/\/prokaddy.com\/es\/wp-json\/wp\/v2\/product_cat?post=1724"},{"taxonomy":"product_tag","embeddable":true,"href":"https:\/\/prokaddy.com\/es\/wp-json\/wp\/v2\/product_tag?post=1724"}],"curies":[{"name":"wp","href":"https:\/\/api.w.org\/{rel}","templated":true}]}}