{"id":1721,"date":"2024-09-09T15:43:34","date_gmt":"2024-09-09T13:43:34","guid":{"rendered":"https:\/\/prokaddy.com\/product\/cargador-de-bateria-plomo-prokaddy-12v\/"},"modified":"2025-09-01T12:50:38","modified_gmt":"2025-09-01T10:50:38","slug":"cargador-de-bateria-plomo-prokaddy-12v","status":"publish","type":"product","link":"https:\/\/prokaddy.com\/es\/product\/cargador-de-bateria-plomo-prokaddy-12v\/","title":{"rendered":"Cargador de bater\u00edas de plomo de 12 V ProKaddy"},"content":{"rendered":"<p><span style=\"vertical-align: inherit;\"><span style=\"vertical-align: inherit;\">De la marca ProKaddy, este cargador de bater\u00edas es fiable y duradero, lo que lo convierte en una excelente inversi\u00f3n para los golfistas apasionados que quieren prolongar la vida \u00fatil de sus carros de golf el\u00e9ctricos. Su dise\u00f1o compacto y port\u00e1til permite guardarlo y transportarlo f\u00e1cilmente, por lo que es un accesorio c\u00f3modo para llevar en los viajes de golf. <\/span><\/span><\/p>\n<p><span style=\"vertical-align: inherit;\"><span style=\"vertical-align: inherit;\">El cargador de bater\u00edas de plomo-\u00e1cido de 12 V ProKaddy cuenta con funciones de seguridad clave, como protecci\u00f3n contra sobrecarga y cortocircuito, para garantizar la tranquilidad al cargar tus bater\u00edas. Con una interfaz de usuario intuitiva, s\u00f3lo tienes que conectar el cargador a la bater\u00eda y el proceso de carga se iniciar\u00e1 autom\u00e1ticamente. <\/span><\/span><\/p>\n<ul>\n<li><span style=\"vertical-align: inherit;\"><span style=\"vertical-align: inherit;\">Compatible con bater\u00edas de plomo-\u00e1cido de 12 V<\/span><\/span><\/li>\n<li><span style=\"vertical-align: inherit;\"><span style=\"vertical-align: inherit;\">Dise\u00f1o compacto y port\u00e1til<\/span><\/span><\/li>\n<li><span style=\"vertical-align: inherit;\"><span style=\"vertical-align: inherit;\">Protecci\u00f3n contra sobrecargas y cortocircuitos<\/span><\/span><\/li>\n<li><span style=\"vertical-align: inherit;\"><span style=\"vertical-align: inherit;\">F\u00e1cil de usar<\/span><\/span><\/li>\n<li><span style=\"vertical-align: inherit;\"><span style=\"vertical-align: inherit;\">LED rojo<\/span><\/span><\/li>\n<li><span style=\"vertical-align: inherit;\"><span style=\"vertical-align: inherit;\">Led Verde<\/span><\/span><\/li>\n<\/ul>\n<p><span style=\"vertical-align: inherit;\"><span style=\"vertical-align: inherit;\">Tanto si eres un golfista ocasional como un profesional dedicado, el cargador de bater\u00eda de plomo de 12 V ProKaddy es un accesorio esencial para mantener tu carro de golf el\u00e9ctrico listo para funcionar en cualquier momento. Con su fiable rendimiento y c\u00f3modo dise\u00f1o, este cargador es un complemento imprescindible para tu equipo de golf. <\/span><\/span><\/p>\n","protected":false},"excerpt":{"rendered":"<p><span style=\"vertical-align: inherit;\"><span style=\"vertical-align: inherit;\">El cargador de bater\u00edas de plomo de 12 V ProKaddy es un accesorio esencial para los entusiastas del golf que utilizan carros de golf el\u00e9ctricos. Este producto de alta calidad est\u00e1 dise\u00f1ado para mantener las bater\u00edas de plomo de 12 V de los carros de golf en las mejores condiciones, garantizando que siempre est\u00e9n listas para tu pr\u00f3xima partida. <\/span><\/span><\/p>\n","protected":false},"featured_media":6513,"comment_status":"open","ping_status":"closed","template":"","meta":{"_crdt_document":"","jetpack_publicize_message":"","jetpack_publicize_feature_enabled":true,"jetpack_social_post_already_shared":true,"jetpack_social_options":{"image_generator_settings":{"template":"highway","default_image_id":0,"font":"","enabled":false},"version":2},"_wpas_customize_per_network":false},"product_brand":[1584],"product_cat":[1556],"product_tag":[],"class_list":{"0":"post-1721","1":"product","2":"type-product","3":"status-publish","4":"has-post-thumbnail","6":"product_brand-optimax-2","7":"product_cat-cargadores-es","9":"first","10":"instock","11":"taxable","12":"shipping-taxable","13":"purchasable","14":"product-type-simple","15":"add-to-wishlist-after_add_to_cart"},"exclude_global_add_ons":[],"addons":[],"jetpack_publicize_connections":[],"jetpack_sharing_enabled":true,"jetpack_likes_enabled":true,"_links":{"self":[{"href":"https:\/\/prokaddy.com\/es\/wp-json\/wp\/v2\/product\/1721","targetHints":{"allow":["GET"]}}],"collection":[{"href":"https:\/\/prokaddy.com\/es\/wp-json\/wp\/v2\/product"}],"about":[{"href":"https:\/\/prokaddy.com\/es\/wp-json\/wp\/v2\/types\/product"}],"replies":[{"embeddable":true,"href":"https:\/\/prokaddy.com\/es\/wp-json\/wp\/v2\/comments?post=1721"}],"wp:featuredmedia":[{"embeddable":true,"href":"https:\/\/prokaddy.com\/es\/wp-json\/wp\/v2\/media\/6513"}],"wp:attachment":[{"href":"https:\/\/prokaddy.com\/es\/wp-json\/wp\/v2\/media?parent=1721"}],"wp:term":[{"taxonomy":"product_brand","embeddable":true,"href":"https:\/\/prokaddy.com\/es\/wp-json\/wp\/v2\/product_brand?post=1721"},{"taxonomy":"product_cat","embeddable":true,"href":"https:\/\/prokaddy.com\/es\/wp-json\/wp\/v2\/product_cat?post=1721"},{"taxonomy":"product_tag","embeddable":true,"href":"https:\/\/prokaddy.com\/es\/wp-json\/wp\/v2\/product_tag?post=1721"}],"curies":[{"name":"wp","href":"https:\/\/api.w.org\/{rel}","templated":true}]}}