{"id":1720,"date":"2024-09-11T14:48:29","date_gmt":"2024-09-11T12:48:29","guid":{"rendered":"https:\/\/prokaddy.com\/product\/cable-de-bateria-tbar-anderson\/"},"modified":"2026-01-22T08:37:53","modified_gmt":"2026-01-22T07:37:53","slug":"cable-de-bateria-tbar-anderson","status":"publish","type":"product","link":"https:\/\/prokaddy.com\/es\/product\/cable-de-bateria-tbar-anderson\/","title":{"rendered":"Cable de bater\u00eda Tbar Anderson"},"content":{"rendered":"<p><span style=\"vertical-align: inherit;\"><span style=\"vertical-align: inherit;\">Con su dise\u00f1o duradero y resistente, este cable de bater\u00eda est\u00e1 hecho para soportar las duras condiciones del campo de golf. No tendr\u00e1s que preocuparte por conexiones sueltas o interrupciones en tu juego, ya que la barra Anderson T garantiza una conexi\u00f3n estable durante toda la ronda. <\/span><\/span><\/p>\n<p><span style=\"vertical-align: inherit;\"><span style=\"vertical-align: inherit;\">La sencillez de su uso hace de este cable un gran complemento para tu equipo de golf. S\u00f3lo tienes que conectar la barra Anderson T entre la bater\u00eda y el carro y estar\u00e1s listo para jugar. Ahorra tiempo y energ\u00eda con este cable eficaz y fiable.  <\/span><\/span><\/p>\n<p><strong><span style=\"vertical-align: inherit;\"><span style=\"vertical-align: inherit;\">Caracter\u00edsticas:<\/span><\/span><\/strong><\/p>\n<ul>\n<li><span style=\"vertical-align: inherit;\"><span style=\"vertical-align: inherit;\">Compatible con la mayor\u00eda de los carritos de golf el\u00e9ctricos<\/span><\/span><\/li>\n<li><span style=\"vertical-align: inherit;\"><span style=\"vertical-align: inherit;\">Conexi\u00f3n segura y duradera<\/span><\/span><\/li>\n<li><span style=\"vertical-align: inherit;\"><span style=\"vertical-align: inherit;\">Dise\u00f1o resistente para las condiciones de los campos de golf<\/span><\/span><\/li>\n<li><span style=\"vertical-align: inherit;\"><span style=\"vertical-align: inherit;\">F\u00e1cil de usar y proporciona una conexi\u00f3n estable<\/span><\/span><\/li>\n<\/ul>\n<p><span style=\"vertical-align: inherit;\"><span style=\"vertical-align: inherit;\">No dejes que un cable de bater\u00eda defectuoso arruine tu d\u00eda en el campo de golf. Consigue el Anderson Tbar y disfruta de una conexi\u00f3n fiable y duradera para tu carrito el\u00e9ctrico. \u00a1Haz que cada ronda de golf sea una experiencia sin preocupaciones con este cable de bater\u00eda de calidad!  <\/span><\/span><\/p>\n","protected":false},"excerpt":{"rendered":"<p><span style=\"vertical-align: inherit;\"><span style=\"vertical-align: inherit;\">\u00a1Consigue el cable de bater\u00eda Tbar Anderson para mantener tu carrito de golf en funcionamiento!<\/span><\/span><\/p>\n<p><span style=\"vertical-align: inherit;\"><span style=\"vertical-align: inherit;\">Este cable de bater\u00eda de alta calidad es el complemento perfecto para los golfistas que utilizan carros el\u00e9ctricos para transportar su equipo por el campo. La barra Anderson T es compatible con la mayor\u00eda de las bater\u00edas de los carros de golf y proporciona una conexi\u00f3n segura y duradera entre la bater\u00eda y el carro. <\/span><\/span><\/p>\n","protected":false},"featured_media":1564,"comment_status":"open","ping_status":"closed","template":"","meta":{"_crdt_document":"","jetpack_publicize_message":"","jetpack_publicize_feature_enabled":true,"jetpack_social_post_already_shared":true,"jetpack_social_options":{"image_generator_settings":{"template":"highway","default_image_id":0,"font":"","enabled":false},"version":2},"_wpas_customize_per_network":false},"product_brand":[1584],"product_cat":[1554],"product_tag":[],"class_list":{"0":"post-1720","1":"product","2":"type-product","3":"status-publish","4":"has-post-thumbnail","6":"product_brand-optimax-2","7":"product_cat-baterias-y-cables","9":"first","10":"instock","11":"taxable","12":"shipping-taxable","13":"purchasable","14":"product-type-simple","15":"add-to-wishlist-after_add_to_cart"},"exclude_global_add_ons":[],"addons":[],"jetpack_publicize_connections":[],"jetpack_sharing_enabled":true,"jetpack_likes_enabled":true,"_links":{"self":[{"href":"https:\/\/prokaddy.com\/es\/wp-json\/wp\/v2\/product\/1720","targetHints":{"allow":["GET"]}}],"collection":[{"href":"https:\/\/prokaddy.com\/es\/wp-json\/wp\/v2\/product"}],"about":[{"href":"https:\/\/prokaddy.com\/es\/wp-json\/wp\/v2\/types\/product"}],"replies":[{"embeddable":true,"href":"https:\/\/prokaddy.com\/es\/wp-json\/wp\/v2\/comments?post=1720"}],"wp:featuredmedia":[{"embeddable":true,"href":"https:\/\/prokaddy.com\/es\/wp-json\/wp\/v2\/media\/1564"}],"wp:attachment":[{"href":"https:\/\/prokaddy.com\/es\/wp-json\/wp\/v2\/media?parent=1720"}],"wp:term":[{"taxonomy":"product_brand","embeddable":true,"href":"https:\/\/prokaddy.com\/es\/wp-json\/wp\/v2\/product_brand?post=1720"},{"taxonomy":"product_cat","embeddable":true,"href":"https:\/\/prokaddy.com\/es\/wp-json\/wp\/v2\/product_cat?post=1720"},{"taxonomy":"product_tag","embeddable":true,"href":"https:\/\/prokaddy.com\/es\/wp-json\/wp\/v2\/product_tag?post=1720"}],"curies":[{"name":"wp","href":"https:\/\/api.w.org\/{rel}","templated":true}]}}