{"id":1718,"date":"2024-09-14T16:53:16","date_gmt":"2024-09-14T14:53:16","guid":{"rendered":"https:\/\/prokaddy.com\/product\/caja-de-control-para-carro-de-golf-modelo-s1g-8-12v-j\/"},"modified":"2025-12-16T16:31:38","modified_gmt":"2025-12-16T15:31:38","slug":"caja-de-control-para-carro-de-golf-modelo-s1g-8-12v-j","status":"publish","type":"product","link":"https:\/\/prokaddy.com\/es\/product\/caja-de-control-para-carro-de-golf-modelo-s1g-8-12v-j\/","title":{"rendered":"Caja de control para carro de golf modelo S1G-8-12V-J"},"content":{"rendered":"<p>Caja de control para carro de golf modelo S1G-8-12V-J <strong>Caracter\u00edsticas del producto:<\/strong><\/p>\n<ul>\n<li>Control de velocidad suave y consistente.<\/li>\n<li>Capacidad de 12 voltios 26 amperios..<\/li>\n<li>Dise\u00f1o robusto y duradero.<\/li>\n<li>Facilidad de instalaci\u00f3n y uso.<\/li>\n<li>NOTA IMPORTANTE: NO ACEPTAMOS DEVOLUCIONES DE ESTE ART\u00cdCULO.<\/li>\n<\/ul>\n<p>&nbsp;<\/p>\n","protected":false},"excerpt":{"rendered":"<p>Caja de control para carro S1G-8-12V-J.<br \/>\n\u00a1Presentamos la caja de control para carro de golf modelo S1G-8-12V-J!<br \/>\nEl modelo S1G-8-12V-J est\u00e1 dise\u00f1ado para proporcionar un control de velocidad suave y consistente, lo que garantiza una experiencia de conducci\u00f3n c\u00f3moda y segura.<\/p>\n","protected":false},"featured_media":5028,"comment_status":"open","ping_status":"closed","template":"","meta":{"_crdt_document":"","jetpack_publicize_message":"","jetpack_publicize_feature_enabled":true,"jetpack_social_post_already_shared":true,"jetpack_social_options":{"image_generator_settings":{"template":"highway","default_image_id":0,"font":"","enabled":false},"version":2},"_wpas_customize_per_network":false},"product_brand":[1582],"product_cat":[1553],"product_tag":[],"class_list":{"0":"post-1718","1":"product","2":"type-product","3":"status-publish","4":"has-post-thumbnail","6":"product_brand-prokaddy-2","7":"product_cat-repuestos","9":"first","10":"instock","11":"taxable","12":"shipping-taxable","13":"purchasable","14":"product-type-simple","15":"add-to-wishlist-after_add_to_cart"},"exclude_global_add_ons":[],"addons":[],"jetpack_publicize_connections":[],"jetpack_sharing_enabled":true,"jetpack_likes_enabled":true,"_links":{"self":[{"href":"https:\/\/prokaddy.com\/es\/wp-json\/wp\/v2\/product\/1718","targetHints":{"allow":["GET"]}}],"collection":[{"href":"https:\/\/prokaddy.com\/es\/wp-json\/wp\/v2\/product"}],"about":[{"href":"https:\/\/prokaddy.com\/es\/wp-json\/wp\/v2\/types\/product"}],"replies":[{"embeddable":true,"href":"https:\/\/prokaddy.com\/es\/wp-json\/wp\/v2\/comments?post=1718"}],"wp:featuredmedia":[{"embeddable":true,"href":"https:\/\/prokaddy.com\/es\/wp-json\/wp\/v2\/media\/5028"}],"wp:attachment":[{"href":"https:\/\/prokaddy.com\/es\/wp-json\/wp\/v2\/media?parent=1718"}],"wp:term":[{"taxonomy":"product_brand","embeddable":true,"href":"https:\/\/prokaddy.com\/es\/wp-json\/wp\/v2\/product_brand?post=1718"},{"taxonomy":"product_cat","embeddable":true,"href":"https:\/\/prokaddy.com\/es\/wp-json\/wp\/v2\/product_cat?post=1718"},{"taxonomy":"product_tag","embeddable":true,"href":"https:\/\/prokaddy.com\/es\/wp-json\/wp\/v2\/product_tag?post=1718"}],"curies":[{"name":"wp","href":"https:\/\/api.w.org\/{rel}","templated":true}]}}