{"id":1711,"date":"2024-09-09T16:29:59","date_gmt":"2024-09-09T14:29:59","guid":{"rendered":"https:\/\/prokaddy.com\/product\/porta-telefono-gps\/"},"modified":"2026-03-12T10:14:28","modified_gmt":"2026-03-12T09:14:28","slug":"porta-telefono-gps","status":"publish","type":"product","link":"https:\/\/prokaddy.com\/es\/product\/porta-telefono-gps\/","title":{"rendered":"Soporte para tel\u00e9fono\/GPS"},"content":{"rendered":"<div>\n<p><strong><span style=\"vertical-align: inherit;\"><span style=\"vertical-align: inherit;\">Soporte para tel\u00e9fono\/GPS:<\/span><\/span><\/strong><span style=\"vertical-align: inherit;\"><span style=\"vertical-align: inherit;\"> El accesorio perfecto para tu carrito de golf.<\/span><\/span><\/p>\n<p><span style=\"vertical-align: inherit;\"><span style=\"vertical-align: inherit;\">Si eres un \u00e1vido golfista, sabes lo importante que es tener el tel\u00e9fono o el GPS a mano mientras juegas. Con nuestro soporte para tel\u00e9fono\/GPS, nunca m\u00e1s tendr\u00e1s que preocuparte por perder tus dispositivos electr\u00f3nicos mientras est\u00e1s en el campo. Duradero, f\u00e1cil de instalar y dise\u00f1ado espec\u00edficamente para adaptarse a la mayor\u00eda de los carros de golf, este accesorio es imprescindible para cualquier golfista serio.  <\/span><\/span><\/p>\n<p><strong><span style=\"vertical-align: inherit;\"><span style=\"vertical-align: inherit;\">Caracter\u00edsticas principales:<\/span><\/span><\/strong><\/p>\n<ul>\n<li><span style=\"vertical-align: inherit;\"><span style=\"vertical-align: inherit;\">Soporte universal: Se adapta a la mayor\u00eda de smartphones y dispositivos GPS.<\/span><\/span><\/li>\n<li><span style=\"vertical-align: inherit;\"><span style=\"vertical-align: inherit;\">F\u00e1cil instalaci\u00f3n: El soporte se fija f\u00e1cilmente al chasis de tu carrito de golf sin necesidad de herramientas especiales.<\/span><\/span><\/li>\n<li><span style=\"vertical-align: inherit;\"><span style=\"vertical-align: inherit;\">Dise\u00f1o resistente: Fabricado con materiales duraderos para soportar las condiciones de los campos de golf.<\/span><\/span><\/li>\n<li><span style=\"vertical-align: inherit;\"><span style=\"vertical-align: inherit;\">Rotaci\u00f3n ajustable: La cabeza del soporte gira 360 grados, lo que te permite ajustar el \u00e1ngulo de visi\u00f3n de tu tel\u00e9fono o GPS.<\/span><\/span><\/li>\n<li><span style=\"vertical-align: inherit;\"><span style=\"vertical-align: inherit;\">Seguridad adicional: Mant\u00e9n tus dispositivos seguros mientras juegas al golf.<\/span><\/span><\/li>\n<\/ul>\n<p><span style=\"vertical-align: inherit;\"><span style=\"vertical-align: inherit;\">Tanto si juegas al golf por diversi\u00f3n como si lo haces de forma competitiva, tener acceso r\u00e1pido a tu tel\u00e9fono o GPS es esencial para mantener el ritmo de juego y estar preparado para cualquier situaci\u00f3n que pueda surgir. Con nuestro soporte para tel\u00e9fono\/GPS, puedes centrarte en tu juego y tener la tranquilidad de saber que tus dispositivos est\u00e1n a tu alcance siempre que los necesites. <\/span><\/span><\/p>\n<p><span style=\"vertical-align: inherit;\"><span style=\"vertical-align: inherit;\">Aseg\u00farate de tener el soporte para tel\u00e9fono\/GPS en tu lista de accesorios de golf para disfrutar de una experiencia de juego m\u00e1s relajada y eficaz.<\/span><\/span><\/p>\n<\/div>\n","protected":false},"excerpt":{"rendered":"<p><strong><span style=\"vertical-align: inherit;\"><span style=\"vertical-align: inherit;\">Soporte para tel\u00e9fono\/GPS:<\/span><\/span><\/strong><span style=\"vertical-align: inherit;\"><span style=\"vertical-align: inherit;\"> El accesorio perfecto para tu carrito de golf.<\/span><\/span><\/p>\n<p><span style=\"vertical-align: inherit;\"><span style=\"vertical-align: inherit;\">Si eres un \u00e1vido golfista, sabes lo importante que es tener el tel\u00e9fono o el GPS a mano mientras juegas. Con nuestro soporte para tel\u00e9fono\/GPS, nunca m\u00e1s tendr\u00e1s que preocuparte por perder tus dispositivos electr\u00f3nicos mientras est\u00e1s en el campo. Duradero, f\u00e1cil de instalar y dise\u00f1ado espec\u00edficamente para adaptarse a la mayor\u00eda de los carros de golf, este accesorio es imprescindible para cualquier golfista serio.  <\/span><\/span><\/p>\n","protected":false},"featured_media":1497,"comment_status":"open","ping_status":"closed","template":"","meta":{"_crdt_document":"","jetpack_publicize_message":"","jetpack_publicize_feature_enabled":true,"jetpack_social_post_already_shared":true,"jetpack_social_options":{"image_generator_settings":{"template":"highway","default_image_id":0,"font":"","enabled":false},"version":2},"_wpas_customize_per_network":false},"product_brand":[1582],"product_cat":[1555],"product_tag":[],"class_list":{"0":"post-1711","1":"product","2":"type-product","3":"status-publish","4":"has-post-thumbnail","6":"product_brand-prokaddy-2","7":"product_cat-accesorios","9":"first","10":"instock","11":"taxable","12":"shipping-taxable","13":"purchasable","14":"product-type-simple","15":"add-to-wishlist-after_add_to_cart"},"exclude_global_add_ons":[],"addons":[],"jetpack_publicize_connections":[],"jetpack_sharing_enabled":true,"jetpack_likes_enabled":true,"_links":{"self":[{"href":"https:\/\/prokaddy.com\/es\/wp-json\/wp\/v2\/product\/1711","targetHints":{"allow":["GET"]}}],"collection":[{"href":"https:\/\/prokaddy.com\/es\/wp-json\/wp\/v2\/product"}],"about":[{"href":"https:\/\/prokaddy.com\/es\/wp-json\/wp\/v2\/types\/product"}],"replies":[{"embeddable":true,"href":"https:\/\/prokaddy.com\/es\/wp-json\/wp\/v2\/comments?post=1711"}],"wp:featuredmedia":[{"embeddable":true,"href":"https:\/\/prokaddy.com\/es\/wp-json\/wp\/v2\/media\/1497"}],"wp:attachment":[{"href":"https:\/\/prokaddy.com\/es\/wp-json\/wp\/v2\/media?parent=1711"}],"wp:term":[{"taxonomy":"product_brand","embeddable":true,"href":"https:\/\/prokaddy.com\/es\/wp-json\/wp\/v2\/product_brand?post=1711"},{"taxonomy":"product_cat","embeddable":true,"href":"https:\/\/prokaddy.com\/es\/wp-json\/wp\/v2\/product_cat?post=1711"},{"taxonomy":"product_tag","embeddable":true,"href":"https:\/\/prokaddy.com\/es\/wp-json\/wp\/v2\/product_tag?post=1711"}],"curies":[{"name":"wp","href":"https:\/\/api.w.org\/{rel}","templated":true}]}}