{"id":1708,"date":"2024-09-15T13:24:44","date_gmt":"2024-09-15T11:24:44","guid":{"rendered":"https:\/\/prokaddy.com\/product\/rodamienta-derecha-para-el-carro-de-golf\/"},"modified":"2026-04-09T10:25:09","modified_gmt":"2026-04-09T08:25:09","slug":"rodamiento-derecho-para-el-carro-de-golf","status":"publish","type":"product","link":"https:\/\/prokaddy.com\/es\/product\/rodamiento-derecho-para-el-carro-de-golf\/","title":{"rendered":"Rodamiento derecha de rueda trasera para carro de golf ProKaddy"},"content":{"rendered":"<p><span style=\"vertical-align: inherit;\"><span style=\"vertical-align: inherit;\">Con nuestro rodamiemto derecho, puedes estar seguro de que tu carro de golf funcionar\u00e1 con suavidad y eficacia, permiti\u00e9ndote disfrutar al m\u00e1ximo de tu juego. No tienes que preocuparte por problemas o aver\u00edas inesperadas cuando tienes la mejor calidad en cada componente de tu carro de golf. <\/span><\/span><\/p>\n<p><span style=\"vertical-align: inherit;\"><span style=\"vertical-align: inherit;\">El rodamiento<\/span><\/span><strong><span style=\"vertical-align: inherit;\"><span style=\"vertical-align: inherit;\">\u00a0derecho del carrito de golf<\/span><\/span><\/strong><span style=\"vertical-align: inherit;\"><span style=\"vertical-align: inherit;\"> es f\u00e1cil de instalar, lo que significa que puedes cambiarla t\u00fa mismo sin necesidad de costosos servicios de mantenimiento. Con esta pieza a mano, estar\u00e1s listo para jugar en cuesti\u00f3n de minutos, sin retrasos ni inconvenientes. <\/span><\/span><\/p>\n<p>&nbsp;<\/p>\n","protected":false},"excerpt":{"rendered":"<p><strong><span style=\"vertical-align: inherit;\"><span style=\"vertical-align: inherit;\">Cojinete derecho para carrito de golf<\/span><\/span><\/strong><span style=\"vertical-align: inherit;\"><span style=\"vertical-align: inherit;\"> es una pieza imprescindible para mantener tu carro de golf funcionando sin problemas en el campo. Fabricada con los m\u00e1s altos est\u00e1ndares de calidad, esta herramienta est\u00e1 dise\u00f1ada para durar y soportar las duras condiciones del juego. <\/span><\/span><\/p>\n","protected":false},"featured_media":1619,"comment_status":"open","ping_status":"closed","template":"","meta":{"_crdt_document":"","jetpack_publicize_message":"","jetpack_publicize_feature_enabled":true,"jetpack_social_post_already_shared":true,"jetpack_social_options":{"image_generator_settings":{"template":"highway","default_image_id":0,"font":"","enabled":false},"version":2},"_wpas_customize_per_network":false},"product_brand":[1582],"product_cat":[1553],"product_tag":[],"class_list":{"0":"post-1708","1":"product","2":"type-product","3":"status-publish","4":"has-post-thumbnail","6":"product_brand-prokaddy-2","7":"product_cat-repuestos","9":"first","10":"instock","11":"taxable","12":"shipping-taxable","13":"purchasable","14":"product-type-simple","15":"add-to-wishlist-after_add_to_cart"},"exclude_global_add_ons":[],"addons":[],"jetpack_publicize_connections":[],"jetpack_sharing_enabled":true,"jetpack_likes_enabled":true,"_links":{"self":[{"href":"https:\/\/prokaddy.com\/es\/wp-json\/wp\/v2\/product\/1708","targetHints":{"allow":["GET"]}}],"collection":[{"href":"https:\/\/prokaddy.com\/es\/wp-json\/wp\/v2\/product"}],"about":[{"href":"https:\/\/prokaddy.com\/es\/wp-json\/wp\/v2\/types\/product"}],"replies":[{"embeddable":true,"href":"https:\/\/prokaddy.com\/es\/wp-json\/wp\/v2\/comments?post=1708"}],"wp:featuredmedia":[{"embeddable":true,"href":"https:\/\/prokaddy.com\/es\/wp-json\/wp\/v2\/media\/1619"}],"wp:attachment":[{"href":"https:\/\/prokaddy.com\/es\/wp-json\/wp\/v2\/media?parent=1708"}],"wp:term":[{"taxonomy":"product_brand","embeddable":true,"href":"https:\/\/prokaddy.com\/es\/wp-json\/wp\/v2\/product_brand?post=1708"},{"taxonomy":"product_cat","embeddable":true,"href":"https:\/\/prokaddy.com\/es\/wp-json\/wp\/v2\/product_cat?post=1708"},{"taxonomy":"product_tag","embeddable":true,"href":"https:\/\/prokaddy.com\/es\/wp-json\/wp\/v2\/product_tag?post=1708"}],"curies":[{"name":"wp","href":"https:\/\/api.w.org\/{rel}","templated":true}]}}