{"id":1705,"date":"2024-09-15T14:08:54","date_gmt":"2024-09-15T12:08:54","guid":{"rendered":"https:\/\/prokaddy.com\/product\/rueda-derecha-para-carro-de-golf\/"},"modified":"2025-10-08T06:48:02","modified_gmt":"2025-10-08T04:48:02","slug":"rueda-derecha-para-carro-de-golf","status":"publish","type":"product","link":"https:\/\/prokaddy.com\/es\/product\/rueda-derecha-para-carro-de-golf\/","title":{"rendered":"Rueda derecha para carrito de golf"},"content":{"rendered":"<p><em><span style=\"vertical-align: inherit;\"><span style=\"vertical-align: inherit;\">Caracter\u00edsticas del producto:<\/span><\/span><\/em><\/p>\n<ul>\n<li><span style=\"vertical-align: inherit;\"><span style=\"vertical-align: inherit;\">Fabricado con materiales duraderos y resistentes<\/span><\/span><\/li>\n<li><span style=\"vertical-align: inherit;\"><span style=\"vertical-align: inherit;\">F\u00e1cil montaje<\/span><\/span><\/li>\n<\/ul>\n<p><span style=\"vertical-align: inherit;\"><span style=\"vertical-align: inherit;\">Tanto si quieres sustituir una rueda desgastada como actualizar tu carro de golf, la rueda de carro de golf es una opci\u00f3n fiable que mejorar\u00e1 tu experiencia en el campo de golf.<\/span><\/span><\/p>\n<p><span style=\"vertical-align: inherit;\"><span style=\"vertical-align: inherit;\">No dejes que una rueda desgastada te estropee el d\u00eda en el campo de golf. Invirtiendo en una rueda de carro de golf, puedes estar seguro de que tu carro de golf funcionar\u00e1 \u00f3ptimamente mientras disfrutas de tu juego favorito.   <\/span><\/span><\/p>\n","protected":false},"excerpt":{"rendered":"<p><strong><span style=\"vertical-align: inherit;\"><span style=\"vertical-align: inherit;\">Rueda derecha para carrito de golf<\/span><\/span><\/strong><span style=\"vertical-align: inherit;\"><span style=\"vertical-align: inherit;\">  es un componente de alta calidad para tu carrito de golf. Esta rueda ha sido dise\u00f1ada para proporcionar un rendimiento \u00f3ptimo mientras disfrutas de tu juego de golf.   <\/span><\/span><\/p>\n<p><span style=\"vertical-align: inherit;\"><span style=\"vertical-align: inherit;\">Esta rueda est\u00e1 fabricada con materiales duraderos y resistentes, que garantizan longevidad y fiabilidad. Con su dise\u00f1o robusto, puedes confiar en que resistir\u00e1 el desgaste constante en el campo de golf.   <\/span><\/span><\/p>\n","protected":false},"featured_media":1622,"comment_status":"open","ping_status":"closed","template":"","meta":{"_crdt_document":"","jetpack_publicize_message":"","jetpack_publicize_feature_enabled":true,"jetpack_social_post_already_shared":true,"jetpack_social_options":{"image_generator_settings":{"template":"highway","default_image_id":0,"font":"","enabled":false},"version":2},"_wpas_customize_per_network":false},"product_brand":[1582],"product_cat":[1553],"product_tag":[],"class_list":{"0":"post-1705","1":"product","2":"type-product","3":"status-publish","4":"has-post-thumbnail","6":"product_brand-prokaddy-2","7":"product_cat-repuestos","9":"first","10":"instock","11":"taxable","12":"shipping-taxable","13":"purchasable","14":"product-type-simple","15":"add-to-wishlist-after_add_to_cart"},"exclude_global_add_ons":[],"addons":[],"jetpack_publicize_connections":[],"jetpack_sharing_enabled":true,"jetpack_likes_enabled":true,"_links":{"self":[{"href":"https:\/\/prokaddy.com\/es\/wp-json\/wp\/v2\/product\/1705","targetHints":{"allow":["GET"]}}],"collection":[{"href":"https:\/\/prokaddy.com\/es\/wp-json\/wp\/v2\/product"}],"about":[{"href":"https:\/\/prokaddy.com\/es\/wp-json\/wp\/v2\/types\/product"}],"replies":[{"embeddable":true,"href":"https:\/\/prokaddy.com\/es\/wp-json\/wp\/v2\/comments?post=1705"}],"wp:featuredmedia":[{"embeddable":true,"href":"https:\/\/prokaddy.com\/es\/wp-json\/wp\/v2\/media\/1622"}],"wp:attachment":[{"href":"https:\/\/prokaddy.com\/es\/wp-json\/wp\/v2\/media?parent=1705"}],"wp:term":[{"taxonomy":"product_brand","embeddable":true,"href":"https:\/\/prokaddy.com\/es\/wp-json\/wp\/v2\/product_brand?post=1705"},{"taxonomy":"product_cat","embeddable":true,"href":"https:\/\/prokaddy.com\/es\/wp-json\/wp\/v2\/product_cat?post=1705"},{"taxonomy":"product_tag","embeddable":true,"href":"https:\/\/prokaddy.com\/es\/wp-json\/wp\/v2\/product_tag?post=1705"}],"curies":[{"name":"wp","href":"https:\/\/api.w.org\/{rel}","templated":true}]}}