{"id":1697,"date":"2024-09-16T13:36:05","date_gmt":"2024-09-16T11:36:05","guid":{"rendered":"https:\/\/prokaddy.com\/product\/placa-base-para-carrito-de-golf-prokaddy-s1t2-pd3\/"},"modified":"2026-03-29T19:45:28","modified_gmt":"2026-03-29T17:45:28","slug":"placa-base-para-carrito-de-golf-prokaddy-s1t2-pd3","status":"publish","type":"product","link":"https:\/\/prokaddy.com\/es\/product\/placa-base-para-carrito-de-golf-prokaddy-s1t2-pd3\/","title":{"rendered":"Placa base del carro de golf ProKaddy S1T2\/PD3"},"content":{"rendered":"<p><span style=\"vertical-align: inherit;\"><span style=\"vertical-align: inherit;\">Compatible con los modelos ProKaddy S1T2 y PD3, nuestra placa base est\u00e1 dise\u00f1ada para adaptarse perfectamente a tu carrito de golf sin problemas de instalaci\u00f3n. S\u00f3lo tienes que sustituir la placa base antigua por la nueva y disfrutar de un rendimiento mejorado al instante. <\/span><\/span><\/p>\n<p><span style=\"vertical-align: inherit;\"><span style=\"vertical-align: inherit;\">La placa base ProKaddy S1T2\/PD3 est\u00e1 repleta de las \u00faltimas funciones para mejorar la funcionalidad y el rendimiento de tu carrito de golf. Con una conectividad sencilla y controles intuitivos, esta placa base te ofrece una experiencia de usuario sin complicaciones, permiti\u00e9ndote centrarte en tu juego. <\/span><\/span><\/p>\n<ul>\n<li><span style=\"vertical-align: inherit;\"><span style=\"vertical-align: inherit;\">Compatible con los modelos ProKaddy S1T2 y PD3<\/span><\/span><\/li>\n<li><span style=\"vertical-align: inherit;\"><span style=\"vertical-align: inherit;\">F\u00e1cil instalaci\u00f3n y sustituci\u00f3n<\/span><\/span><\/li>\n<li><span style=\"vertical-align: inherit;\"><span style=\"vertical-align: inherit;\">Fabricado con materiales duraderos y de alta calidad<\/span><\/span><\/li>\n<li><span style=\"vertical-align: inherit;\"><span style=\"vertical-align: inherit;\">Funcionalidad mejorada y controles intuitivos<\/span><\/span><\/li>\n<li>NOTA IMPORTANTE: NO ACEPTAMOS DEVOLUCIONES DE ESTE ART\u00cdCULO.<\/li>\n<\/ul>\n<p>&nbsp;<\/p>\n","protected":false},"excerpt":{"rendered":"<p><strong><span style=\"vertical-align: inherit;\"><span style=\"vertical-align: inherit;\">La placa base del carro de golf ProKaddy S1T2\/PD3<\/span><\/span><\/strong><span style=\"vertical-align: inherit;\"><span style=\"vertical-align: inherit;\"> es un componente clave para tu carro de golf ProKaddy, dise\u00f1ado para ofrecerte un rendimiento superior en el campo. Con nuestra avanzada placa base, puedes estar seguro de que tu carro de golf funcionar\u00e1 de forma eficiente y fiable en cada recorrido. <\/span><\/span><\/p>\n","protected":false},"featured_media":1625,"comment_status":"open","ping_status":"closed","template":"","meta":{"_crdt_document":"","jetpack_publicize_message":"","jetpack_publicize_feature_enabled":true,"jetpack_social_post_already_shared":true,"jetpack_social_options":{"image_generator_settings":{"template":"highway","default_image_id":0,"font":"","enabled":false},"version":2},"_wpas_customize_per_network":false},"product_brand":[1582],"product_cat":[1553],"product_tag":[],"class_list":{"0":"post-1697","1":"product","2":"type-product","3":"status-publish","4":"has-post-thumbnail","6":"product_brand-prokaddy-2","7":"product_cat-repuestos","9":"first","10":"instock","11":"taxable","12":"shipping-taxable","13":"purchasable","14":"product-type-simple","15":"add-to-wishlist-after_add_to_cart"},"exclude_global_add_ons":[],"addons":[],"jetpack_publicize_connections":[],"jetpack_sharing_enabled":true,"jetpack_likes_enabled":true,"_links":{"self":[{"href":"https:\/\/prokaddy.com\/es\/wp-json\/wp\/v2\/product\/1697","targetHints":{"allow":["GET"]}}],"collection":[{"href":"https:\/\/prokaddy.com\/es\/wp-json\/wp\/v2\/product"}],"about":[{"href":"https:\/\/prokaddy.com\/es\/wp-json\/wp\/v2\/types\/product"}],"replies":[{"embeddable":true,"href":"https:\/\/prokaddy.com\/es\/wp-json\/wp\/v2\/comments?post=1697"}],"wp:featuredmedia":[{"embeddable":true,"href":"https:\/\/prokaddy.com\/es\/wp-json\/wp\/v2\/media\/1625"}],"wp:attachment":[{"href":"https:\/\/prokaddy.com\/es\/wp-json\/wp\/v2\/media?parent=1697"}],"wp:term":[{"taxonomy":"product_brand","embeddable":true,"href":"https:\/\/prokaddy.com\/es\/wp-json\/wp\/v2\/product_brand?post=1697"},{"taxonomy":"product_cat","embeddable":true,"href":"https:\/\/prokaddy.com\/es\/wp-json\/wp\/v2\/product_cat?post=1697"},{"taxonomy":"product_tag","embeddable":true,"href":"https:\/\/prokaddy.com\/es\/wp-json\/wp\/v2\/product_tag?post=1697"}],"curies":[{"name":"wp","href":"https:\/\/api.w.org\/{rel}","templated":true}]}}