{"id":2253,"date":"2024-10-20T15:38:07","date_gmt":"2024-10-20T13:38:07","guid":{"rendered":"https:\/\/prokaddy.com\/?page_id=2253"},"modified":"2025-08-29T08:10:17","modified_gmt":"2025-08-29T06:10:17","slug":"frequently-asked-question","status":"publish","type":"page","link":"https:\/\/prokaddy.com\/es\/frequently-asked-question\/","title":{"rendered":"PREGUNTAS FREQUENTES"},"content":{"rendered":"\r\n<div class=\"row\"  id=\"row-1811991384\"> \n\t<div id=\"col-801626456\" class=\"col small-12 large-12\"  >\n\t\t\t\t<div class=\"col-inner\"  >\n\t\t\t\n\t\t\t <div class=\"container section-title-container\" ><h1 class=\"section-title section-title-normal\"><b aria-hidden=\"true\"><\/b><span class=\"section-title-main\" >PREGUNTAS FREQUENTES<\/span><b aria-hidden=\"true\"><\/b><\/h1><\/div> \n\t<section class=\"section\" id=\"section_1404006492\">\n\t\t<div class=\"section-bg fill\" >\n\t\t\t\t\t\t\t\t\t\n\t\t\t\n\n\t\t<\/div>\n\n\t\t\n\n\t\t<div class=\"section-content relative\">\n\t\t\t <div class=\"accordion\"> \t<div id=\"accordion-2921958413\" class=\"accordion-item\">\n\t\t<a id=\"accordion-2921958413-label\" class=\"accordion-title plain\" href=\"#Los%20gastos%20de%20env%C3%ADo%20a%20la%20pen%C3%ADnsula%20son%20gratuitos.%20Para%20el%20resto%20de%20c%C3%B3digos%20postales%2C%20se%20calculan%20cuando%20se%20introduce%20el%20c%C3%B3digo%20postal\" aria-expanded=\"false\" aria-controls=\"accordion-2921958413-content\">\n\t\t\t<button class=\"toggle\" aria-label=\"Toggle\"><i class=\"icon-angle-down\" aria-hidden=\"true\"><\/i><\/button>\n\t\t\t<span>\u00bfCu\u00e1les son los gastos de env\u00edo de los pedidos de la Tienda Online?<\/span>\n\t\t<\/a>\n\t\t<div id=\"accordion-2921958413-content\" class=\"accordion-inner\" aria-labelledby=\"accordion-2921958413-label\">\n\t\t\t\r\n<p>Los gastos de env\u00edo a la pen\u00ednsula son gratuitos. Para el resto de c\u00f3digos postales, los gastos de env\u00edo se calculan cuando introduce su c\u00f3digo postal.<\/p>\r\n\t\t<\/div>\n\t<\/div>\n\t \t<div id=\"accordion-413534194\" class=\"accordion-item\">\n\t\t<a id=\"accordion-413534194-label\" class=\"accordion-title plain\" href=\"#accordion-item-\u00bfcu\u00e1nto-tardar\u00e1-la-entrega?\" aria-expanded=\"false\" aria-controls=\"accordion-413534194-content\">\n\t\t\t<button class=\"toggle\" aria-label=\"Toggle\"><i class=\"icon-angle-down\" aria-hidden=\"true\"><\/i><\/button>\n\t\t\t<span>\u00bfCu\u00e1nto tardar\u00e1 la entrega?<\/span>\n\t\t<\/a>\n\t\t<div id=\"accordion-413534194-content\" class=\"accordion-inner\" aria-labelledby=\"accordion-413534194-label\">\n\t\t\t\r\n<p>Los env\u00edos los realizamos a trav\u00e9s de la empresa de transportes GLS con servicio ec\u00f3nomy que dependiendo del c\u00f3digo postal realizan las entregas entre 24-72 horas, d\u00edas h\u00e1biles (de lunes a viernes).<\/p>\r\n\t\t<\/div>\n\t<\/div>\n\t \t<div id=\"accordion-1690706930\" class=\"accordion-item\">\n\t\t<a id=\"accordion-1690706930-label\" class=\"accordion-title plain\" href=\"#accordion-item-\u00bfes-seguro-comprar-en-la-tienda-online?-\u00bfest\u00e1n-protegidos-mis-datos?\" aria-expanded=\"false\" aria-controls=\"accordion-1690706930-content\">\n\t\t\t<button class=\"toggle\" aria-label=\"Toggle\"><i class=\"icon-angle-down\" aria-hidden=\"true\"><\/i><\/button>\n\t\t\t<span>\u00bfEs seguro comprar en la Tienda Online? \u00bfEst\u00e1n protegidos mis datos?<\/span>\n\t\t<\/a>\n\t\t<div id=\"accordion-1690706930-content\" class=\"accordion-inner\" aria-labelledby=\"accordion-1690706930-label\">\n\t\t\t\r\n<p>Nuestra web es segura y todos los datos est\u00e1n protegidos seg\u00fan la ley vigente.<\/p>\r\n\t\t<\/div>\n\t<\/div>\n\t \t<div id=\"accordion-682501657\" class=\"accordion-item\">\n\t\t<a id=\"accordion-682501657-label\" class=\"accordion-title plain\" href=\"#accordion-item-\u00bfqu\u00e9-ocurre-exactamente-despu\u00e9s-de-hacer-el-pedido?\" aria-expanded=\"false\" aria-controls=\"accordion-682501657-content\">\n\t\t\t<button class=\"toggle\" aria-label=\"Toggle\"><i class=\"icon-angle-down\" aria-hidden=\"true\"><\/i><\/button>\n\t\t\t<span>\u00bfQu\u00e9 ocurre exactamente despu\u00e9s de hacer el pedido?<\/span>\n\t\t<\/a>\n\t\t<div id=\"accordion-682501657-content\" class=\"accordion-inner\" aria-labelledby=\"accordion-682501657-label\">\n\t\t\t\r\n<p>Una vez haya finalizado su compra y su pago haya sido aceptado, gestionaremos el env\u00edo y recibir\u00e1 la confirmaci\u00f3n de ello.<\/p>\r\n\t\t<\/div>\n\t<\/div>\n\t \t<div id=\"accordion-2032100582\" class=\"accordion-item\">\n\t\t<a id=\"accordion-2032100582-label\" class=\"accordion-title plain\" href=\"#accordion-item-\u00bfrecibo-una-factura-por-mi-pedido?\" aria-expanded=\"false\" aria-controls=\"accordion-2032100582-content\">\n\t\t\t<button class=\"toggle\" aria-label=\"Toggle\"><i class=\"icon-angle-down\" aria-hidden=\"true\"><\/i><\/button>\n\t\t\t<span>\u00bfRecibo una factura por mi pedido?<\/span>\n\t\t<\/a>\n\t\t<div id=\"accordion-2032100582-content\" class=\"accordion-inner\" aria-labelledby=\"accordion-2032100582-label\">\n\t\t\t\r\n<p>Una vez la compra haya sido aceptada y enviada, podr\u00e1 imprimir o descargar su factura en su cuenta de cliente.<\/p>\r\n\t\t<\/div>\n\t<\/div>\n\t \t<div id=\"accordion-1694539162\" class=\"accordion-item\">\n\t\t<a id=\"accordion-1694539162-label\" class=\"accordion-title plain\" href=\"#accordion-item-\u00bfpor-qu\u00e9-elegir-un-carrito-de-golf-el\u00e9ctrico?\" aria-expanded=\"false\" aria-controls=\"accordion-1694539162-content\">\n\t\t\t<button class=\"toggle\" aria-label=\"Toggle\"><i class=\"icon-angle-down\" aria-hidden=\"true\"><\/i><\/button>\n\t\t\t<span>\u00bfPor qu\u00e9 elegir un carrito de golf el\u00e9ctrico?<\/span>\n\t\t<\/a>\n\t\t<div id=\"accordion-1694539162-content\" class=\"accordion-inner\" aria-labelledby=\"accordion-1694539162-label\">\n\t\t\t\r\n<p>Un carrito de golf el\u00e9ctrico ofrece una forma c\u00f3moda y sin usar las manos para transportar su bolsa de golf, reduciendo el esfuerzo f\u00edsico y ahorrando energ\u00eda para su juego. Ofrece una navegaci\u00f3n fluida en todo tipo de terrenos y suele incluir funciones como controles de velocidad, ajustes autom\u00e1ticos de distancia y m\u00e1s.<\/p>\r\n\t\t<\/div>\n\t<\/div>\n\t \t<div id=\"accordion-1444965742\" class=\"accordion-item\">\n\t\t<a id=\"accordion-1444965742-label\" class=\"accordion-title plain\" href=\"#accordion-item-\u00bfsus-carritos-incluyen-bater\u00edas-de-litio?\" aria-expanded=\"false\" aria-controls=\"accordion-1444965742-content\">\n\t\t\t<button class=\"toggle\" aria-label=\"Toggle\"><i class=\"icon-angle-down\" aria-hidden=\"true\"><\/i><\/button>\n\t\t\t<span>\u00bfSus carritos incluyen bater\u00edas de litio?<\/span>\n\t\t<\/a>\n\t\t<div id=\"accordion-1444965742-content\" class=\"accordion-inner\" aria-labelledby=\"accordion-1444965742-label\">\n\t\t\t\r\n<p>\u00a1Por supuesto! Ofrecemos una gama de carritos de golf el\u00e9ctricos con bater\u00edas de litio. Adem\u00e1s, si desea comprar estas bater\u00edas por separado, tenemos la soluci\u00f3n. Simplemente explore nuestra secci\u00f3n de bater\u00edas y cables y seleccione el producto deseado.<\/p>\r\n\t\t<\/div>\n\t<\/div>\n\t \t<div id=\"accordion-3200577219\" class=\"accordion-item\">\n\t\t<a id=\"accordion-3200577219-label\" class=\"accordion-title plain\" href=\"#accordion-item-\u00bfpuedo-comprar-un-carrito-de-golf-el\u00e9ctrico-sin-bater\u00eda?\" aria-expanded=\"false\" aria-controls=\"accordion-3200577219-content\">\n\t\t\t<button class=\"toggle\" aria-label=\"Toggle\"><i class=\"icon-angle-down\" aria-hidden=\"true\"><\/i><\/button>\n\t\t\t<span>\u00bfPuedo comprar un carrito de golf el\u00e9ctrico sin bater\u00eda?<\/span>\n\t\t<\/a>\n\t\t<div id=\"accordion-3200577219-content\" class=\"accordion-inner\" aria-labelledby=\"accordion-3200577219-label\">\n\t\t\t\r\n<p>\u00a1S\u00ed, por supuesto! Puedes comprar un carrito de golf el\u00e9ctrico sin bater\u00eda. Como vendedor l\u00edder en l\u00ednea de carritos de golf, ofrecemos una amplia gama de opciones sin bater\u00eda que se adaptan a tus necesidades. Estos modelos son perfectos para golfistas que ya tienen una bater\u00eda compatible o que desean elegir su configuraci\u00f3n de potencia.<\/p>\r\n\t\t<\/div>\n\t<\/div>\n\t \t<div id=\"accordion-1393405737\" class=\"accordion-item\">\n\t\t<a id=\"accordion-1393405737-label\" class=\"accordion-title plain\" href=\"#accordion-item-\u00bfson-plegables-los-carritos-prokaddy?\" aria-expanded=\"false\" aria-controls=\"accordion-1393405737-content\">\n\t\t\t<button class=\"toggle\" aria-label=\"Toggle\"><i class=\"icon-angle-down\" aria-hidden=\"true\"><\/i><\/button>\n\t\t\t<span>\u00bfSon plegables los carritos ProKaddy?<\/span>\n\t\t<\/a>\n\t\t<div id=\"accordion-1393405737-content\" class=\"accordion-inner\" aria-labelledby=\"accordion-1393405737-label\">\n\t\t\t\r\n<p>\u00a1S\u00ed! En ProKaddy, entendemos la importancia de la comodidad, por eso cada carrito est\u00e1 cuidadosamente dise\u00f1ado para ser plegable y facilitar su transporte y almacenamiento. Tanto si te diriges al campo como si preparas tus cosas despu\u00e9s de una ronda, el carrito de golf plegable ProKaddy te lo pone f\u00e1cil.<\/p>\r\n\t\t<\/div>\n\t<\/div>\n\t \t<div id=\"accordion-2819049905\" class=\"accordion-item\">\n\t\t<a id=\"accordion-2819049905-label\" class=\"accordion-title plain\" href=\"#accordion-item-\u00bfcu\u00e1les-son-las-diferencias-en-la-potencia-nominal-de-las-bater\u00edas-de-plomo-\u00e1cido-y-de-litio-lifepo4-para-carritos-de-golf?\" aria-expanded=\"false\" aria-controls=\"accordion-2819049905-content\">\n\t\t\t<button class=\"toggle\" aria-label=\"Toggle\"><i class=\"icon-angle-down\" aria-hidden=\"true\"><\/i><\/button>\n\t\t\t<span>\u00bfCu\u00e1les son las diferencias en la potencia nominal de las bater\u00edas de plomo-\u00e1cido y de litio LifePO4 para carritos de golf?<\/span>\n\t\t<\/a>\n\t\t<div id=\"accordion-2819049905-content\" class=\"accordion-inner\" aria-labelledby=\"accordion-2819049905-label\">\n\t\t\t\r\n<p>La bater\u00eda est\u00e1ndar de plomo-\u00e1cido sellada de ciclo profundo suele tener una potencia nominal de 12 V y 33 Ah, mientras que las bater\u00edas de litio para carritos de golf son m\u00e1s ligeras, m\u00e1s duraderas y est\u00e1n disponibles en varias potencias, como 12 V y 18 Ah, 12 V y 20 Ah y 12 V y 22 Ah.<\/p>\r\n\t\t<\/div>\n\t<\/div>\n\t \t<div id=\"accordion-74913387\" class=\"accordion-item\">\n\t\t<a id=\"accordion-74913387-label\" class=\"accordion-title plain\" href=\"#accordion-item-\u00bfvenden-repuestos-para-carritos-de-golf-el\u00e9ctricos?\" aria-expanded=\"false\" aria-controls=\"accordion-74913387-content\">\n\t\t\t<button class=\"toggle\" aria-label=\"Toggle\"><i class=\"icon-angle-down\" aria-hidden=\"true\"><\/i><\/button>\n\t\t\t<span>\u00bfVenden repuestos para carritos de golf el\u00e9ctricos?<\/span>\n\t\t<\/a>\n\t\t<div id=\"accordion-74913387-content\" class=\"accordion-inner\" aria-labelledby=\"accordion-74913387-label\">\n\t\t\t\r\n<p>\u00a1Por supuesto! Adem\u00e1s de vender el carrito, tambi\u00e9n tenemos repuestos para carritos de golf el\u00e9ctricos, como ruedas, caja de control, cubiertas, potenci\u00f3metro, rueda central, calcoman\u00edas y m\u00e1s.<\/p>\r\n\t\t<\/div>\n\t<\/div>\n\t \t<div id=\"accordion-1950606144\" class=\"accordion-item\">\n\t\t<a id=\"accordion-1950606144-label\" class=\"accordion-title plain\" href=\"#accordion-item-\u00bfqu\u00e9-accesorios-para-carritos-de-golf-ofrecen?\" aria-expanded=\"false\" aria-controls=\"accordion-1950606144-content\">\n\t\t\t<button class=\"toggle\" aria-label=\"Toggle\"><i class=\"icon-angle-down\" aria-hidden=\"true\"><\/i><\/button>\n\t\t\t<span>\u00bfQu\u00e9 accesorios para carritos de golf ofrecen?<\/span>\n\t\t<\/a>\n\t\t<div id=\"accordion-1950606144-content\" class=\"accordion-inner\" aria-labelledby=\"accordion-1950606144-label\">\n\t\t\t\r\n<p>Ofrecemos una gama de accesorios \u00fatiles para mejorar su juego, incluyendo portatarjetas, soportes para tel\u00e9fono\/GPS, soportes para paraguas y bolsas de transporte. Cada accesorio est\u00e1 dise\u00f1ado para a\u00f1adir comodidad y funcionalidad a su carrito de golf.<\/p>\r\n\t\t<\/div>\n\t<\/div>\n\t \t<div id=\"accordion-3537452971\" class=\"accordion-item\">\n\t\t<a id=\"accordion-3537452971-label\" class=\"accordion-title plain\" href=\"#accordion-item-\u00bftiene-un-carrito-de-golf-el\u00e9ctrico-de-tres-ruedas?\" aria-expanded=\"false\" aria-controls=\"accordion-3537452971-content\">\n\t\t\t<button class=\"toggle\" aria-label=\"Toggle\"><i class=\"icon-angle-down\" aria-hidden=\"true\"><\/i><\/button>\n\t\t\t<span>\u00bfTiene un carrito de golf el\u00e9ctrico de tres ruedas?<\/span>\n\t\t<\/a>\n\t\t<div id=\"accordion-3537452971-content\" class=\"accordion-inner\" aria-labelledby=\"accordion-3537452971-label\">\n\t\t\t\r\n<p>\u00a1Por supuesto! Nuestra gama incluye carritos de golf de tres ruedas avanzados, dise\u00f1ados para una estabilidad superior, una maniobrabilidad sin esfuerzo y una distribuci\u00f3n \u00f3ptima del peso en todo tipo de terrenos. La configuraci\u00f3n de tres ruedas no solo mejora el equilibrio en pendientes y superficies irregulares, sino que tambi\u00e9n proporciona giros m\u00e1s suaves y un mayor control.<\/p>\r\n\t\t<\/div>\n\t<\/div>\n\t \t<div id=\"accordion-777098756\" class=\"accordion-item\">\n\t\t<a id=\"accordion-777098756-label\" class=\"accordion-title plain\" href=\"#accordion-item-\u00bfcu\u00e1l-es-el-mejor-carrito-de-golf-con-bater\u00eda-de-litio?\" aria-expanded=\"false\" aria-controls=\"accordion-777098756-content\">\n\t\t\t<button class=\"toggle\" aria-label=\"Toggle\"><i class=\"icon-angle-down\" aria-hidden=\"true\"><\/i><\/button>\n\t\t\t<span>\u00bfCu\u00e1l es el mejor carrito de golf con bater\u00eda de litio?<\/span>\n\t\t<\/a>\n\t\t<div id=\"accordion-777098756-content\" class=\"accordion-inner\" aria-labelledby=\"accordion-777098756-label\">\n\t\t\t\r\n<p>Como l\u00edderes en la venta de carritos de golf con bater\u00eda de litio, todos nuestros productos se fabrican pensando en el m\u00e1ximo rendimiento, durabilidad y resistencia. Si es su primera compra, puede optar por modelos como el ProKaddy SG2 y el D3GTX.<\/p>\r\n\t\t<\/div>\n\t<\/div>\n\t \t<div id=\"accordion-3009550336\" class=\"accordion-item\">\n\t\t<a id=\"accordion-3009550336-label\" class=\"accordion-title plain\" href=\"#accordion-item-\u00bfvenden-soportes-para-paraguas-para-carritos-de-golf?\" aria-expanded=\"false\" aria-controls=\"accordion-3009550336-content\">\n\t\t\t<button class=\"toggle\" aria-label=\"Toggle\"><i class=\"icon-angle-down\" aria-hidden=\"true\"><\/i><\/button>\n\t\t\t<span>\u00bfVenden soportes para paraguas para carritos de golf?<\/span>\n\t\t<\/a>\n\t\t<div id=\"accordion-3009550336-content\" class=\"accordion-inner\" aria-labelledby=\"accordion-3009550336-label\">\n\t\t\t\r\n<p>S\u00ed, ofrecemos soportes premium para paraguas, dise\u00f1ados espec\u00edficamente para todos los carritos de golf el\u00e9ctricos ProKaddy con un sistema de montaje universal. Fabricados con materiales duraderos y ligeros, estos soportes ofrecen una protecci\u00f3n fiable contra el sol y la lluvia mientras juega. Adem\u00e1s, su dise\u00f1o ligero y compacto garantiza una f\u00e1cil instalaci\u00f3n, un desmontaje r\u00e1pido y un almacenamiento sin complicaciones.<\/p>\r\n\t\t<\/div>\n\t<\/div>\n\t \t<div id=\"accordion-1773794419\" class=\"accordion-item\">\n\t\t<a id=\"accordion-1773794419-label\" class=\"accordion-title plain\" href=\"#accordion-item-\u00bfofrecen-cargadores-de-bater\u00edas-de-litio-y-de-plomo-\u00e1cido?\" aria-expanded=\"false\" aria-controls=\"accordion-1773794419-content\">\n\t\t\t<button class=\"toggle\" aria-label=\"Toggle\"><i class=\"icon-angle-down\" aria-hidden=\"true\"><\/i><\/button>\n\t\t\t<span>\u00bfOfrecen cargadores de bater\u00edas de litio y de plomo-\u00e1cido?<\/span>\n\t\t<\/a>\n\t\t<div id=\"accordion-1773794419-content\" class=\"accordion-inner\" aria-labelledby=\"accordion-1773794419-label\">\n\t\t\t\r\n<p>\u00a1S\u00ed! Ofrecemos una gama completa de cargadores compatibles con bater\u00edas de litio y de plomo-\u00e1cido para carritos de golf. Tanto si necesita un modelo de litio de carga r\u00e1pida como un cargador de plomo-\u00e1cido est\u00e1ndar, encontrar\u00e1 el producto ideal en nuestra secci\u00f3n de cargadores.<\/p>\r\n\t\t<\/div>\n\t<\/div>\n\t \t<div id=\"accordion-1750724077\" class=\"accordion-item\">\n\t\t<a id=\"accordion-1750724077-label\" class=\"accordion-title plain\" href=\"#accordion-item-\u00bfsus-carritos-est\u00e1n-disponibles-en-diferentes-colores?\" aria-expanded=\"false\" aria-controls=\"accordion-1750724077-content\">\n\t\t\t<button class=\"toggle\" aria-label=\"Toggle\"><i class=\"icon-angle-down\" aria-hidden=\"true\"><\/i><\/button>\n\t\t\t<span>\u00bfSus carritos est\u00e1n disponibles en diferentes colores?<\/span>\n\t\t<\/a>\n\t\t<div id=\"accordion-1750724077-content\" class=\"accordion-inner\" aria-labelledby=\"accordion-1750724077-label\">\n\t\t\t\r\n<p>Para garantizar que encuentre el color que busca, ofrecemos nuestros carritos de golf el\u00e9ctricos en una variedad de colores, incluyendo el cl\u00e1sico negro, blanco y plateado. \u00a1Elige tu color preferido y compra ya!<\/p>\r\n\t\t<\/div>\n\t<\/div>\n\t \t<div id=\"accordion-3760357650\" class=\"accordion-item\">\n\t\t<a id=\"accordion-3760357650-label\" class=\"accordion-title plain\" href=\"#accordion-item-\u00bfqu\u00e9-opciones-de-pago-aceptan?\" aria-expanded=\"false\" aria-controls=\"accordion-3760357650-content\">\n\t\t\t<button class=\"toggle\" aria-label=\"Toggle\"><i class=\"icon-angle-down\" aria-hidden=\"true\"><\/i><\/button>\n\t\t\t<span>\u00bfQu\u00e9 opciones de pago aceptan?<\/span>\n\t\t<\/a>\n\t\t<div id=\"accordion-3760357650-content\" class=\"accordion-inner\" aria-labelledby=\"accordion-3760357650-label\">\n\t\t\t\r\n<p>Aceptamos diversos m\u00e9todos de pago seguros, como Visa, MasterCard, Maestro y American Express, adem\u00e1s de PayPal. Recuerda que, al pagar con PayPal, ser\u00e1s redirigido a su plataforma segura para completar la transacci\u00f3n.<\/p>\r\n\t\t<\/div>\n\t<\/div>\n\t \t<div id=\"accordion-3371674582\" class=\"accordion-item\">\n\t\t<a id=\"accordion-3371674582-label\" class=\"accordion-title plain\" href=\"#accordion-item-\u00bfd\u00f3nde-puedo-comprar-carritos-de-golf-el\u00e9ctricos-en-l\u00ednea?\" aria-expanded=\"false\" aria-controls=\"accordion-3371674582-content\">\n\t\t\t<button class=\"toggle\" aria-label=\"Toggle\"><i class=\"icon-angle-down\" aria-hidden=\"true\"><\/i><\/button>\n\t\t\t<span>\u00bfD\u00f3nde puedo comprar carritos de golf el\u00e9ctricos en l\u00ednea?<\/span>\n\t\t<\/a>\n\t\t<div id=\"accordion-3371674582-content\" class=\"accordion-inner\" aria-labelledby=\"accordion-3371674582-label\">\n\t\t\t\r\n<p>\u00bfPor qu\u00e9 arriesgarse a comprar a un vendedor desconocido cuando puedes comprar estos carritos de golf el\u00e9ctricos en l\u00ednea directamente desde nuestra p\u00e1gina web oficial, ProKaddy.com\/es? Nos comprometemos a entregar tu producto lo antes posible y a brindarte un servicio de atenci\u00f3n al cliente completo.<\/p>\r\n\t\t<\/div>\n\t<\/div>\n\t <\/div> \t\t<\/div>\n\n\t\t\n<style>\n#section_1404006492 {\n  padding-top: 30px;\n  padding-bottom: 30px;\n}\n<\/style>\n\t<\/section>\n\t \t\t<\/div>\n\t\t\t\t\t<\/div>\n\n\t <\/div>\r\n","protected":false},"excerpt":{"rendered":"","protected":false},"author":254583797,"featured_media":0,"parent":0,"menu_order":0,"comment_status":"closed","ping_status":"closed","template":"","meta":{"_crdt_document":"","footnotes":""},"class_list":["post-2253","page","type-page","status-publish","hentry"],"jetpack_sharing_enabled":true,"jetpack_likes_enabled":true,"jetpack_shortlink":"https:\/\/wp.me\/PfYXXP-Al","_links":{"self":[{"href":"https:\/\/prokaddy.com\/es\/wp-json\/wp\/v2\/pages\/2253","targetHints":{"allow":["GET"]}}],"collection":[{"href":"https:\/\/prokaddy.com\/es\/wp-json\/wp\/v2\/pages"}],"about":[{"href":"https:\/\/prokaddy.com\/es\/wp-json\/wp\/v2\/types\/page"}],"author":[{"embeddable":true,"href":"https:\/\/prokaddy.com\/es\/wp-json\/wp\/v2\/users\/254583797"}],"replies":[{"embeddable":true,"href":"https:\/\/prokaddy.com\/es\/wp-json\/wp\/v2\/comments?post=2253"}],"version-history":[{"count":24,"href":"https:\/\/prokaddy.com\/es\/wp-json\/wp\/v2\/pages\/2253\/revisions"}],"predecessor-version":[{"id":4984,"href":"https:\/\/prokaddy.com\/es\/wp-json\/wp\/v2\/pages\/2253\/revisions\/4984"}],"wp:attachment":[{"href":"https:\/\/prokaddy.com\/es\/wp-json\/wp\/v2\/media?parent=2253"}],"curies":[{"name":"wp","href":"https:\/\/api.w.org\/{rel}","templated":true}]}}