{"id":1815,"date":"2024-09-19T22:08:53","date_gmt":"2024-09-19T20:08:53","guid":{"rendered":"https:\/\/prokaddy.com\/politica-de-privacidad\/"},"modified":"2026-03-28T07:21:16","modified_gmt":"2026-03-28T06:21:16","slug":"politica-de-privacidad","status":"publish","type":"page","link":"https:\/\/prokaddy.com\/es\/politica-de-privacidad\/","title":{"rendered":"POL\u00cdTICA DE PRIVACIDAD"},"content":{"rendered":"\r\n<div class=\"row\"  id=\"row-1668414696\"> \n\t<div id=\"col-117390439\" class=\"col small-12 large-12\"  >\n\t\t\t\t<div class=\"col-inner\"  >\n\t\t\t\n\t\t\t <div class=\"container section-title-container\" ><h1 class=\"section-title section-title-normal\"><b aria-hidden=\"true\"><\/b><span class=\"section-title-main\" >POL\u00cdTICA DE PRIVACIDAD<\/span><b aria-hidden=\"true\"><\/b><\/h1><\/div> \n\t<section class=\"section\" id=\"section_538053379\">\n\t\t<div class=\"section-bg fill\" >\n\t\t\t\t\t\t\t\t\t\n\t\t\t\n\n\t\t<\/div>\n\n\t\t\n\n\t\t<div class=\"section-content relative\">\n\t\t\t\r\n<p><strong>POL\u00cdTICA DE PRIVACIDAD<\/strong><\/p>\r\n<p>\u00daltima actualizaci\u00f3n: Enero de 2023.<\/p>\r\n<ol>\r\n<li><strong>INFORMACI\u00d3N AL USUARIO<\/strong><\/li>\r\n<\/ol>\r\n<p><strong>VIPVENTAS M\u00c1LAGA, SL<\/strong> , como Responsable del Tratamiento, te informa que, de conformidad con lo dispuesto en el Reglamento (UE) 2016\/679, de 27 de abril (GDPR) y en la Ley Org\u00e1nica 3\/2018, de 5 de diciembre, de protecci\u00f3n de datos y garant\u00eda de los derechos digitales (LOPDGDD), trataremos tus datos conforme a lo reflejado en la presente Pol\u00edtica de Privacidad.<\/p>\r\n<p>En esta Pol\u00edtica de privacidad describimos c\u00f3mo recopilamos tus datos personales y por qu\u00e9 los recopilamos, qu\u00e9 hacemos con ellos, con qui\u00e9n los compartimos, c\u00f3mo los protegemos y tus opciones en relaci\u00f3n con el tratamiento de tus datos personales.<\/p>\r\n<p>Esta Pol\u00edtica se aplica al tratamiento de tus datos personales recogidos por la Empresa para la prestaci\u00f3n de sus servicios. Si aceptas las disposiciones de esta Pol\u00edtica, aceptas que procesemos tus datos personales tal y como se definen en esta Pol\u00edtica.<\/p>\r\n<ol start=\"2\">\r\n<li><strong>CONTACTO<\/strong><\/li>\r\n<\/ol>\r\n<p>Nombre de la empresa: Vip Ventas M\u00e1laga SL<br \/>Nombre comercial: ProKaddy<\/p>\r\n<p>CIF: B92741446<br \/>Direcci\u00f3n: Avda. del Cortijo No. 1505 Urb. Sitio de Calahonda, 29649 Mijas M\u00e1laga <br \/>e-mail:vipventasmalaga@gmail.com<\/p>\r\n<ol start=\"3\">\r\n<li><strong>PRINCIPIOS CLAVE<\/strong><\/li>\r\n<\/ol>\r\n<p>Siempre nos hemos comprometido a prestar nuestros servicios con el m\u00e1ximo grado de calidad, lo que incluye tratar tus datos con seguridad y transparencia. Nuestros principios son:<\/p>\r\n<ul>\r\n<li><strong>Legalidad<\/strong> S\u00f3lo recopilaremos tus Datos Personales para fines espec\u00edficos <a href=\"https:\/\/ceporros.com\/\" target=\"_blank\" rel=\"noopener\">,<\/a> expl\u00edcitos y leg\u00edtimos.<\/li>\r\n<li><strong>Minimizaci\u00f3n de datos<\/strong> Limitamos la recogida de datos personales a lo estrictamente necesario y pertinente para los fines para los que se recogieron.<\/li>\r\n<li><strong>Limitaci\u00f3n de la finalidad<\/strong> S\u00f3lo recopilaremos tus datos personales para los fines indicados y \u00fanicamente de acuerdo con tus deseos.<\/li>\r\n<li><strong>Precisi\u00f3n<\/strong> Mantendremos tus datos personales exactos y actualizados.<\/li>\r\n<li><strong>Seguridad de los datos<\/strong> Aplicamos medidas t\u00e9cnicas y organizativas adecuadas y proporcionadas a los riesgos para garantizar que tus datos no sufran da\u00f1os, como la divulgaci\u00f3n o el acceso no autorizados, la destrucci\u00f3n accidental o il\u00edcita o la p\u00e9rdida o alteraci\u00f3n accidentales y cualquier otra forma de tratamiento il\u00edcito.<\/li>\r\n<li><strong>Acceso y rectificaci\u00f3n<\/strong> : Disponemos de medios para que puedas acceder a tus datos o rectificarlos cuando lo consideres oportuno.<\/li>\r\n<li><strong>Conservaci\u00f3n<\/strong> Conservamos tus datos personales de forma legal y adecuada, y s\u00f3lo durante el tiempo necesario para los fines para los que fueron recogidos.<\/li>\r\n<li><strong>Transferencias internacionales<\/strong> Cuando tus datos deban transferirse fuera de la UE\/EEE, estar\u00e1n adecuadamente protegidos.<\/li>\r\n<li><strong>Terceros<\/strong> : El acceso y la transferencia de datos personales a terceros se realiza de acuerdo con las leyes y reglamentos aplicables y con las garant\u00edas contractuales adecuadas.<\/li>\r\n<li><strong>Marketing directo y cookies<\/strong> Cumplimos la legislaci\u00f3n aplicable en materia de publicidad y cookies.<\/li>\r\n<\/ul>\r\n<ol start=\"4\">\r\n<li><strong>RECOGIDA Y TRATAMIENTO DE TUS DATOS PERSONALES<\/strong><br \/>Los tipos de datos que pueden solicitarse y tratarse son:<\/li>\r\n<\/ol>\r\n<ul>\r\n<li>Datos de identificaci\u00f3n.<\/li>\r\n<\/ul>\r\n<p>Tambi\u00e9n recopilamos autom\u00e1ticamente datos sobre tu visita a nuestro sitio web, tal y como se describe en la pol\u00edtica de cookies.<\/p>\r\n<p>Siempre que solicitemos tus Datos Personales, te informaremos claramente de qu\u00e9 Datos Personales recogemos y con qu\u00e9 finalidad. En general, recopilamos y procesamos tus Datos Personales con los fines de:<\/p>\r\n<ul>\r\n<li>Proporcionar informaci\u00f3n, servicios, productos, informaci\u00f3n relevante y noticias del sector.<\/li>\r\n<li>Env\u00edo de comunicaciones.<\/li>\r\n<\/ul>\r\n<ol start=\"5\">\r\n<li><strong>LEGITIMIDAD<\/strong><\/li>\r\n<\/ol>\r\n<p>De conformidad con la normativa aplicable en materia de protecci\u00f3n de datos, tus datos personales podr\u00e1n ser tratados siempre que:<\/p>\r\n<ul>\r\n<li>Nos has dado tu consentimiento para los fines del tratamiento. Por supuesto, puedes retirar tu consentimiento en cualquier momento.<\/li>\r\n<li>Por imperativo legal.<\/li>\r\n<li>Porque existe un inter\u00e9s leg\u00edtimo que no prevalece sobre tus derechos de privacidad, como enviarte informaci\u00f3n comercial por suscribirte a nuestro bolet\u00edn o porque eres cliente.<\/li>\r\n<li>Porque es necesario para la prestaci\u00f3n de cualquiera de nuestros servicios a trav\u00e9s de una relaci\u00f3n contractual entre t\u00fa y nosotros.<\/li>\r\n<\/ul>\r\n<ol start=\"6\">\r\n<li><strong>COMUNICACI\u00d3N DE DATOS PERSONALES<\/strong><\/li>\r\n<\/ol>\r\n<p>Los datos podr\u00e1n ser comunicados a empresas relacionadas con <strong>VIPVENTAS M\u00c4LAGA SL<\/strong> para la prestaci\u00f3n de diversos servicios como Encargados del Tratamiento. La empresa no realizar\u00e1 ninguna cesi\u00f3n, salvo por obligaci\u00f3n legal.<\/p>\r\n<ol start=\"7\">\r\n<li><strong>TUS DERECHOS<\/strong><\/li>\r\n<\/ol>\r\n<p>En relaci\u00f3n con la recogida y el tratamiento de tus datos personales, puedes ponerte en contacto con nosotros en cualquier momento para:<\/p>\r\n<ul>\r\n<li>Acceder a tus datos personales y a cualquier otra <a href=\"https:\/\/uztai.com\/\" target=\"_blank\" rel=\"noopener\">informaci\u00f3n<\/a> indicada en el art\u00edculo 15.1 del RGPD.<\/li>\r\n<li>Rectificar tus datos personales que sean inexactos o incompletos de conformidad con el art\u00edculo 16 del GDPR.<\/li>\r\n<li>Eliminar tus datos personales de conformidad con el art\u00edculo 17 del GDPR.<\/li>\r\n<li>Restringir el tratamiento de tus datos personales de conformidad con el art\u00edculo 18 del RGPD.<\/li>\r\n<li>Solicitar la portabilidad de tus datos de conformidad con el art\u00edculo 20 del <a href=\"https:\/\/presencialismo.com\/\" target=\"_blank\" rel=\"noopener\">RGPD<\/a> .<\/li>\r\n<li>Oponerte al tratamiento de tus datos personales de conformidad con el art\u00edculo 21 del RGPD.<\/li>\r\n<\/ul>\r\n<p>Si has dado tu consentimiento para una finalidad espec\u00edfica, tienes derecho a retirar el consentimiento dado en cualquier momento, sin que ello afecte a la legalidad del tratamiento basado en el consentimiento previo a su <a href=\"https:\/\/presencialismo.com\/\" target=\"_blank\" rel=\"noopener\">retirada<\/a> .<\/p>\r\n<p>Puedes ejercer estos derechos enviando una comunicaci\u00f3n motivada y acreditada a <a href=\"https:\/\/prokaddy.com\/politica-de-privacidad\/info@prokaddy.com\">info@prokaddy.com<\/a><\/p>\r\n<p>Tambi\u00e9n tienes derecho a presentar una reclamaci\u00f3n ante la autoridad de control competente <a href=\"https:\/\/aepd.es\/\" target=\"_blank\" rel=\"noopener\">(www.aepd.es)<\/a> si consideras que el tratamiento no se ajusta a la normativa vigente.<\/p>\r\n<ol start=\"8\">\r\n<li><strong>INFORMACI\u00d3N LEGAL<\/strong><br \/>Los requisitos de esta Pol\u00edtica complementan, y no sustituyen, cualquier otro requisito existente en virtud de la legislaci\u00f3n aplicable sobre protecci\u00f3n de datos, que prevalecer\u00e1 en cualquier caso.<\/li>\r\n<\/ol>\r\n<p>Esta Pol\u00edtica est\u00e1 sujeta a revisiones peri\u00f3dicas y puede ser modificada por la Empresa en cualquier momento. Cuando esto ocurra, te notificaremos cualquier cambio y te pediremos que vuelvas a leer la versi\u00f3n m\u00e1s reciente de nuestra Pol\u00edtica y confirmes tu aceptaci\u00f3n.<\/p>\r\n\t\t<\/div>\n\n\t\t\n<style>\n#section_538053379 {\n  padding-top: 30px;\n  padding-bottom: 30px;\n}\n<\/style>\n\t<\/section>\n\t \t\t<\/div>\n\t\t\t\t\t<\/div>\n\n\t <\/div>\r\n","protected":false},"excerpt":{"rendered":"<p>P<\/p>\n","protected":false},"author":254583797,"featured_media":0,"parent":0,"menu_order":0,"comment_status":"closed","ping_status":"closed","template":"","meta":{"_crdt_document":"","footnotes":""},"class_list":["post-1815","page","type-page","status-publish","hentry"],"jetpack_sharing_enabled":true,"jetpack_likes_enabled":true,"jetpack_shortlink":"https:\/\/wp.me\/PfYXXP-th","_links":{"self":[{"href":"https:\/\/prokaddy.com\/es\/wp-json\/wp\/v2\/pages\/1815","targetHints":{"allow":["GET"]}}],"collection":[{"href":"https:\/\/prokaddy.com\/es\/wp-json\/wp\/v2\/pages"}],"about":[{"href":"https:\/\/prokaddy.com\/es\/wp-json\/wp\/v2\/types\/page"}],"author":[{"embeddable":true,"href":"https:\/\/prokaddy.com\/es\/wp-json\/wp\/v2\/users\/254583797"}],"replies":[{"embeddable":true,"href":"https:\/\/prokaddy.com\/es\/wp-json\/wp\/v2\/comments?post=1815"}],"version-history":[{"count":5,"href":"https:\/\/prokaddy.com\/es\/wp-json\/wp\/v2\/pages\/1815\/revisions"}],"predecessor-version":[{"id":6036,"href":"https:\/\/prokaddy.com\/es\/wp-json\/wp\/v2\/pages\/1815\/revisions\/6036"}],"wp:attachment":[{"href":"https:\/\/prokaddy.com\/es\/wp-json\/wp\/v2\/media?parent=1815"}],"curies":[{"name":"wp","href":"https:\/\/api.w.org\/{rel}","templated":true}]}}