{"id":1799,"date":"2024-09-19T22:15:10","date_gmt":"2024-09-19T20:15:10","guid":{"rendered":"https:\/\/prokaddy.com\/envios-de-pedidos\/"},"modified":"2025-02-24T10:58:19","modified_gmt":"2025-02-24T09:58:19","slug":"envios-de-pedidos","status":"publish","type":"page","link":"https:\/\/prokaddy.com\/es\/envios-de-pedidos\/","title":{"rendered":"GASTOS DE ENV\u00cdO"},"content":{"rendered":"\n<div class=\"row\"  id=\"row-973086196\">\n\n\n\t<div id=\"col-376438085\" class=\"col small-12 large-12\"  >\n\t\t\t\t<div class=\"col-inner\"  >\n\t\t\t\n\t\t\t\n\n<div class=\"container section-title-container\" ><h1 class=\"section-title section-title-normal\"><b aria-hidden=\"true\"><\/b><span class=\"section-title-main\" >GASTOS DE ENVIOS<\/span><b aria-hidden=\"true\"><\/b><\/h1><\/div>\n\n\n\t<section class=\"section\" id=\"section_475304189\">\n\t\t<div class=\"section-bg fill\" >\n\t\t\t\t\t\t\t\t\t\n\t\t\t\n\n\t\t<\/div>\n\n\t\t\n\n\t\t<div class=\"section-content relative\">\n\t\t\t\n\n<h3><strong>GASTOS DE ENVIO<\/strong><\/h3>\n<p>Si desea conocer los gastos de env\u00edo de alg\u00fan producto, solo tiene que pinchar en<\/p>\n<p>&#8220;A\u00f1adir Al Carrito&#8221;.<\/p>\n<p>Para proceder al env\u00edo de su producto\u00a0nos tendr\u00e1 que facilitar un n\u00famero de tel\u00e9fono.<\/p>\n<p>Servicio de Espa\u00f1a peninsula 24\/48 horas (No garantizados) de lunes a viernes (excepto festivos).<\/p>\n<p>Para envios a las islas de Baleares:<\/p>\n<p>Para envios a Islas Canarias:<\/p>\n<p>Para envios a otras paises:<\/p>\n\n\t\t<\/div>\n\n\t\t\n<style>\n#section_475304189 {\n  padding-top: 30px;\n  padding-bottom: 30px;\n}\n<\/style>\n\t<\/section>\n\t\n\n\t\t<\/div>\n\t\t\t\t\t<\/div>\n\n\t\n\n<\/div>\n\n","protected":false},"excerpt":{"rendered":"","protected":false},"author":254583797,"featured_media":0,"parent":0,"menu_order":0,"comment_status":"closed","ping_status":"closed","template":"","meta":{"_crdt_document":"","footnotes":""},"class_list":["post-1799","page","type-page","status-publish","hentry"],"jetpack_sharing_enabled":true,"jetpack_likes_enabled":true,"jetpack_shortlink":"https:\/\/wp.me\/PfYXXP-t1","_links":{"self":[{"href":"https:\/\/prokaddy.com\/es\/wp-json\/wp\/v2\/pages\/1799","targetHints":{"allow":["GET"]}}],"collection":[{"href":"https:\/\/prokaddy.com\/es\/wp-json\/wp\/v2\/pages"}],"about":[{"href":"https:\/\/prokaddy.com\/es\/wp-json\/wp\/v2\/types\/page"}],"author":[{"embeddable":true,"href":"https:\/\/prokaddy.com\/es\/wp-json\/wp\/v2\/users\/254583797"}],"replies":[{"embeddable":true,"href":"https:\/\/prokaddy.com\/es\/wp-json\/wp\/v2\/comments?post=1799"}],"version-history":[{"count":8,"href":"https:\/\/prokaddy.com\/es\/wp-json\/wp\/v2\/pages\/1799\/revisions"}],"predecessor-version":[{"id":3372,"href":"https:\/\/prokaddy.com\/es\/wp-json\/wp\/v2\/pages\/1799\/revisions\/3372"}],"wp:attachment":[{"href":"https:\/\/prokaddy.com\/es\/wp-json\/wp\/v2\/media?parent=1799"}],"curies":[{"name":"wp","href":"https:\/\/api.w.org\/{rel}","templated":true}]}}