{"id":1796,"date":"2024-09-26T11:26:30","date_gmt":"2024-09-26T09:26:30","guid":{"rendered":"https:\/\/prokaddy.com\/aviso-legal\/"},"modified":"2025-11-22T13:00:42","modified_gmt":"2025-11-22T12:00:42","slug":"aviso-legal","status":"publish","type":"page","link":"https:\/\/prokaddy.com\/es\/aviso-legal\/","title":{"rendered":"AVISO LEGAL"},"content":{"rendered":"\r\n<div class=\"row\"  id=\"row-740725534\"> \n\t<div id=\"col-776948329\" class=\"col small-12 large-12\"  >\n\t\t\t\t<div class=\"col-inner\"  >\n\t\t\t\n\t\t\t <div class=\"container section-title-container\" ><h1 class=\"section-title section-title-normal\"><b aria-hidden=\"true\"><\/b><span class=\"section-title-main\" >AVISO LEGAL<\/span><b aria-hidden=\"true\"><\/b><\/h1><\/div> \n\t<section class=\"section\" id=\"section_175371756\">\n\t\t<div class=\"section-bg fill\" >\n\t\t\t\t\t\t\t\t\t\n\t\t\t\n\n\t\t<\/div>\n\n\t\t\n\n\t\t<div class=\"section-content relative\">\n\t\t\t\r\n<div>AVISO LEGAL<\/div>\r\n<div>\u00a0<\/div>\r\n<div>LEY DE SERVICIOS DE LA SOCIEDAD DE LA INFORMACI\u00d3N (LSSI)<\/div>\r\n<div>\u00a0<\/div>\r\n<div>VIPVENTAS M\u00c1LAGA S.L., responsable del sitio web, en adelante RESPONSABLE, pone a disposici\u00f3n de los usuarios el presente documento, con el que pretende dar cumplimiento a las obligaciones dispuestas en la Ley 34\/2002, de 11 de julio, de Servicios de la Sociedad de la Informaci\u00f3n y del Comercio Electr\u00f3nico (LSSICE), as\u00ed como informar a todos los usuarios del sitio web respecto a cu\u00e1les son las condiciones de uso.<\/div>\r\n<div>\u00a0<\/div>\r\n<div>Toda persona que acceda a este sitio web asume el papel de usuario, comprometi\u00e9ndose a la observancia y cumplimiento riguroso de las disposiciones aqu\u00ed dispuestas, as\u00ed como a cualesquiera otra disposici\u00f3n legal que fuera de aplicaci\u00f3n.<\/div>\r\n<div>\u00a0<\/div>\r\n<div>Vip Ventas M\u00e1laga SL se reserva el derecho a modificar cualquier tipo de informaci\u00f3n que pudiera aparecer en el sitio web, sin que exista obligaci\u00f3n de preavisar o poner en conocimiento de los usuarios dichas obligaciones, entendi\u00e9ndose como suficiente con la publicaci\u00f3n en el sitio web de Vip Ventas M\u00e1laga SL.<\/div>\r\n<div>\u00a0<\/div>\r\n<div>DATOS DE IDENTIFICACI\u00d3N<\/div>\r\n<div>\u00a0<\/div>\r\n<div>Nombre de la empresa: Vip Ventas M\u00e1laga SL<\/div>\r\n<div>Nombre comercial: ProKaddy<\/div>\r\n<div>CIF: B92741446<\/div>\r\n<div>Direcci\u00f3n: Avda del Cortijo, n\u00ba 1505 Ur. Sitio de Calahonda 29649 Mijas (M\u00e1laga)<\/div>\r\n<div>Correo electr\u00f3nico: vipventasmalaga@gmail.com<\/div>\r\n<div>\u00a0<\/div>\r\n<div>PROP\u00d3SITO<\/div>\r\n<div>\u00a0<\/div>\r\n<div>A trav\u00e9s del Sitio Web, ofrecemos a los Usuarios la posibilidad de acceder a informaci\u00f3n sobre nuestros servicios.<\/div>\r\n<div>\u00a0<\/div>\r\n<div>PRIVACIDAD Y TRATAMIENTO DE DATOS<\/div>\r\n<div>\u00a0<\/div>\r\n<div>Cuando para el acceso a determinados contenidos o servicios sea necesario facilitar datos de car\u00e1cter personal, los Usuarios garantizar\u00e1n su veracidad, exactitud, autenticidad y vigencia. La empresa dar\u00e1 a dichos datos el tratamiento automatizado que corresponda en funci\u00f3n de su naturaleza o finalidad, en los t\u00e9rminos indicados en el apartado Pol\u00edtica de Privacidad.<\/div>\r\n<div>\u00a0<\/div>\r\n<div>PROPIEDAD INDUSTRIAL E INTELECTUAL<\/div>\r\n<div>\u00a0<\/div>\r\n<div>El Usuario reconoce y acepta que todos los contenidos que se muestran en el Espacio Web y en especial, dise\u00f1os, textos, im\u00e1genes, logos, iconos, botones, software, nombres comerciales, marcas, o cualesquiera otros signos susceptibles de utilizaci\u00f3n industrial y\/o comercial est\u00e1n sujetos a derechos de Propiedad Intelectual y todas las marcas, nombres comerciales o signos distintivos, todos los derechos de propiedad industrial e intelectual, sobre los contenidos y\/o cualesquiera otros elementos insertados en el p\u00e1gina, que son propiedad exclusiva de la empresa y\/o de terceros, quienes tienen el derecho exclusivo de utilizarlos en el tr\u00e1fico econ\u00f3mico. Por todo ello el Usuario se compromete a no reproducir, copiar, distribuir, poner a disposici\u00f3n o de cualquier otra forma comunicar p\u00fablicamente, transformar o modificar tales contenidos manteniendo indemne a la empresa de cualquier reclamaci\u00f3n que se derive del incumplimiento de tales obligaciones. En ning\u00fan caso el acceso al Espacio Web implica ning\u00fan tipo de renuncia, transmisi\u00f3n, licencia o cesi\u00f3n total ni parcial de dichos derechos, salvo que se establezca expresamente lo contrario. Las presentes Condiciones Generales de Uso del Espacio Web no confieren a los Usuarios ning\u00fan otro derecho de utilizaci\u00f3n, alteraci\u00f3n, explotaci\u00f3n, reproducci\u00f3n, distribuci\u00f3n o comunicaci\u00f3n p\u00fablica del Espacio Web y\/o de sus Contenidos distintos de los aqu\u00ed expresamente previstos. Cualquier otro uso o explotaci\u00f3n de cualesquiera derechos estar\u00e1 sujeto a la previa y expresa autorizaci\u00f3n espec\u00edficamente otorgada a tal efecto por la empresa o el tercero titular de los derechos afectados.<\/div>\r\n<div>\u00a0<\/div>\r\n<div>Los contenidos, textos, fotograf\u00edas, dise\u00f1os, logotipos, im\u00e1genes, programas de ordenador, c\u00f3digos fuente y, en general, cualquier creaci\u00f3n intelectual existente en este Espacio, as\u00ed como el propio Espacio en su conjunto, como obra art\u00edstica multimedia, est\u00e1n protegidos como derechos de autor por la legislaci\u00f3n en materia de propiedad intelectual. La empresa es titular de los elementos que integran el dise\u00f1o gr\u00e1fico del Espacio Web, los men\u00fas, botones de navegaci\u00f3n, el c\u00f3digo HTML, los textos, im\u00e1genes, texturas, gr\u00e1ficos y cualquier otro contenido del Espacio Web o, en cualquier caso dispone de la correspondiente autorizaci\u00f3n para la utilizaci\u00f3n de dichos elementos. Los contenidos facilitados en el Espacio Web no podr\u00e1n ser reproducidos ni en todo ni en parte, ni transmitidos, ni registrados por ning\u00fan sistema de recuperaci\u00f3n de informaci\u00f3n, en ninguna forma ni en ning\u00fan medio, a menos que se cuente con la autorizaci\u00f3n previa, por escrito, de la citada Entidad.<\/div>\r\n<div>\u00a0<\/div>\r\n<div>Asimismo queda prohibido suprimir, eludir y\/o manipular el &#8220;copyright&#8221; as\u00ed como los dispositivos t\u00e9cnicos de protecci\u00f3n, o cualesquiera mecanismos de informaci\u00f3n que pudieren contener los contenidos. El Usuario de este Espacio Web se compromete a respetar los derechos enunciados y a evitar cualquier actuaci\u00f3n que pudiera perjudicarlos, reserv\u00e1ndose en todo caso la empresa el ejercicio de cuantos medios o acciones legales le correspondan en defensa de sus leg\u00edtimos derechos de propiedad intelectual e industrial.<\/div>\r\n<div>\u00a0<\/div>\r\n<div>OBLIGACIONES Y RESPONSABILIDADES<\/div>\r\n\t\t<\/div>\n\n\t\t\n<style>\n#section_175371756 {\n  padding-top: 30px;\n  padding-bottom: 30px;\n}\n<\/style>\n\t<\/section>\n\t \t\t<\/div>\n\t\t\t\t\t<\/div>\n\n\t <\/div>\r\n","protected":false},"excerpt":{"rendered":"","protected":false},"author":254583797,"featured_media":0,"parent":0,"menu_order":0,"comment_status":"closed","ping_status":"closed","template":"","meta":{"_crdt_document":"","footnotes":""},"class_list":["post-1796","page","type-page","status-publish","hentry"],"jetpack_sharing_enabled":true,"jetpack_likes_enabled":true,"jetpack_shortlink":"https:\/\/wp.me\/PfYXXP-sY","_links":{"self":[{"href":"https:\/\/prokaddy.com\/es\/wp-json\/wp\/v2\/pages\/1796","targetHints":{"allow":["GET"]}}],"collection":[{"href":"https:\/\/prokaddy.com\/es\/wp-json\/wp\/v2\/pages"}],"about":[{"href":"https:\/\/prokaddy.com\/es\/wp-json\/wp\/v2\/types\/page"}],"author":[{"embeddable":true,"href":"https:\/\/prokaddy.com\/es\/wp-json\/wp\/v2\/users\/254583797"}],"replies":[{"embeddable":true,"href":"https:\/\/prokaddy.com\/es\/wp-json\/wp\/v2\/comments?post=1796"}],"version-history":[{"count":9,"href":"https:\/\/prokaddy.com\/es\/wp-json\/wp\/v2\/pages\/1796\/revisions"}],"predecessor-version":[{"id":6232,"href":"https:\/\/prokaddy.com\/es\/wp-json\/wp\/v2\/pages\/1796\/revisions\/6232"}],"wp:attachment":[{"href":"https:\/\/prokaddy.com\/es\/wp-json\/wp\/v2\/media?parent=1796"}],"curies":[{"name":"wp","href":"https:\/\/api.w.org\/{rel}","templated":true}]}}